{"id":16,"date":"2018-11-07T12:53:51","date_gmt":"2018-11-07T12:53:51","guid":{"rendered":"https:\/\/www.ull.es\/catedras\/catedra-farmacia-asistencia\/?page_id=16"},"modified":"2023-02-15T11:32:45","modified_gmt":"2023-02-15T11:32:45","slug":"conocenos","status":"publish","type":"page","link":"https:\/\/www.ull.es\/catedras\/catedra-canaria-farmacia\/conocenos\/","title":{"rendered":"Con\u00f3cenos"},"content":{"rendered":"<p>[vc_row][vc_column][vc_empty_space][\/vc_column][\/vc_row][vc_row][vc_column][vc_column_text]<\/p>\n<h2 style=\"text-align: center;\">MIEMBROS<\/h2>\n<p>[\/vc_column_text][vc_empty_space][\/vc_column][\/vc_row][vc_row][vc_column][vc_column_text]<\/p>\n<h2 style=\"text-align: left;\"><span style=\"font-weight: 400;\">Equipo Directivo<\/span><\/h2>\n<p>[\/vc_column_text][\/vc_column][\/vc_row][vc_row][vc_column width=\u00bb1\/3&#8243;][vc_empty_space][vc_single_image image=\u00bb147&#8243; img_size=\u00bb150&#215;150&#8243; alignment=\u00bbcenter\u00bb style=\u00bbvc_box_rounded\u00bb css_animation=\u00bbzoomIn\u00bb][vc_empty_space height=\u00bb20px\u00bb][vc_column_text]<\/p>\n<p style=\"text-align: center;\"><strong>Jos\u00e9 Bruno Fari\u00f1a Espinosa<\/strong><br \/>\nDirector de la C\u00e1tedra Canaria de Farmacia<br \/>\nCatedr\u00e1tico de Farmacia y Tecnolog\u00eda Farmac\u00e9utica<\/p>\n<p>[\/vc_column_text][vc_empty_space][\/vc_column][vc_column width=\u00bb1\/3&#8243;][vc_empty_space][vc_single_image image=\u00bb152&#8243; img_size=\u00bb150&#215;150&#8243; alignment=\u00bbcenter\u00bb style=\u00bbvc_box_rounded\u00bb css_animation=\u00bbzoomIn\u00bb][vc_empty_space height=\u00bb20px\u00bb][vc_column_text]<\/p>\n<p style=\"text-align: center;\"><strong>Ana Mar\u00eda Santove\u00f1a Est\u00e9vez<\/strong><br \/>\nSubdirectora de la C\u00e1tedra Canaria de Farmacia<br \/>\nProfesora Titular de Farmacia y Tecnolog\u00eda Farmac\u00e9utica<\/p>\n<p>[\/vc_column_text][vc_empty_space][\/vc_column][vc_column width=\u00bb1\/3&#8243;][vc_empty_space][vc_single_image image=\u00bb151&#8243; img_size=\u00bb150&#215;150&#8243; alignment=\u00bbcenter\u00bb style=\u00bbvc_box_rounded\u00bb css_animation=\u00bbzoomIn\u00bb][vc_empty_space height=\u00bb20px\u00bb][vc_column_text]<\/p>\n<p style=\"text-align: center;\"><strong>Emma Carmelo Pascual<\/strong><br \/>\nSecretaria Acad\u00e9mica de la C\u00e1tedra Canaria de Farmacia<br \/>\nProfesora Titular de Parasitolog\u00eda, Facultad de Farmacia, Universidad de la Laguna.<\/p>\n<p>[\/vc_column_text][vc_empty_space][vc_empty_space][\/vc_column][\/vc_row][vc_row][vc_column][vc_empty_space][\/vc_column][\/vc_row][vc_row][vc_column width=\u00bb1\/4&#8243;][vc_message message_box_style=\u00bboutline\u00bb style=\u00bbsquare\u00bb icon_fontawesome=\u00bbfa fa-rocket\u00bb css_animation=\u00bbbounceIn\u00bb]MISI\u00d3N[\/vc_message][\/vc_column][vc_column width=\u00bb3\/4&#8243;][vc_column_text]<span style=\"font-weight: 400;\">Crear un entorno colaborativo de trabajo entre Universidad y profesi\u00f3n para favorecer la formaci\u00f3n, fomentar la investigaci\u00f3n y divulgar acciones y resultados en aspectos relacionados con el uso del medicamento, promoviendo la actuaci\u00f3n profesional personalizada del farmac\u00e9utico\u00a0 como medio para obtener mejores resultados en salud, mejorar la calidad de vida de los pacientes y prevenir enfermedades.<\/span>[\/vc_column_text][\/vc_column][\/vc_row][vc_row][vc_column][vc_empty_space][\/vc_column][\/vc_row][vc_row][vc_column width=\u00bb1\/4&#8243;][vc_message message_box_style=\u00bboutline\u00bb style=\u00bbsquare\u00bb icon_fontawesome=\u00bbfa fa-eye\u00bb css_animation=\u00bbbounceIn\u00bb]VISI\u00d3N[\/vc_message][\/vc_column][vc_column width=\u00bb3\/4&#8243;][vc_column_text]<span style=\"font-weight: 400;\">Pretendemos consolidar, resaltar y dar a conocer la importancia de la labor asistencial y sanitaria del profesional farmac\u00e9utico a trav\u00e9s de su vocaci\u00f3n de servicio, compromiso, conocimiento, capacidad de innovaci\u00f3n, responsabilidad y proximidad al paciente.\u00a0<\/span>[\/vc_column_text][\/vc_column][\/vc_row][vc_row][vc_column][vc_empty_space][\/vc_column][\/vc_row][vc_row][vc_column width=\u00bb1\/4&#8243;][vc_message message_box_style=\u00bboutline\u00bb style=\u00bbsquare\u00bb icon_fontawesome=\u00bbfa fa-star-o\u00bb css_animation=\u00bbbounceIn\u00bb]VALORES[\/vc_message][\/vc_column][vc_column width=\u00bb3\/4&#8243;][vc_column_text]Vocaci\u00f3n de servicio, equipo, calidad, compromiso, conocimiento, innovaci\u00f3n y desarrollo, colaboraci\u00f3n, responsabilidad y proximidad.[\/vc_column_text][\/vc_column][\/vc_row][vc_row][vc_column][vc_empty_space][\/vc_column][\/vc_row][vc_row][vc_column][vc_column_text]<\/p>\n<h2 style=\"text-align: left;\"><span style=\"font-weight: 400;\">Comisi\u00f3n Mixta<\/span><\/h2>\n<p>[\/vc_column_text][\/vc_column][\/vc_row][vc_row][vc_column][vc_empty_space height=\u00bb20px\u00bb][vc_column_text]<\/p>\n<ul>\n<li style=\"list-style-type: none;\">\n<ul>\n<li style=\"font-weight: 400;\">Juan Albino M\u00e9ndez P\u00e9rez. Vicerrector de Cultura, Participaci\u00f3n Social y Campus Odra y La Palma.<\/li>\n<li style=\"font-weight: 400;\">Manuel Gonz\u00e1lez de la Rosa. Director de Secretariado (C\u00e1tedras Institucionales, Responsabilidad Social)<\/li>\n<li style=\"font-weight: 400;\">Manuel \u00c1ngel Galv\u00e1n Gonz\u00e1lez. Presidente del Colegio Oficial de Farmac\u00e9uticos de S\/C de Tenerife (COF SCTFE)<\/li>\n<li style=\"font-weight: 400;\">Carlos D\u00edaz Gonz\u00e1lez, tesorero del Colegio Oficial de Farmac\u00e9uticos de S\/C de Tenerife (COF SCTFE).<\/li>\n<\/ul>\n<\/li>\n<\/ul>\n<p>[\/vc_column_text][vc_empty_space][\/vc_column][\/vc_row][vc_row][vc_column][vc_column_text]<\/p>\n<h2 style=\"text-align: left;\"><span style=\"font-weight: 400;\">Consejo Asesor<\/span><\/h2>\n<p>[\/vc_column_text][\/vc_column][\/vc_row][vc_row][vc_column width=\u00bb1\/4&#8243;][vc_empty_space][vc_single_image image=\u00bb145&#8243; img_size=\u00bb150&#215;150&#8243; alignment=\u00bbcenter\u00bb style=\u00bbvc_box_rounded\u00bb css_animation=\u00bbzoomIn\u00bb][vc_empty_space height=\u00bb20px\u00bb][vc_column_text]<\/p>\n<p style=\"text-align: center;\"><strong>Manuel \u00c1ngel Galv\u00e1n Gonz\u00e1lez<\/strong><br \/>\nLicenciado en Farmacia<br \/>\nPresidente del Colegio Oficial de Farmac\u00e9uticos de Santa Cruz de Tenerife<\/p>\n<p>[\/vc_column_text][vc_empty_space][\/vc_column][vc_column width=\u00bb1\/4&#8243;][vc_empty_space][vc_single_image image=\u00bb150&#8243; img_size=\u00bb150&#215;150&#8243; alignment=\u00bbcenter\u00bb style=\u00bbvc_box_rounded\u00bb css_animation=\u00bbzoomIn\u00bb][vc_empty_space height=\u00bb20px\u00bb][vc_column_text]<\/p>\n<p style=\"text-align: center;\"><strong>Javier Merino Alonso<\/strong><br \/>\nDoctor en Farmacia<br \/>\nJefe del Servicio de Farmacia, Hospital Universitario Nuestra Se\u00f1ora de la Candelaria<\/p>\n<p>[\/vc_column_text][vc_empty_space][\/vc_column][vc_column width=\u00bb1\/4&#8243;][vc_empty_space][vc_single_image image=\u00bb155&#8243; img_size=\u00bb150&#215;150&#8243; alignment=\u00bbcenter\u00bb style=\u00bbvc_box_rounded\u00bb css_animation=\u00bbzoomIn\u00bb][vc_empty_space height=\u00bb20px\u00bb][vc_column_text]<\/p>\n<p style=\"text-align: center;\"><strong>Fernando Guti\u00e9rrez Nicol\u00e1s<\/strong><br \/>\nDoctor en Farmacia<br \/>\nFarmac\u00e9utico adjunto, Jefe de la Unidad de Investigaci\u00f3n del Complejo Hospitalario Universitario de Canarias<\/p>\n<p>[\/vc_column_text][vc_empty_space][\/vc_column][vc_column width=\u00bb1\/4&#8243;][vc_empty_space][vc_single_image image=\u00bb156&#8243; img_size=\u00bb150&#215;150&#8243; alignment=\u00bbcenter\u00bb style=\u00bbvc_box_rounded\u00bb css_animation=\u00bbzoomIn\u00bb][vc_empty_space height=\u00bb20px\u00bb][vc_column_text]<\/p>\n<p style=\"text-align: center;\"><strong>Joaqu\u00edn Lu\u00f1o Beese<\/strong><br \/>\nLicenciado en Farmacia, Farmac\u00e9utico Titular<br \/>\nPresidente de la Cooperativa Farmac\u00e9utica de Tenerife (COFARTE)<\/p>\n<p>[\/vc_column_text][vc_empty_space][\/vc_column][\/vc_row][vc_row][vc_column width=\u00bb1\/4&#8243;][vc_empty_space][vc_single_image image=\u00bb146&#8243; img_size=\u00bb150&#215;150&#8243; alignment=\u00bbcenter\u00bb style=\u00bbvc_box_rounded\u00bb css_animation=\u00bbzoomIn\u00bb][vc_empty_space height=\u00bb20px\u00bb][vc_column_text]<\/p>\n<p style=\"text-align: center;\"><strong>Rosa Mar\u00eda Lecuona Neumann<\/strong><br \/>\nLicenciada en Farmacia, Farmac\u00e9utica Titular<br \/>\nMiembro de la Comisi\u00f3n Econ\u00f3mica de COFARES Sociedad Cooperativa Farmac\u00e9utica Espa\u00f1ola<\/p>\n<p>[\/vc_column_text][vc_empty_space][\/vc_column][vc_column width=\u00bb1\/4&#8243;][vc_empty_space][vc_single_image image=\u00bb148&#8243; img_size=\u00bb150&#215;150&#8243; alignment=\u00bbcenter\u00bb style=\u00bbvc_box_rounded\u00bb css_animation=\u00bbzoomIn\u00bb][vc_empty_space height=\u00bb20px\u00bb][vc_column_text]<\/p>\n<p style=\"text-align: center;\"><strong>Manuel D\u00edaz Feria<\/strong><br \/>\nLicenciado en Farmacia, Farmac\u00e9utico Titular<br \/>\nPresidente de la Asociaci\u00f3n de Farmacias de Santa Cruz de Tenerife (ASFARTE)<\/p>\n<p>[\/vc_column_text][vc_empty_space][\/vc_column][vc_column width=\u00bb1\/4&#8243;][vc_empty_space][vc_single_image image=\u00bb149&#8243; img_size=\u00bb150&#215;150&#8243; alignment=\u00bbcenter\u00bb style=\u00bbvc_box_rounded\u00bb css_animation=\u00bbzoomIn\u00bb][vc_empty_space][vc_column_text]<\/p>\n<p style=\"text-align: center;\"><strong>Crisanto Jos\u00e9 Marrero Est\u00e9vez<\/strong><br \/>\nLicenciado en Farmacia<br \/>\nPresidente de la Asociaci\u00f3n de Profesionales Farmac\u00e9uticos de Canarias (APROFARCA)<\/p>\n<p>[\/vc_column_text][vc_empty_space][\/vc_column][vc_column width=\u00bb1\/4&#8243;][vc_empty_space][vc_empty_space height=\u00bb20px\u00bb][vc_empty_space][\/vc_column][\/vc_row][vc_row][vc_column][vc_empty_space][\/vc_column][\/vc_row][vc_row][vc_column][vc_column_text]<\/p>\n<h2 style=\"text-align: left;\"><span style=\"font-weight: 400;\">Reglamento<\/span><\/h2>\n<p>[\/vc_column_text][\/vc_column][\/vc_row][vc_row][vc_column][vc_empty_space height=\u00bb20px\u00bb][vc_column_text]<span style=\"font-weight: 400;\">Para consultar el reglamento para la creaci\u00f3n, organizaci\u00f3n y funcionamiento de las c\u00e1tedras institucionales y de empresa de la Universidad de La Laguna pulse este <\/span><a href=\"https:\/\/riull.ull.es\/xmlui\/bitstream\/handle\/915\/31454\/Nuevo%20Reglamento%20de%20C\u00e1tedras%20Institucionales%20y%20de%20Empresa.pdf\" target=\"_blank\" rel=\"noopener noreferrer\" target=\"_blank\" rel=\"noopener\">enlace<\/a>.[\/vc_column_text][vc_empty_space][\/vc_column][\/vc_row]<\/p>\n","protected":false},"excerpt":{"rendered":"<p>[vc_row][vc_column][vc_empty_space][\/vc_column][\/vc_row][vc_row][vc_column][vc_column_text] MIEMBROS [\/vc_column_text][vc_empty_space][\/vc_column][\/vc_row][vc_row][vc_column][vc_column_text] Equipo Directivo [\/vc_column_text][\/vc_column][\/vc_row][vc_row][vc_column width=\u00bb1\/3&#8243;][vc_empty_space][vc_single_image image=\u00bb147&#8243; img_size=\u00bb150&#215;150&#8243; alignment=\u00bbcenter\u00bb style=\u00bbvc_box_rounded\u00bb css_animation=\u00bbzoomIn\u00bb][vc_empty_space height=\u00bb20px\u00bb][vc_column_text] Jos\u00e9 Bruno Fari\u00f1a Espinosa Director de la C\u00e1tedra Canaria de Farmacia Catedr\u00e1tico de Farmacia y Tecnolog\u00eda Farmac\u00e9utica [\/vc_column_text][vc_empty_space][\/vc_column][vc_column width=\u00bb1\/3&#8243;][vc_empty_space][vc_single_image image=\u00bb152&#8243; img_size=\u00bb150&#215;150&#8243; alignment=\u00bbcenter\u00bb style=\u00bbvc_box_rounded\u00bb css_animation=\u00bbzoomIn\u00bb][vc_empty_space height=\u00bb20px\u00bb][vc_column_text] Ana Mar\u00eda Santove\u00f1a Est\u00e9vez Subdirectora de la C\u00e1tedra Canaria de Farmacia Profesora Titular de Farmacia y Tecnolog\u00eda&#8230;<\/p>\n","protected":false},"author":5,"featured_media":0,"parent":0,"menu_order":0,"comment_status":"closed","ping_status":"closed","template":"","meta":[],"_links":{"self":[{"href":"https:\/\/www.ull.es\/catedras\/catedra-canaria-farmacia\/wp-json\/wp\/v2\/pages\/16"}],"collection":[{"href":"https:\/\/www.ull.es\/catedras\/catedra-canaria-farmacia\/wp-json\/wp\/v2\/pages"}],"about":[{"href":"https:\/\/www.ull.es\/catedras\/catedra-canaria-farmacia\/wp-json\/wp\/v2\/types\/page"}],"author":[{"embeddable":true,"href":"https:\/\/www.ull.es\/catedras\/catedra-canaria-farmacia\/wp-json\/wp\/v2\/users\/5"}],"replies":[{"embeddable":true,"href":"https:\/\/www.ull.es\/catedras\/catedra-canaria-farmacia\/wp-json\/wp\/v2\/comments?post=16"}],"version-history":[{"count":28,"href":"https:\/\/www.ull.es\/catedras\/catedra-canaria-farmacia\/wp-json\/wp\/v2\/pages\/16\/revisions"}],"predecessor-version":[{"id":195,"href":"https:\/\/www.ull.es\/catedras\/catedra-canaria-farmacia\/wp-json\/wp\/v2\/pages\/16\/revisions\/195"}],"wp:attachment":[{"href":"https:\/\/www.ull.es\/catedras\/catedra-canaria-farmacia\/wp-json\/wp\/v2\/media?parent=16"}],"curies":[{"name":"wp","href":"https:\/\/api.w.org\/{rel}","templated":true}]}}