{"id":32,"date":"2018-11-07T13:19:51","date_gmt":"2018-11-07T13:19:51","guid":{"rendered":"https:\/\/www.ull.es\/catedras\/catedra-farmacia-asistencia\/?page_id=32"},"modified":"2022-04-29T11:01:43","modified_gmt":"2022-04-29T11:01:43","slug":"lineas-de-trabajo","status":"publish","type":"page","link":"https:\/\/www.ull.es\/catedras\/catedra-canaria-farmacia\/lineas-de-trabajo\/","title":{"rendered":"L\u00edneas de Trabajo"},"content":{"rendered":"<p>[vc_row][vc_column][vc_empty_space][\/vc_column][\/vc_row][vc_row][vc_column width=\u00bb1\/4&#8243;][vc_message message_box_style=\u00bboutline\u00bb style=\u00bbsquare\u00bb icon_fontawesome=\u00bbfa fa-flask\u00bb css_animation=\u00bbbounceIn\u00bb]<span style=\"font-weight: 400;\">INVESTIGACI\u00d3N<\/span>[\/vc_message][\/vc_column][vc_column width=\u00bb3\/4&#8243;][vc_column_text]<span style=\"font-family: Disa Sun Light;\">La C\u00e1tedra a<\/span>poyar\u00e1 el desarrollo de l\u00edneas de investigaci\u00f3n en el \u00e1mbito tem\u00e1tico de Farmacia,\u00a0la realizaci\u00f3n de Tesis Doctorales afines a los objetivos de la C\u00e1tedra,\u00a0la realizaci\u00f3n de trabajos y proyectos de investigaci\u00f3n relacionados con aquellos aspectos del uso de los medicamentos que inciden directamente en la actuaci\u00f3n profesional del medicamento.\u00a0Fomentando el debate y la colaboraci\u00f3n entre profesionales del \u00e1mbito sanitario implicados en los diferentes aspectos del uso de los medicamentos y el seguimiento farmacoterap\u00e9utico.[\/vc_column_text][\/vc_column][\/vc_row][vc_row][vc_column][vc_empty_space][\/vc_column][\/vc_row][vc_row][vc_column width=\u00bb1\/4&#8243;][vc_message message_box_style=\u00bboutline\u00bb style=\u00bbsquare\u00bb icon_fontawesome=\u00bbfa fa-book\u00bb css_animation=\u00bbbounceIn\u00bb]FORMACI\u00d3N[\/vc_message][\/vc_column][vc_column width=\u00bb3\/4&#8243;][vc_column_text]La C\u00e1tedra organizar\u00e1, celebrar\u00e1 y participar\u00e1 en conferencias, seminarios, encuentros y jornadas. Adem\u00e1s colaborar\u00e1 en cursos de extensi\u00f3n universitaria, t\u00edtulos propios y otros programas de la ULL. Promover\u00e1 el acercamiento de las actividades profesionales relacionadas con la Farmacia a la oferta docente universitaria fomentando la participaci\u00f3n de profesionales de la Oficina de Farmacia expertos en Farmacia en actividades acad\u00e9micas. Apoyar\u00e1 la realizaci\u00f3n de Trabajos Fin de Grado, Trabajos Fin de M\u00e1ster y Tesis Doctorales. Promover\u00e1 premios a Trabajos de Fin de Grado, Trabajos Fin de M\u00e1ster y Tesis Doctorales, encuentros con expertos y visitas a empresas e instituciones relacionadas con diferentes aspectos del medicamento y de la profesi\u00f3n farmac\u00e9utica. Fomentando la formaci\u00f3n en los diferentes aspectos del uso de los medicamentos desde un entorno colaborativo de trabajo.[\/vc_column_text][\/vc_column][\/vc_row][vc_row][vc_column][vc_empty_space][\/vc_column][\/vc_row][vc_row][vc_column width=\u00bb1\/4&#8243;][vc_message message_box_style=\u00bboutline\u00bb style=\u00bbsquare\u00bb icon_fontawesome=\u00bbfa fa-commenting-o\u00bb css_animation=\u00bbbounceIn\u00bb]DIVULGACI\u00d3N[\/vc_message][\/vc_column][vc_column width=\u00bb3\/4&#8243;][vc_column_text]La C\u00e1tedra difundir\u00e1 jornadas de divulgaci\u00f3n y promoci\u00f3n, noticias y entrevistas sobre temas de inter\u00e9s en el \u00e1mbito de la Farmacia y el medicamento, promocionar\u00e1 encuentros cient\u00edficos y t\u00e9cnicos, adem\u00e1s de actividades propias de la C\u00e1tedra. Colaborar\u00e1 y potenciar\u00e1 sinergias para el logro de los fines y objetivos sociales de ambas instituciones. Transferir\u00e1 conocimiento a la sociedad y comunidad universitaria sobre las actividades asistenciales innovadoras y de educaci\u00f3n sanitaria que desarrolla el profesional farmac\u00e9utico en diferentes \u00e1mbitos y entornos sociales.[\/vc_column_text][\/vc_column][\/vc_row][vc_row][vc_column][vc_empty_space][vc_single_image image=\u00bb230&#8243; img_size=\u00bbfull\u00bb alignment=\u00bbcenter\u00bb][\/vc_column][\/vc_row][vc_row][vc_column][vc_empty_space][\/vc_column][\/vc_row]<\/p>\n","protected":false},"excerpt":{"rendered":"<p>[vc_row][vc_column][vc_empty_space][\/vc_column][\/vc_row][vc_row][vc_column width=\u00bb1\/4&#8243;][vc_message message_box_style=\u00bboutline\u00bb style=\u00bbsquare\u00bb icon_fontawesome=\u00bbfa fa-flask\u00bb css_animation=\u00bbbounceIn\u00bb]INVESTIGACI\u00d3N[\/vc_message][\/vc_column][vc_column width=\u00bb3\/4&#8243;][vc_column_text]La C\u00e1tedra apoyar\u00e1 el desarrollo de l\u00edneas de investigaci\u00f3n en el \u00e1mbito tem\u00e1tico de Farmacia,\u00a0la realizaci\u00f3n de Tesis Doctorales afines a los objetivos de la C\u00e1tedra,\u00a0la realizaci\u00f3n de trabajos y proyectos de investigaci\u00f3n relacionados con aquellos aspectos del uso de los medicamentos que inciden directamente en la actuaci\u00f3n&#8230;<\/p>\n","protected":false},"author":5,"featured_media":0,"parent":0,"menu_order":0,"comment_status":"closed","ping_status":"closed","template":"","meta":[],"_links":{"self":[{"href":"https:\/\/www.ull.es\/catedras\/catedra-canaria-farmacia\/wp-json\/wp\/v2\/pages\/32"}],"collection":[{"href":"https:\/\/www.ull.es\/catedras\/catedra-canaria-farmacia\/wp-json\/wp\/v2\/pages"}],"about":[{"href":"https:\/\/www.ull.es\/catedras\/catedra-canaria-farmacia\/wp-json\/wp\/v2\/types\/page"}],"author":[{"embeddable":true,"href":"https:\/\/www.ull.es\/catedras\/catedra-canaria-farmacia\/wp-json\/wp\/v2\/users\/5"}],"replies":[{"embeddable":true,"href":"https:\/\/www.ull.es\/catedras\/catedra-canaria-farmacia\/wp-json\/wp\/v2\/comments?post=32"}],"version-history":[{"count":6,"href":"https:\/\/www.ull.es\/catedras\/catedra-canaria-farmacia\/wp-json\/wp\/v2\/pages\/32\/revisions"}],"predecessor-version":[{"id":174,"href":"https:\/\/www.ull.es\/catedras\/catedra-canaria-farmacia\/wp-json\/wp\/v2\/pages\/32\/revisions\/174"}],"wp:attachment":[{"href":"https:\/\/www.ull.es\/catedras\/catedra-canaria-farmacia\/wp-json\/wp\/v2\/media?parent=32"}],"curies":[{"name":"wp","href":"https:\/\/api.w.org\/{rel}","templated":true}]}}