{"id":35,"date":"2018-11-07T13:21:21","date_gmt":"2018-11-07T13:21:21","guid":{"rendered":"https:\/\/www.ull.es\/catedras\/catedra-farmacia-asistencia\/?page_id=35"},"modified":"2023-10-11T07:33:03","modified_gmt":"2023-10-11T07:33:03","slug":"agenda","status":"publish","type":"page","link":"https:\/\/www.ull.es\/catedras\/catedra-canaria-farmacia\/agenda\/","title":{"rendered":"Agenda"},"content":{"rendered":"<p>[vc_row][vc_column][vc_empty_space][vc_column_text]<style>\n    .vc_row-has-fill+.vc_row-full-width+.vc_row.vc-eventos>.vc_column_container>.vc_column-inner {\n        padding: 0 !important;\n    }\n    .events-block .col-md-4 {\n        padding-top: 15px;\n\t\tpadding-bottom: 15px;\n    }\n    .events-block .event-card {\n\t\tbox-shadow: 0 1px 0 0 rgba(0,0,0,.1);\n\t\tdisplay: block;\n\t}\n\t.events-block .caption {\n\t\tbackground-color:#F8F8FA;\n\t\tpadding: 10px 15px;\n\t\tmargin:0;\n\t}\n\t.event-card:hover {\n\t\tbox-shadow:0 1px 2px 0 rgba(0,0,0,.15)\n\t}\n    .events-block .caption .date {\n        font-size: 13px;\n        color: #45494E;\n\t\ttext-transform: uppercase;\n\t\tmargin:0;\n    }\n\t.events-block .caption h4 {\n\t\tdisplay: block;\n\t\tdisplay: -webkit-box;\n\t\tmax-height: 38px;\n\t\tmargin: 0 auto;\n\t\t-webkit-line-clamp: 2;\n\t\t-webkit-box-orient: vertical;\n\t\toverflow: hidden;\n\t\ttext-overflow: ellipsis;\n\t\tcolor: #282C35;\n\t\tfont-size: 15px !important;\n\t\tline-height: 19px !important;\n\t\tfont-weight: 600 !important;\n\t\tletter-spacing: 0;\n\t\tpadding: 0;\n\t\theight: 38px;\n\t\tmargin-bottom:5px;\n\t}\n\t.title-venue {\n\t\ttext-overflow: ellipsis;\n\t\toverflow: hidden;\n\t\twhite-space: nowrap;\n\t\tcolor:#666A73;\n        font-size: 12px;\n        line-height: 15px;\n\t\theight: 15px;\n        font-weight: normal !important;\n\t\tmargin:0;\n\t}\n    .events-block a:hover {\n        text-decoration: none !important;\n        border: 0;\n    }\n    .events-block .thumbnail {\n        border: 0;\n        padding: 0;\n        border-radius: 0;\n        margin-bottom: 0;\n\t\ttext-align: center;\n\t\twidth: 100%;\n\t\theight: 100%;\n\t\tborder: 1px solid #EFF2F5;\n    }\n\t.thumbnail .precio {\n\t\tbackground-color: rgba(122,59,122,.92);\n\t\ttext-transform: uppercase;\n    \tfont-size: 13px;\n    \tline-height: 19px;\n    \tcolor: #ffffff;\n    \tbox-sizing: border-box;\n    \tpadding: 2px 10px;\n    \tposition: absolute;\n    \tdisplay: inline-block;\n    \ttop: 25px;\n    \tright: 25px;\n\t}\n\t.event-card-footer {\n\t\tposition: relative;\n\t\theight: 40px;\n\t\tline-height: 40px;\n\t\tborder-top: 1px solid #ebebeb;\n\t\tpadding-left: 15px;\n\t\tpadding-right: 15px;\n\t\tbackground-color:#F8F8FA;\n\t}\n\t.event-card-tags a {\n\t\tcolor: #45494E;\n\t\tfont-size: 13px;\n\t\tmargin-right: 10px;\n    \ttext-transform: capitalize;\n\t}\n\t.event-card-tags a:hover {\n\t\tcolor: #5c068c;\n\t}\n    .more-events {\n        text-align: center;\n\t\tmargin-top:30px;\n    }\n    .more-events a {\n        background: #5c068c;\n        padding: 8px 20px;\n        color: #fff;\n    }\n    .more-events a:hover {\n        text-decoration: none;\n    }\n    .more-events a i {\n        margin-left: 6px;\n    }\n<\/style>\n\n<div class=\"events-block\">\n    <div class=\"container-fluid\">\n                <div class=\"row\">\n            \n            <div class=\"col-md-4 col-xs-12\">\n            \t<div class=\"event-card\">\n                <a href=\"https:\/\/www.ull.es\/portal\/agenda\/evento\/jornada-abordaje-de-la-leucemia-mieloide-cronica-impacto-de-la-atencion-farmaceutica\/\">\n                <div class=\"thumbnail\">\n                                <img src=\"https:\/\/www.ull.es\/portal\/agenda\/wp-content\/uploads\/sites\/12\/2025\/03\/Jornada-Abordaje-de-la-leucemia-mieloide_Banner-eventos.png                    \" \/>\n                <\/div>\n                <div class=\"caption\">\n                    <p class=\"date\">\n                        03 Apr 2025 - 16:00 UTC                    <\/p>\n                    <h4 class=\"title-event\">Jornada: \"Abordaje de la leucemia mieloide cr\u00f3nica: impacto de la atenci\u00f3n farmac\u00e9utica\"<\/h4>\n                    <h5 class=\"title-venue\">Sal\u00f3n de Actos del Colegio Oficial de Farmac\u00e9uticos de Santa Cruz de Tenerife<\/h5>\n                <\/div><\/a>\n                <div class=\"event-card-footer\">\n                \t<div class=\"event-card-tags\">\n        \t\t\t\t                     <\/div>\n                <\/div><!-- event-card-footer -->\n            \t<\/div><!--event-card-->\n            <\/div><!--col-sm-4-->\n            \n            <div class=\"col-md-4 col-xs-12\">\n            \t<div class=\"event-card\">\n                <a href=\"https:\/\/www.ull.es\/portal\/agenda\/evento\/curso-seguimiento-farmacoterapeutico-y-consejo-farmaceutico-de-medicamentos-antiinfecciosos\/\">\n                <div class=\"thumbnail\">\n                                <img src=\"https:\/\/www.ull.es\/portal\/agenda\/wp-content\/uploads\/sites\/12\/2024\/02\/curso-Y-CONSEJO-FARMACEUTICO-DE-MEDICAMENTOS-ANTIINFECCIOSOS_Banner-eventos.png                    \" \/>\n                <\/div>\n                <div class=\"caption\">\n                    <p class=\"date\">\n                        27 Feb 2024 - 08:00 UTC                    <\/p>\n                    <h4 class=\"title-event\">Curso: Seguimiento farmacoterapeutico y consejo farmac\u00e9utico de medicamentos antiinfecciosos<\/h4>\n                    <h5 class=\"title-venue\">Hotel Monotel Dal El Barka<\/h5>\n                <\/div><\/a>\n                <div class=\"event-card-footer\">\n                \t<div class=\"event-card-tags\">\n        \t\t\t\t                     <\/div>\n                <\/div><!-- event-card-footer -->\n            \t<\/div><!--event-card-->\n            <\/div><!--col-sm-4-->\n            \n            <div class=\"col-md-4 col-xs-12\">\n            \t<div class=\"event-card\">\n                <a href=\"https:\/\/www.ull.es\/portal\/agenda\/evento\/curso-cooperacion-farmaceutica-para-el-desarrollo\/\">\n                <div class=\"thumbnail\">\n                                <img src=\"https:\/\/www.ull.es\/portal\/agenda\/wp-content\/uploads\/sites\/12\/2023\/10\/Banner-web-Curso-Cooperacion-Farmaceutica.jpg                    \" \/>\n                <\/div>\n                <div class=\"caption\">\n                    <p class=\"date\">\n                        14 Nov 2023 - 16:00 UTC                    <\/p>\n                    <h4 class=\"title-event\">Curso: Cooperaci\u00f3n farmac\u00e9utica para el desarrollo<\/h4>\n                    <h5 class=\"title-venue\">Sal\u00f3n de Grados de la Facultad de Farmacia<\/h5>\n                <\/div><\/a>\n                <div class=\"event-card-footer\">\n                \t<div class=\"event-card-tags\">\n        \t\t\t\t                     <\/div>\n                <\/div><!-- event-card-footer -->\n            \t<\/div><!--event-card-->\n            <\/div><!--col-sm-4-->\n                            <\/div>\n                        <div class=\"row\">\n            \n            <div class=\"col-md-4 col-xs-12\">\n            \t<div class=\"event-card\">\n                <a href=\"https:\/\/www.ull.es\/portal\/agenda\/evento\/mesa-redonda-impacto-de-los-biosimilares-en-la-innovacion-de-la-farmacoterapia\/\">\n                <div class=\"thumbnail\">\n                                <img src=\"https:\/\/www.ull.es\/portal\/agenda\/wp-content\/uploads\/sites\/12\/2023\/10\/Mesa-redonda-biosimilares-Banner-700-x-350-px-1.png                    \" \/>\n                <\/div>\n                <div class=\"caption\">\n                    <p class=\"date\">\n                        02 Nov 2023 - 15:30 UTC                    <\/p>\n                    <h4 class=\"title-event\">Mesa redonda: Impacto de los Biosimilares en la innovaci\u00f3n de la farmacoterapia<\/h4>\n                    <h5 class=\"title-venue\">Sede Fundaci\u00f3n CajaCanarias<\/h5>\n                <\/div><\/a>\n                <div class=\"event-card-footer\">\n                \t<div class=\"event-card-tags\">\n        \t\t\t\t                     <\/div>\n                <\/div><!-- event-card-footer -->\n            \t<\/div><!--event-card-->\n            <\/div><!--col-sm-4-->\n            \n            <div class=\"col-md-4 col-xs-12\">\n            \t<div class=\"event-card\">\n                <a href=\"https:\/\/www.ull.es\/portal\/agenda\/evento\/acto-de-entrega-de-los-premios-de-la-catedra-canaria-de-farmacia-2023\/\">\n                <div class=\"thumbnail\">\n                                <img src=\"https:\/\/www.ull.es\/portal\/agenda\/wp-content\/uploads\/sites\/12\/2023\/10\/Acto-entrega-premios-Catedra-Canaria-Farmacia-2023_Banner-Evento-ULL.png                    \" \/>\n                <\/div>\n                <div class=\"caption\">\n                    <p class=\"date\">\n                        27 Oct 2023 - 19:00 UTC                    <\/p>\n                    <h4 class=\"title-event\">Acto de entrega de los Premios de la C\u00e1tedra Canaria de Farmacia 2023<\/h4>\n                    <h5 class=\"title-venue\">Hotel Taburiente Tenerife<\/h5>\n                <\/div><\/a>\n                <div class=\"event-card-footer\">\n                \t<div class=\"event-card-tags\">\n        \t\t\t\t                     <\/div>\n                <\/div><!-- event-card-footer -->\n            \t<\/div><!--event-card-->\n            <\/div><!--col-sm-4-->\n            \n            <div class=\"col-md-4 col-xs-12\">\n            \t<div class=\"event-card\">\n                <a href=\"https:\/\/www.ull.es\/portal\/agenda\/evento\/jornada-enfermedades-tropicales-desatendidas-cooperacion-en-salud-y-farmacia-solidaria\/\">\n                <div class=\"thumbnail\">\n                                <img src=\"https:\/\/www.ull.es\/portal\/agenda\/wp-content\/uploads\/sites\/12\/2023\/01\/Jornada-enfermedades-tropicales-desatendidas_Banner-evento.png                    \" \/>\n                <\/div>\n                <div class=\"caption\">\n                    <p class=\"date\">\n                        26 Jan 2023 - 16:00 UTC                    <\/p>\n                    <h4 class=\"title-event\">Jornada: Enfermedades tropicales desatendidas, cooperaci\u00f3n en salud y farmacia solidaria<\/h4>\n                    <h5 class=\"title-venue\">Sal\u00f3n de Grados de la Facultad de Farmacia<\/h5>\n                <\/div><\/a>\n                <div class=\"event-card-footer\">\n                \t<div class=\"event-card-tags\">\n        \t\t\t\t                     <\/div>\n                <\/div><!-- event-card-footer -->\n            \t<\/div><!--event-card-->\n            <\/div><!--col-sm-4-->\n                            <\/div>\n                        <div class=\"row\">\n            \n            <div class=\"col-md-4 col-xs-12\">\n            \t<div class=\"event-card\">\n                <a href=\"https:\/\/www.ull.es\/portal\/agenda\/evento\/estrategias-de-comunicacion-en-el-ejercicio-profesional-farmaceutico\/\">\n                <div class=\"thumbnail\">\n                                <img src=\"https:\/\/www.ull.es\/portal\/agenda\/wp-content\/uploads\/sites\/12\/2022\/07\/Curso-Estrategias-de-Comunicacion.png                    \" \/>\n                <\/div>\n                <div class=\"caption\">\n                    <p class=\"date\">\n                        26 Oct 2022 - 16:00 UTC                    <\/p>\n                    <h4 class=\"title-event\">Estrategias de comunicaci\u00f3n en el ejercicio profesional farmac\u00e9utico<\/h4>\n                    <h5 class=\"title-venue\">Sal\u00f3n de Actos del Colegio Oficial de Farmac\u00e9uticos de Santa Cruz de Tenerife<\/h5>\n                <\/div><\/a>\n                <div class=\"event-card-footer\">\n                \t<div class=\"event-card-tags\">\n        \t\t\t\t                     <\/div>\n                <\/div><!-- event-card-footer -->\n            \t<\/div><!--event-card-->\n            <\/div><!--col-sm-4-->\n            \n            <div class=\"col-md-4 col-xs-12\">\n            \t<div class=\"event-card\">\n                <a href=\"https:\/\/www.ull.es\/portal\/agenda\/evento\/jornadas-farmaceuticas-2022\/\">\n                <div class=\"thumbnail\">\n                                <img src=\"https:\/\/www.ull.es\/portal\/agenda\/wp-content\/uploads\/sites\/12\/2022\/09\/Jornadas-Farmaceuticas-2022_Banner-evento.png                    \" \/>\n                <\/div>\n                <div class=\"caption\">\n                    <p class=\"date\">\n                        03 Oct 2022 - 15:30 UTC                    <\/p>\n                    <h4 class=\"title-event\">Jornadas Farmac\u00e9uticas 2022<\/h4>\n                    <h5 class=\"title-venue\">Sal\u00f3n de Grados de la Facultad de Farmacia<\/h5>\n                <\/div><\/a>\n                <div class=\"event-card-footer\">\n                \t<div class=\"event-card-tags\">\n        \t\t\t\t                     <\/div>\n                <\/div><!-- event-card-footer -->\n            \t<\/div><!--event-card-->\n            <\/div><!--col-sm-4-->\n            \n            <div class=\"col-md-4 col-xs-12\">\n            \t<div class=\"event-card\">\n                <a href=\"https:\/\/www.ull.es\/portal\/agenda\/evento\/seminario-desarrollo-de-vacunas-sinteticas-para-la-malaria-y-el-sars-cov-2\/\">\n                <div class=\"thumbnail\">\n                                <img src=\"https:\/\/www.ull.es\/portal\/agenda\/wp-content\/uploads\/sites\/12\/2022\/09\/Seminario-Desarrollo-vacunas-sinteticas.png                    \" \/>\n                <\/div>\n                <div class=\"caption\">\n                    <p class=\"date\">\n                        27 Sep 2022 - 19:00 UTC                    <\/p>\n                    <h4 class=\"title-event\">Seminario: Desarrollo de vacunas sint\u00e9ticas para la malaria y el SARS-CoV-2<\/h4>\n                    <h5 class=\"title-venue\">Sal\u00f3n de Actos del Colegio Oficial de Farmac\u00e9uticos de Santa Cruz de Tenerife<\/h5>\n                <\/div><\/a>\n                <div class=\"event-card-footer\">\n                \t<div class=\"event-card-tags\">\n        \t\t\t\t                     <\/div>\n                <\/div><!-- event-card-footer -->\n            \t<\/div><!--event-card-->\n            <\/div><!--col-sm-4-->\n                            <\/div>\n                        <div class=\"row\">\n            \n            <div class=\"col-md-4 col-xs-12\">\n            \t<div class=\"event-card\">\n                <a href=\"https:\/\/www.ull.es\/portal\/agenda\/evento\/la-verificacion-como-herramientas-de-salud-frente-a-la-desinformacion\/\">\n                <div class=\"thumbnail\">\n                                <img src=\"https:\/\/www.ull.es\/portal\/agenda\/wp-content\/uploads\/sites\/12\/2022\/01\/Banners-Cursos-ODS-2022.png                    \" \/>\n                <\/div>\n                <div class=\"caption\">\n                    <p class=\"date\">\n                        02 May 2022 - 00:00 UTC                    <\/p>\n                    <h4 class=\"title-event\">La verificaci\u00f3n como herramienta de salud frente a la desinformaci\u00f3n<\/h4>\n                    <h5 class=\"title-venue\">Formaci\u00f3n online<\/h5>\n                <\/div><\/a>\n                <div class=\"event-card-footer\">\n                \t<div class=\"event-card-tags\">\n        \t\t\t\t                        \t<a href=\"https:\/\/www.ull.es\/portal\/agenda\/tag\/alumnado-ull\/\">#alumnado ULL<\/a>\n\t\t\t\t\t\t\t                        \t<a href=\"https:\/\/www.ull.es\/portal\/agenda\/tag\/bulos-salud\/\">#bulos salud<\/a>\n\t\t\t\t\t\t\t                     <\/div>\n                <\/div><!-- event-card-footer -->\n            \t<\/div><!--event-card-->\n            <\/div><!--col-sm-4-->\n            \n            <div class=\"col-md-4 col-xs-12\">\n            \t<div class=\"event-card\">\n                <a href=\"https:\/\/www.ull.es\/portal\/agenda\/evento\/jornada-farmacia-y-enfermedades-raras\/\">\n                <div class=\"thumbnail\">\n                                <img src=\"https:\/\/www.ull.es\/portal\/agenda\/wp-content\/uploads\/sites\/12\/2021\/11\/catedra-farmacia-evento.png                    \" \/>\n                <\/div>\n                <div class=\"caption\">\n                    <p class=\"date\">\n                        30 Nov 2021 - 00:00 UTC                    <\/p>\n                    <h4 class=\"title-event\">Jornada: \"Farmacia y Enfermedades Raras\"<\/h4>\n                    <h5 class=\"title-venue\">Sal\u00f3n de Actos de Cofarte<\/h5>\n                <\/div><\/a>\n                <div class=\"event-card-footer\">\n                \t<div class=\"event-card-tags\">\n        \t\t\t\t                        \t<a href=\"https:\/\/www.ull.es\/portal\/agenda\/tag\/catedra-canaria-de-farmacia\/\">#C\u00e1tedra Canaria de Farmacia<\/a>\n\t\t\t\t\t\t\t                        \t<a href=\"https:\/\/www.ull.es\/portal\/agenda\/tag\/enfermedades-raras\/\">#Enfermedades raras<\/a>\n\t\t\t\t\t\t\t                     <\/div>\n                <\/div><!-- event-card-footer -->\n            \t<\/div><!--event-card-->\n            <\/div><!--col-sm-4-->\n            \n            <div class=\"col-md-4 col-xs-12\">\n            \t<div class=\"event-card\">\n                <a href=\"https:\/\/www.ull.es\/portal\/agenda\/evento\/encuentro-de-catedras-institucionales-y-de-empresa-de-la-universidad-de-la-laguna-compromiso-para-la-implementacion-de-la-agenda-2030-en-canarias\/\">\n                <div class=\"thumbnail\">\n                                <img src=\"https:\/\/www.ull.es\/portal\/agenda\/wp-content\/uploads\/sites\/12\/2021\/04\/BannerEmpresa.png                    \" \/>\n                <\/div>\n                <div class=\"caption\">\n                    <p class=\"date\">\n                        30 Apr 2021 - 09:30 UTC                    <\/p>\n                    <h4 class=\"title-event\">Encuentro de C\u00e1tedras Institucionales y de Empresa de la Universidad de La Laguna. \"Compromiso para la implementaci\u00f3n de la Agenda 2030 en Canarias\"<\/h4>\n                    <h5 class=\"title-venue\">Formaci\u00f3n online<\/h5>\n                <\/div><\/a>\n                <div class=\"event-card-footer\">\n                \t<div class=\"event-card-tags\">\n        \t\t\t\t                        \t<a href=\"https:\/\/www.ull.es\/portal\/agenda\/tag\/agenda-2030\/\">#Agenda 2030<\/a>\n\t\t\t\t\t\t\t                        \t<a href=\"https:\/\/www.ull.es\/portal\/agenda\/tag\/cursos-ull\/\">#Cursos ULL<\/a>\n\t\t\t\t\t\t\t                     <\/div>\n                <\/div><!-- event-card-footer -->\n            \t<\/div><!--event-card-->\n            <\/div><!--col-sm-4-->\n                            <\/div>\n                    <\/div>\n<\/div>\n\n<div class=\"more-events\">\n    <a href=\"https:\/\/www.ull.es\/portal\/agenda\/eventos\/categoria\/catedra-canaria-de-farmacia\">VER M\u00c1S <i class=\"fa fa-chevron-right\"><\/i><\/a>\n<\/div>\n[\/vc_column_text][\/vc_column][\/vc_row]<\/p>\n","protected":false},"excerpt":{"rendered":"<p>[vc_row][vc_column][vc_empty_space][vc_column_text][\/vc_column_text][\/vc_column][\/vc_row]<\/p>\n","protected":false},"author":5,"featured_media":0,"parent":0,"menu_order":0,"comment_status":"closed","ping_status":"closed","template":"","meta":[],"_links":{"self":[{"href":"https:\/\/www.ull.es\/catedras\/catedra-canaria-farmacia\/wp-json\/wp\/v2\/pages\/35"}],"collection":[{"href":"https:\/\/www.ull.es\/catedras\/catedra-canaria-farmacia\/wp-json\/wp\/v2\/pages"}],"about":[{"href":"https:\/\/www.ull.es\/catedras\/catedra-canaria-farmacia\/wp-json\/wp\/v2\/types\/page"}],"author":[{"embeddable":true,"href":"https:\/\/www.ull.es\/catedras\/catedra-canaria-farmacia\/wp-json\/wp\/v2\/users\/5"}],"replies":[{"embeddable":true,"href":"https:\/\/www.ull.es\/catedras\/catedra-canaria-farmacia\/wp-json\/wp\/v2\/comments?post=35"}],"version-history":[{"count":11,"href":"https:\/\/www.ull.es\/catedras\/catedra-canaria-farmacia\/wp-json\/wp\/v2\/pages\/35\/revisions"}],"predecessor-version":[{"id":201,"href":"https:\/\/www.ull.es\/catedras\/catedra-canaria-farmacia\/wp-json\/wp\/v2\/pages\/35\/revisions\/201"}],"wp:attachment":[{"href":"https:\/\/www.ull.es\/catedras\/catedra-canaria-farmacia\/wp-json\/wp\/v2\/media?parent=35"}],"curies":[{"name":"wp","href":"https:\/\/api.w.org\/{rel}","templated":true}]}}