{"id":41,"date":"2018-11-07T13:25:39","date_gmt":"2018-11-07T13:25:39","guid":{"rendered":"https:\/\/www.ull.es\/catedras\/catedra-farmacia-asistencia\/?page_id=41"},"modified":"2021-11-17T09:15:47","modified_gmt":"2021-11-17T09:15:47","slug":"compromiso-social","status":"publish","type":"page","link":"https:\/\/www.ull.es\/catedras\/catedra-canaria-farmacia\/compromiso-social\/","title":{"rendered":"Compromiso Social"},"content":{"rendered":"<p>[vc_row][vc_column][vc_empty_space][\/vc_column][\/vc_row][vc_row][vc_column width=\u00bb1\/4&#8243;][vc_message message_box_style=\u00bboutline\u00bb style=\u00bbsquare\u00bb icon_fontawesome=\u00bbfa fa-book\u00bb css_animation=\u00bbbounceIn\u00bb]COMPROMISO SOCIAL[\/vc_message][\/vc_column][vc_column width=\u00bb3\/4&#8243;][vc_column_text]<span style=\"font-weight: 400;\">La C\u00e1tedra de Farmacia, al igual que la profesi\u00f3n farmac\u00e9utica, manifiesta un compromiso con la sociedad dirigido a desarrollar acciones que integren las demandas\u00a0 sociales relativas a la mejora de la salud.\u00a0<\/span><\/p>\n<p><span style=\"font-weight: 400;\">Mantiene v\u00ednculos con proyectos que est\u00e1n relacionados con el uso de los medicamentos y su impacto en la salud de la poblaci\u00f3n.<\/span><\/p>\n<p><span style=\"font-weight: 400;\">Desde la C\u00e1tedra promovemos el desarrollo profesional del farmac\u00e9utico como experto en el medicamento mediante proyectos que permitan mejorar la calidad de su actuaci\u00f3n profesional y que se traduzcan en resultados de salud para el paciente.\u00a0<\/span><\/p>\n<p><span style=\"font-weight: 400;\">Nuestro compromiso se basa en promover la utilizaci\u00f3n racional de los medicamentos y en la promoci\u00f3n de acciones que pongan en valor las actividades del farmac\u00e9utico que redundan en la mejora del bienestar social.<\/span>[\/vc_column_text][\/vc_column][\/vc_row][vc_row][vc_column][vc_empty_space][\/vc_column][\/vc_row]<\/p>\n","protected":false},"excerpt":{"rendered":"<p>[vc_row][vc_column][vc_empty_space][\/vc_column][\/vc_row][vc_row][vc_column width=\u00bb1\/4&#8243;][vc_message message_box_style=\u00bboutline\u00bb style=\u00bbsquare\u00bb icon_fontawesome=\u00bbfa fa-book\u00bb css_animation=\u00bbbounceIn\u00bb]COMPROMISO SOCIAL[\/vc_message][\/vc_column][vc_column width=\u00bb3\/4&#8243;][vc_column_text]La C\u00e1tedra de Farmacia, al igual que la profesi\u00f3n farmac\u00e9utica, manifiesta un compromiso con la sociedad dirigido a desarrollar acciones que integren las demandas\u00a0 sociales relativas a la mejora de la salud.\u00a0 Mantiene v\u00ednculos con proyectos que est\u00e1n relacionados con el uso de los medicamentos y su&#8230;<\/p>\n","protected":false},"author":5,"featured_media":0,"parent":0,"menu_order":0,"comment_status":"closed","ping_status":"closed","template":"","meta":[],"_links":{"self":[{"href":"https:\/\/www.ull.es\/catedras\/catedra-canaria-farmacia\/wp-json\/wp\/v2\/pages\/41"}],"collection":[{"href":"https:\/\/www.ull.es\/catedras\/catedra-canaria-farmacia\/wp-json\/wp\/v2\/pages"}],"about":[{"href":"https:\/\/www.ull.es\/catedras\/catedra-canaria-farmacia\/wp-json\/wp\/v2\/types\/page"}],"author":[{"embeddable":true,"href":"https:\/\/www.ull.es\/catedras\/catedra-canaria-farmacia\/wp-json\/wp\/v2\/users\/5"}],"replies":[{"embeddable":true,"href":"https:\/\/www.ull.es\/catedras\/catedra-canaria-farmacia\/wp-json\/wp\/v2\/comments?post=41"}],"version-history":[{"count":2,"href":"https:\/\/www.ull.es\/catedras\/catedra-canaria-farmacia\/wp-json\/wp\/v2\/pages\/41\/revisions"}],"predecessor-version":[{"id":117,"href":"https:\/\/www.ull.es\/catedras\/catedra-canaria-farmacia\/wp-json\/wp\/v2\/pages\/41\/revisions\/117"}],"wp:attachment":[{"href":"https:\/\/www.ull.es\/catedras\/catedra-canaria-farmacia\/wp-json\/wp\/v2\/media?parent=41"}],"curies":[{"name":"wp","href":"https:\/\/api.w.org\/{rel}","templated":true}]}}