{"id":115,"date":"2020-07-10T14:26:18","date_gmt":"2020-07-10T14:26:18","guid":{"rendered":"https:\/\/www.ull.es\/catedras\/catedra-ceoe-relaciones-laborales\/?page_id=115"},"modified":"2020-08-05T12:42:12","modified_gmt":"2020-08-05T12:42:12","slug":"noticias","status":"publish","type":"page","link":"https:\/\/www.ull.es\/catedras\/catedra-ceoe-relaciones-laborales\/noticias\/","title":{"rendered":"Noticias"},"content":{"rendered":"<p>[vc_row][vc_column css=\u00bb.vc_custom_1594731351291{padding-bottom: 20px !important;}\u00bb][vc_column_text]<\/p>\n<h1 class=\"container ull-site-title-blank\">Noticias<\/h1>\n<p>[\/vc_column_text][\/vc_column][\/vc_row][vc_row full_width=\u00bbstretch_row\u00bb css=\u00bb.vc_custom_1493903710709{margin-bottom: 50px !important;background-color: #ffffff !important;}\u00bb][vc_column][vc_column_text]<style>\n    .news-group .bg-size {\n        background-position: center;\n        background-size: cover;\n        width: 100%;\n        height: 48px;\n    }\n    .news-group .list-group-item-text {\n        font-size: 13px;\n    }\n    .news-group .col-md-3 {\n        padding-right: 0;\n    }\n    .news-group .list-group-item-date {\n        font-size: 11px;\n        color: #A4A4A4;\n        margin-bottom: 2px;\n        text-transform: uppercase;\n    }\n\n    .mensaje.alert-warning{\n        font-size: 12px;\n        margin: 14px !important;\n        padding: 4px 8px;\n        color: #cca60b;\n    }\n<\/style>\n\n<div class=\"panel panel-default\">\n    <div class=\"panel-heading\">\n        <h3 class=\"panel-title\">Noticias<\/h3>\n    <\/div>\n\n    <div class=\"list-group news-group\">\n                    <a href=\"https:\/\/www.ull.es\/portal\/noticias\/2025\/ull-presenta-microcredenciales-respuesta-demandas-formacion-continua\/\" class=\"list-group-item\">\n                <div class=\"row\">\n                    <div class=\"col-md-3\">\n                        <div class=\"bg-size\" style=\"background-image: url('https:\/\/www.ull.es\/portal\/noticias\/wp-content\/uploads\/sites\/13\/2025\/06\/ceoe-microcredenciales-grupo-300x200.jpg');\"><\/div>\n                    <\/div>\n                    <div class=\"col-md-9\">\n                        <p class=\"list-group-item-date\">\n                            12 Jun 2025 - 08:20 UTC                        <\/p>\n                        <p class=\"list-group-item-text\">La ULL presenta su modelo de microcredenciales como respuesta a las demandas de formaci\u00f3n continua<\/p>\n                    <\/div>\n                <\/div>\n            <\/a>\n                    <a href=\"https:\/\/www.ull.es\/portal\/noticias\/2025\/ull-presentara-programa-microcredenciales-jornada-formacion-practica\/\" class=\"list-group-item\">\n                <div class=\"row\">\n                    <div class=\"col-md-3\">\n                        <div class=\"bg-size\" style=\"background-image: url('https:\/\/www.ull.es\/portal\/noticias\/wp-content\/uploads\/sites\/13\/2025\/06\/jornada-universidad-empresa-300x167.png');\"><\/div>\n                    <\/div>\n                    <div class=\"col-md-9\">\n                        <p class=\"list-group-item-date\">\n                            10 Jun 2025 - 09:11 UTC                        <\/p>\n                        <p class=\"list-group-item-text\">La ULL presentar\u00e1 sus microcredenciales en una jornada sobre la importancia de la formaci\u00f3n pr\u00e1ctica<\/p>\n                    <\/div>\n                <\/div>\n            <\/a>\n                    <a href=\"https:\/\/www.ull.es\/portal\/noticias\/2024\/alianza-universidad-empresa-coloquio-consejo-social\/\" class=\"list-group-item\">\n                <div class=\"row\">\n                    <div class=\"col-md-3\">\n                        <div class=\"bg-size\" style=\"background-image: url('https:\/\/www.ull.es\/portal\/noticias\/wp-content\/uploads\/sites\/13\/2024\/10\/desayuno-montserrat-guardia-300x200.jpg');\"><\/div>\n                    <\/div>\n                    <div class=\"col-md-9\">\n                        <p class=\"list-group-item-date\">\n                            29 Oct 2024 - 10:31 UTC                        <\/p>\n                        <p class=\"list-group-item-text\">La alianza universidad-empresa con visi\u00f3n humanista, clave del coloquio del Consejo Social de la ULL<\/p>\n                    <\/div>\n                <\/div>\n            <\/a>\n                    <a href=\"https:\/\/www.ull.es\/portal\/noticias\/2024\/antonio-abril-inaugura-los-desayuno-coloquio-del-consejo-social-de-la-universidad-de-la-laguna\/\" class=\"list-group-item\">\n                <div class=\"row\">\n                    <div class=\"col-md-3\">\n                        <div class=\"bg-size\" style=\"background-image: url('https:\/\/www.ull.es\/portal\/noticias\/wp-content\/uploads\/sites\/13\/2024\/09\/antonio-abril-1-300x200.jpg');\"><\/div>\n                    <\/div>\n                    <div class=\"col-md-9\">\n                        <p class=\"list-group-item-date\">\n                            05 Sep 2024 - 12:12 UTC                        <\/p>\n                        <p class=\"list-group-item-text\">Antonio Abril inaugura los Desayuno-Coloquio del Consejo Social de la Universidad de La Laguna<\/p>\n                    <\/div>\n                <\/div>\n            <\/a>\n                    <a href=\"https:\/\/www.ull.es\/portal\/noticias\/2024\/abierta-la-preinscripcion-en-la-ull-de-la-viii-edicion-del-campus-de-la-ciencia-y-la-tecnologia-de-canarias\/\" class=\"list-group-item\">\n                <div class=\"row\">\n                    <div class=\"col-md-3\">\n                        <div class=\"bg-size\" style=\"background-image: url('https:\/\/www.ull.es\/portal\/noticias\/wp-content\/uploads\/sites\/13\/2024\/07\/cct_canarias_Banner-eventos-1-300x150.jpg');\"><\/div>\n                    <\/div>\n                    <div class=\"col-md-9\">\n                        <p class=\"list-group-item-date\">\n                            04 Jul 2024 - 10:54 UTC                        <\/p>\n                        <p class=\"list-group-item-text\">Abierta la preinscripci\u00f3n en la ULL de la VIII edici\u00f3n del Campus de la Ciencia y la Tecnolog\u00eda de Canarias<\/p>\n                    <\/div>\n                <\/div>\n            <\/a>\n                    <a href=\"https:\/\/www.ull.es\/portal\/noticias\/2023\/la-catedra-ceoe-tenerife-ull-de-empresa-y-relaciones-laborales-entrego-sus-premios-a-los-mejores-trabajos-fin-de-grado-y-master\/\" class=\"list-group-item\">\n                <div class=\"row\">\n                    <div class=\"col-md-3\">\n                        <div class=\"bg-size\" style=\"background-image: url('https:\/\/www.ull.es\/portal\/noticias\/wp-content\/uploads\/sites\/13\/2023\/10\/Premios-Catedra-CEOE-ULL-25-300x200.jpg');\"><\/div>\n                    <\/div>\n                    <div class=\"col-md-9\">\n                        <p class=\"list-group-item-date\">\n                            24 Oct 2023 - 09:11 UTC                        <\/p>\n                        <p class=\"list-group-item-text\">La C\u00e1tedra CEOE Tenerife-ULL de Empresa y Relaciones Laborales entreg\u00f3 sus premios a los mejores trabajos fin de grado y m\u00e1ster<\/p>\n                    <\/div>\n                <\/div>\n            <\/a>\n                    <a href=\"https:\/\/www.ull.es\/portal\/noticias\/2023\/finaliza-la-i-escuela-de-verano-de-emprendimiento-ceoe-tenerife-ull-con-la-presentacion-de-7-proyectos\/\" class=\"list-group-item\">\n                <div class=\"row\">\n                    <div class=\"col-md-3\">\n                        <div class=\"bg-size\" style=\"background-image: url('https:\/\/www.ull.es\/portal\/noticias\/wp-content\/uploads\/sites\/13\/2023\/09\/escuela-verano--300x186.jpg');\"><\/div>\n                    <\/div>\n                    <div class=\"col-md-9\">\n                        <p class=\"list-group-item-date\">\n                            15 Sep 2023 - 10:19 UTC                        <\/p>\n                        <p class=\"list-group-item-text\">Finaliza la I Escuela de Verano de Emprendimiento CEOE Tenerife-ULL con la presentaci\u00f3n de 7 proyectos\u00a0<\/p>\n                    <\/div>\n                <\/div>\n            <\/a>\n                    <a href=\"https:\/\/www.ull.es\/portal\/noticias\/2023\/comienza-la-i-escuela-de-verano-de-emprendimiento-y-negocio-ceoe-tenerife-universidad-de-la-laguna\/\" class=\"list-group-item\">\n                <div class=\"row\">\n                    <div class=\"col-md-3\">\n                        <div class=\"bg-size\" style=\"background-image: url('https:\/\/www.ull.es\/portal\/noticias\/wp-content\/uploads\/sites\/13\/2023\/09\/escuela-verano-ceoe-300x200.jpg');\"><\/div>\n                    <\/div>\n                    <div class=\"col-md-9\">\n                        <p class=\"list-group-item-date\">\n                            06 Sep 2023 - 11:44 UTC                        <\/p>\n                        <p class=\"list-group-item-text\">Comienza la I Escuela de Verano de Emprendimiento y Negocio CEOE Tenerife-Universidad de La Laguna<\/p>\n                    <\/div>\n                <\/div>\n            <\/a>\n                    <a href=\"https:\/\/www.ull.es\/portal\/noticias\/2023\/ull-debatio-impacto-inteligencia-artificial-empleo\/\" class=\"list-group-item\">\n                <div class=\"row\">\n                    <div class=\"col-md-3\">\n                        <div class=\"bg-size\" style=\"background-image: url('https:\/\/www.ull.es\/portal\/noticias\/wp-content\/uploads\/sites\/13\/2023\/05\/Inteligencia-Artificial-Empleo-33-300x200.jpg');\"><\/div>\n                    <\/div>\n                    <div class=\"col-md-9\">\n                        <p class=\"list-group-item-date\">\n                            10 May 2023 - 07:51 UTC                        <\/p>\n                        <p class=\"list-group-item-text\">La Universidad de La Laguna debati\u00f3 el impacto de la Inteligencia Artificial en el empleo<\/p>\n                    <\/div>\n                <\/div>\n            <\/a>\n                    <a href=\"https:\/\/www.ull.es\/portal\/noticias\/2022\/la-catedra-ceoe-tenerife-empresa-y-relaciones-laborales-de-la-ull-aprueba-su-plan-de-trabajo-de-2022-y-renueva-su-comite-de-direccion\/\" class=\"list-group-item\">\n                <div class=\"row\">\n                    <div class=\"col-md-3\">\n                        <div class=\"bg-size\" style=\"background-image: url('https:\/\/www.ull.es\/portal\/noticias\/wp-content\/uploads\/sites\/13\/2022\/07\/catedra-ceoe-def-300x171.jpg');\"><\/div>\n                    <\/div>\n                    <div class=\"col-md-9\">\n                        <p class=\"list-group-item-date\">\n                            19 Jul 2022 - 11:21 UTC                        <\/p>\n                        <p class=\"list-group-item-text\">La C\u00e1tedra CEOE-Tenerife Empresa y Relaciones Laborales de la ULL aprueba su plan de trabajo de 2022 y renueva su comit\u00e9 de direcci\u00f3n<\/p>\n                    <\/div>\n                <\/div>\n            <\/a>\n                    <a href=\"https:\/\/www.ull.es\/portal\/noticias\/2021\/encuentro-catedras-institucionales-empresa\/\" class=\"list-group-item\">\n                <div class=\"row\">\n                    <div class=\"col-md-3\">\n                        <div class=\"bg-size\" style=\"background-image: url('https:\/\/www.ull.es\/portal\/noticias\/wp-content\/uploads\/sites\/13\/2021\/04\/Sem-Empr-Catedras-11-300x200.jpg');\"><\/div>\n                    <\/div>\n                    <div class=\"col-md-9\">\n                        <p class=\"list-group-item-date\">\n                            30 Apr 2021 - 14:05 UTC                        <\/p>\n                        <p class=\"list-group-item-text\">Las c\u00e1tedras institucionales y de empresa de la ULL exponen su compromiso con los ODS<\/p>\n                    <\/div>\n                <\/div>\n            <\/a>\n                    <a href=\"https:\/\/www.ull.es\/portal\/noticias\/2021\/la-catedra-ceoe-de-empresa-y-relaciones-laborales-de-la-ull-analizara-las-practicas-curriculares-de-los-estudiantes\/\" class=\"list-group-item\">\n                <div class=\"row\">\n                    <div class=\"col-md-3\">\n                        <div class=\"bg-size\" style=\"background-image: url('https:\/\/www.ull.es\/portal\/noticias\/wp-content\/uploads\/sites\/13\/2021\/03\/reunion-CEOE-300x200.jpg');\"><\/div>\n                    <\/div>\n                    <div class=\"col-md-9\">\n                        <p class=\"list-group-item-date\">\n                            17 Mar 2021 - 13:06 UTC                        <\/p>\n                        <p class=\"list-group-item-text\">La C\u00e1tedra CEOE de Empresa y Relaciones Laborales de la ULL analizar\u00e1 las practicas curriculares de los estudiantes<\/p>\n                    <\/div>\n                <\/div>\n            <\/a>\n                    <a href=\"https:\/\/www.ull.es\/portal\/noticias\/2020\/la-catedra-ceoe-de-empresa-y-relaciones-laborales-de-la-ull-estrena-pagina-web\/\" class=\"list-group-item\">\n                <div class=\"row\">\n                    <div class=\"col-md-3\">\n                        <div class=\"bg-size\" style=\"background-image: url('https:\/\/www.ull.es\/portal\/noticias\/wp-content\/uploads\/sites\/13\/2020\/08\/catedra-ceoe-300x200.jpg');\"><\/div>\n                    <\/div>\n                    <div class=\"col-md-9\">\n                        <p class=\"list-group-item-date\">\n                            04 Aug 2020 - 12:58 UTC                        <\/p>\n                        <p class=\"list-group-item-text\">La C\u00e1tedra CEOE de Empresa y Relaciones Laborales de la ULL estrena p\u00e1gina web<\/p>\n                    <\/div>\n                <\/div>\n            <\/a>\n                    <a href=\"https:\/\/www.ull.es\/portal\/noticias\/2020\/catedra-ceoe-seminarios-impacto-covid-19\/\" class=\"list-group-item\">\n                <div class=\"row\">\n                    <div class=\"col-md-3\">\n                        <div class=\"bg-size\" style=\"background-image: url('https:\/\/www.ull.es\/portal\/noticias\/wp-content\/uploads\/sites\/13\/2020\/06\/BannercovidCEOE-300x150.jpg');\"><\/div>\n                    <\/div>\n                    <div class=\"col-md-9\">\n                        <p class=\"list-group-item-date\">\n                            24 Jun 2020 - 12:15 UTC                        <\/p>\n                        <p class=\"list-group-item-text\">La C\u00e1tedra CEOE de la Universidad de La Laguna analiza en dos seminarios el impacto empresarial del Covid-19<\/p>\n                    <\/div>\n                <\/div>\n            <\/a>\n                    <a href=\"https:\/\/www.ull.es\/portal\/noticias\/2018\/la-ull-y-la-ceoe-crean-una-catedra-empresarial-centrada-en-la-empresa-y-las-relaciones-laborales\/\" class=\"list-group-item\">\n                <div class=\"row\">\n                    <div class=\"col-md-3\">\n                        <div class=\"bg-size\" style=\"background-image: url('https:\/\/www.ull.es\/portal\/noticias\/wp-content\/uploads\/sites\/13\/2018\/10\/convenio-CEOE-300x200.jpg');\"><\/div>\n                    <\/div>\n                    <div class=\"col-md-9\">\n                        <p class=\"list-group-item-date\">\n                            01 Oct 2018 - 13:52 UTC                        <\/p>\n                        <p class=\"list-group-item-text\">La ULL y la CEOE crean una c\u00e1tedra empresarial centrada en la empresa y las relaciones laborales<\/p>\n                    <\/div>\n                <\/div>\n            <\/a>\n            <\/div>\n    <div class=\"panel-footer\">\n        <a href=\"https:\/\/www.ull.es\/portal\/noticias\/?cat=6613\">M\u00c1S NOTICIAS <i class=\"fa fa-chevron-right\"><\/i><\/a>\n    <\/div>\n\n\n<\/div>[\/vc_column_text][\/vc_column][\/vc_row][vc_row][vc_column][vc_empty_space][\/vc_column][\/vc_row]<\/p>\n","protected":false},"excerpt":{"rendered":"<p>[vc_row][vc_column css=\u00bb.vc_custom_1594731351291{padding-bottom: 20px !important;}\u00bb][vc_column_text] Noticias [\/vc_column_text][\/vc_column][\/vc_row][vc_row full_width=\u00bbstretch_row\u00bb css=\u00bb.vc_custom_1493903710709{margin-bottom: 50px !important;background-color: #ffffff !important;}\u00bb][vc_column][vc_column_text][\/vc_column_text][\/vc_column][\/vc_row][vc_row][vc_column][vc_empty_space][\/vc_column][\/vc_row]<\/p>\n","protected":false},"author":5,"featured_media":0,"parent":0,"menu_order":0,"comment_status":"closed","ping_status":"closed","template":"templates\/template-no-title.php","meta":[],"_links":{"self":[{"href":"https:\/\/www.ull.es\/catedras\/catedra-ceoe-relaciones-laborales\/wp-json\/wp\/v2\/pages\/115"}],"collection":[{"href":"https:\/\/www.ull.es\/catedras\/catedra-ceoe-relaciones-laborales\/wp-json\/wp\/v2\/pages"}],"about":[{"href":"https:\/\/www.ull.es\/catedras\/catedra-ceoe-relaciones-laborales\/wp-json\/wp\/v2\/types\/page"}],"author":[{"embeddable":true,"href":"https:\/\/www.ull.es\/catedras\/catedra-ceoe-relaciones-laborales\/wp-json\/wp\/v2\/users\/5"}],"replies":[{"embeddable":true,"href":"https:\/\/www.ull.es\/catedras\/catedra-ceoe-relaciones-laborales\/wp-json\/wp\/v2\/comments?post=115"}],"version-history":[{"count":3,"href":"https:\/\/www.ull.es\/catedras\/catedra-ceoe-relaciones-laborales\/wp-json\/wp\/v2\/pages\/115\/revisions"}],"predecessor-version":[{"id":161,"href":"https:\/\/www.ull.es\/catedras\/catedra-ceoe-relaciones-laborales\/wp-json\/wp\/v2\/pages\/115\/revisions\/161"}],"wp:attachment":[{"href":"https:\/\/www.ull.es\/catedras\/catedra-ceoe-relaciones-laborales\/wp-json\/wp\/v2\/media?parent=115"}],"curies":[{"name":"wp","href":"https:\/\/api.w.org\/{rel}","templated":true}]}}