{"id":15,"date":"2020-06-30T12:49:18","date_gmt":"2020-06-30T12:49:18","guid":{"rendered":"https:\/\/www.ull.es\/catedras\/catedra-ceoe-relaciones-laborales\/?page_id=15"},"modified":"2026-03-16T15:04:07","modified_gmt":"2026-03-16T15:04:07","slug":"inicio","status":"publish","type":"page","link":"https:\/\/www.ull.es\/catedras\/catedra-ceoe-relaciones-laborales\/","title":{"rendered":"Inicio"},"content":{"rendered":"<p>[vc_row css=\u00bb.vc_custom_1593425941338{margin-bottom: 0px !important;padding-bottom: 0px !important;}\u00bb][vc_column css=\u00bb.vc_custom_1593425920124{margin-bottom: 0px !important;padding-bottom: 0px !important;}\u00bb][rev_slider_vc alias=\u00bbnews-gallery4&#8243;][\/vc_column][\/vc_row][vc_row][vc_column][vc_empty_space][\/vc_column][\/vc_row][vc_row][vc_column css_animation=\u00bbfadeInLeft\u00bb el_class=\u00bbmorado\u00bb][vc_column_text css_animation=\u00bbfadeInLeft\u00bb]<\/p>\n<p class=\"personas\"><a class=\"text-mobile\" href=\"https:\/\/www.ull.es\/catedras\/catedra-ceoe-relaciones-laborales\/objetivos\/\" target=\"_blank\" rel=\"noopener\">La C\u00e1tedra<\/a><\/p>\n<p>[\/vc_column_text][\/vc_column][vc_column css_animation=\u00bbfadeInDown\u00bb el_class=\u00bbmorado\u00bb][vc_column_text css_animation=\u00bbfadeInUp\u00bb]<\/p>\n<p class=\"personas\"><a class=\"text-mobile\" href=\"https:\/\/www.ull.es\/catedras\/catedra-ceoe-relaciones-laborales\/actividades\/&quot;\" target=\"_blank\" rel=\"noopener\">Actividades<\/a><\/p>\n<p>[\/vc_column_text][\/vc_column][\/vc_row][vc_row][vc_column][vc_empty_space][\/vc_column][\/vc_row][vc_row full_width=\u00bbstretch_row_content\u00bb equal_height=\u00bbyes\u00bb][vc_column css=\u00bb.vc_custom_1588936329456{padding-top: 5% !important;padding-right: 10% !important;padding-bottom: 5% !important;padding-left: 10% !important;background-color: #f2f2f2 !important;}\u00bb][vc_column_text]<\/p>\n<p style=\"text-align: center;\">Nacida a finales de 2018 fruto de la alianza entre la CEOE-Tenerife y la Universidad de La Laguna, esta C\u00e1tedra es el puente entre el rigor acad\u00e9mico y la realidad empresarial. Nuestro prop\u00f3sito es liderar la formaci\u00f3n, investigaci\u00f3n y divulgaci\u00f3n de las Relaciones Laborales en el archipi\u00e9lago, centr\u00e1ndonos en la competitividad, la negociaci\u00f3n colectiva y los nuevos modelos de organizaci\u00f3n. Creemos que el conocimiento universitario alcanza su m\u00e1ximo valor cuando se transfiere a la sociedad. Por ello, trabajamos para consolidar un espacio com\u00fan donde la investigaci\u00f3n se convierta en soluciones reales para el mercado de trabajo canario.<\/p>\n<p>[\/vc_column_text][vc_empty_space][vc_video link=\u00bbhttps:\/\/youtu.be\/Yb4gAbeEABQ\u00bb el_width=\u00bb70&#8243; align=\u00bbcenter\u00bb][\/vc_column][\/vc_row][vc_row full_width=\u00bbstretch_row\u00bb css=\u00bb.vc_custom_1493903710709{margin-bottom: 50px !important;background-color: #ffffff !important;}\u00bb][vc_column width=\u00bb1\/3&#8243;][vc_column_text]<style>\n    .news-group .bg-size {\n        background-position: center;\n        background-size: cover;\n        width: 100%;\n        height: 48px;\n    }\n    .news-group .list-group-item-text {\n        font-size: 13px;\n    }\n    .news-group .col-md-3 {\n        padding-right: 0;\n    }\n    .news-group .list-group-item-date {\n        font-size: 11px;\n        color: #A4A4A4;\n        margin-bottom: 2px;\n        text-transform: uppercase;\n    }\n\n    .mensaje.alert-warning{\n        font-size: 12px;\n        margin: 14px !important;\n        padding: 4px 8px;\n        color: #cca60b;\n    }\n<\/style>\n\n<div class=\"panel panel-default\">\n    <div class=\"panel-heading\">\n        <h3 class=\"panel-title\">Noticias<\/h3>\n    <\/div>\n\n    <div class=\"list-group news-group\">\n                    <a href=\"https:\/\/www.ull.es\/portal\/noticias\/2025\/ull-presenta-microcredenciales-respuesta-demandas-formacion-continua\/\" class=\"list-group-item\">\n                <div class=\"row\">\n                    <div class=\"col-md-3\">\n                        <div class=\"bg-size\" style=\"background-image: url('https:\/\/www.ull.es\/portal\/noticias\/wp-content\/uploads\/sites\/13\/2025\/06\/ceoe-microcredenciales-grupo-300x200.jpg');\"><\/div>\n                    <\/div>\n                    <div class=\"col-md-9\">\n                        <p class=\"list-group-item-date\">\n                            12 Jun 2025 - 08:20 UTC                        <\/p>\n                        <p class=\"list-group-item-text\">La ULL presenta su modelo de microcredenciales como respuesta a las demandas de formaci\u00f3n continua<\/p>\n                    <\/div>\n                <\/div>\n            <\/a>\n                    <a href=\"https:\/\/www.ull.es\/portal\/noticias\/2025\/ull-presentara-programa-microcredenciales-jornada-formacion-practica\/\" class=\"list-group-item\">\n                <div class=\"row\">\n                    <div class=\"col-md-3\">\n                        <div class=\"bg-size\" style=\"background-image: url('https:\/\/www.ull.es\/portal\/noticias\/wp-content\/uploads\/sites\/13\/2025\/06\/jornada-universidad-empresa-300x167.png');\"><\/div>\n                    <\/div>\n                    <div class=\"col-md-9\">\n                        <p class=\"list-group-item-date\">\n                            10 Jun 2025 - 09:11 UTC                        <\/p>\n                        <p class=\"list-group-item-text\">La ULL presentar\u00e1 sus microcredenciales en una jornada sobre la importancia de la formaci\u00f3n pr\u00e1ctica<\/p>\n                    <\/div>\n                <\/div>\n            <\/a>\n                    <a href=\"https:\/\/www.ull.es\/portal\/noticias\/2024\/alianza-universidad-empresa-coloquio-consejo-social\/\" class=\"list-group-item\">\n                <div class=\"row\">\n                    <div class=\"col-md-3\">\n                        <div class=\"bg-size\" style=\"background-image: url('https:\/\/www.ull.es\/portal\/noticias\/wp-content\/uploads\/sites\/13\/2024\/10\/desayuno-montserrat-guardia-300x200.jpg');\"><\/div>\n                    <\/div>\n                    <div class=\"col-md-9\">\n                        <p class=\"list-group-item-date\">\n                            29 Oct 2024 - 10:31 UTC                        <\/p>\n                        <p class=\"list-group-item-text\">La alianza universidad-empresa con visi\u00f3n humanista, clave del coloquio del Consejo Social de la ULL<\/p>\n                    <\/div>\n                <\/div>\n            <\/a>\n                    <a href=\"https:\/\/www.ull.es\/portal\/noticias\/2024\/antonio-abril-inaugura-los-desayuno-coloquio-del-consejo-social-de-la-universidad-de-la-laguna\/\" class=\"list-group-item\">\n                <div class=\"row\">\n                    <div class=\"col-md-3\">\n                        <div class=\"bg-size\" style=\"background-image: url('https:\/\/www.ull.es\/portal\/noticias\/wp-content\/uploads\/sites\/13\/2024\/09\/antonio-abril-1-300x200.jpg');\"><\/div>\n                    <\/div>\n                    <div class=\"col-md-9\">\n                        <p class=\"list-group-item-date\">\n                            05 Sep 2024 - 12:12 UTC                        <\/p>\n                        <p class=\"list-group-item-text\">Antonio Abril inaugura los Desayuno-Coloquio del Consejo Social de la Universidad de La Laguna<\/p>\n                    <\/div>\n                <\/div>\n            <\/a>\n                    <a href=\"https:\/\/www.ull.es\/portal\/noticias\/2024\/abierta-la-preinscripcion-en-la-ull-de-la-viii-edicion-del-campus-de-la-ciencia-y-la-tecnologia-de-canarias\/\" class=\"list-group-item\">\n                <div class=\"row\">\n                    <div class=\"col-md-3\">\n                        <div class=\"bg-size\" style=\"background-image: url('https:\/\/www.ull.es\/portal\/noticias\/wp-content\/uploads\/sites\/13\/2024\/07\/cct_canarias_Banner-eventos-1-300x150.jpg');\"><\/div>\n                    <\/div>\n                    <div class=\"col-md-9\">\n                        <p class=\"list-group-item-date\">\n                            04 Jul 2024 - 10:54 UTC                        <\/p>\n                        <p class=\"list-group-item-text\">Abierta la preinscripci\u00f3n en la ULL de la VIII edici\u00f3n del Campus de la Ciencia y la Tecnolog\u00eda de Canarias<\/p>\n                    <\/div>\n                <\/div>\n            <\/a>\n            <\/div>\n    <div class=\"panel-footer\">\n        <a href=\"https:\/\/www.ull.es\/portal\/noticias\/?cat=6613\">M\u00c1S NOTICIAS <i class=\"fa fa-chevron-right\"><\/i><\/a>\n    <\/div>\n\n\n<\/div>[\/vc_column_text][\/vc_column][vc_column width=\u00bb1\/3&#8243;][vc_column_text]\n<style>\n    .events-group .bg-size {\n        background-position: center;\n        background-size: cover;\n        width: 100%;\n        height: 48px;\n    }\n    .events-group .list-group-item-text {\n        font-size: 13px;\n    }\n    .events-group .col-md-3 {\n        padding-right: 0;\n    }\n    .events-group .list-group-item-date {\n        font-size: 11px;\n        color: #A4A4A4;\n        margin-bottom: 2px;\n        text-transform: uppercase;\n    }\n\n    .mensaje.alert-warning{\n        font-size: 12px;\n        margin: 14px !important;\n        padding: 4px 8px;\n        color: #cca60b;\n    }\n\n<\/style>\n\n<div class=\"panel panel-default\">\n    <div class=\"panel-heading\">\n        <h3 class=\"panel-title\">Eventos<\/h3>\n    <\/div>\n\n    <div class=\"list-group events-group\">\n\n        <div class=\"mensaje alert alert-warning\">No hay eventos disponibles.<\/div>\n    <\/div>\n\n\n<\/div>\n[\/vc_column_text][\/vc_column][vc_column width=\u00bb1\/3&#8243;][vc_column_text]<\/p>\n<ul class=\"widget-box\" style=\"margin: 0px !important; padding: 0px !important;\">\n<li class=\"contacto-header\">Informaci\u00f3n de contacto<\/li>\n<li><i class=\"fa fa-map-marker\"><\/i> Calle Viana, 50<\/li>\n<li>38201 San Crist\u00f3bal de La Laguna, Santa Cruz de Tenerife<\/li>\n<li><i class=\"fa fa-phone\"><\/i> (+34) 922 31 96 01<\/li>\n<\/ul>\n<p>[\/vc_column_text][vc_column_text]\n    \n<style>\n    .google-maps {\n        position: relative;\n        padding-bottom: 75%;\n        height: 0;\n        overflow: hidden;\n    }\n    .google-maps iframe {\n        position: absolute;\n        top: 0;\n        left: 0;\n        width: 100% !important;\n        height: 100% !important;\n    }\n<\/style>\n\n\n<div class=\"google-maps\">\n    <iframe src=\"https:\/\/www.openstreetmap.org\/export\/embed.html?bbox=-16.30590617411%2C28.46362704426%2C-16.29976236452%2C28.46943926654&amp;layer=mapnik&amp;marker=28.46781%2C-16.30308\" style=\"border: 1px solid black\"><\/iframe>\n<\/div>\n\n<div class=\"btn-widget\">\n    <a href=\"https:\/\/www.openstreetmap.org\/directions?engine=graphhopper_car&from=&to=28.46781%2C-16.30308#map=17\/28.46781\/-16.30308\">C\u00f3mo llegar<\/a>  \n<\/div>\n\n  <\/body>\n<\/html>\n\n[\/vc_column_text][\/vc_column][\/vc_row][vc_row][vc_column][vc_empty_space][\/vc_column][\/vc_row][vc_row][vc_column][\/vc_column][\/vc_row][vc_row][vc_column][\/vc_column][\/vc_row]<\/p>\n","protected":false},"excerpt":{"rendered":"<p>[vc_row css=\u00bb.vc_custom_1593425941338{margin-bottom: 0px !important;padding-bottom: 0px !important;}\u00bb][vc_column css=\u00bb.vc_custom_1593425920124{margin-bottom: 0px !important;padding-bottom: 0px !important;}\u00bb][rev_slider_vc alias=\u00bbnews-gallery4&#8243;][\/vc_column][\/vc_row][vc_row][vc_column][vc_empty_space][\/vc_column][\/vc_row][vc_row][vc_column css_animation=\u00bbfadeInLeft\u00bb el_class=\u00bbmorado\u00bb][vc_column_text css_animation=\u00bbfadeInLeft\u00bb] La C\u00e1tedra [\/vc_column_text][\/vc_column][vc_column css_animation=\u00bbfadeInDown\u00bb el_class=\u00bbmorado\u00bb][vc_column_text css_animation=\u00bbfadeInUp\u00bb] Actividades [\/vc_column_text][\/vc_column][\/vc_row][vc_row][vc_column][vc_empty_space][\/vc_column][\/vc_row][vc_row full_width=\u00bbstretch_row_content\u00bb equal_height=\u00bbyes\u00bb][vc_column css=\u00bb.vc_custom_1588936329456{padding-top: 5% !important;padding-right: 10% !important;padding-bottom: 5% !important;padding-left: 10% !important;background-color: #f2f2f2 !important;}\u00bb][vc_column_text] Nacida a finales de 2018 fruto de la alianza entre la CEOE-Tenerife y la Universidad de La Laguna, esta&#8230;<\/p>\n","protected":false},"author":5,"featured_media":0,"parent":0,"menu_order":0,"comment_status":"closed","ping_status":"closed","template":"templates\/template-frontpage.php","meta":[],"_links":{"self":[{"href":"https:\/\/www.ull.es\/catedras\/catedra-ceoe-relaciones-laborales\/wp-json\/wp\/v2\/pages\/15"}],"collection":[{"href":"https:\/\/www.ull.es\/catedras\/catedra-ceoe-relaciones-laborales\/wp-json\/wp\/v2\/pages"}],"about":[{"href":"https:\/\/www.ull.es\/catedras\/catedra-ceoe-relaciones-laborales\/wp-json\/wp\/v2\/types\/page"}],"author":[{"embeddable":true,"href":"https:\/\/www.ull.es\/catedras\/catedra-ceoe-relaciones-laborales\/wp-json\/wp\/v2\/users\/5"}],"replies":[{"embeddable":true,"href":"https:\/\/www.ull.es\/catedras\/catedra-ceoe-relaciones-laborales\/wp-json\/wp\/v2\/comments?post=15"}],"version-history":[{"count":32,"href":"https:\/\/www.ull.es\/catedras\/catedra-ceoe-relaciones-laborales\/wp-json\/wp\/v2\/pages\/15\/revisions"}],"predecessor-version":[{"id":221,"href":"https:\/\/www.ull.es\/catedras\/catedra-ceoe-relaciones-laborales\/wp-json\/wp\/v2\/pages\/15\/revisions\/221"}],"wp:attachment":[{"href":"https:\/\/www.ull.es\/catedras\/catedra-ceoe-relaciones-laborales\/wp-json\/wp\/v2\/media?parent=15"}],"curies":[{"name":"wp","href":"https:\/\/api.w.org\/{rel}","templated":true}]}}