{"id":45,"date":"2020-07-02T17:54:30","date_gmt":"2020-07-02T17:54:30","guid":{"rendered":"https:\/\/www.ull.es\/catedras\/catedra-ceoe-relaciones-laborales\/?page_id=45"},"modified":"2026-03-26T13:02:26","modified_gmt":"2026-03-26T13:02:26","slug":"lineas-estrategicas","status":"publish","type":"page","link":"https:\/\/www.ull.es\/catedras\/catedra-ceoe-relaciones-laborales\/lineas-estrategicas\/","title":{"rendered":"L\u00edneas estrat\u00e9gicas"},"content":{"rendered":"<p>[vc_row full_width=\u00bbstretch_row_content\u00bb equal_height=\u00bbyes\u00bb][vc_column width=\u00bb1\/2&#8243; css=\u00bb.vc_custom_1588936329456{padding-top: 5% !important;padding-right: 10% !important;padding-bottom: 5% !important;padding-left: 10% !important;background-color: #f2f2f2 !important;}\u00bb][vc_column_text]<\/p>\n<h2>L\u00edneas estrat\u00e9gicas<\/h2>\n<p>E<span style=\"font-weight: 400;\">n el Plan de trabajo anual 2026 se han aprobado las siguientes l\u00edneas estrat\u00e9gicas de actuaci\u00f3n:<\/span><\/p>\n<ul>\n<li style=\"font-weight: 400;\" aria-level=\"1\"><b>Formaci\u00f3n y Competencias:<\/b><span style=\"font-weight: 400;\"> Creaci\u00f3n de <\/span><b>microcredenciales<\/b><span style=\"font-weight: 400;\"> (IA, digitalizaci\u00f3n y emprendimiento) y seminarios t\u00e9cnicos para mejorar la empleabilidad.<\/span><\/li>\n<li style=\"font-weight: 400;\" aria-level=\"1\"><b>Divulgaci\u00f3n:<\/b><span style=\"font-weight: 400;\"> Charlas de <\/span><b>vocaci\u00f3n empresarial<\/b><span style=\"font-weight: 400;\">, visitas a empresas y presencia activa en ferias de empleo y congresos.<\/span><\/li>\n<li style=\"font-weight: 400;\" aria-level=\"1\"><b>Investigaci\u00f3n y Transferencia:<\/b><span style=\"font-weight: 400;\"> Convocatoria de <\/span><b>Premios TFG\/TFM<\/b><span style=\"font-weight: 400;\">, impulso a doctorados industriales y creaci\u00f3n de un <\/span><b>Observatorio de Tendencias<\/b><span style=\"font-weight: 400;\"> laborales.<\/span><\/li>\n<li style=\"font-weight: 400;\" aria-level=\"1\"><b>Visibilidad y Gesti\u00f3n:<\/b> Actualizaci\u00f3n de la <b>web y redes sociales<\/b>, junto a la coordinaci\u00f3n institucional entre la ULL y CEOE-Tenerife<\/li>\n<\/ul>\n<p>[\/vc_column_text][vc_column_text][\/vc_column_text][\/vc_column][vc_column width=\u00bb1\/2&#8243; css=\u00bb.vc_custom_1596530237102{background: #e5e5e5 url(https:\/\/www.ull.es\/catedras\/catedra-ceoe-relaciones-laborales\/wp-content\/uploads\/sites\/7\/2020\/08\/businessman-3492380_1920.jpg?id=146) !important;background-position: center !important;background-repeat: no-repeat !important;background-size: cover !important;}\u00bb][vc_empty_space height=\u00bb400px\u00bb][\/vc_column][\/vc_row]<\/p>\n","protected":false},"excerpt":{"rendered":"<p>[vc_row full_width=\u00bbstretch_row_content\u00bb equal_height=\u00bbyes\u00bb][vc_column width=\u00bb1\/2&#8243; css=\u00bb.vc_custom_1588936329456{padding-top: 5% !important;padding-right: 10% !important;padding-bottom: 5% !important;padding-left: 10% !important;background-color: #f2f2f2 !important;}\u00bb][vc_column_text] L\u00edneas estrat\u00e9gicas En el Plan de trabajo anual 2026 se han aprobado las siguientes l\u00edneas estrat\u00e9gicas de actuaci\u00f3n: Formaci\u00f3n y Competencias: Creaci\u00f3n de microcredenciales (IA, digitalizaci\u00f3n y emprendimiento) y seminarios t\u00e9cnicos para mejorar la empleabilidad. Divulgaci\u00f3n: Charlas de vocaci\u00f3n empresarial,&#8230;<\/p>\n","protected":false},"author":5,"featured_media":0,"parent":0,"menu_order":0,"comment_status":"closed","ping_status":"closed","template":"templates\/template-no-title.php","meta":[],"_links":{"self":[{"href":"https:\/\/www.ull.es\/catedras\/catedra-ceoe-relaciones-laborales\/wp-json\/wp\/v2\/pages\/45"}],"collection":[{"href":"https:\/\/www.ull.es\/catedras\/catedra-ceoe-relaciones-laborales\/wp-json\/wp\/v2\/pages"}],"about":[{"href":"https:\/\/www.ull.es\/catedras\/catedra-ceoe-relaciones-laborales\/wp-json\/wp\/v2\/types\/page"}],"author":[{"embeddable":true,"href":"https:\/\/www.ull.es\/catedras\/catedra-ceoe-relaciones-laborales\/wp-json\/wp\/v2\/users\/5"}],"replies":[{"embeddable":true,"href":"https:\/\/www.ull.es\/catedras\/catedra-ceoe-relaciones-laborales\/wp-json\/wp\/v2\/comments?post=45"}],"version-history":[{"count":15,"href":"https:\/\/www.ull.es\/catedras\/catedra-ceoe-relaciones-laborales\/wp-json\/wp\/v2\/pages\/45\/revisions"}],"predecessor-version":[{"id":223,"href":"https:\/\/www.ull.es\/catedras\/catedra-ceoe-relaciones-laborales\/wp-json\/wp\/v2\/pages\/45\/revisions\/223"}],"wp:attachment":[{"href":"https:\/\/www.ull.es\/catedras\/catedra-ceoe-relaciones-laborales\/wp-json\/wp\/v2\/media?parent=45"}],"curies":[{"name":"wp","href":"https:\/\/api.w.org\/{rel}","templated":true}]}}