{"id":78,"date":"2020-07-02T19:13:34","date_gmt":"2020-07-02T19:13:34","guid":{"rendered":"https:\/\/www.ull.es\/catedras\/catedra-ceoe-relaciones-laborales\/?page_id=78"},"modified":"2026-04-10T07:56:22","modified_gmt":"2026-04-10T07:56:22","slug":"actividades","status":"publish","type":"page","link":"https:\/\/www.ull.es\/catedras\/catedra-ceoe-relaciones-laborales\/actividades\/","title":{"rendered":"Actividades"},"content":{"rendered":"<p>[vc_row][vc_column css=\u00bb.vc_custom_1594731351291{padding-bottom: 20px !important;}\u00bb][vc_column_text]<\/p>\n<h1 class=\"container ull-site-title-blank\">Actividades<\/h1>\n<p>[\/vc_column_text][\/vc_column][\/vc_row][vc_row full_width=\u00bbstretch_row_content\u00bb equal_height=\u00bbyes\u00bb][vc_column width=\u00bb1\/2&#8243; css=\u00bb.vc_custom_1596556877666{background: #e5e5e5 url(https:\/\/www.ull.es\/catedras\/catedra-ceoe-relaciones-laborales\/wp-content\/uploads\/sites\/7\/2020\/08\/actividades.jpg?id=174) !important;background-position: center !important;background-repeat: no-repeat !important;background-size: cover !important;}\u00bb][vc_empty_space height=\u00bb400px\u00bb][\/vc_column][vc_column width=\u00bb1\/2&#8243; css=\u00bb.vc_custom_1588936374313{padding-top: 5% !important;padding-right: 10% !important;padding-bottom: 5% !important;padding-left: 10% !important;background-color: #f2f2f2 !important;}\u00bb][vc_column_text]<\/p>\n<h2>Plan de trabajo<\/h2>\n<h3>Objetivos estrat\u00e9gicos<\/h3>\n<ul>\n<li style=\"font-weight: 400;\" aria-level=\"1\"><span style=\"font-weight: 400;\">Divulgaci\u00f3n de la C\u00e1tedra<\/span><\/li>\n<li style=\"font-weight: 400;\" aria-level=\"1\"><span style=\"font-weight: 400;\">Colaboraci\u00f3n en formaci\u00f3n Universidad-Empresa<\/span><\/li>\n<li style=\"font-weight: 400;\" aria-level=\"1\"><span style=\"font-weight: 400;\">Fomento del desarrollo y transformaci\u00f3n empresarial<\/span><\/li>\n<li style=\"font-weight: 400;\" aria-level=\"1\"><span style=\"font-weight: 400;\">Inspirar las relaciones y convenios laborales<\/span><\/li>\n<\/ul>\n<p>[\/vc_column_text][vc_empty_space][vc_row_inner][vc_column_inner el_class=\u00bbmorado\u00bb][vc_column_text css_animation=\u00bbnone\u00bb]<\/p>\n<p class=\"personas\"><a class=\"text-mobile\" href=\"https:\/\/drive.google.com\/file\/d\/1lnSlJ7Ilz4bU6fFtp7emYaeDpdCnJRBv\/view?usp=sharing\" target=\"_blank\" rel=\"noopener noreferrer\" target=\"_blank\" rel=\"noopener\">Plan de Trabajo<\/a><\/p>\n<p>[\/vc_column_text][\/vc_column_inner][\/vc_row_inner][\/vc_column][\/vc_row][vc_row full_width=\u00bbstretch_row_content\u00bb gap=\u00bb1&#8243; equal_height=\u00bbyes\u00bb css=\u00bb.vc_custom_1593164828076{padding-top: 2% !important;padding-bottom: 2% !important;}\u00bb][vc_column css_animation=\u00bbfadeInLeft\u00bb width=\u00bb1\/2&#8243; css=\u00bb.vc_custom_1593719503357{padding-bottom: 7% !important;padding-left: 5% !important;background-color: #eaeaea !important;}\u00bb][vc_column_text css_animation=\u00bbnone\u00bb]<\/p>\n<h1 class=\"post_title entry-title\">Formaci\u00f3n<\/h1>\n<p>[\/vc_column_text][\/vc_column][vc_column css_animation=\u00bbfadeInRight\u00bb width=\u00bb1\/2&#8243; css=\u00bb.vc_custom_1581084489854{background-color: #eaeaea !important;}\u00bb][vc_column_text]<\/p>\n<ul>\n<li style=\"font-weight: 400;\" aria-level=\"1\"><b>Microcredenciales Universitarias:<\/b><span style=\"font-weight: 400;\"> Acceso a al menos 7 nuevas acciones formativas cortas y flexibles (entre 1 y 2 cr\u00e9ditos ECTS) sobre emprendimiento, transformaci\u00f3n digital e Inteligencia Artificial.<\/span><\/li>\n<li style=\"font-weight: 400;\" aria-level=\"1\"><b>Seminarios y P\u00edldoras Formativas:<\/b><span style=\"font-weight: 400;\"> Sesiones presenciales y online sobre actualidad legislativa en relaciones laborales y desarrollo empresarial.<\/span><\/li>\n<li style=\"font-weight: 400;\" aria-level=\"1\"><b>Campus de Vocaciones Emprendedoras:<\/b> Actividad espec\u00edfica programada para julio orientada a fomentar el esp\u00edritu de negocio.<\/li>\n<\/ul>\n<p>[\/vc_column_text][vc_empty_space height=\u00bb100px\u00bb][\/vc_column][\/vc_row][vc_row full_width=\u00bbstretch_row_content\u00bb gap=\u00bb1&#8243; equal_height=\u00bbyes\u00bb css=\u00bb.vc_custom_1593164850748{padding-top: 2% !important;padding-bottom: 2% !important;}\u00bb][vc_column css_animation=\u00bbfadeInLeft\u00bb width=\u00bb1\/2&#8243; css=\u00bb.vc_custom_1593719472717{padding-bottom: 7% !important;padding-left: 5% !important;background-color: #eaeaea !important;}\u00bb][vc_column_text css_animation=\u00bbnone\u00bb]<\/p>\n<h1 class=\"post_title entry-title\">Investigaci\u00f3n y Transferencia<\/h1>\n<p>[\/vc_column_text][\/vc_column][vc_column css_animation=\u00bbfadeInRight\u00bb width=\u00bb1\/2&#8243; css=\u00bb.vc_custom_1581084489854{background-color: #eaeaea !important;}\u00bb][vc_column_text]<\/p>\n<ul>\n<li style=\"font-weight: 400;\" aria-level=\"1\"><b>Premios TFG y TFM:<\/b><span style=\"font-weight: 400;\"> Convocatoria anual que reconoce y premia econ\u00f3micamente los mejores Trabajos de Fin de Grado y Fin de M\u00e1ster en materia de empresa y relaciones laborales.<\/span><\/li>\n<li style=\"font-weight: 400;\" aria-level=\"1\"><b>Nuevos Reconocimientos:<\/b><span style=\"font-weight: 400;\"> Posible incorporaci\u00f3n de premios a la mejor tesis doctoral o a la mejor iniciativa de emprendimiento universitario.<\/span><\/li>\n<li style=\"font-weight: 400;\" aria-level=\"1\"><b>Retos Empresariales:<\/b><span style=\"font-weight: 400;\"> Posibilidad de realizar el TFG o TFM resolviendo problemas reales planteados directamente por las empresas.<\/span><\/li>\n<li style=\"font-weight: 400;\" aria-level=\"1\"><b>Apoyo a Doctorandos:<\/b> Difusi\u00f3n de oportunidades en programas de doctorado industrial y apoyo para la divulgaci\u00f3n de sus investigaciones.<\/li>\n<\/ul>\n<p>[\/vc_column_text][vc_empty_space height=\u00bb100px\u00bb][\/vc_column][\/vc_row][vc_row full_width=\u00bbstretch_row_content\u00bb gap=\u00bb1&#8243; equal_height=\u00bbyes\u00bb css=\u00bb.vc_custom_1593164860703{padding-top: 2% !important;padding-bottom: 2% !important;}\u00bb][vc_column css_animation=\u00bbfadeInLeft\u00bb width=\u00bb1\/2&#8243; css=\u00bb.vc_custom_1593719479093{padding-bottom: 7% !important;padding-left: 5% !important;background-color: #eaeaea !important;}\u00bb][vc_column_text css_animation=\u00bbnone\u00bb]<\/p>\n<h1 class=\"post_title entry-title\">Divulgaci\u00f3n<\/h1>\n<p>[\/vc_column_text][\/vc_column][vc_column css_animation=\u00bbfadeInRight\u00bb width=\u00bb1\/2&#8243; css=\u00bb.vc_custom_1581084489854{background-color: #eaeaea !important;}\u00bb][vc_column_text]<\/p>\n<ul>\n<li style=\"font-weight: 400;\" aria-level=\"1\"><b>Charlas de Vocaci\u00f3n Empresarial:<\/b><span style=\"font-weight: 400;\"> Tres ediciones de encuentros con empresarios\/as referentes para conocer de cerca la realidad profesional (especialmente para alumnado de Econom\u00eda, Empresa, Turismo, Derecho y Relaciones Laborales).<\/span><\/li>\n<li style=\"font-weight: 400;\" aria-level=\"1\"><b>Visitas a Empresas:<\/b><span style=\"font-weight: 400;\"> Salidas en grupos peque\u00f1os para observar el funcionamiento de organizaciones punteras en Canarias y contactar con profesionales.<\/span><\/li>\n<li style=\"font-weight: 400;\" aria-level=\"1\"><b>Asistencia a Eventos:<\/b><span style=\"font-weight: 400;\"> Patrocinio para que una delegaci\u00f3n de estudiantes pueda asistir a ferias o eventos empresariales de inter\u00e9s.<\/span><\/li>\n<li style=\"font-weight: 400;\" aria-level=\"1\"><b>Participaci\u00f3n en Foros Externos:<\/b><span style=\"font-weight: 400;\"> Presencia en la \u00abSemana de la Empresa\u00bb, ferias de empleo, hackatones de emprendimiento y congresos de estudiantes.<\/span><\/li>\n<\/ul>\n<p>[\/vc_column_text][vc_empty_space height=\u00bb100px\u00bb][\/vc_column][\/vc_row][vc_row full_width=\u00bbstretch_row_content\u00bb gap=\u00bb1&#8243; equal_height=\u00bbyes\u00bb css=\u00bb.vc_custom_1593164901455{padding-top: 2% !important;padding-bottom: 2% !important;}\u00bb][vc_column css_animation=\u00bbfadeInLeft\u00bb width=\u00bb1\/2&#8243; css=\u00bb.vc_custom_1593719483649{padding-bottom: 7% !important;padding-left: 5% !important;background-color: #eaeaea !important;}\u00bb][vc_column_text css_animation=\u00bbnone\u00bb]<\/p>\n<h1 class=\"post_title entry-title\">Transversales<\/h1>\n<p>[\/vc_column_text][\/vc_column][vc_column css_animation=\u00bbfadeInRight\u00bb width=\u00bb1\/2&#8243; css=\u00bb.vc_custom_1581084489854{background-color: #eaeaea !important;}\u00bb][vc_column_text]<\/p>\n<ul>\n<li style=\"font-weight: 400;\" aria-level=\"1\"><b>Web y Redes Sociales:<\/b><span style=\"font-weight: 400;\"> Plataformas donde el alumnado podr\u00e1 consultar las convocatorias de premios, la oferta de microcredenciales y las fechas de las jornadas actualizadas.<\/span><\/li>\n<li style=\"font-weight: 400;\" aria-level=\"1\"><b>Resoluci\u00f3n de Consultas:<\/b> Contacto directo con la C\u00e1tedra para conocer las f\u00f3rmulas de apoyo a la investigaci\u00f3n y la transferencia de conocimiento.<\/li>\n<\/ul>\n<p>[\/vc_column_text][vc_empty_space height=\u00bb100px\u00bb][\/vc_column][\/vc_row]<\/p>\n","protected":false},"excerpt":{"rendered":"<p>[vc_row][vc_column css=\u00bb.vc_custom_1594731351291{padding-bottom: 20px !important;}\u00bb][vc_column_text] Actividades [\/vc_column_text][\/vc_column][\/vc_row][vc_row full_width=\u00bbstretch_row_content\u00bb equal_height=\u00bbyes\u00bb][vc_column width=\u00bb1\/2&#8243; css=\u00bb.vc_custom_1596556877666{background: #e5e5e5 url(https:\/\/www.ull.es\/catedras\/catedra-ceoe-relaciones-laborales\/wp-content\/uploads\/sites\/7\/2020\/08\/actividades.jpg?id=174) !important;background-position: center !important;background-repeat: no-repeat !important;background-size: cover !important;}\u00bb][vc_empty_space height=\u00bb400px\u00bb][\/vc_column][vc_column width=\u00bb1\/2&#8243; css=\u00bb.vc_custom_1588936374313{padding-top: 5% !important;padding-right: 10% !important;padding-bottom: 5% !important;padding-left: 10% !important;background-color: #f2f2f2 !important;}\u00bb][vc_column_text] Plan de trabajo Objetivos estrat\u00e9gicos Divulgaci\u00f3n de la C\u00e1tedra Colaboraci\u00f3n en formaci\u00f3n Universidad-Empresa Fomento del desarrollo y transformaci\u00f3n empresarial Inspirar las relaciones y&#8230;<\/p>\n","protected":false},"author":5,"featured_media":0,"parent":0,"menu_order":0,"comment_status":"closed","ping_status":"closed","template":"templates\/template-no-title.php","meta":[],"_links":{"self":[{"href":"https:\/\/www.ull.es\/catedras\/catedra-ceoe-relaciones-laborales\/wp-json\/wp\/v2\/pages\/78"}],"collection":[{"href":"https:\/\/www.ull.es\/catedras\/catedra-ceoe-relaciones-laborales\/wp-json\/wp\/v2\/pages"}],"about":[{"href":"https:\/\/www.ull.es\/catedras\/catedra-ceoe-relaciones-laborales\/wp-json\/wp\/v2\/types\/page"}],"author":[{"embeddable":true,"href":"https:\/\/www.ull.es\/catedras\/catedra-ceoe-relaciones-laborales\/wp-json\/wp\/v2\/users\/5"}],"replies":[{"embeddable":true,"href":"https:\/\/www.ull.es\/catedras\/catedra-ceoe-relaciones-laborales\/wp-json\/wp\/v2\/comments?post=78"}],"version-history":[{"count":27,"href":"https:\/\/www.ull.es\/catedras\/catedra-ceoe-relaciones-laborales\/wp-json\/wp\/v2\/pages\/78\/revisions"}],"predecessor-version":[{"id":229,"href":"https:\/\/www.ull.es\/catedras\/catedra-ceoe-relaciones-laborales\/wp-json\/wp\/v2\/pages\/78\/revisions\/229"}],"wp:attachment":[{"href":"https:\/\/www.ull.es\/catedras\/catedra-ceoe-relaciones-laborales\/wp-json\/wp\/v2\/media?parent=78"}],"curies":[{"name":"wp","href":"https:\/\/api.w.org\/{rel}","templated":true}]}}