{"id":2,"date":"2021-06-02T12:28:11","date_gmt":"2021-06-02T12:28:11","guid":{"rendered":"https:\/\/www.ull.es\/catedras\/catedra-ciberseguridad-binter\/?page_id=2"},"modified":"2021-12-13T19:42:12","modified_gmt":"2021-12-13T19:42:12","slug":"inicio","status":"publish","type":"page","link":"https:\/\/www.ull.es\/catedras\/catedra-ciberseguridad-binter\/","title":{"rendered":"Inicio"},"content":{"rendered":"<p>[vc_row full_width=\u00bbstretch_row_content_no_spaces\u00bb][vc_column][rev_slider_vc alias=\u00bbdestacados\u00bb][\/vc_column][\/vc_row][vc_row][vc_column][vc_empty_space][vc_column_text]<\/p>\n<p class=\"p1\" style=\"text-align: center\"><span class=\"s1\"><a href=\"http:\/\/www.bintercanarias.com\/\" target=\"_blank\" rel=\"noopener\" target=\"_blank\" rel=\"noopener\">Binter<\/a> <\/span>y la Universidad de La Laguna se han unido para crear esta C\u00e1tedra de Ciberseguridad con el objetivo principal de <span class=\"s2\">dar apoyo al <\/span><a href=\"https:\/\/www.ull.es\/masteres\/ciberseguridad-inteligencia-datos\/\" target=\"_blank\" rel=\"noopener\" target=\"_blank\" rel=\"noopener\">M\u00e1ster Universitario en Ciberseguridad e Inteligencia de Datos de la Universidad de La Laguna<\/a><span class=\"s2\">. Adem\u00e1s, esta <\/span>C\u00e1tedra tiene por objeto fomentar, en general, la formaci\u00f3n avanzada de profesionales para trabajar en los campos de la seguridad de las Tecnolog\u00edas de la Informaci\u00f3n y de las Comunicaciones, impulsar la realizaci\u00f3n de investigaci\u00f3n y transferencia en Ciberseguridad a trav\u00e9s del grupo <a href=\"https:\/\/pcaballe.webs.ull.es\" target=\"_blank\" rel=\"noopener\"><span class=\"s1\">CryptULL <\/span><\/a>de investigaci\u00f3n en Criptolog\u00eda, y servir de marco para la divulgaci\u00f3n y promoci\u00f3n al p\u00fablico en general en materia de Ciberseguridad.<\/p>\n<p>[\/vc_column_text][vc_empty_space][\/vc_column][\/vc_row][vc_row full_width=\u00bbstretch_row_content_no_spaces\u00bb gap=\u00bb20&#8243; equal_height=\u00bbyes\u00bb css=\u00bb.vc_custom_1623321802140{background-color: #efefef !important;}\u00bb][vc_column width=\u00bb1\/2&#8243; css=\u00bb.vc_custom_1623321733544{background-image: url(https:\/\/www.ull.es\/catedras\/catedra-ciberseguridad-binter\/wp-content\/uploads\/sites\/13\/2021\/06\/bombillainicio.jpg?id=19) !important;background-position: center !important;background-repeat: no-repeat !important;background-size: cover !important;}\u00bb][\/vc_column][vc_column width=\u00bb1\/2&#8243;][vc_empty_space][vc_column_text]<\/p>\n<p>Esta C\u00e1tedra lleva a cabo diferentes tipos de actividades. En formaci\u00f3n, se organizan ciclos de masterclasses y webinars, se da soporte a la obtenci\u00f3n de certificaciones en ciberseguridad, y se apoya la movilidad nacional e internacional del alumnado.<\/p>\n<p>En investigaci\u00f3n, se desarrollan programas de apoyo a trabajos fin de titulaci\u00f3n, tesis doctorales y proyectos de investigaci\u00f3n, y se fomenta la colaboraci\u00f3n con otras universidades e instituciones a trav\u00e9s de la integraci\u00f3n en redes de investigaci\u00f3n y proyectos colaborativos.<\/p>\n<p>En divulgaci\u00f3n, se organizan jornadas de promoci\u00f3n, se difunden noticias y entrevistas sobre temas de inter\u00e9s, y se promocionan encuentros cient\u00edficos y t\u00e9cnicos. En general, se potencian colaboraciones y sinergias para el logro de los fines y objetivos sociales de ambas instituciones.<\/p>\n<p>[\/vc_column_text][vc_empty_space][\/vc_column][\/vc_row][vc_row gap=\u00bb30&#8243;][vc_column width=\u00bb1\/3&#8243;][vc_column_text]<style>\n    .news-group .bg-size {\n        background-position: center;\n        background-size: cover;\n        width: 100%;\n        height: 48px;\n    }\n    .news-group .list-group-item-text {\n        font-size: 13px;\n    }\n    .news-group .col-md-3 {\n        padding-right: 0;\n    }\n    .news-group .list-group-item-date {\n        font-size: 11px;\n        color: #A4A4A4;\n        margin-bottom: 2px;\n        text-transform: uppercase;\n    }\n\n    .mensaje.alert-warning{\n        font-size: 12px;\n        margin: 14px !important;\n        padding: 4px 8px;\n        color: #cca60b;\n    }\n<\/style>\n\n<div class=\"panel panel-default\">\n    <div class=\"panel-heading\">\n        <h3 class=\"panel-title\">Noticias<\/h3>\n    <\/div>\n\n    <div class=\"list-group news-group\">\n                    <a href=\"https:\/\/www.ull.es\/portal\/noticias\/2025\/la-catedra-de-ciberseguridad-binter-de-la-ull-lanza-su-convocatoria-anual-de-premios-para-los-mejores-tfg-y-tfm-del-curso-2024-2025\/\" class=\"list-group-item\">\n                <div class=\"row\">\n                    <div class=\"col-md-3\">\n                        <div class=\"bg-size\" style=\"background-image: url('https:\/\/www.ull.es\/portal\/noticias\/wp-content\/uploads\/sites\/13\/2025\/09\/shutterstock_2544598899-1-300x200.jpg');\"><\/div>\n                    <\/div>\n                    <div class=\"col-md-9\">\n                        <p class=\"list-group-item-date\">\n                            22 Sep 2025 - 07:56 UTC                        <\/p>\n                        <p class=\"list-group-item-text\">La C\u00e1tedra de Ciberseguridad Binter de la ULL lanza su convocatoria anual de premios para los mejores TFG y TFM del curso 2024-2025<\/p>\n                    <\/div>\n                <\/div>\n            <\/a>\n                    <a href=\"https:\/\/www.ull.es\/portal\/noticias\/2025\/ull-retos-nacionales-oportunidades-regionales-ciberseguridad\/\" class=\"list-group-item\">\n                <div class=\"row\">\n                    <div class=\"col-md-3\">\n                        <div class=\"bg-size\" style=\"background-image: url('https:\/\/www.ull.es\/portal\/noticias\/wp-content\/uploads\/sites\/13\/2025\/05\/Mesa-ciberseguridad-01-300x200.jpg');\"><\/div>\n                    <\/div>\n                    <div class=\"col-md-9\">\n                        <p class=\"list-group-item-date\">\n                            15 May 2025 - 14:13 UTC                        <\/p>\n                        <p class=\"list-group-item-text\">La Universidad de La Laguna analiza los retos nacionales y las oportunidades regionales en ciberseguridad<\/p>\n                    <\/div>\n                <\/div>\n            <\/a>\n                    <a href=\"https:\/\/www.ull.es\/portal\/noticias\/2024\/ciberseguridad-innovacion-retos-mundo-conectado\/\" class=\"list-group-item\">\n                <div class=\"row\">\n                    <div class=\"col-md-3\">\n                        <div class=\"bg-size\" style=\"background-image: url('https:\/\/www.ull.es\/portal\/noticias\/wp-content\/uploads\/sites\/13\/2024\/11\/Entrev-Dia-Ciberseguridad-04-300x200.jpg');\"><\/div>\n                    <\/div>\n                    <div class=\"col-md-9\">\n                        <p class=\"list-group-item-date\">\n                            27 Nov 2024 - 12:34 UTC                        <\/p>\n                        <p class=\"list-group-item-text\">Ciberseguridad e innovaci\u00f3n, retos de un mundo conectado<\/p>\n                    <\/div>\n                <\/div>\n            <\/a>\n                    <a href=\"https:\/\/www.ull.es\/portal\/noticias\/2024\/binter-sistemas-apoya-catedra-ciberseguridad\/\" class=\"list-group-item\">\n                <div class=\"row\">\n                    <div class=\"col-md-3\">\n                        <div class=\"bg-size\" style=\"background-image: url('https:\/\/www.ull.es\/portal\/noticias\/wp-content\/uploads\/sites\/13\/2024\/02\/catedra-binter-ciberseguridad-2-300x200.jpg');\"><\/div>\n                    <\/div>\n                    <div class=\"col-md-9\">\n                        <p class=\"list-group-item-date\">\n                            27 Feb 2024 - 14:39 UTC                        <\/p>\n                        <p class=\"list-group-item-text\">Binter Sistemas apoya por quinto a\u00f1o consecutivo las actividades de la C\u00e1tedra de Ciberseguridad de la ULL<\/p>\n                    <\/div>\n                <\/div>\n            <\/a>\n                    <a href=\"https:\/\/www.ull.es\/portal\/noticias\/2022\/la-catedra-de-ciberseguridad-binter-ull-resalta-la-importancia-de-concienciar-a-la-poblacion-en-esta-materia\/\" class=\"list-group-item\">\n                <div class=\"row\">\n                    <div class=\"col-md-3\">\n                        <div class=\"bg-size\" style=\"background-image: url('https:\/\/www.ull.es\/portal\/noticias\/wp-content\/uploads\/sites\/13\/2022\/03\/Catedra-Ciberseguridad-mesa-redonda-300x200.jpg');\"><\/div>\n                    <\/div>\n                    <div class=\"col-md-9\">\n                        <p class=\"list-group-item-date\">\n                            25 Mar 2022 - 10:08 UTC                        <\/p>\n                        <p class=\"list-group-item-text\">La C\u00e1tedra de Ciberseguridad Binter ULL resalta la importancia de concienciar a la poblaci\u00f3n en esta materia<\/p>\n                    <\/div>\n                <\/div>\n            <\/a>\n            <\/div>\n    <div class=\"panel-footer\">\n        <a href=\"https:\/\/www.ull.es\/portal\/noticias\/?cat=7566\">M\u00c1S NOTICIAS <i class=\"fa fa-chevron-right\"><\/i><\/a>\n    <\/div>\n\n\n<\/div>[\/vc_column_text][\/vc_column][vc_column width=\u00bb1\/3&#8243;][vc_column_text]\n<style>\n    .events-group .bg-size {\n        background-position: center;\n        background-size: cover;\n        width: 100%;\n        height: 48px;\n    }\n    .events-group .list-group-item-text {\n        font-size: 13px;\n    }\n    .events-group .col-md-3 {\n        padding-right: 0;\n    }\n    .events-group .list-group-item-date {\n        font-size: 11px;\n        color: #A4A4A4;\n        margin-bottom: 2px;\n        text-transform: uppercase;\n    }\n\n    .mensaje.alert-warning{\n        font-size: 12px;\n        margin: 14px !important;\n        padding: 4px 8px;\n        color: #cca60b;\n    }\n\n<\/style>\n\n<div class=\"panel panel-default\">\n    <div class=\"panel-heading\">\n        <h3 class=\"panel-title\">Eventos<\/h3>\n    <\/div>\n\n    <div class=\"list-group events-group\">\n\n        <div class=\"mensaje alert alert-warning\">No hay eventos disponibles.<\/div>\n    <\/div>\n\n\n<\/div>\n[\/vc_column_text][\/vc_column][vc_column width=\u00bb1\/3&#8243;][vc_column_text]<\/p>\n<ul class=\"widget-box\" style=\"margin: 0px !important;padding: 0px !important\">\n<li class=\"contacto-header\">Informaci\u00f3n de contacto<\/li>\n<li><i class=\"fa fa-map-marker\"><\/i> Departamento de Ingenier\u00eda Inform\u00e1tica y de Sistemas. 38271 La Laguna. Tenerife<\/li>\n<li><i class=\"fa fa-phone\"><\/i> +34 922 318 176<\/li>\n<li><i class=\"fa fa-envelope\"><\/i><a href=\"mailto:catedrabinter@ull.edu.es\" target=\"_blank\" rel=\"noopener\"> catedrabinter@ull.edu.es<\/a><\/li>\n<\/ul>\n<p>[\/vc_column_text][vc_column_text]\n    \n<style>\n    .google-maps {\n        position: relative;\n        padding-bottom: 75%;\n        height: 0;\n        overflow: hidden;\n    }\n    .google-maps iframe {\n        position: absolute;\n        top: 0;\n        left: 0;\n        width: 100% !important;\n        height: 100% !important;\n    }\n<\/style>\n\n\n<div class=\"google-maps\">\n    <iframe src=\"https:\/\/www.openstreetmap.org\/export\/embed.html?bbox=-16.30590617411%2C28.46362704426%2C-16.29976236452%2C28.46943926654&amp;layer=mapnik&amp;marker=28.46781%2C-16.30308\" style=\"border: 1px solid black\"><\/iframe>\n<\/div>\n\n<div class=\"btn-widget\">\n    <a href=\"https:\/\/www.openstreetmap.org\/directions?engine=graphhopper_car&from=&to=28.46781%2C-16.30308#map=17\/28.46781\/-16.30308\">C\u00f3mo llegar<\/a>  \n<\/div>\n\n  <\/body>\n<\/html>\n\n[\/vc_column_text][\/vc_column][\/vc_row][vc_row][vc_column][vc_empty_space][\/vc_column][\/vc_row]<\/p>\n","protected":false},"excerpt":{"rendered":"<p>[vc_row full_width=\u00bbstretch_row_content_no_spaces\u00bb][vc_column][rev_slider_vc alias=\u00bbdestacados\u00bb][\/vc_column][\/vc_row][vc_row][vc_column][vc_empty_space][vc_column_text] Binter y la Universidad de La Laguna se han unido para crear esta C\u00e1tedra de Ciberseguridad con el objetivo principal de dar apoyo al M\u00e1ster Universitario en Ciberseguridad e Inteligencia de Datos de la Universidad de La Laguna. Adem\u00e1s, esta C\u00e1tedra tiene por objeto fomentar, en general, la formaci\u00f3n avanzada de profesionales&#8230;<\/p>\n","protected":false},"author":2,"featured_media":0,"parent":0,"menu_order":0,"comment_status":"closed","ping_status":"open","template":"templates\/template-frontpage.php","meta":[],"_links":{"self":[{"href":"https:\/\/www.ull.es\/catedras\/catedra-ciberseguridad-binter\/wp-json\/wp\/v2\/pages\/2"}],"collection":[{"href":"https:\/\/www.ull.es\/catedras\/catedra-ciberseguridad-binter\/wp-json\/wp\/v2\/pages"}],"about":[{"href":"https:\/\/www.ull.es\/catedras\/catedra-ciberseguridad-binter\/wp-json\/wp\/v2\/types\/page"}],"author":[{"embeddable":true,"href":"https:\/\/www.ull.es\/catedras\/catedra-ciberseguridad-binter\/wp-json\/wp\/v2\/users\/2"}],"replies":[{"embeddable":true,"href":"https:\/\/www.ull.es\/catedras\/catedra-ciberseguridad-binter\/wp-json\/wp\/v2\/comments?post=2"}],"version-history":[{"count":20,"href":"https:\/\/www.ull.es\/catedras\/catedra-ciberseguridad-binter\/wp-json\/wp\/v2\/pages\/2\/revisions"}],"predecessor-version":[{"id":164,"href":"https:\/\/www.ull.es\/catedras\/catedra-ciberseguridad-binter\/wp-json\/wp\/v2\/pages\/2\/revisions\/164"}],"wp:attachment":[{"href":"https:\/\/www.ull.es\/catedras\/catedra-ciberseguridad-binter\/wp-json\/wp\/v2\/media?parent=2"}],"curies":[{"name":"wp","href":"https:\/\/api.w.org\/{rel}","templated":true}]}}