{"id":54,"date":"2021-06-10T10:47:31","date_gmt":"2021-06-10T10:47:31","guid":{"rendered":"https:\/\/www.ull.es\/catedras\/catedra-ciberseguridad-binter\/?page_id=54"},"modified":"2023-06-04T15:02:14","modified_gmt":"2023-06-04T15:02:14","slug":"miembros","status":"publish","type":"page","link":"https:\/\/www.ull.es\/catedras\/catedra-ciberseguridad-binter\/miembros\/","title":{"rendered":"Miembros"},"content":{"rendered":"<p>[vc_row][vc_column][vc_column_text]<\/p>\n<h1 style=\"text-align: center\">Miembros<\/h1>\n<h3><\/h3>\n<h2 style=\"text-align: center;color: #5c068c\">Consejo Directivo<\/h2>\n<p>[\/vc_column_text][vc_empty_space][\/vc_column][\/vc_row][vc_row full_width=\u00bbstretch_row_content\u00bb gap=\u00bb30&#8243; equal_height=\u00bbyes\u00bb css=\u00bb.vc_custom_1623322153664{padding-right: 10% !important;padding-left: 10% !important;}\u00bb][vc_column width=\u00bb1\/2&#8243;][vc_single_image image=\u00bb36&#8243; img_size=\u00bbmedium\u00bb alignment=\u00bbcenter\u00bb][vc_empty_space][vc_column_text]<\/p>\n<h3><span style=\"color: #333399\">Pino Caballero Gil | Directora de la C\u00e1tedra<\/span><\/h3>\n<p>Catedr\u00e1tica de la Universidad de La Laguna. Doctora en Estad\u00edstica, Investigaci\u00f3n Operativa y Computaci\u00f3n. Coordinadora del grupo CryptULL. Directora acad\u00e9mica del M\u00e1ster en Ciberseguridad e Inteligencia de Datos. Miembro de la junta directiva de la Red de Excelencia Nacional en Investigaci\u00f3n en Ciberseguridad (RENIC). Profesora del Departamento de Ingenier\u00eda Inform\u00e1tica y de Sistemas en la ULL desde 1990. Ha sido Directora de Secretariado y Decana de Facultad. Ha liderado numerosos proyectos de investigaci\u00f3n y recibido varios premios de investigaci\u00f3n e innovaci\u00f3n.<\/p>\n<p><a href=\"mailto:pcaballe@ull.edu.es\" target=\"_blank\" rel=\"noopener\" target=\"_blank\" rel=\"noopener\">pcaballe@ull.edu.es<\/a>[\/vc_column_text][vc_empty_space][\/vc_column][vc_column width=\u00bb1\/2&#8243;][vc_single_image image=\u00bb28&#8243; img_size=\u00bbmedium\u00bb alignment=\u00bbcenter\u00bb][vc_empty_space][vc_column_text]<\/p>\n<h3><span style=\"color: #333399\">H\u00e9ctor Reboso Morales | Director de Binter Sistemas<\/span><\/h3>\n<p>Doctor Ingeniero de Telecomunicaci\u00f3n, su trayectoria profesional comienza como ingeniero de I+D en Alcatel Telecom en Stuttgart, para desempe\u00f1ar posteriormente diversos cargos de alta responsabilidad en CajaCanarias y Banca C\u00edvica, en las \u00e1reas de Tecnolog\u00eda y Organizaci\u00f3n. Desde 1998 es Profesor asociado en Ingenier\u00eda Inform\u00e1tica de la ULL, colaborando actualmente tambi\u00e9n con la Universidad Europea de Canarias. En 2013 nace Atlantis Technology, convirti\u00e9ndose en la actualidad en una empresa de referencia dentro del sector TIC en Canarias y Cabo Verde.<\/p>\n<p><a href=\"mailto:hreboso@bintersistemas.com\" target=\"_blank\" rel=\"noopener\" target=\"_blank\" rel=\"noopener\">hreboso@bintersistemas.com<\/a>[\/vc_column_text][vc_empty_space][\/vc_column][\/vc_row][vc_row][vc_column][vc_column_text]<\/p>\n<h2 style=\"color: #5c068c;text-align: center\">Comit\u00e9 Asesor<\/h2>\n<p>[\/vc_column_text][vc_empty_space][vc_row_inner equal_height=\u00bbyes\u00bb gap=\u00bb20&#8243;][vc_column_inner width=\u00bb1\/4&#8243;][vc_single_image image=\u00bb199&#8243; alignment=\u00bbcenter\u00bb][vc_column_text][\/vc_column_text][vc_column_text]<\/p>\n<h3 style=\"color: #5c068c;font-weight: 500;text-align: center\"><strong>F\u00e9lix Barrio<\/strong><\/h3>\n<p style=\"text-align: center\">Director General del INCIBE &#8211; Instituto Nacional de Ciberseguridad<\/p>\n<p>[\/vc_column_text][vc_empty_space height=\u00bb40px\u00bb][\/vc_column_inner][vc_column_inner width=\u00bb1\/4&#8243;][vc_single_image image=\u00bb188&#8243; alignment=\u00bbcenter\u00bb][vc_column_text]<\/p>\n<h3 style=\"color: #5c068c;font-weight: 500;text-align: center\"><strong>Carme Artigas<\/strong><\/h3>\n<p style=\"text-align: center\">Secretaria de Estado de Digitalizaci\u00f3n e Inteligencia Artificial. Ministerio de Asuntos Econ\u00f3micos y Transformaci\u00f3n Digital<\/p>\n<p>[\/vc_column_text][vc_empty_space height=\u00bb40px\u00bb][\/vc_column_inner][vc_column_inner width=\u00bb1\/4&#8243;][vc_single_image image=\u00bb173&#8243; alignment=\u00bbcenter\u00bb][vc_column_text]<\/p>\n<h3 style=\"color: #5c068c;font-weight: 500;text-align: center\"><strong>Fidel Santiago<\/strong><\/h3>\n<p style=\"text-align: center\">Responsable de Pol\u00edticas Europeas en el Equipo de Tecnolog\u00eda de Ciberseguridad y Desarrollo de Capacidades de la Comisi\u00f3n Europea<\/p>\n<p>[\/vc_column_text][vc_empty_space height=\u00bb40px\u00bb][\/vc_column_inner][vc_column_inner width=\u00bb1\/4&#8243;][vc_single_image image=\u00bb205&#8243; alignment=\u00bbcenter\u00bb][vc_column_text]<\/p>\n<h3 style=\"color: #5c068c;font-weight: 500;text-align: center\"><strong>\u00c1lvaro de\u00a0<span style=\"color: #5c068c\">Lossada<\/span><\/strong><\/h3>\n<p style=\"text-align: center\">Jefe de la Oficina de Coordinaci\u00f3n de Ciberseguridad del Ministerio del Interior<\/p>\n<p>[\/vc_column_text][vc_empty_space height=\u00bb40px\u00bb][\/vc_column_inner][\/vc_row_inner][\/vc_column][\/vc_row][vc_row full_width=\u00bbstretch_row_content\u00bb css=\u00bb.vc_custom_1623322433439{background-color: #efefef !important;}\u00bb][vc_column width=\u00bb1\/4&#8243;][vc_single_image image=\u00bb37&#8243; alignment=\u00bbcenter\u00bb][vc_column_text]<\/p>\n<h3 style=\"color: #5c068c;font-weight: 500;text-align: center\"><strong>Rosa D\u00edaz Moles<\/strong><\/h3>\n<p style=\"text-align: center\">Directora del Observatorio Nacional de Tecnolog\u00eda y Sociedad (ONTSI)<\/p>\n<p>[\/vc_column_text][vc_empty_space height=\u00bb40px\u00bb][\/vc_column][vc_column width=\u00bb1\/4&#8243;][vc_single_image image=\u00bb25&#8243; alignment=\u00bbcenter\u00bb][vc_column_text]<\/p>\n<h3 style=\"color: #5c068c;font-weight: 500;text-align: center\"><strong>Deepak Daswani<\/strong><\/h3>\n<p style=\"text-align: center\">Hacker, Experto en Ciberseguridad, Speaker y Colaborador de Medios<\/p>\n<p>[\/vc_column_text][vc_empty_space height=\u00bb40px\u00bb][\/vc_column][vc_column width=\u00bb1\/4&#8243;][vc_single_image image=\u00bb29&#8243; alignment=\u00bbcenter\u00bb][vc_column_text]<\/p>\n<h3 style=\"color: #5c068c;font-weight: 500;text-align: center\"><strong>Jaime \u00c1lvarez Men\u00e9ndez<\/strong><\/h3>\n<p style=\"text-align: center\">Responsable de Seguridad Inform\u00e1tica en Binter Sistemas<\/p>\n<p>[\/vc_column_text][vc_empty_space height=\u00bb40px\u00bb][\/vc_column][vc_column width=\u00bb1\/4&#8243;][vc_single_image image=\u00bb32&#8243; alignment=\u00bbcenter\u00bb][vc_column_text]<\/p>\n<h3 style=\"color: #5c068c;font-weight: 500;text-align: center\"><strong>Noem\u00ed Brito Izquierdo<\/strong><\/h3>\n<p style=\"text-align: center\">Directora del \u00c1rea Legal Mercantil en KPMG Abogados<\/p>\n<p>[\/vc_column_text][vc_empty_space height=\u00bb40px\u00bb][\/vc_column][\/vc_row][vc_row][vc_column][vc_column_text]<\/p>\n<h2 style=\"color: #5c068c;text-align: center\">Equipo<\/h2>\n<p>[\/vc_column_text][vc_empty_space height=\u00bb10px\u00bb][vc_row_inner css=\u00bb.vc_custom_1623322471565{padding-right: 15% !important;padding-left: 15% !important;}\u00bb][vc_column_inner width=\u00bb1\/4&#8243;][vc_single_image image=\u00bb20&#8243;][vc_single_image image=\u00bb23&#8243;][vc_single_image image=\u00bb26&#8243;][vc_single_image image=\u00bb30&#8243;][vc_single_image image=\u00bb191&#8243;][\/vc_column_inner][vc_column_inner width=\u00bb3\/4&#8243;][vc_column_text]<\/p>\n<h4 style=\"color: #5c068c;font-weight: 500\">C\u00e1ndido Caballero Gil | Profesor Titular de la Universidad de La Laguna<\/h4>\n<p><a href=\"mailto:ccabgil@ull.edu.es\" target=\"_blank\" rel=\"noopener\" target=\"_blank\" rel=\"noopener\">ccabgil@ull.edu.es<\/a>[\/vc_column_text][vc_empty_space height=\u00bb10px\u00bb][vc_empty_space height=\u00bb10px\u00bb][vc_column_text]<\/p>\n<h4 style=\"color: #5c068c;font-weight: 500\">Candelaria Hern\u00e1ndez Goya | Profesora Titular de la Universidad de La Laguna<\/h4>\n<p><a href=\"mailto:mchgoya@ull.edu.es\" target=\"_blank\" rel=\"noopener\" target=\"_blank\" rel=\"noopener\">mchgoya@ull.edu.es<\/a>[\/vc_column_text][vc_empty_space height=\u00bb10px\u00bb][vc_empty_space height=\u00bb10px\u00bb][vc_column_text]<\/p>\n<h4 style=\"color: #5c068c;font-weight: 500\">F\u00e9lix Herrera Priano | Profesor Contratado Doctor de la Universidad de La Laguna<\/h4>\n<p><a href=\"mailto:fpriano@ull.edu.es\" target=\"_blank\" rel=\"noopener\" target=\"_blank\" rel=\"noopener\">fpriano@ull.edu.es<\/a>[\/vc_column_text][vc_empty_space height=\u00bb10px\u00bb][vc_empty_space height=\u00bb10px\u00bb][vc_column_text]<\/p>\n<h4 style=\"color: #5c068c;font-weight: 500\">Jezabel Molina Gil | Profesora Ayudante Doctora de la Universidad de La Laguna<\/h4>\n<p><a href=\"mailto:jmmolina@ull.edu.es\" target=\"_blank\" rel=\"noopener\" target=\"_blank\" rel=\"noopener\">jmmolina@ull.edu.es<\/a>[\/vc_column_text][vc_empty_space height=\u00bb10px\u00bb][vc_empty_space height=\u00bb10px\u00bb][vc_column_text]<\/p>\n<h4 style=\"color: #5c068c;font-weight: 500\">Carlos Rosa Remedios | Profesor Contratado Laboral Interino de la Universidad de La Laguna<\/h4>\n<p><a href=\"mailto:jmmolina@ull.edu.es\" target=\"_blank\" rel=\"noopener\" target=\"_blank\" rel=\"noopener\">crosarem@ull.edu.es<\/a>[\/vc_column_text][\/vc_column_inner][\/vc_row_inner][\/vc_column][\/vc_row]<\/p>\n","protected":false},"excerpt":{"rendered":"<p>[vc_row][vc_column][vc_column_text] Miembros Consejo Directivo [\/vc_column_text][vc_empty_space][\/vc_column][\/vc_row][vc_row full_width=\u00bbstretch_row_content\u00bb gap=\u00bb30&#8243; equal_height=\u00bbyes\u00bb css=\u00bb.vc_custom_1623322153664{padding-right: 10% !important;padding-left: 10% !important;}\u00bb][vc_column width=\u00bb1\/2&#8243;][vc_single_image image=\u00bb36&#8243; img_size=\u00bbmedium\u00bb alignment=\u00bbcenter\u00bb][vc_empty_space][vc_column_text] Pino Caballero Gil | Directora de la C\u00e1tedra Catedr\u00e1tica de la Universidad de La Laguna. Doctora en Estad\u00edstica, Investigaci\u00f3n Operativa y Computaci\u00f3n. Coordinadora del grupo CryptULL. Directora acad\u00e9mica del M\u00e1ster en Ciberseguridad e Inteligencia de Datos. Miembro de&#8230;<\/p>\n","protected":false},"author":5,"featured_media":0,"parent":0,"menu_order":0,"comment_status":"closed","ping_status":"closed","template":"templates\/template-no-title.php","meta":[],"_links":{"self":[{"href":"https:\/\/www.ull.es\/catedras\/catedra-ciberseguridad-binter\/wp-json\/wp\/v2\/pages\/54"}],"collection":[{"href":"https:\/\/www.ull.es\/catedras\/catedra-ciberseguridad-binter\/wp-json\/wp\/v2\/pages"}],"about":[{"href":"https:\/\/www.ull.es\/catedras\/catedra-ciberseguridad-binter\/wp-json\/wp\/v2\/types\/page"}],"author":[{"embeddable":true,"href":"https:\/\/www.ull.es\/catedras\/catedra-ciberseguridad-binter\/wp-json\/wp\/v2\/users\/5"}],"replies":[{"embeddable":true,"href":"https:\/\/www.ull.es\/catedras\/catedra-ciberseguridad-binter\/wp-json\/wp\/v2\/comments?post=54"}],"version-history":[{"count":39,"href":"https:\/\/www.ull.es\/catedras\/catedra-ciberseguridad-binter\/wp-json\/wp\/v2\/pages\/54\/revisions"}],"predecessor-version":[{"id":214,"href":"https:\/\/www.ull.es\/catedras\/catedra-ciberseguridad-binter\/wp-json\/wp\/v2\/pages\/54\/revisions\/214"}],"wp:attachment":[{"href":"https:\/\/www.ull.es\/catedras\/catedra-ciberseguridad-binter\/wp-json\/wp\/v2\/media?parent=54"}],"curies":[{"name":"wp","href":"https:\/\/api.w.org\/{rel}","templated":true}]}}