{"id":99,"date":"2021-06-10T11:52:01","date_gmt":"2021-06-10T11:52:01","guid":{"rendered":"https:\/\/www.ull.es\/catedras\/catedra-ciberseguridad-binter\/?page_id=99"},"modified":"2021-06-11T11:58:50","modified_gmt":"2021-06-11T11:58:50","slug":"certificaciones","status":"publish","type":"page","link":"https:\/\/www.ull.es\/catedras\/catedra-ciberseguridad-binter\/certificaciones\/","title":{"rendered":"Certificaciones"},"content":{"rendered":"<p>[vc_row full_width=\u00bbstretch_row_content_no_spaces\u00bb][vc_column][rev_slider_vc alias=\u00bbcertificaciones\u00bb][\/vc_column][\/vc_row][vc_row][vc_column][vc_empty_space][vc_column_text]<\/p>\n<p class=\"p1\" style=\"text-align: center;\">Esta C\u00e1tedra est\u00e1 vinculada a certificaciones de gran prestigio, muy valoradas en el mundo laboral ya que aportan un plus de empleabilidad. A trav\u00e9s de la C\u00e1tedra es posible acceder a recursos y documentaci\u00f3n oficial y a descuentos en las tasas. M\u00e1s informaci\u00f3n sobre certificaciones en Ciberseguridad se encuentra en nuestro canal <a href=\"https:\/\/www.youtube.com\/channel\/UCfO_SYpIEtU29zYXItA5zow\" target=\"_blank\" rel=\"noopener\" target=\"_blank\" rel=\"noopener\">YouTube<\/a><\/p>\n<p>[\/vc_column_text][vc_empty_space][\/vc_column][\/vc_row][vc_row full_width=\u00bbstretch_row_content_no_spaces\u00bb gap=\u00bb35&#8243; equal_height=\u00bbyes\u00bb css=\u00bb.vc_custom_1623326058782{background-color: #efefef !important;}\u00bb][vc_column width=\u00bb1\/2&#8243;][vc_empty_space][vc_single_image image=\u00bb27&#8243; img_size=\u00bbmedium\u00bb alignment=\u00bbcenter\u00bb][vc_empty_space][\/vc_column][vc_column width=\u00bb1\/2&#8243;][vc_empty_space][vc_single_image image=\u00bb24&#8243; img_size=\u00bbmedium\u00bb alignment=\u00bbcenter\u00bb][vc_empty_space][\/vc_column][\/vc_row][vc_row full_width=\u00bbstretch_row_content_no_spaces\u00bb gap=\u00bb35&#8243; css=\u00bb.vc_custom_1623326081862{padding-right: 5% !important;padding-left: 5% !important;}\u00bb][vc_column width=\u00bb1\/2&#8243; css=\u00bb.vc_custom_1623326112002{padding-right: 2% !important;}\u00bb][vc_empty_space][vc_column_text]<\/p>\n<p style=\"text-align: center;\">Esta C\u00e1tedra da apoyo a las certificaciones NSE de Network Security Expert en todos los niveles, desde los m\u00e1s b\u00e1sicos para quienes est\u00e1n comenzando a formarse, hasta el NSE8. Adem\u00e1s, se da acceso a cursos t\u00e9cnicos que permiten completar la formaci\u00f3n, y posibilidad de presentarse al primer examen de forma gratuita. M\u00e1s informaci\u00f3n sobre las certificaciones de Fortinet se encuentra en su <a href=\"https:\/\/training.fortinet.com\/course\/index.php\" target=\"_blank\" rel=\"noopener\" target=\"_blank\" rel=\"noopener\">web.<\/a><\/p>\n<p>[\/vc_column_text][vc_empty_space][\/vc_column][vc_column width=\u00bb1\/2&#8243; css=\u00bb.vc_custom_1623326106998{padding-left: 2% !important;}\u00bb][vc_empty_space][vc_column_text]<\/p>\n<p style=\"text-align: center;\">Esta C\u00e1tedra da apoyo a las certificaciones de CompTIA que permiten llegar desde el nivel sin experiencia Security+ relacionado con criptograf\u00eda y control de accesos, hasta otros niveles que cubren el an\u00e1lisis de seguridad, la detecci\u00f3n de intrusiones y la respuesta, y las pruebas de penetraci\u00f3n y gesti\u00f3n de vulnerabilidades. M\u00e1s informaci\u00f3n sobre las certificaciones de CompTIA se encuentra en su <a href=\"https:\/\/www.comptia.org\/certifications?level=cybersecurity\" target=\"_blank\" rel=\"noopener\" target=\"_blank\" rel=\"noopener\">web.<\/a><\/p>\n<p>[\/vc_column_text][vc_empty_space][\/vc_column][\/vc_row][vc_row][vc_column][vc_empty_space][\/vc_column][\/vc_row]<\/p>\n","protected":false},"excerpt":{"rendered":"<p>[vc_row full_width=\u00bbstretch_row_content_no_spaces\u00bb][vc_column][rev_slider_vc alias=\u00bbcertificaciones\u00bb][\/vc_column][\/vc_row][vc_row][vc_column][vc_empty_space][vc_column_text] Esta C\u00e1tedra est\u00e1 vinculada a certificaciones de gran prestigio, muy valoradas en el mundo laboral ya que aportan un plus de empleabilidad. A trav\u00e9s de la C\u00e1tedra es posible acceder a recursos y documentaci\u00f3n oficial y a descuentos en las tasas. M\u00e1s informaci\u00f3n sobre certificaciones en Ciberseguridad se encuentra en nuestro canal&#8230;<\/p>\n","protected":false},"author":5,"featured_media":0,"parent":0,"menu_order":0,"comment_status":"closed","ping_status":"closed","template":"templates\/template-frontpage.php","meta":[],"_links":{"self":[{"href":"https:\/\/www.ull.es\/catedras\/catedra-ciberseguridad-binter\/wp-json\/wp\/v2\/pages\/99"}],"collection":[{"href":"https:\/\/www.ull.es\/catedras\/catedra-ciberseguridad-binter\/wp-json\/wp\/v2\/pages"}],"about":[{"href":"https:\/\/www.ull.es\/catedras\/catedra-ciberseguridad-binter\/wp-json\/wp\/v2\/types\/page"}],"author":[{"embeddable":true,"href":"https:\/\/www.ull.es\/catedras\/catedra-ciberseguridad-binter\/wp-json\/wp\/v2\/users\/5"}],"replies":[{"embeddable":true,"href":"https:\/\/www.ull.es\/catedras\/catedra-ciberseguridad-binter\/wp-json\/wp\/v2\/comments?post=99"}],"version-history":[{"count":11,"href":"https:\/\/www.ull.es\/catedras\/catedra-ciberseguridad-binter\/wp-json\/wp\/v2\/pages\/99\/revisions"}],"predecessor-version":[{"id":141,"href":"https:\/\/www.ull.es\/catedras\/catedra-ciberseguridad-binter\/wp-json\/wp\/v2\/pages\/99\/revisions\/141"}],"wp:attachment":[{"href":"https:\/\/www.ull.es\/catedras\/catedra-ciberseguridad-binter\/wp-json\/wp\/v2\/media?parent=99"}],"curies":[{"name":"wp","href":"https:\/\/api.w.org\/{rel}","templated":true}]}}