{"id":43,"date":"2023-03-22T13:27:54","date_gmt":"2023-03-22T13:27:54","guid":{"rendered":"https:\/\/www.ull.es\/catedras\/catedra-ciclos-de-vida-y-personas-mayores\/?page_id=43"},"modified":"2023-04-12T13:58:08","modified_gmt":"2023-04-12T13:58:08","slug":"informacion","status":"publish","type":"page","link":"https:\/\/www.ull.es\/catedras\/catedra-ciclos-de-vida-y-personas-mayores\/informacion\/","title":{"rendered":"La C\u00e1tedra"},"content":{"rendered":"\t\t<div data-elementor-type=\"wp-page\" data-elementor-id=\"43\" class=\"elementor elementor-43\">\n\t\t\t\t\t\t\t\t\t<section class=\"elementor-section elementor-top-section elementor-element elementor-element-c114471 elementor-section-height-min-height elementor-section-boxed elementor-section-height-default elementor-section-items-middle\" data-id=\"c114471\" data-element_type=\"section\" data-settings=\"{&quot;background_background&quot;:&quot;classic&quot;}\">\n\t\t\t\t\t\t\t<div class=\"elementor-background-overlay\"><\/div>\n\t\t\t\t\t\t\t<div class=\"elementor-container elementor-column-gap-default\">\n\t\t\t\t\t<div class=\"elementor-column elementor-col-100 elementor-top-column elementor-element elementor-element-49cd268\" data-id=\"49cd268\" data-element_type=\"column\">\n\t\t\t<div class=\"elementor-widget-wrap elementor-element-populated\">\n\t\t\t\t\t\t\t\t\t<\/div>\n\t\t<\/div>\n\t\t\t\t\t\t\t<\/div>\n\t\t<\/section>\n\t\t\t\t<section class=\"elementor-section elementor-top-section elementor-element elementor-element-7f847e9 elementor-section-boxed elementor-section-height-default elementor-section-height-default\" data-id=\"7f847e9\" data-element_type=\"section\">\n\t\t\t\t\t\t\t<div class=\"elementor-background-overlay\"><\/div>\n\t\t\t\t\t\t\t<div class=\"elementor-container elementor-column-gap-default\">\n\t\t\t\t\t<div class=\"elementor-column elementor-col-50 elementor-top-column elementor-element elementor-element-8a4284c\" data-id=\"8a4284c\" data-element_type=\"column\">\n\t\t\t<div class=\"elementor-widget-wrap elementor-element-populated\">\n\t\t\t\t\t\t\t\t<div class=\"elementor-element elementor-element-582b609 elementor-widget elementor-widget-text-editor\" data-id=\"582b609\" data-element_type=\"widget\" data-widget_type=\"text-editor.default\">\n\t\t\t\t<div class=\"elementor-widget-container\">\n\t\t\t<style>\/*! elementor - v3.10.1 - 17-01-2023 *\/\n.elementor-widget-text-editor.elementor-drop-cap-view-stacked .elementor-drop-cap{background-color:#818a91;color:#fff}.elementor-widget-text-editor.elementor-drop-cap-view-framed .elementor-drop-cap{color:#818a91;border:3px solid;background-color:transparent}.elementor-widget-text-editor:not(.elementor-drop-cap-view-default) .elementor-drop-cap{margin-top:8px}.elementor-widget-text-editor:not(.elementor-drop-cap-view-default) .elementor-drop-cap-letter{width:1em;height:1em}.elementor-widget-text-editor .elementor-drop-cap{float:left;text-align:center;line-height:1;font-size:50px}.elementor-widget-text-editor .elementor-drop-cap-letter{display:inline-block}<\/style>\t\t\t\tLa idea de crear una c\u00e1tedra dirigida al <b>cuidado y servicio de las personas mayores<\/b> surge por el incremento de la poblaci\u00f3n mayor y la longevidad, pero especialmente por la necesidad de ofrecer <b>servicios\u00a0 y prestaciones en un ciclo de la vida que se inicia a los sesenta a\u00f1os<\/b> y que incluye una variedad de situaciones vitales muy diversas: empleo y orientaci\u00f3n, vivienda, servicios de salud, y acompa\u00f1amiento; pero especialmente la \u201c\u00e9tica de los cuidados\u201d y la inclusi\u00f3n de la \u201cperspectiva de g\u00e9nero\u201d en acciones como ayuda en la vivencia de la soledad no deseada, la construcci\u00f3n de amistades y compa\u00f1\u00eda, la eliminaci\u00f3n y ayuda en los casos de violencia, incluida la violencia de g\u00e9nero. \t\t\t\t\t\t<\/div>\n\t\t\t\t<\/div>\n\t\t\t\t\t<\/div>\n\t\t<\/div>\n\t\t\t\t<div class=\"elementor-column elementor-col-50 elementor-top-column elementor-element elementor-element-333c517 elementor-invisible\" data-id=\"333c517\" data-element_type=\"column\" data-settings=\"{&quot;background_background&quot;:&quot;classic&quot;,&quot;animation&quot;:&quot;fadeInRight&quot;}\">\n\t\t\t<div class=\"elementor-widget-wrap elementor-element-populated\">\n\t\t\t\t\t\t\t\t<div class=\"elementor-element elementor-element-628a14c elementor-widget elementor-widget-spacer\" data-id=\"628a14c\" data-element_type=\"widget\" data-widget_type=\"spacer.default\">\n\t\t\t\t<div class=\"elementor-widget-container\">\n\t\t\t<style>\/*! elementor - v3.10.1 - 17-01-2023 *\/\n.elementor-column .elementor-spacer-inner{height:var(--spacer-size)}.e-con{--container-widget-width:100%}.e-con-inner>.elementor-widget-spacer,.e-con>.elementor-widget-spacer{width:var(--container-widget-width,var(--spacer-size));--align-self:var(--container-widget-align-self,initial);--flex-shrink:0}.e-con-inner>.elementor-widget-spacer>.elementor-widget-container,.e-con-inner>.elementor-widget-spacer>.elementor-widget-container>.elementor-spacer,.e-con>.elementor-widget-spacer>.elementor-widget-container,.e-con>.elementor-widget-spacer>.elementor-widget-container>.elementor-spacer{height:100%}.e-con-inner>.elementor-widget-spacer>.elementor-widget-container>.elementor-spacer>.elementor-spacer-inner,.e-con>.elementor-widget-spacer>.elementor-widget-container>.elementor-spacer>.elementor-spacer-inner{height:var(--container-widget-height,var(--spacer-size))}<\/style>\t\t<div class=\"elementor-spacer\">\n\t\t\t<div class=\"elementor-spacer-inner\"><\/div>\n\t\t<\/div>\n\t\t\t\t<\/div>\n\t\t\t\t<\/div>\n\t\t\t\t\t<\/div>\n\t\t<\/div>\n\t\t\t\t\t\t\t<\/div>\n\t\t<\/section>\n\t\t\t\t<section class=\"elementor-section elementor-top-section elementor-element elementor-element-d846c91 elementor-reverse-mobile elementor-section-boxed elementor-section-height-default elementor-section-height-default\" data-id=\"d846c91\" data-element_type=\"section\" data-settings=\"{&quot;background_background&quot;:&quot;classic&quot;}\">\n\t\t\t\t\t\t\t<div class=\"elementor-background-overlay\"><\/div>\n\t\t\t\t\t\t\t<div class=\"elementor-container elementor-column-gap-default\">\n\t\t\t\t\t<div class=\"elementor-column elementor-col-50 elementor-top-column elementor-element elementor-element-f1096c4 elementor-invisible\" data-id=\"f1096c4\" data-element_type=\"column\" data-settings=\"{&quot;background_background&quot;:&quot;classic&quot;,&quot;animation&quot;:&quot;fadeInLeft&quot;}\">\n\t\t\t<div class=\"elementor-widget-wrap elementor-element-populated\">\n\t\t\t\t\t\t\t\t<div class=\"elementor-element elementor-element-d220565 elementor-widget elementor-widget-spacer\" data-id=\"d220565\" data-element_type=\"widget\" data-widget_type=\"spacer.default\">\n\t\t\t\t<div class=\"elementor-widget-container\">\n\t\t\t\t\t<div class=\"elementor-spacer\">\n\t\t\t<div class=\"elementor-spacer-inner\"><\/div>\n\t\t<\/div>\n\t\t\t\t<\/div>\n\t\t\t\t<\/div>\n\t\t\t\t\t<\/div>\n\t\t<\/div>\n\t\t\t\t<div class=\"elementor-column elementor-col-50 elementor-top-column elementor-element elementor-element-d61595a\" data-id=\"d61595a\" data-element_type=\"column\">\n\t\t\t<div class=\"elementor-widget-wrap elementor-element-populated\">\n\t\t\t\t\t\t\t\t<div class=\"elementor-element elementor-element-f64b41b elementor-widget elementor-widget-text-editor\" data-id=\"f64b41b\" data-element_type=\"widget\" data-widget_type=\"text-editor.default\">\n\t\t\t\t<div class=\"elementor-widget-container\">\n\t\t\t\t\t\t\tEs importante que tanto las familias de las personas mayores como quienes cuidan de ellas aprendan a evitar las formas sutiles y no tan suaves de violencia que se ejerce sobre las personas. Y por \u00faltimo la necesidad de ayuda tecnol\u00f3gica para el acceso a m\u00faltiples servicios p\u00fablicos y privados. No podemos olvidar tampoco la asesor\u00eda en salud y temas jur\u00eddicos.<br>\n\n<br>El plan de trabajo de la C\u00e1tedra incluye como se muestra m\u00e1s adelante las \u00e1reas de formaci\u00f3n, investigaci\u00f3n, as\u00ed como transferencia. El deseo es ampliar las acciones y la cooperaci\u00f3n tanto en Canarias como en el pa\u00eds y tambi\u00e9n a nivel internacional.\t\t\t\t\t\t<\/div>\n\t\t\t\t<\/div>\n\t\t\t\t\t<\/div>\n\t\t<\/div>\n\t\t\t\t\t\t\t<\/div>\n\t\t<\/section>\n\t\t\t\t\t\t\t<\/div>\n\t\t","protected":false},"excerpt":{"rendered":"<p>La idea de crear una c\u00e1tedra dirigida al cuidado y servicio de las personas mayores surge por el incremento de la poblaci\u00f3n mayor y la longevidad, pero especialmente por la necesidad de ofrecer servicios\u00a0 y prestaciones en un ciclo de la vida que se inicia a los sesenta a\u00f1os y que incluye una variedad de&#8230;<\/p>\n","protected":false},"author":17,"featured_media":0,"parent":0,"menu_order":0,"comment_status":"closed","ping_status":"closed","template":"","meta":[],"_links":{"self":[{"href":"https:\/\/www.ull.es\/catedras\/catedra-ciclos-de-vida-y-personas-mayores\/wp-json\/wp\/v2\/pages\/43"}],"collection":[{"href":"https:\/\/www.ull.es\/catedras\/catedra-ciclos-de-vida-y-personas-mayores\/wp-json\/wp\/v2\/pages"}],"about":[{"href":"https:\/\/www.ull.es\/catedras\/catedra-ciclos-de-vida-y-personas-mayores\/wp-json\/wp\/v2\/types\/page"}],"author":[{"embeddable":true,"href":"https:\/\/www.ull.es\/catedras\/catedra-ciclos-de-vida-y-personas-mayores\/wp-json\/wp\/v2\/users\/17"}],"replies":[{"embeddable":true,"href":"https:\/\/www.ull.es\/catedras\/catedra-ciclos-de-vida-y-personas-mayores\/wp-json\/wp\/v2\/comments?post=43"}],"version-history":[{"count":58,"href":"https:\/\/www.ull.es\/catedras\/catedra-ciclos-de-vida-y-personas-mayores\/wp-json\/wp\/v2\/pages\/43\/revisions"}],"predecessor-version":[{"id":469,"href":"https:\/\/www.ull.es\/catedras\/catedra-ciclos-de-vida-y-personas-mayores\/wp-json\/wp\/v2\/pages\/43\/revisions\/469"}],"wp:attachment":[{"href":"https:\/\/www.ull.es\/catedras\/catedra-ciclos-de-vida-y-personas-mayores\/wp-json\/wp\/v2\/media?parent=43"}],"curies":[{"name":"wp","href":"https:\/\/api.w.org\/{rel}","templated":true}]}}