{"id":57,"date":"2023-03-22T15:24:26","date_gmt":"2023-03-22T15:24:26","guid":{"rendered":"https:\/\/www.ull.es\/catedras\/catedra-ciclos-de-vida-y-personas-mayores\/?page_id=57"},"modified":"2025-07-09T13:40:44","modified_gmt":"2025-07-09T13:40:44","slug":"conocenos","status":"publish","type":"page","link":"https:\/\/www.ull.es\/catedras\/catedra-ciclos-de-vida-y-personas-mayores\/conocenos\/","title":{"rendered":"Con\u00f3cenos"},"content":{"rendered":"\t\t<div data-elementor-type=\"wp-page\" data-elementor-id=\"57\" class=\"elementor elementor-57\">\n\t\t\t\t\t\t\t\t\t<section class=\"elementor-section elementor-top-section elementor-element elementor-element-ccc4737 elementor-section-height-min-height elementor-section-boxed elementor-section-height-default elementor-section-items-middle\" data-id=\"ccc4737\" data-element_type=\"section\" data-settings=\"{&quot;background_background&quot;:&quot;classic&quot;}\">\n\t\t\t\t\t\t\t<div class=\"elementor-background-overlay\"><\/div>\n\t\t\t\t\t\t\t<div class=\"elementor-container elementor-column-gap-default\">\n\t\t\t\t\t<div class=\"elementor-column elementor-col-100 elementor-top-column elementor-element elementor-element-3c62d44\" data-id=\"3c62d44\" data-element_type=\"column\">\n\t\t\t<div class=\"elementor-widget-wrap elementor-element-populated\">\n\t\t\t\t\t\t\t\t\t<\/div>\n\t\t<\/div>\n\t\t\t\t\t\t\t<\/div>\n\t\t<\/section>\n\t\t\t\t<section class=\"elementor-section elementor-top-section elementor-element elementor-element-0c2ad86 elementor-section-boxed elementor-section-height-default elementor-section-height-default\" data-id=\"0c2ad86\" data-element_type=\"section\" data-settings=\"{&quot;background_background&quot;:&quot;classic&quot;}\">\n\t\t\t\t\t\t<div class=\"elementor-container elementor-column-gap-default\">\n\t\t\t\t\t<div class=\"elementor-column elementor-col-50 elementor-top-column elementor-element elementor-element-102b1f2\" data-id=\"102b1f2\" data-element_type=\"column\" data-settings=\"{&quot;background_background&quot;:&quot;classic&quot;}\">\n\t\t\t<div class=\"elementor-widget-wrap elementor-element-populated\">\n\t\t\t\t\t\t\t\t<div class=\"elementor-element elementor-element-187a037 elementor-widget elementor-widget-text-editor\" data-id=\"187a037\" data-element_type=\"widget\" data-widget_type=\"text-editor.default\">\n\t\t\t\t<div class=\"elementor-widget-container\">\n\t\t\t<style>\/*! elementor - v3.10.1 - 17-01-2023 *\/\n.elementor-widget-text-editor.elementor-drop-cap-view-stacked .elementor-drop-cap{background-color:#818a91;color:#fff}.elementor-widget-text-editor.elementor-drop-cap-view-framed .elementor-drop-cap{color:#818a91;border:3px solid;background-color:transparent}.elementor-widget-text-editor:not(.elementor-drop-cap-view-default) .elementor-drop-cap{margin-top:8px}.elementor-widget-text-editor:not(.elementor-drop-cap-view-default) .elementor-drop-cap-letter{width:1em;height:1em}.elementor-widget-text-editor .elementor-drop-cap{float:left;text-align:center;line-height:1;font-size:50px}.elementor-widget-text-editor .elementor-drop-cap-letter{display:inline-block}<\/style>\t\t\t\t<h3><strong>Direcci\u00f3n<\/strong><\/h3><h5><strong>Ana Isabel Gonz\u00e1lez Herrera<\/strong><\/h5><p>Profesora Contratada Doctora del Departamento de Did\u00e1ctica e Investigaci\u00f3n Educativa de la Facultad de Educaci\u00f3n Universidad de La Laguna. Coordinadora del \u00c1rea DOE del Departamento de Did\u00e1ctica e Investigaci\u00f3n Educativa e integrante del equipo de investigaci\u00f3n Diversidad, Salud y Educaci\u00f3n (DISAE), Facultad de Educaci\u00f3n, Universidad de La Laguna.\u00a0<\/p><h3><strong>Secretar\u00eda<\/strong><\/h3><h5>Isabel Alonso Rodr\u00edguez<\/h5><p>Profesora Ayudante Doctora del Departamento de Did\u00e1ctica e Investigaci\u00f3n Educativa de la Facultad de Educaci\u00f3n. Integrante del equipo de investigaci\u00f3n Diversidad, Salud y Educaci\u00f3n (DISAE) Universidad de La Laguna.<\/p>\t\t\t\t\t\t<\/div>\n\t\t\t\t<\/div>\n\t\t\t\t\t<\/div>\n\t\t<\/div>\n\t\t\t\t<div class=\"elementor-column elementor-col-50 elementor-top-column elementor-element elementor-element-4cc59a9\" data-id=\"4cc59a9\" data-element_type=\"column\" data-settings=\"{&quot;background_background&quot;:&quot;classic&quot;}\">\n\t\t\t<div class=\"elementor-widget-wrap elementor-element-populated\">\n\t\t\t\t\t\t\t\t<div class=\"elementor-element elementor-element-0f641aa elementor-widget elementor-widget-text-editor\" data-id=\"0f641aa\" data-element_type=\"widget\" data-widget_type=\"text-editor.default\">\n\t\t\t\t<div class=\"elementor-widget-container\">\n\t\t\t\t\t\t\t<h3><strong>Componentes de la Universidad de La Laguna<\/strong><\/h3><h5><strong>Alberto Isaac Ard\u00e8vol Abreu<\/strong><\/h5><p>Investigador. Departamento de Ciencias de la Comunicaci\u00f3n y Trabajo Social. Universidad de La Laguna<\/p><h5><strong>Antonio Crisanto Llorens de la Cruz<\/strong><\/h5><p>Profesora Ayudante Doctor, Departamento de Historia y Filosof\u00eda de la Ciencia, la Educaci\u00f3n y el Lenguaje. Facultad de Educaci\u00f3n Universidad de La Laguna<\/p><h5>Antonio Mart\u00edn Hern\u00e1ndez<\/h5><p>Grado de Maestro <span class=\"im\">en Educaci\u00f3n Infantil.<\/span><\/p><h5>Mar\u00eda Victoria Rodr\u00edguez El\u00edas<\/h5><p>Grado de Maestra en Educaci\u00f3n Infantil.<\/p><p style=\"font-weight: 400;\"><strong>Elisa Trujillo Gonz\u00e1lez<\/strong>\u00a0<br \/><br \/>Profesora Ayudante Doctora Departamento de Did\u00e1ctica e Investigaci\u00f3n Educativa Facultad de Educci\u00f3n<\/p><p style=\"font-weight: 400;\"><strong>Isabel Alonso Rodr\u00edguez<br \/><br \/><\/strong>Profesora Ayudante Doctora Departamento de Did\u00e1ctica e Investigaci\u00f3n Educativa Facultad de Educaci\u00f3n,\u00a0 Universidad de La Laguna<\/p><h4 style=\"font-weight: 400;\"><strong>Expertas y expertos externas Internacionales<\/strong><\/h4><h5 style=\"font-weight: 400;\"><strong>Ga\u00e9tan Veyrent<\/strong><\/h5><p style=\"font-weight: 400;\">Master\u00b4s degree with high honours Economics of International Tourism Toulouse 1 Capitole University Francia<\/p><h5 style=\"font-weight: 400;\"><strong>Mohamed Kayal<\/strong><\/h5><p style=\"font-weight: 400;\">SUAD University Sorbonne Abu Dhabi, UAE<\/p><p style=\"font-weight: 400;\">Coordinador Acad\u00e9mico<\/p><p style=\"font-weight: 400;\">Derecho, Econom\u00eda y Gesti\u00f3n<\/p>\t\t\t\t\t\t<\/div>\n\t\t\t\t<\/div>\n\t\t\t\t\t<\/div>\n\t\t<\/div>\n\t\t\t\t\t\t\t<\/div>\n\t\t<\/section>\n\t\t\t\t<section class=\"elementor-section elementor-top-section elementor-element elementor-element-b50501a elementor-section-boxed elementor-section-height-default elementor-section-height-default\" data-id=\"b50501a\" data-element_type=\"section\" data-settings=\"{&quot;background_background&quot;:&quot;classic&quot;}\">\n\t\t\t\t\t\t\t<div class=\"elementor-background-overlay\"><\/div>\n\t\t\t\t\t\t\t<div class=\"elementor-container elementor-column-gap-default\">\n\t\t\t\t\t<div class=\"elementor-column elementor-col-100 elementor-top-column elementor-element elementor-element-75926f7\" data-id=\"75926f7\" data-element_type=\"column\">\n\t\t\t<div class=\"elementor-widget-wrap elementor-element-populated\">\n\t\t\t\t\t\t\t\t<div class=\"elementor-element elementor-element-76c347b elementor-widget elementor-widget-spacer\" data-id=\"76c347b\" data-element_type=\"widget\" data-widget_type=\"spacer.default\">\n\t\t\t\t<div class=\"elementor-widget-container\">\n\t\t\t<style>\/*! elementor - v3.10.1 - 17-01-2023 *\/\n.elementor-column .elementor-spacer-inner{height:var(--spacer-size)}.e-con{--container-widget-width:100%}.e-con-inner>.elementor-widget-spacer,.e-con>.elementor-widget-spacer{width:var(--container-widget-width,var(--spacer-size));--align-self:var(--container-widget-align-self,initial);--flex-shrink:0}.e-con-inner>.elementor-widget-spacer>.elementor-widget-container,.e-con-inner>.elementor-widget-spacer>.elementor-widget-container>.elementor-spacer,.e-con>.elementor-widget-spacer>.elementor-widget-container,.e-con>.elementor-widget-spacer>.elementor-widget-container>.elementor-spacer{height:100%}.e-con-inner>.elementor-widget-spacer>.elementor-widget-container>.elementor-spacer>.elementor-spacer-inner,.e-con>.elementor-widget-spacer>.elementor-widget-container>.elementor-spacer>.elementor-spacer-inner{height:var(--container-widget-height,var(--spacer-size))}<\/style>\t\t<div class=\"elementor-spacer\">\n\t\t\t<div class=\"elementor-spacer-inner\"><\/div>\n\t\t<\/div>\n\t\t\t\t<\/div>\n\t\t\t\t<\/div>\n\t\t\t\t\t<\/div>\n\t\t<\/div>\n\t\t\t\t\t\t\t<\/div>\n\t\t<\/section>\n\t\t\t\t<section class=\"elementor-section elementor-top-section elementor-element elementor-element-2f49042 elementor-section-boxed elementor-section-height-default elementor-section-height-default\" data-id=\"2f49042\" data-element_type=\"section\">\n\t\t\t\t\t\t<div class=\"elementor-container elementor-column-gap-default\">\n\t\t\t\t\t<div class=\"elementor-column elementor-col-50 elementor-top-column elementor-element elementor-element-1a63c48\" data-id=\"1a63c48\" data-element_type=\"column\" data-settings=\"{&quot;background_background&quot;:&quot;classic&quot;}\">\n\t\t\t<div class=\"elementor-widget-wrap elementor-element-populated\">\n\t\t\t\t\t\t\t\t<div class=\"elementor-element elementor-element-2c53288 elementor-widget elementor-widget-text-editor\" data-id=\"2c53288\" data-element_type=\"widget\" data-widget_type=\"text-editor.default\">\n\t\t\t\t<div class=\"elementor-widget-container\">\n\t\t\t\t\t\t\t<h3><strong>Personas expertas externas<\/strong><\/h3><h5><strong>Elvira Molina Fern\u00e1ndez<\/strong><\/h5><p>Profesora Contratada Doctora, Departamento de Pedagog\u00eda. Universidad de Granada Espa\u00f1a<\/p><h5>Hacomar Rodr\u00edguez Rodr\u00edguez<\/h5><p>Graduado en Trabajo Social y Master en Actividad F\u00edsica y Calidad de Vida con Personas Adultas y Mayores<\/p><h5>Alicia Aparicio Dom\u00ednguez<\/h5><p>Residente de primer a\u00f1o en el Servicio de Psiquiatr\u00eda del HUC<\/p><h5><strong>Monserrat Amor\u00f3s<\/strong><\/h5><p>AIUTA (Association Internationale des Universit\u00e9s du Troisi\u00e8me \u00c2ge)<\/p><h5><strong>Eleazar L\u00e1zaro Guerra<\/strong><\/h5><p>Licenciado en Ciencias Ambientales. Universidad Aut\u00f3noma de Madrid.Tecnolog\u00edas con personas mayores.<\/p><h5><strong>Ra\u00fal Acosta Armas<\/strong><\/h5><p>Graduado en Derecho, abogado especializado en Derecho Mercantil y Civil, M\u00e1ster en Acceso a la Abogac\u00eda por la ULL-ICATF, M\u00e1ster en Propiedad Industrial e Intelectual por la Universidad de Barcelona, M\u00e1ster en Derecho Deportivo por la Universidad de Lleida. Consultor de Assap.<\/p><h5><strong>Iv\u00e1n Hern\u00e1ndez<\/strong><\/h5><p>Graduado en Derecho. Especialista en Derechos Humanos.<\/p><h5><strong>Manuel Le\u00f3n Urrutia<\/strong><\/h5><p>Profesor de Ciencias de la Computaci\u00f3n Universidad de Southampton Inglaterra Reino Unido. Aprendizaje en l\u00ednea, competencias digitales y alfabetizaci\u00f3n digital.<\/p>\t\t\t\t\t\t<\/div>\n\t\t\t\t<\/div>\n\t\t\t\t\t<\/div>\n\t\t<\/div>\n\t\t\t\t<div class=\"elementor-column elementor-col-50 elementor-top-column elementor-element elementor-element-d7fa6cd\" data-id=\"d7fa6cd\" data-element_type=\"column\" data-settings=\"{&quot;background_background&quot;:&quot;classic&quot;}\">\n\t\t\t<div class=\"elementor-widget-wrap elementor-element-populated\">\n\t\t\t\t\t\t\t\t<div class=\"elementor-element elementor-element-74c2d9a elementor-widget elementor-widget-text-editor\" data-id=\"74c2d9a\" data-element_type=\"widget\" data-widget_type=\"text-editor.default\">\n\t\t\t\t<div class=\"elementor-widget-container\">\n\t\t\t\t\t\t\t<h3><strong>Expertos y expertas externas internacionales<\/strong><\/h3><h5><strong>Jolanta Ma\u0107kowicz<\/strong><\/h5><p>Universidad Pedag\u00f3gica de Cracovia Polonia. Experta en Prevenci\u00f3n de Violencia hacia las Personas Mayores. Colaboraci\u00f3n desde hace 10 a\u00f1os. Existe convenio de colaboraci\u00f3n entre nuestras universidades.<\/p><h5><strong>Irene Torices Rodarte<\/strong><\/h5><p>GEIHAD Grupo de Estudios Interdisciplinarios de Atenci\u00f3n a Personas con Discapacidad, Colaboraci\u00f3n desde hace 20 a\u00f1os en formaci\u00f3n y prevenci\u00f3n de violencia hacia personas con discapacidad en M\u00e9xico y Espa\u00f1a<\/p><h5><strong>Konstantinos Kostas<\/strong><\/h5><p>Departamento de Educaci\u00f3n Primaria, Universidad de Creta Grecia Migraciones y atenci\u00f3n a personas mayores migrantes en situaci\u00f3n de vulnerabilidad. Colaboraci\u00f3n desde 2019.<\/p><h5><strong>Maciej Siwicki<\/strong><\/h5><p>Profesor Doctor Habilitado. Facultad de Ciencias Pol\u00edticas y Estudios de Seguridad. Experto en Cyberseguridad. Universidad Nicol\u00e1s Cop\u00e9rnico. Tor\u00fan, Polonia. Existe convenio con la ULL.<\/p><h5>Ricardo Filipe da Silva Pocinho<\/h5><p>Presidente de ANGES &#8211; Associa\u00e7\u00e3o Nacional de Gerontologia Social. Profesor Adjunto Escola Superior de Educa\u00e7\u00e3o e Ci\u00eancias Sociais &#8211; Polit\u00e9cnico de Leiria Investigador Integrado do CICS.NOVA.IP Leiria, Portugal<\/p>\t\t\t\t\t\t<\/div>\n\t\t\t\t<\/div>\n\t\t\t\t\t<\/div>\n\t\t<\/div>\n\t\t\t\t\t\t\t<\/div>\n\t\t<\/section>\n\t\t\t\t<section class=\"elementor-section elementor-top-section elementor-element elementor-element-6132b45 elementor-section-boxed elementor-section-height-default elementor-section-height-default\" data-id=\"6132b45\" data-element_type=\"section\" data-settings=\"{&quot;background_background&quot;:&quot;classic&quot;}\">\n\t\t\t\t\t\t\t<div class=\"elementor-background-overlay\"><\/div>\n\t\t\t\t\t\t\t<div class=\"elementor-container elementor-column-gap-default\">\n\t\t\t\t\t<div class=\"elementor-column elementor-col-50 elementor-top-column elementor-element elementor-element-fc2de17\" data-id=\"fc2de17\" data-element_type=\"column\">\n\t\t\t<div class=\"elementor-widget-wrap elementor-element-populated\">\n\t\t\t\t\t\t\t\t<div class=\"elementor-element elementor-element-f47f90d elementor-widget elementor-widget-spacer\" data-id=\"f47f90d\" data-element_type=\"widget\" data-widget_type=\"spacer.default\">\n\t\t\t\t<div class=\"elementor-widget-container\">\n\t\t\t\t\t<div class=\"elementor-spacer\">\n\t\t\t<div class=\"elementor-spacer-inner\"><\/div>\n\t\t<\/div>\n\t\t\t\t<\/div>\n\t\t\t\t<\/div>\n\t\t\t\t\t<\/div>\n\t\t<\/div>\n\t\t\t\t<div class=\"elementor-column elementor-col-50 elementor-top-column elementor-element elementor-element-281b112\" data-id=\"281b112\" data-element_type=\"column\">\n\t\t\t<div class=\"elementor-widget-wrap elementor-element-populated\">\n\t\t\t\t\t\t\t\t<div class=\"elementor-element elementor-element-d2ab4b7 elementor-widget elementor-widget-spacer\" data-id=\"d2ab4b7\" data-element_type=\"widget\" data-widget_type=\"spacer.default\">\n\t\t\t\t<div class=\"elementor-widget-container\">\n\t\t\t\t\t<div class=\"elementor-spacer\">\n\t\t\t<div class=\"elementor-spacer-inner\"><\/div>\n\t\t<\/div>\n\t\t\t\t<\/div>\n\t\t\t\t<\/div>\n\t\t\t\t\t<\/div>\n\t\t<\/div>\n\t\t\t\t\t\t\t<\/div>\n\t\t<\/section>\n\t\t\t\t\t\t\t<\/div>\n\t\t","protected":false},"excerpt":{"rendered":"<p>Direcci\u00f3n Ana Isabel Gonz\u00e1lez Herrera Profesora Contratada Doctora del Departamento de Did\u00e1ctica e Investigaci\u00f3n Educativa de la Facultad de Educaci\u00f3n Universidad de La Laguna. Coordinadora del \u00c1rea DOE del Departamento de Did\u00e1ctica e Investigaci\u00f3n Educativa e integrante del equipo de investigaci\u00f3n Diversidad, Salud y Educaci\u00f3n (DISAE), Facultad de Educaci\u00f3n, Universidad de La Laguna.\u00a0 Secretar\u00eda Isabel&#8230;<\/p>\n","protected":false},"author":17,"featured_media":0,"parent":0,"menu_order":0,"comment_status":"closed","ping_status":"closed","template":"","meta":[],"_links":{"self":[{"href":"https:\/\/www.ull.es\/catedras\/catedra-ciclos-de-vida-y-personas-mayores\/wp-json\/wp\/v2\/pages\/57"}],"collection":[{"href":"https:\/\/www.ull.es\/catedras\/catedra-ciclos-de-vida-y-personas-mayores\/wp-json\/wp\/v2\/pages"}],"about":[{"href":"https:\/\/www.ull.es\/catedras\/catedra-ciclos-de-vida-y-personas-mayores\/wp-json\/wp\/v2\/types\/page"}],"author":[{"embeddable":true,"href":"https:\/\/www.ull.es\/catedras\/catedra-ciclos-de-vida-y-personas-mayores\/wp-json\/wp\/v2\/users\/17"}],"replies":[{"embeddable":true,"href":"https:\/\/www.ull.es\/catedras\/catedra-ciclos-de-vida-y-personas-mayores\/wp-json\/wp\/v2\/comments?post=57"}],"version-history":[{"count":142,"href":"https:\/\/www.ull.es\/catedras\/catedra-ciclos-de-vida-y-personas-mayores\/wp-json\/wp\/v2\/pages\/57\/revisions"}],"predecessor-version":[{"id":789,"href":"https:\/\/www.ull.es\/catedras\/catedra-ciclos-de-vida-y-personas-mayores\/wp-json\/wp\/v2\/pages\/57\/revisions\/789"}],"wp:attachment":[{"href":"https:\/\/www.ull.es\/catedras\/catedra-ciclos-de-vida-y-personas-mayores\/wp-json\/wp\/v2\/media?parent=57"}],"curies":[{"name":"wp","href":"https:\/\/api.w.org\/{rel}","templated":true}]}}