{"id":62,"date":"2023-03-22T15:47:33","date_gmt":"2023-03-22T15:47:33","guid":{"rendered":"https:\/\/www.ull.es\/catedras\/catedra-ciclos-de-vida-y-personas-mayores\/?page_id=62"},"modified":"2025-04-03T08:03:11","modified_gmt":"2025-04-03T08:03:11","slug":"lineas-de-trabajo","status":"publish","type":"page","link":"https:\/\/www.ull.es\/catedras\/catedra-ciclos-de-vida-y-personas-mayores\/lineas-de-trabajo\/","title":{"rendered":"L\u00edneas de trabajo"},"content":{"rendered":"\t\t<div data-elementor-type=\"wp-page\" data-elementor-id=\"62\" class=\"elementor elementor-62\">\n\t\t\t\t\t\t\t\t\t<section class=\"elementor-section elementor-top-section elementor-element elementor-element-c298ce9 elementor-section-height-min-height elementor-hidden-mobile elementor-section-boxed elementor-section-height-default elementor-section-items-middle\" data-id=\"c298ce9\" data-element_type=\"section\" data-settings=\"{&quot;background_background&quot;:&quot;classic&quot;}\">\n\t\t\t\t\t\t\t<div class=\"elementor-background-overlay\"><\/div>\n\t\t\t\t\t\t\t<div class=\"elementor-container elementor-column-gap-default\">\n\t\t\t\t\t<div class=\"elementor-column elementor-col-100 elementor-top-column elementor-element elementor-element-3824d3b\" data-id=\"3824d3b\" data-element_type=\"column\">\n\t\t\t<div class=\"elementor-widget-wrap elementor-element-populated\">\n\t\t\t\t\t\t\t\t\t<\/div>\n\t\t<\/div>\n\t\t\t\t\t\t\t<\/div>\n\t\t<\/section>\n\t\t\t\t<section class=\"elementor-section elementor-top-section elementor-element elementor-element-ba60f42 elementor-section-height-min-height elementor-hidden-desktop elementor-hidden-tablet elementor-section-boxed elementor-section-height-default elementor-section-items-middle\" data-id=\"ba60f42\" data-element_type=\"section\" data-settings=\"{&quot;background_background&quot;:&quot;classic&quot;}\">\n\t\t\t\t\t\t\t<div class=\"elementor-background-overlay\"><\/div>\n\t\t\t\t\t\t\t<div class=\"elementor-container elementor-column-gap-default\">\n\t\t\t\t\t<div class=\"elementor-column elementor-col-100 elementor-top-column elementor-element elementor-element-451a035\" data-id=\"451a035\" data-element_type=\"column\">\n\t\t\t<div class=\"elementor-widget-wrap elementor-element-populated\">\n\t\t\t\t\t\t\t\t\t<\/div>\n\t\t<\/div>\n\t\t\t\t\t\t\t<\/div>\n\t\t<\/section>\n\t\t\t\t<section class=\"elementor-section elementor-top-section elementor-element elementor-element-27c8d47 elementor-section-boxed elementor-section-height-default elementor-section-height-default\" data-id=\"27c8d47\" data-element_type=\"section\" data-settings=\"{&quot;background_background&quot;:&quot;classic&quot;}\">\n\t\t\t\t\t\t<div class=\"elementor-container elementor-column-gap-default\">\n\t\t\t\t\t<div class=\"elementor-column elementor-col-100 elementor-top-column elementor-element elementor-element-bf589b6\" data-id=\"bf589b6\" data-element_type=\"column\">\n\t\t\t<div class=\"elementor-widget-wrap elementor-element-populated\">\n\t\t\t\t\t\t\t\t<div class=\"elementor-element elementor-element-be9fa22 elementor-widget elementor-widget-heading\" data-id=\"be9fa22\" data-element_type=\"widget\" data-widget_type=\"heading.default\">\n\t\t\t\t<div class=\"elementor-widget-container\">\n\t\t\t<style>\/*! elementor - v3.10.1 - 17-01-2023 *\/\n.elementor-heading-title{padding:0;margin:0;line-height:1}.elementor-widget-heading .elementor-heading-title[class*=elementor-size-]>a{color:inherit;font-size:inherit;line-height:inherit}.elementor-widget-heading .elementor-heading-title.elementor-size-small{font-size:15px}.elementor-widget-heading .elementor-heading-title.elementor-size-medium{font-size:19px}.elementor-widget-heading .elementor-heading-title.elementor-size-large{font-size:29px}.elementor-widget-heading .elementor-heading-title.elementor-size-xl{font-size:39px}.elementor-widget-heading .elementor-heading-title.elementor-size-xxl{font-size:59px}<\/style><h2 class=\"elementor-heading-title elementor-size-default\">Formaci\u00f3n<\/h2>\t\t<\/div>\n\t\t\t\t<\/div>\n\t\t\t\t\t<\/div>\n\t\t<\/div>\n\t\t\t\t\t\t\t<\/div>\n\t\t<\/section>\n\t\t\t\t<section class=\"elementor-section elementor-top-section elementor-element elementor-element-8051082 elementor-section-boxed elementor-section-height-default elementor-section-height-default\" data-id=\"8051082\" data-element_type=\"section\">\n\t\t\t\t\t\t<div class=\"elementor-container elementor-column-gap-default\">\n\t\t\t\t\t<div class=\"elementor-column elementor-col-50 elementor-top-column elementor-element elementor-element-a72d026\" data-id=\"a72d026\" data-element_type=\"column\">\n\t\t\t<div class=\"elementor-widget-wrap elementor-element-populated\">\n\t\t\t\t\t\t\t\t<div class=\"elementor-element elementor-element-2ffe97a elementor-widget elementor-widget-text-editor\" data-id=\"2ffe97a\" data-element_type=\"widget\" data-widget_type=\"text-editor.default\">\n\t\t\t\t<div class=\"elementor-widget-container\">\n\t\t\t<style>\/*! elementor - v3.10.1 - 17-01-2023 *\/\n.elementor-widget-text-editor.elementor-drop-cap-view-stacked .elementor-drop-cap{background-color:#818a91;color:#fff}.elementor-widget-text-editor.elementor-drop-cap-view-framed .elementor-drop-cap{color:#818a91;border:3px solid;background-color:transparent}.elementor-widget-text-editor:not(.elementor-drop-cap-view-default) .elementor-drop-cap{margin-top:8px}.elementor-widget-text-editor:not(.elementor-drop-cap-view-default) .elementor-drop-cap-letter{width:1em;height:1em}.elementor-widget-text-editor .elementor-drop-cap{float:left;text-align:center;line-height:1;font-size:50px}.elementor-widget-text-editor .elementor-drop-cap-letter{display:inline-block}<\/style>\t\t\t\t<p style=\"font-weight: 500;\">Programa de actividades 2024 enero-diciembre:<\/p><ul><li><span style=\"text-decoration: underline;\"><a href=\"https:\/\/www.ull.es\/portal\/agenda\/evento\/aprender-a-cuidar-a-las-personas-mayores-etica-sentimientos-y-ternura\/\" target=\"_blank\" rel=\"noopener\" target=\"_blank\" rel=\"noopener\"><span style=\"color: #333333;\"><strong>Curso Aprender a Cuidar a las Personas Mayores: \u00c9tica, sentimientos y ternura<\/strong><\/span><\/a><\/span><\/li><\/ul><p>Vicerrectorado de Cultura y Extensi\u00f3n Universitaria, ULL<\/p><ul><li><b>Curso Orientaciones y formaci\u00f3n jur\u00eddica para personas mayores<\/b><\/li><\/ul><p><span style=\"font-weight: 500;\">Ra\u00fal Acosta e Iv\u00e1n Hern\u00e1ndez<\/span><\/p>\t\t\t\t\t\t<\/div>\n\t\t\t\t<\/div>\n\t\t\t\t\t<\/div>\n\t\t<\/div>\n\t\t\t\t<div class=\"elementor-column elementor-col-50 elementor-top-column elementor-element elementor-element-0bee971 elementor-invisible\" data-id=\"0bee971\" data-element_type=\"column\" data-settings=\"{&quot;background_background&quot;:&quot;classic&quot;,&quot;animation&quot;:&quot;slideInRight&quot;}\">\n\t\t\t<div class=\"elementor-widget-wrap elementor-element-populated\">\n\t\t\t\t\t\t\t\t<div class=\"elementor-element elementor-element-7bf64cf elementor-widget elementor-widget-spacer\" data-id=\"7bf64cf\" data-element_type=\"widget\" data-widget_type=\"spacer.default\">\n\t\t\t\t<div class=\"elementor-widget-container\">\n\t\t\t<style>\/*! elementor - v3.10.1 - 17-01-2023 *\/\n.elementor-column .elementor-spacer-inner{height:var(--spacer-size)}.e-con{--container-widget-width:100%}.e-con-inner>.elementor-widget-spacer,.e-con>.elementor-widget-spacer{width:var(--container-widget-width,var(--spacer-size));--align-self:var(--container-widget-align-self,initial);--flex-shrink:0}.e-con-inner>.elementor-widget-spacer>.elementor-widget-container,.e-con-inner>.elementor-widget-spacer>.elementor-widget-container>.elementor-spacer,.e-con>.elementor-widget-spacer>.elementor-widget-container,.e-con>.elementor-widget-spacer>.elementor-widget-container>.elementor-spacer{height:100%}.e-con-inner>.elementor-widget-spacer>.elementor-widget-container>.elementor-spacer>.elementor-spacer-inner,.e-con>.elementor-widget-spacer>.elementor-widget-container>.elementor-spacer>.elementor-spacer-inner{height:var(--container-widget-height,var(--spacer-size))}<\/style>\t\t<div class=\"elementor-spacer\">\n\t\t\t<div class=\"elementor-spacer-inner\"><\/div>\n\t\t<\/div>\n\t\t\t\t<\/div>\n\t\t\t\t<\/div>\n\t\t\t\t\t<\/div>\n\t\t<\/div>\n\t\t\t\t\t\t\t<\/div>\n\t\t<\/section>\n\t\t\t\t<section class=\"elementor-section elementor-top-section elementor-element elementor-element-6d5ac1d elementor-section-boxed elementor-section-height-default elementor-section-height-default\" data-id=\"6d5ac1d\" data-element_type=\"section\" data-settings=\"{&quot;background_background&quot;:&quot;classic&quot;}\">\n\t\t\t\t\t\t<div class=\"elementor-container elementor-column-gap-default\">\n\t\t\t\t\t<div class=\"elementor-column elementor-col-100 elementor-top-column elementor-element elementor-element-2706b10\" data-id=\"2706b10\" data-element_type=\"column\">\n\t\t\t<div class=\"elementor-widget-wrap elementor-element-populated\">\n\t\t\t\t\t\t\t\t<div class=\"elementor-element elementor-element-45ef921 elementor-widget elementor-widget-heading\" data-id=\"45ef921\" data-element_type=\"widget\" data-widget_type=\"heading.default\">\n\t\t\t\t<div class=\"elementor-widget-container\">\n\t\t\t<h2 class=\"elementor-heading-title elementor-size-default\">Menci\u00f3n y premios<\/h2>\t\t<\/div>\n\t\t\t\t<\/div>\n\t\t\t\t\t<\/div>\n\t\t<\/div>\n\t\t\t\t\t\t\t<\/div>\n\t\t<\/section>\n\t\t\t\t<section class=\"elementor-section elementor-top-section elementor-element elementor-element-e7e61a6 elementor-section-boxed elementor-section-height-default elementor-section-height-default\" data-id=\"e7e61a6\" data-element_type=\"section\" data-settings=\"{&quot;background_background&quot;:&quot;classic&quot;}\">\n\t\t\t\t\t\t\t<div class=\"elementor-background-overlay\"><\/div>\n\t\t\t\t\t\t\t<div class=\"elementor-container elementor-column-gap-default\">\n\t\t\t\t\t<div class=\"elementor-column elementor-col-50 elementor-top-column elementor-element elementor-element-0a5acec\" data-id=\"0a5acec\" data-element_type=\"column\">\n\t\t\t<div class=\"elementor-widget-wrap elementor-element-populated\">\n\t\t\t\t\t\t\t\t<div class=\"elementor-element elementor-element-040764b elementor-widget elementor-widget-spacer\" data-id=\"040764b\" data-element_type=\"widget\" data-widget_type=\"spacer.default\">\n\t\t\t\t<div class=\"elementor-widget-container\">\n\t\t\t\t\t<div class=\"elementor-spacer\">\n\t\t\t<div class=\"elementor-spacer-inner\"><\/div>\n\t\t<\/div>\n\t\t\t\t<\/div>\n\t\t\t\t<\/div>\n\t\t\t\t\t<\/div>\n\t\t<\/div>\n\t\t\t\t<div class=\"elementor-column elementor-col-50 elementor-top-column elementor-element elementor-element-0341e04\" data-id=\"0341e04\" data-element_type=\"column\">\n\t\t\t<div class=\"elementor-widget-wrap elementor-element-populated\">\n\t\t\t\t\t\t\t\t<div class=\"elementor-element elementor-element-cd2c1a4 elementor-widget elementor-widget-text-editor\" data-id=\"cd2c1a4\" data-element_type=\"widget\" data-widget_type=\"text-editor.default\">\n\t\t\t\t<div class=\"elementor-widget-container\">\n\t\t\t\t\t\t\t<strong>Menci\u00f3n al M\u00e9rito Cient\u00edfico y \u00c9tica del Cuidado<\/strong>\n\n<p style=\"font-weight:500\">Menci\u00f3n al M\u00e9rito Cient\u00edfico y \u00c9tica del Cuidado a Antonio Mart\u00edn-Hern\u00e1ndez de la Universidad de La Laguna por su TFG en 2023: \u00ab<span style=\"font-weight: 500;\">El rol vital de los abuelos y abuelas en la educaci\u00f3n y desarrollo con los nietos y nietas en la familia contempor\u00e1nea\u00bb.<\/span><\/p>\t\t\t\t\t\t<\/div>\n\t\t\t\t<\/div>\n\t\t\t\t\t<\/div>\n\t\t<\/div>\n\t\t\t\t\t\t\t<\/div>\n\t\t<\/section>\n\t\t\t\t<section class=\"elementor-section elementor-top-section elementor-element elementor-element-bb3f383 elementor-section-boxed elementor-section-height-default elementor-section-height-default\" data-id=\"bb3f383\" data-element_type=\"section\" data-settings=\"{&quot;background_background&quot;:&quot;classic&quot;}\">\n\t\t\t\t\t\t<div class=\"elementor-container elementor-column-gap-default\">\n\t\t\t\t\t<div class=\"elementor-column elementor-col-100 elementor-top-column elementor-element elementor-element-e4e8201\" data-id=\"e4e8201\" data-element_type=\"column\">\n\t\t\t<div class=\"elementor-widget-wrap elementor-element-populated\">\n\t\t\t\t\t\t\t\t<div class=\"elementor-element elementor-element-9588419 elementor-widget elementor-widget-heading\" data-id=\"9588419\" data-element_type=\"widget\" data-widget_type=\"heading.default\">\n\t\t\t\t<div class=\"elementor-widget-container\">\n\t\t\t<h2 class=\"elementor-heading-title elementor-size-default\">Investigaci\u00f3n<\/h2>\t\t<\/div>\n\t\t\t\t<\/div>\n\t\t\t\t\t<\/div>\n\t\t<\/div>\n\t\t\t\t\t\t\t<\/div>\n\t\t<\/section>\n\t\t\t\t<section class=\"elementor-section elementor-top-section elementor-element elementor-element-8145291 elementor-reverse-mobile elementor-section-boxed elementor-section-height-default elementor-section-height-default\" data-id=\"8145291\" data-element_type=\"section\" data-settings=\"{&quot;background_background&quot;:&quot;classic&quot;}\">\n\t\t\t\t\t\t\t<div class=\"elementor-background-overlay\"><\/div>\n\t\t\t\t\t\t\t<div class=\"elementor-container elementor-column-gap-default\">\n\t\t\t\t\t<div class=\"elementor-column elementor-col-50 elementor-top-column elementor-element elementor-element-a4ca618\" data-id=\"a4ca618\" data-element_type=\"column\">\n\t\t\t<div class=\"elementor-widget-wrap elementor-element-populated\">\n\t\t\t\t\t\t\t\t<div class=\"elementor-element elementor-element-94233c7 elementor-widget elementor-widget-text-editor\" data-id=\"94233c7\" data-element_type=\"widget\" data-widget_type=\"text-editor.default\">\n\t\t\t\t<div class=\"elementor-widget-container\">\n\t\t\t\t\t\t\t<strong>INVESTIGACI\u00d3N<\/strong>\n\n<span style=\"font-weight: 500;\">La vida cotidiana de las mujeres mayores en el \u00e1mbito rural: presente, necesidades y futuro [etnograf\u00eda y g\u00e9nero].<\/span>\t\t\t\t\t\t<\/div>\n\t\t\t\t<\/div>\n\t\t\t\t\t<\/div>\n\t\t<\/div>\n\t\t\t\t<div class=\"elementor-column elementor-col-50 elementor-top-column elementor-element elementor-element-14474bd\" data-id=\"14474bd\" data-element_type=\"column\">\n\t\t\t<div class=\"elementor-widget-wrap elementor-element-populated\">\n\t\t\t\t\t\t\t\t<div class=\"elementor-element elementor-element-b52fa63 elementor-widget elementor-widget-spacer\" data-id=\"b52fa63\" data-element_type=\"widget\" data-widget_type=\"spacer.default\">\n\t\t\t\t<div class=\"elementor-widget-container\">\n\t\t\t\t\t<div class=\"elementor-spacer\">\n\t\t\t<div class=\"elementor-spacer-inner\"><\/div>\n\t\t<\/div>\n\t\t\t\t<\/div>\n\t\t\t\t<\/div>\n\t\t\t\t\t<\/div>\n\t\t<\/div>\n\t\t\t\t\t\t\t<\/div>\n\t\t<\/section>\n\t\t\t\t<section class=\"elementor-section elementor-top-section elementor-element elementor-element-44602e9 elementor-section-boxed elementor-section-height-default elementor-section-height-default\" data-id=\"44602e9\" data-element_type=\"section\" data-settings=\"{&quot;background_background&quot;:&quot;classic&quot;}\">\n\t\t\t\t\t\t<div class=\"elementor-container elementor-column-gap-default\">\n\t\t\t\t\t<div class=\"elementor-column elementor-col-100 elementor-top-column elementor-element elementor-element-6558ff7\" data-id=\"6558ff7\" data-element_type=\"column\">\n\t\t\t<div class=\"elementor-widget-wrap elementor-element-populated\">\n\t\t\t\t\t\t\t\t<div class=\"elementor-element elementor-element-e4e3918 elementor-widget elementor-widget-heading\" data-id=\"e4e3918\" data-element_type=\"widget\" data-widget_type=\"heading.default\">\n\t\t\t\t<div class=\"elementor-widget-container\">\n\t\t\t<h2 class=\"elementor-heading-title elementor-size-default\">Transferencia de conocimiento<\/h2>\t\t<\/div>\n\t\t\t\t<\/div>\n\t\t\t\t\t<\/div>\n\t\t<\/div>\n\t\t\t\t\t\t\t<\/div>\n\t\t<\/section>\n\t\t\t\t<section class=\"elementor-section elementor-top-section elementor-element elementor-element-27a3fa0 elementor-reverse-mobile elementor-section-boxed elementor-section-height-default elementor-section-height-default\" data-id=\"27a3fa0\" data-element_type=\"section\" data-settings=\"{&quot;background_background&quot;:&quot;classic&quot;}\">\n\t\t\t\t\t\t\t<div class=\"elementor-background-overlay\"><\/div>\n\t\t\t\t\t\t\t<div class=\"elementor-container elementor-column-gap-default\">\n\t\t\t\t\t<div class=\"elementor-column elementor-col-50 elementor-top-column elementor-element elementor-element-773c086 animated-slow elementor-invisible\" data-id=\"773c086\" data-element_type=\"column\" data-settings=\"{&quot;background_background&quot;:&quot;classic&quot;,&quot;animation&quot;:&quot;slideInLeft&quot;,&quot;animation_delay&quot;:2000}\">\n\t\t\t<div class=\"elementor-widget-wrap elementor-element-populated\">\n\t\t\t\t\t\t\t\t<div class=\"elementor-element elementor-element-13973e3 elementor-widget elementor-widget-spacer\" data-id=\"13973e3\" data-element_type=\"widget\" data-widget_type=\"spacer.default\">\n\t\t\t\t<div class=\"elementor-widget-container\">\n\t\t\t\t\t<div class=\"elementor-spacer\">\n\t\t\t<div class=\"elementor-spacer-inner\"><\/div>\n\t\t<\/div>\n\t\t\t\t<\/div>\n\t\t\t\t<\/div>\n\t\t\t\t\t<\/div>\n\t\t<\/div>\n\t\t\t\t<div class=\"elementor-column elementor-col-50 elementor-top-column elementor-element elementor-element-660dd43\" data-id=\"660dd43\" data-element_type=\"column\" data-settings=\"{&quot;background_background&quot;:&quot;classic&quot;}\">\n\t\t\t<div class=\"elementor-widget-wrap elementor-element-populated\">\n\t\t\t\t\t\t\t\t<div class=\"elementor-element elementor-element-201100c elementor-widget elementor-widget-text-editor\" data-id=\"201100c\" data-element_type=\"widget\" data-widget_type=\"text-editor.default\">\n\t\t\t\t<div class=\"elementor-widget-container\">\n\t\t\t\t\t\t\t<p><strong>TRANSFERENCIA DEL CONOCIMIENTO<\/strong><\/p><ul><li><a href=\"https:\/\/drive.google.com\/file\/d\/1nH-ZXO2oeyCgmW9RMuND0gzAfkHWS9ZI\/view?usp=sharing\" target=\"_blank\" rel=\"noopener\" target=\"_blank\" rel=\"noopener\">Salud, calidad de vida y g\u00e9nero en personas mayores (2023)<\/a><\/li><li><a href=\"https:\/\/drive.google.com\/file\/d\/1HGqCqUo-Mn7CjIugC-9V2mzTx5t74_BT\/view?usp=sharing\" target=\"_blank\" rel=\"noopener\" target=\"_blank\" rel=\"noopener\">Memoria de las actividades desarrolladas durante 2023<\/a><\/li><li><a href=\"https:\/\/drive.google.com\/file\/d\/1fk9hry7GpsleV6I8uu-DjC6QMyF23CXK\/view?usp=sharing\" target=\"_blank\" rel=\"noopener\" target=\"_blank\" rel=\"noopener\">Memoria de las actividades desarrolladas durante 2024<\/a><\/li><li>Se ha establecido un v\u00ednculo de colaboraci\u00f3n entre la c\u00e1tedra, el proyecto \u00cdnsula de\u00a0 la Asociaci\u00f3n Internacional de Universidades de la tercera Edad y el\u00a0 Instituto Universitario de Investigaci\u00f3n Social y Turismo.<\/li><\/ul><p><strong>Publicaciones<\/strong><\/p><ul><li><a href=\"https:\/\/ojs.wsb.edu.pl\/index.php\/bgs\/libraryFiles\/downloadPublic\/32%20\" target=\"_blank\" rel=\"noopener\" data-saferedirecturl=\"https:\/\/www.google.com\/url?q=https:\/\/ojs.wsb.edu.pl\/index.php\/bgs\/libraryFiles\/downloadPublic\/32%2520&amp;source=gmail&amp;ust=1737621203342000&amp;usg=AOvVaw1iPJoV5j7ZVSVwaUI8IgrR\" target=\"_blank\" rel=\"noopener\">&#8216;Older Women&#8217;s Everyday Life in the Canary Islands&#8217;<\/a>, de Elvira Molina Fern\u00e1ndez y Fernando Barrag\u00e1n Medero<\/li><li><a href=\"https:\/\/www.eduser.ipb.pt\/index.php\/eduser\/article\/view\/269\" target=\"_blank\" rel=\"noopener\" target=\"_blank\" rel=\"noopener\">The vital role of grandparents in the education and development of grandchildren in the contemporary family<\/a><\/li><li><strong>Elaboraci\u00f3n de Testamento y Donaciones<\/strong><br \/>Ra\u00fal Acosta e Iv\u00e1n Hern\u00e1ndez<br \/>Editorial Octaedro<\/li><li><a href=\"https:\/\/www.uhu.es\/publicaciones\/ojs\/index.php\/amc\/article\/view\/8102\" target=\"_blank\" rel=\"noopener\" target=\"_blank\" rel=\"noopener\">C\u00e1tedra institucional, ciclos de vida y personas mayores. Cabildo de Tenerife y Universidad de La Laguna. Una propuesta para la felicidad, la ternura y la igualdad<\/a>.<\/li><\/ul><p><strong>Cambia, todo cambia<\/strong><\/p><p style=\"font-weight: 500;\">Cortometraje &#8216;La vida de las personas mayores. Violencia, soledad no deseada, ternura&#8217;<br \/>Direcci\u00f3n Mabel Lozano<br \/>Guion: Mabel Lozano y Fernando Barrag\u00e1n<\/p>\t\t\t\t\t\t<\/div>\n\t\t\t\t<\/div>\n\t\t\t\t\t<\/div>\n\t\t<\/div>\n\t\t\t\t\t\t\t<\/div>\n\t\t<\/section>\n\t\t\t\t\t\t\t<\/div>\n\t\t","protected":false},"excerpt":{"rendered":"<p>Formaci\u00f3n Programa de actividades 2024 enero-diciembre: Curso Aprender a Cuidar a las Personas Mayores: \u00c9tica, sentimientos y ternura Vicerrectorado de Cultura y Extensi\u00f3n Universitaria, ULL Curso Orientaciones y formaci\u00f3n jur\u00eddica para personas mayores Ra\u00fal Acosta e Iv\u00e1n Hern\u00e1ndez Menci\u00f3n y premios Menci\u00f3n al M\u00e9rito Cient\u00edfico y \u00c9tica del Cuidado Menci\u00f3n al M\u00e9rito Cient\u00edfico y \u00c9tica&#8230;<\/p>\n","protected":false},"author":17,"featured_media":0,"parent":0,"menu_order":0,"comment_status":"closed","ping_status":"closed","template":"","meta":[],"_links":{"self":[{"href":"https:\/\/www.ull.es\/catedras\/catedra-ciclos-de-vida-y-personas-mayores\/wp-json\/wp\/v2\/pages\/62"}],"collection":[{"href":"https:\/\/www.ull.es\/catedras\/catedra-ciclos-de-vida-y-personas-mayores\/wp-json\/wp\/v2\/pages"}],"about":[{"href":"https:\/\/www.ull.es\/catedras\/catedra-ciclos-de-vida-y-personas-mayores\/wp-json\/wp\/v2\/types\/page"}],"author":[{"embeddable":true,"href":"https:\/\/www.ull.es\/catedras\/catedra-ciclos-de-vida-y-personas-mayores\/wp-json\/wp\/v2\/users\/17"}],"replies":[{"embeddable":true,"href":"https:\/\/www.ull.es\/catedras\/catedra-ciclos-de-vida-y-personas-mayores\/wp-json\/wp\/v2\/comments?post=62"}],"version-history":[{"count":226,"href":"https:\/\/www.ull.es\/catedras\/catedra-ciclos-de-vida-y-personas-mayores\/wp-json\/wp\/v2\/pages\/62\/revisions"}],"predecessor-version":[{"id":766,"href":"https:\/\/www.ull.es\/catedras\/catedra-ciclos-de-vida-y-personas-mayores\/wp-json\/wp\/v2\/pages\/62\/revisions\/766"}],"wp:attachment":[{"href":"https:\/\/www.ull.es\/catedras\/catedra-ciclos-de-vida-y-personas-mayores\/wp-json\/wp\/v2\/media?parent=62"}],"curies":[{"name":"wp","href":"https:\/\/api.w.org\/{rel}","templated":true}]}}