{"id":2,"date":"2020-08-04T09:59:54","date_gmt":"2020-08-04T09:59:54","guid":{"rendered":"https:\/\/www.ull.es\/catedras\/catedra-derecho-registral-bienvenido-oliver\/?page_id=2"},"modified":"2020-10-26T09:09:35","modified_gmt":"2020-10-26T09:09:35","slug":"pagina-ejemplo","status":"publish","type":"page","link":"https:\/\/www.ull.es\/catedras\/catedra-derecho-registral-bienvenido-oliver\/","title":{"rendered":"Inicio"},"content":{"rendered":"<p>[vc_row css=\u00bb.vc_custom_1593425941338{margin-bottom: 0px !important;padding-bottom: 0px !important;}\u00bb][vc_column css=\u00bb.vc_custom_1593425920124{margin-bottom: 0px !important;padding-bottom: 0px !important;}\u00bb][rev_slider_vc alias=\u00bbnews-gallery4&#8243;][\/vc_column][\/vc_row][vc_row][vc_column][vc_empty_space][\/vc_column][\/vc_row][vc_row css_animation=\u00bbfadeInUp\u00bb][vc_column][vc_row_inner][vc_column_inner][vc_empty_space height=\u00bb20px\u00bb][vc_column_text]<\/p>\n<p style=\"text-align: center;\"><span style=\"font-weight: 400;\">La C\u00e1tedra cultural \u00abBienvenido Oliver\u00bb tiene su origen en los acuerdos de colaboraci\u00f3n entre el Ilustre Colegio de Registradores de la Propiedad, Mercantiles y de Bienes Muebles y diversas Universidades espa\u00f1olas con el objetivo de promover el estudio de Derecho registral por medio de la organizaci\u00f3n conjunta de actividades de ense\u00f1anza e investigaci\u00f3n.<\/span><\/p>\n<p style=\"text-align: center;\"><span style=\"font-weight: 400;\">El objetivo fundamental de esta c\u00e1tedra es profundizar en la docencia, el estudio y la investigaci\u00f3n en el Derecho inmobiliario registral, por una parte, y en el Derecho de sociedades, por otra, complementando de esta manera la ense\u00f1anza reglada que se ofrece tanto en el Grado en Derecho como en los estudios de m\u00e1ster y doctorado.<\/span><\/p>\n<p>[\/vc_column_text][vc_empty_space height=\u00bb20px\u00bb][\/vc_column_inner][\/vc_row_inner][\/vc_column][\/vc_row][vc_row][vc_column][vc_empty_space][\/vc_column][\/vc_row][vc_row disable_element=\u00bbyes\u00bb][vc_column width=\u00bb1\/3&#8243;][vc_message message_box_style=\u00bboutline\u00bb style=\u00bbsquare\u00bb icon_fontawesome=\u00bbfa fa-user-circle\u00bb css_animation=\u00bbbounceIn\u00bb]<a style=\"color: #000000;\" href=\"https:\/\/www.ull.es\/catedras\/catedra-fundacion-cepsa\/objetivos-y-lineas-de-actividad\/\" target=\"_blank\" rel=\"noopener\">L\u00edneas de actividad<\/a>[\/vc_message][\/vc_column][vc_column width=\u00bb1\/3&#8243;][vc_message message_box_style=\u00bboutline\u00bb style=\u00bbsquare\u00bb icon_fontawesome=\u00bbfa fa-book\u00bb css_animation=\u00bbbounceIn\u00bb]<a style=\"color: #000000;\" href=\"https:\/\/www.ull.es\/catedras\/catedra-fundacion-cepsa\/proyectos\/\" target=\"_blank\" rel=\"noopener\">Proyectos<\/a>[\/vc_message][\/vc_column][vc_column width=\u00bb1\/3&#8243;][vc_message message_box_style=\u00bboutline\u00bb style=\u00bbsquare\u00bb icon_fontawesome=\u00bbfa fa-calendar-o\u00bb css_animation=\u00bbbounceIn\u00bb]<a style=\"color: #000000;\" href=\"https:\/\/www.ull.es\/catedras\/catedra-fundacion-cepsa\/convocatorias\/\" target=\"_blank\" rel=\"noopener\">Convocatorias<\/a>[\/vc_message][\/vc_column][\/vc_row][vc_row][vc_column css_animation=\u00bbfadeInLeft\u00bb width=\u00bb1\/3&#8243; el_class=\u00bbmorado\u00bb][vc_column_text css_animation=\u00bbfadeInLeft\u00bb]<\/p>\n<p class=\"personas\"><a class=\"text-mobile\" href=\"https:\/\/www.ull.es\/catedras\/catedra-derecho-registral-bienvenido-oliver\/la-catedra\/\" target=\"_blank\" rel=\"noopener\">La C\u00e1tedra<\/a><\/p>\n<p>[\/vc_column_text][\/vc_column][vc_column css_animation=\u00bbfadeInDown\u00bb width=\u00bb1\/3&#8243; el_class=\u00bbmorado\u00bb][vc_column_text css_animation=\u00bbfadeInUp\u00bb]<\/p>\n<p class=\"personas\"><a class=\"text-mobile\" href=\"https:\/\/www.ull.es\/catedras\/catedra-derecho-registral-bienvenido-oliver\/miembros\/\" target=\"_blank\" rel=\"noopener\">Miembros<\/a><\/p>\n<p>[\/vc_column_text][\/vc_column][vc_column css_animation=\u00bbfadeInRight\u00bb width=\u00bb1\/3&#8243; el_class=\u00bbmorado\u00bb][vc_column_text css_animation=\u00bbfadeInRight\u00bb]<\/p>\n<p class=\"personas\"><a class=\"text-mobile\" href=\"https:\/\/www.ull.es\/catedras\/catedra-derecho-registral-bienvenido-oliver\/noticias\/\" target=\"_blank\" rel=\"noopener\">Noticias<\/a><\/p>\n<p>[\/vc_column_text][\/vc_column][\/vc_row][vc_row][vc_column][vc_empty_space][\/vc_column][\/vc_row][vc_row full_width=\u00bbstretch_row\u00bb css=\u00bb.vc_custom_1493903710709{margin-bottom: 50px !important;background-color: #ffffff !important;}\u00bb][vc_column width=\u00bb1\/3&#8243;][vc_column_text]<style>\n    .news-group .bg-size {\n        background-position: center;\n        background-size: cover;\n        width: 100%;\n        height: 48px;\n    }\n    .news-group .list-group-item-text {\n        font-size: 13px;\n    }\n    .news-group .col-md-3 {\n        padding-right: 0;\n    }\n    .news-group .list-group-item-date {\n        font-size: 11px;\n        color: #A4A4A4;\n        margin-bottom: 2px;\n        text-transform: uppercase;\n    }\n\n    .mensaje.alert-warning{\n        font-size: 12px;\n        margin: 14px !important;\n        padding: 4px 8px;\n        color: #cca60b;\n    }\n<\/style>\n\n<div class=\"panel panel-default\">\n    <div class=\"panel-heading\">\n        <h3 class=\"panel-title\">Noticias<\/h3>\n    <\/div>\n\n    <div class=\"list-group news-group\">\n                    <a href=\"https:\/\/www.ull.es\/portal\/noticias\/2022\/la-ull-refuerza-su-colaboracion-con-el-colegio-de-registradores-de-la-propiedad-y-mercantiles\/\" class=\"list-group-item\">\n                <div class=\"row\">\n                    <div class=\"col-md-3\">\n                        <div class=\"bg-size\" style=\"background-image: url('https:\/\/www.ull.es\/portal\/noticias\/wp-content\/uploads\/sites\/13\/2022\/02\/convenio-registradores-300x200.jpg');\"><\/div>\n                    <\/div>\n                    <div class=\"col-md-9\">\n                        <p class=\"list-group-item-date\">\n                            08 Feb 2022 - 13:36 UTC                        <\/p>\n                        <p class=\"list-group-item-text\">La ULL refuerza su colaboraci\u00f3n con el Colegio de Registradores de la Propiedad y Mercantiles<\/p>\n                    <\/div>\n                <\/div>\n            <\/a>\n                    <a href=\"https:\/\/www.ull.es\/portal\/noticias\/2021\/el-periodico-cinco-dias-se-hace-eco-del-seminario-retos-actuales-del-registro-de-la-propiedad\/\" class=\"list-group-item\">\n                <div class=\"row\">\n                    <div class=\"col-md-3\">\n                        <div class=\"bg-size\" style=\"background-image: url('https:\/\/www.ull.es\/portal\/noticias\/wp-content\/uploads\/sites\/13\/2021\/10\/WhatsApp-Image-2021-10-06-at-11.10.58-300x200.jpeg');\"><\/div>\n                    <\/div>\n                    <div class=\"col-md-9\">\n                        <p class=\"list-group-item-date\">\n                            06 Oct 2021 - 12:38 UTC                        <\/p>\n                        <p class=\"list-group-item-text\">El peri\u00f3dico &#8216;Cinco D\u00edas&#8217; se hace eco del seminario &#8216;Retos actuales del Registro de la propiedad&#8217;<\/p>\n                    <\/div>\n                <\/div>\n            <\/a>\n                    <a href=\"https:\/\/www.ull.es\/portal\/noticias\/2020\/presentada-la-catedra-cultural-bienvenido-oliver-dedicada-al-estudio-del-derecho-registral\/\" class=\"list-group-item\">\n                <div class=\"row\">\n                    <div class=\"col-md-3\">\n                        <div class=\"bg-size\" style=\"background-image: url('https:\/\/www.ull.es\/portal\/noticias\/wp-content\/uploads\/sites\/13\/2020\/11\/Catedra-Bienvenido-Oliver-directora-Elena-Sanchez-rectora-Rosa-Aguilar-videcana-Azucena-Morales-coordinador-Jose-Ma-Sueira-300x200.jpg');\"><\/div>\n                    <\/div>\n                    <div class=\"col-md-9\">\n                        <p class=\"list-group-item-date\">\n                            06 Nov 2020 - 15:06 UTC                        <\/p>\n                        <p class=\"list-group-item-text\">Presentada la C\u00e1tedra Cultural Bienvenido Oliver dedicada al estudio del derecho registral<\/p>\n                    <\/div>\n                <\/div>\n            <\/a>\n            <\/div>\n    <div class=\"panel-footer\">\n        <a href=\"https:\/\/www.ull.es\/portal\/noticias\/?cat=6829\">M\u00c1S NOTICIAS <i class=\"fa fa-chevron-right\"><\/i><\/a>\n    <\/div>\n\n\n<\/div>[\/vc_column_text][\/vc_column][vc_column width=\u00bb1\/3&#8243;][vc_column_text]\n<style>\n    .events-group .bg-size {\n        background-position: center;\n        background-size: cover;\n        width: 100%;\n        height: 48px;\n    }\n    .events-group .list-group-item-text {\n        font-size: 13px;\n    }\n    .events-group .col-md-3 {\n        padding-right: 0;\n    }\n    .events-group .list-group-item-date {\n        font-size: 11px;\n        color: #A4A4A4;\n        margin-bottom: 2px;\n        text-transform: uppercase;\n    }\n\n    .mensaje.alert-warning{\n        font-size: 12px;\n        margin: 14px !important;\n        padding: 4px 8px;\n        color: #cca60b;\n    }\n\n<\/style>\n\n<div class=\"panel panel-default\">\n    <div class=\"panel-heading\">\n        <h3 class=\"panel-title\">Eventos<\/h3>\n    <\/div>\n\n    <div class=\"list-group events-group\">\n\n        <div class=\"mensaje alert alert-warning\">No hay eventos disponibles.<\/div>\n    <\/div>\n\n\n<\/div>\n[\/vc_column_text][\/vc_column][vc_column width=\u00bb1\/3&#8243;][vc_column_text]<\/p>\n<ul class=\"widget-box\" style=\"margin: 0px !important; padding: 0px !important;\">\n<li class=\"contacto-header\">Informaci\u00f3n de contacto<\/li>\n<li><i class=\"fa fa-map-marker\"><\/i> Departamento de Disciplinas Jur\u00eddicas B\u00e1sicas (\u00e1rea de Derecho civil)<\/li>\n<li>Apartado 456<\/li>\n<li>38200 La Laguna, Tenerife<\/li>\n<li><i class=\"fa fa-phone\"><\/i> (+34) 922 31 74 17\u00a0 |\u00a0 (+34) 922 31 73 99<\/li>\n<li><i class=\"fa fa-envelope\"><\/i><a href=\"mailto:cboliver@ull.edu.es\" target=\"_blank\" rel=\"noopener\"> cboliver@ull.edu.es<\/a><\/li>\n<\/ul>\n<p>[\/vc_column_text][vc_column_text]\n    \n<style>\n    .google-maps {\n        position: relative;\n        padding-bottom: 75%;\n        height: 0;\n        overflow: hidden;\n    }\n    .google-maps iframe {\n        position: absolute;\n        top: 0;\n        left: 0;\n        width: 100% !important;\n        height: 100% !important;\n    }\n<\/style>\n\n\n<div class=\"google-maps\">\n    <iframe src=\"https:\/\/www.openstreetmap.org\/export\/embed.html?bbox=-16.30590617411%2C28.46362704426%2C-16.29976236452%2C28.46943926654&amp;layer=mapnik&amp;marker=28.46781%2C-16.30308\" style=\"border: 1px solid black\"><\/iframe>\n<\/div>\n\n<div class=\"btn-widget\">\n    <a href=\"https:\/\/www.openstreetmap.org\/directions?engine=graphhopper_car&from=&to=28.46781%2C-16.30308#map=17\/28.46781\/-16.30308\">C\u00f3mo llegar<\/a>  \n<\/div>\n\n  <\/body>\n<\/html>\n\n[\/vc_column_text][\/vc_column][\/vc_row][vc_row][vc_column][vc_empty_space][\/vc_column][\/vc_row]<\/p>\n","protected":false},"excerpt":{"rendered":"<p>[vc_row css=\u00bb.vc_custom_1593425941338{margin-bottom: 0px !important;padding-bottom: 0px !important;}\u00bb][vc_column css=\u00bb.vc_custom_1593425920124{margin-bottom: 0px !important;padding-bottom: 0px !important;}\u00bb][rev_slider_vc alias=\u00bbnews-gallery4&#8243;][\/vc_column][\/vc_row][vc_row][vc_column][vc_empty_space][\/vc_column][\/vc_row][vc_row css_animation=\u00bbfadeInUp\u00bb][vc_column][vc_row_inner][vc_column_inner][vc_empty_space height=\u00bb20px\u00bb][vc_column_text] La C\u00e1tedra cultural \u00abBienvenido Oliver\u00bb tiene su origen en los acuerdos de colaboraci\u00f3n entre el Ilustre Colegio de Registradores de la Propiedad, Mercantiles y de Bienes Muebles y diversas Universidades espa\u00f1olas con el objetivo de promover el estudio de Derecho registral&#8230;<\/p>\n","protected":false},"author":2,"featured_media":0,"parent":0,"menu_order":0,"comment_status":"closed","ping_status":"open","template":"templates\/template-frontpage.php","meta":[],"_links":{"self":[{"href":"https:\/\/www.ull.es\/catedras\/catedra-derecho-registral-bienvenido-oliver\/wp-json\/wp\/v2\/pages\/2"}],"collection":[{"href":"https:\/\/www.ull.es\/catedras\/catedra-derecho-registral-bienvenido-oliver\/wp-json\/wp\/v2\/pages"}],"about":[{"href":"https:\/\/www.ull.es\/catedras\/catedra-derecho-registral-bienvenido-oliver\/wp-json\/wp\/v2\/types\/page"}],"author":[{"embeddable":true,"href":"https:\/\/www.ull.es\/catedras\/catedra-derecho-registral-bienvenido-oliver\/wp-json\/wp\/v2\/users\/2"}],"replies":[{"embeddable":true,"href":"https:\/\/www.ull.es\/catedras\/catedra-derecho-registral-bienvenido-oliver\/wp-json\/wp\/v2\/comments?post=2"}],"version-history":[{"count":10,"href":"https:\/\/www.ull.es\/catedras\/catedra-derecho-registral-bienvenido-oliver\/wp-json\/wp\/v2\/pages\/2\/revisions"}],"predecessor-version":[{"id":71,"href":"https:\/\/www.ull.es\/catedras\/catedra-derecho-registral-bienvenido-oliver\/wp-json\/wp\/v2\/pages\/2\/revisions\/71"}],"wp:attachment":[{"href":"https:\/\/www.ull.es\/catedras\/catedra-derecho-registral-bienvenido-oliver\/wp-json\/wp\/v2\/media?parent=2"}],"curies":[{"name":"wp","href":"https:\/\/api.w.org\/{rel}","templated":true}]}}