{"id":24,"date":"2020-08-05T09:11:12","date_gmt":"2020-08-05T09:11:12","guid":{"rendered":"https:\/\/www.ull.es\/catedras\/catedra-derecho-registral-bienvenido-oliver\/?page_id=24"},"modified":"2021-12-07T09:26:22","modified_gmt":"2021-12-07T09:26:22","slug":"miembros","status":"publish","type":"page","link":"https:\/\/www.ull.es\/catedras\/catedra-derecho-registral-bienvenido-oliver\/miembros\/","title":{"rendered":"Miembros"},"content":{"rendered":"<p>[vc_row][vc_column css=\u00bb.vc_custom_1594731766583{padding-bottom: 20px !important;}\u00bb][vc_column_text]<\/p>\n<h1 class=\"container ull-site-title-blank\">Miembros<\/h1>\n<p>[\/vc_column_text][\/vc_column][\/vc_row][vc_row full_width=\u00bbstretch_row_content\u00bb equal_height=\u00bbyes\u00bb][vc_column css=\u00bb.vc_custom_1588936329456{padding-top: 5% !important;padding-right: 10% !important;padding-bottom: 5% !important;padding-left: 10% !important;background-color: #f2f2f2 !important;}\u00bb][vc_column_text]<\/p>\n<h2><b>Equipo de direcci\u00f3n<\/b><\/h2>\n<p><span style=\"font-weight: 400;\">Directora ULL:<strong> M\u00aa Elena S\u00e1nchez Jord\u00e1n<\/strong><\/span><\/p>\n<p><span style=\"font-weight: 400;\">Director Colegio de Registradores: <strong>Jos\u00e9 Mar\u00eda Sieira Gil<\/strong><\/span><\/p>\n<p><span style=\"font-weight: 400;\">Secretaria:<strong> Lourdes Melero Bosch<\/strong><\/span><\/p>\n<p>&nbsp;<\/p>\n<h2><b>Miembros externos<\/b><\/h2>\n<p><strong><span style=\"font-weight: 400;\">CORPME<\/span><i><span style=\"font-weight: 400;\">: <\/span><\/i>Carlos Celestino Lalanda |<\/strong> 922209177 <strong>| <span style=\"font-weight: 400;\">decanato.tenerife@registradores.org<\/span><\/strong><\/p>\n<p><strong><span style=\"font-weight: 400;\">CORPME<\/span><i><span style=\"font-weight: 400;\">: <\/span><\/i>Mar\u00eda Azucena Morales Gonz\u00e1lez\u00a0|<\/strong> 922209177 <strong>| <span style=\"font-weight: 400;\">decanato.tenerife@registradores.org<\/span><\/strong><\/p>\n<p><strong><span style=\"font-weight: 400;\">CORPME<\/span><i><span style=\"font-weight: 400;\">: <\/span><\/i>Carlos Tocino Flores\u00a0|<\/strong> 922209177 <strong>| <span style=\"font-weight: 400;\">decanato.tenerife@registradores.org<\/span><\/strong><\/p>\n<p><strong><span style=\"font-weight: 400;\">CORPME<\/span><i><span style=\"font-weight: 400;\">: <\/span><\/i>Miguel \u00c1ngel Gonz\u00e1lez Garr\u00f3s \u00a0|<\/strong> 922209177 <strong>| <span style=\"font-weight: 400;\">decanato.tenerife@registradores.org<\/span><\/strong><\/p>\n<p><strong><span style=\"font-weight: 400;\">CORPME<\/span><i><span style=\"font-weight: 400;\">: <\/span><\/i>Florinda Lorenzo Bonillo \u00a0|<\/strong> 922209177 <strong>| <span style=\"font-weight: 400;\">decanato.tenerife@registradores.org<\/span><\/strong><\/p>\n<p><strong><span style=\"font-weight: 400;\">CORPME<\/span><i><span style=\"font-weight: 400;\">:<\/span><\/i><span style=\"font-weight: 400;\"><strong> Rafael Linares Linares<\/strong><\/span>\u00a0 |<\/strong> 922209177 <strong>| <span style=\"font-weight: 400;\">decanato.tenerife@registradores.org<\/span><\/strong><\/p>\n<p><strong><span style=\"font-weight: 400;\">CORPME<\/span><i><span style=\"font-weight: 400;\">:<\/span><\/i> Enrique Lozano Barrios \u00a0|<\/strong> 922209177 <strong>| <span style=\"font-weight: 400;\">decanato.tenerife@registradores.org<\/span><\/strong><\/p>\n<p><strong><span style=\"font-weight: 400;\">CORPME<\/span><i><span style=\"font-weight: 400;\">: <\/span><\/i>Ana Margarita L\u00f3pez Rubio \u00a0|<\/strong> 922209177 <strong>| <span style=\"font-weight: 400;\">decanato.tenerife@registradores.org<\/span><\/strong><\/p>\n<p><strong><span style=\"font-weight: 400;\">CORPME<\/span><i><span style=\"font-weight: 400;\">: <\/span><\/i>Andr\u00e9s Barettino Coloma\u00a0\u00a0|<\/strong> 922209177 <strong>| <span style=\"font-weight: 400;\">decanato.tenerife@registradores.org<\/span><\/strong><\/p>\n<p>&nbsp;<\/p>\n<h2><b>Miembros de la Universidad de La Laguna<\/b><\/h2>\n<p><strong>Estefan\u00eda Hern\u00e1ndez Torres.<\/strong><b> <span style=\"font-weight: 400;\">Disciplinas Jur\u00eddicas B\u00e1sicas | 922317287 | ehtorres@ull.edu.es<\/span><\/b><\/p>\n<p><span style=\"font-weight: 400;\"><strong>Carlos Trujillo Cabrera.<\/strong> Disciplinas Jur\u00eddicas B\u00e1sicas | 922316502 (ext. 6940) | <\/span><span style=\"font-weight: 400;\">ctcabrer@ull.edu.es<\/span><i><span style=\"font-weight: 400;\"><br \/>\n<\/span><\/i><\/p>\n<p><span style=\"font-weight: 400;\"><strong>Irene Aznar S\u00e1nchez-Parodi.<\/strong> Disciplinas Jur\u00eddicas B\u00e1sicas | 922317415 | iaznarsa@ull.edu.es<\/span><\/p>\n<p><span style=\"font-weight: 400;\"><strong>Juan Antonio Garc\u00eda Garc\u00eda.<\/strong> Disciplinas Jur\u00eddicas B\u00e1sicas | 922317417 | jgarciag@ull.edu.es<\/span><\/p>\n<p><span style=\"font-weight: 400;\"><strong>Elvira Afonso Rodr\u00edguez.<\/strong> Disciplinas Jur\u00eddicas B\u00e1sicas | 922317421 | mafonso@ull.edu.es<br \/>\n<\/span><\/p>\n<p><span style=\"font-weight: 400;\"><strong>M\u00aa Ar\u00e1nzazu Calzadilla Medina.<\/strong> Disciplinas Jur\u00eddicas B\u00e1sicas | 922317420 | acmedina@ull.edu.es<\/span><\/p>\n<p><span style=\"font-weight: 400;\"><strong>Miguel G\u00f3mez Perals.<\/strong> Disciplinas Jur\u00eddicas B\u00e1sicas | 922317416 | mgomez@ull.edu.es<\/span><\/p>\n<p><span style=\"font-weight: 400;\"><strong>Irene Navarro Fr\u00edas.<\/strong> Derecho P\u00fablico y Privado especial | 922316502 (ext. 6806) | inavarro@ull.es<\/span><\/p>\n<p><span style=\"font-weight: 400;\"><strong>Andrea Padr\u00f3n Villalba.<\/strong> Disciplinas Jur\u00eddicas B\u00e1sicas | 922317397 | apadronv@ull.edu.es<\/span><\/p>\n<p><span style=\"font-weight: 400;\"><strong>Jos\u00e9 Luis S\u00e1nchez-Parodi.<\/strong> Derecho P\u00fablico y Privado especial | 922317398 | jsanchep@ull.es<\/span><\/p>\n<p><span style=\"font-weight: 400;\"><strong>Diria Luz Morales Casa\u00f1as.<\/strong> Disciplinas Jur\u00eddicas B\u00e1sicas | 922317415 | dmoralec@ull.edu.es<\/span><\/p>\n<p><span style=\"font-weight: 400;\"><strong>Luis J. Capote P\u00e9rez.<\/strong> Disciplinas Jur\u00eddicas B\u00e1sicas | 922317419 | lcapote@ull.es<\/span><\/p>\n<p><span style=\"font-weight: 400;\"><strong>Sara Lorenzo Cabrera.<\/strong> Disciplinas Jur\u00eddicas B\u00e1sicas | 922317415 | slorenzo@ull.edu.es<\/span><\/p>\n<p><strong>Nora Rodr\u00edguez Garc\u00eda<\/strong>. Disciplinas Jur\u00eddicas B\u00e1sicas | 922 317 415 | nrodrigg@ull.edu.es<\/p>\n<p><strong>Jagdish Kumar Chulani Raymond<\/strong>. Disciplinas Jur\u00eddicas B\u00e1sicas | 922 31 74 22| jchulani@ull.edu.es[\/vc_column_text][\/vc_column][\/vc_row]<\/p>\n","protected":false},"excerpt":{"rendered":"<p>[vc_row][vc_column css=\u00bb.vc_custom_1594731766583{padding-bottom: 20px !important;}\u00bb][vc_column_text] Miembros [\/vc_column_text][\/vc_column][\/vc_row][vc_row full_width=\u00bbstretch_row_content\u00bb equal_height=\u00bbyes\u00bb][vc_column css=\u00bb.vc_custom_1588936329456{padding-top: 5% !important;padding-right: 10% !important;padding-bottom: 5% !important;padding-left: 10% !important;background-color: #f2f2f2 !important;}\u00bb][vc_column_text] Equipo de direcci\u00f3n Directora ULL: M\u00aa Elena S\u00e1nchez Jord\u00e1n Director Colegio de Registradores: Jos\u00e9 Mar\u00eda Sieira Gil Secretaria: Lourdes Melero Bosch &nbsp; Miembros externos CORPME: Carlos Celestino Lalanda | 922209177 | decanato.tenerife@registradores.org CORPME: Mar\u00eda Azucena Morales&#8230;<\/p>\n","protected":false},"author":5,"featured_media":0,"parent":0,"menu_order":0,"comment_status":"closed","ping_status":"closed","template":"templates\/template-no-title.php","meta":[],"_links":{"self":[{"href":"https:\/\/www.ull.es\/catedras\/catedra-derecho-registral-bienvenido-oliver\/wp-json\/wp\/v2\/pages\/24"}],"collection":[{"href":"https:\/\/www.ull.es\/catedras\/catedra-derecho-registral-bienvenido-oliver\/wp-json\/wp\/v2\/pages"}],"about":[{"href":"https:\/\/www.ull.es\/catedras\/catedra-derecho-registral-bienvenido-oliver\/wp-json\/wp\/v2\/types\/page"}],"author":[{"embeddable":true,"href":"https:\/\/www.ull.es\/catedras\/catedra-derecho-registral-bienvenido-oliver\/wp-json\/wp\/v2\/users\/5"}],"replies":[{"embeddable":true,"href":"https:\/\/www.ull.es\/catedras\/catedra-derecho-registral-bienvenido-oliver\/wp-json\/wp\/v2\/comments?post=24"}],"version-history":[{"count":10,"href":"https:\/\/www.ull.es\/catedras\/catedra-derecho-registral-bienvenido-oliver\/wp-json\/wp\/v2\/pages\/24\/revisions"}],"predecessor-version":[{"id":74,"href":"https:\/\/www.ull.es\/catedras\/catedra-derecho-registral-bienvenido-oliver\/wp-json\/wp\/v2\/pages\/24\/revisions\/74"}],"wp:attachment":[{"href":"https:\/\/www.ull.es\/catedras\/catedra-derecho-registral-bienvenido-oliver\/wp-json\/wp\/v2\/media?parent=24"}],"curies":[{"name":"wp","href":"https:\/\/api.w.org\/{rel}","templated":true}]}}