{"id":32,"date":"2020-08-05T11:38:02","date_gmt":"2020-08-05T11:38:02","guid":{"rendered":"https:\/\/www.ull.es\/catedras\/catedra-derecho-registral-bienvenido-oliver\/?page_id=32"},"modified":"2020-09-08T14:14:07","modified_gmt":"2020-09-08T14:14:07","slug":"la-catedra","status":"publish","type":"page","link":"https:\/\/www.ull.es\/catedras\/catedra-derecho-registral-bienvenido-oliver\/la-catedra\/","title":{"rendered":"La C\u00e1tedra"},"content":{"rendered":"<p>[vc_row][vc_column css=\u00bb.vc_custom_1594731351291{padding-bottom: 20px !important;}\u00bb][vc_column_text]<\/p>\n<h1 class=\"container ull-site-title-blank\">La C\u00e1tedra<\/h1>\n<p>[\/vc_column_text][\/vc_column][\/vc_row][vc_row full_width=\u00bbstretch_row_content\u00bb equal_height=\u00bbyes\u00bb][vc_column width=\u00bb1\/2&#8243; css=\u00bb.vc_custom_1588936329456{padding-top: 5% !important;padding-right: 10% !important;padding-bottom: 5% !important;padding-left: 10% !important;background-color: #f2f2f2 !important;}\u00bb][vc_column_text]<\/p>\n<h2>Motivaci\u00f3n<\/h2>\n<p><span style=\"font-weight: 400;\">Bienvenido Oliver y Esteller (1836 &#8211; 1912), que da nombre a la c\u00e1tedra cultural, fue un jurista e historiador espa\u00f1ol, que no solo desempe\u00f1\u00f3 diversas funciones en la Direcci\u00f3n General de los Registros y del Notariado, sino que tambi\u00e9n perteneci\u00f3 a las comisiones redactoras de las Leyes Hipotecarias de Cuba y Puerto Rico, al tiempo que redact\u00f3 numerosas obras de gran inter\u00e9s, de entre las que destaca el <\/span><i><span style=\"font-weight: 400;\">Derecho Inmobiliario Espa\u00f1ol<\/span><\/i><span style=\"font-weight: 400;\">, que fue la primera elaboraci\u00f3n sistem\u00e1tica de esta rama del derecho. Es el primer autor que concibe el derecho hipotecario como \u201cun conjunto de instituciones dotadas de trabaz\u00f3n interna\u201d; la doctrina anterior se limitaba a comentar el articulado de la ley hipotecaria. La obra est\u00e1 llena de aciertos, que la doctrina registral ha tardado muchos a\u00f1os en aceptar, sobre la eficacia de la inscripci\u00f3n, sobre la idea de publicidad, y sobre el principio de legalidad. Su condici\u00f3n de historiador hace que la exposici\u00f3n sobre la evoluci\u00f3n de la publicidad y del Registro sea particularmente valiosa.<\/span><\/p>\n<p><span style=\"font-weight: 400;\">A lo largo de su vida recibi\u00f3 Oliver encargos muy heterog\u00e9neos: redactar las capitulaciones matrimoniales de la Infanta Mar\u00eda Teresa de Borb\u00f3n y don Fernando de Baviera (1905); redactar la exposici\u00f3n de motivos del vigente C\u00f3digo de Comercio; representar a Espa\u00f1a, junto a Manuel Dur\u00e1n y Bas, en el Congreso Internacional de derecho mercantil celebrado en Amberes en 1885, y en el Congreso Internacional de derecho mercantil celebrado en Bruselas en 1888.\u00a0<\/span><\/p>\n<p><span style=\"font-weight: 400;\">A la vista de su obra de investigaci\u00f3n y de sus tareas prelegislativas, Oliver aparece como uno de los m\u00e1s importantes constructores del derecho privado espa\u00f1ol del siglo XIX. Desde el punto de vista intelectual, confluyen en \u00e9l tres grandes corrientes reformistas: el krausismo, el neotomismo y la Escuela hist\u00f3rica del derecho.<\/span><\/p>\n<p><span style=\"font-weight: 400;\">La C\u00e1tedra cultural \u00abBienvenido Oliver\u00bb tiene su origen en los acuerdos de colaboraci\u00f3n entre el Ilustre Colegio de Registradores de la Propiedad, Mercantiles y de Bienes Muebles y diversas Universidades espa\u00f1olas con el objetivo de promover el estudio de Derecho registral por medio de la organizaci\u00f3n conjunta de actividades de ense\u00f1anza e investigaci\u00f3n.<\/span><\/p>\n<p><span style=\"font-weight: 400;\">Fruto de este acuerdo han ido surgiendo convenios espec\u00edficos a lo largo de todo el territorio nacional, entre otras, con las Universidades de Valencia, C\u00f3rdoba y Alicante, a las que ahora se suma esta c\u00e1tedra cultural en la Universidad de La Laguna.<\/span><\/p>\n<p>[\/vc_column_text][\/vc_column][vc_column width=\u00bb1\/2&#8243; css=\u00bb.vc_custom_1596629134915{background: #e5e5e5 url(https:\/\/www.ull.es\/catedras\/catedra-derecho-registral-bienvenido-oliver\/wp-content\/uploads\/sites\/11\/2020\/08\/catedra.jpg?id=36) !important;background-position: center !important;background-repeat: no-repeat !important;background-size: cover !important;}\u00bb][vc_empty_space height=\u00bb400px\u00bb][\/vc_column][\/vc_row][vc_row full_width=\u00bbstretch_row_content\u00bb equal_height=\u00bbyes\u00bb][vc_column width=\u00bb1\/2&#8243; css=\u00bb.vc_custom_1596629425428{background: #e5e5e5 url(https:\/\/www.ull.es\/catedras\/catedra-derecho-registral-bienvenido-oliver\/wp-content\/uploads\/sites\/11\/2020\/08\/objetivos-scaled.jpg?id=37) !important;background-position: center !important;background-repeat: no-repeat !important;background-size: cover !important;}\u00bb][vc_empty_space height=\u00bb400px\u00bb][\/vc_column][vc_column width=\u00bb1\/2&#8243; css=\u00bb.vc_custom_1588936374313{padding-top: 5% !important;padding-right: 10% !important;padding-bottom: 5% !important;padding-left: 10% !important;background-color: #f2f2f2 !important;}\u00bb][vc_column_text]<\/p>\n<h2><strong>Objetivos<\/strong><\/h2>\n<p><span style=\"font-weight: 400;\">El objetivo fundamental de esta c\u00e1tedra es profundizar en la docencia, el estudio y la investigaci\u00f3n en el Derecho inmobiliario registral, por una parte, y en el Derecho de sociedades, por otra, complementando de esta manera la ense\u00f1anza reglada que se ofrece en el Grado en Derecho y que en estas materias ha quedado reducida como consecuencia de la puesta en marcha del <\/span><i><span style=\"font-weight: 400;\">sistema Bolonia<\/span><\/i><span style=\"font-weight: 400;\">.<\/span><\/p>\n<p><span style=\"font-weight: 400;\">Adem\u00e1s, con esta c\u00e1tedra se pretende reforzar la colaboraci\u00f3n de la Universidad con el colectivo registral, que viene ya prestando una inestimable ayuda tanto al profesorado de la Facultad como al alumnado, que recibe en las oficinas registrales en el marco de la asignatura Pr\u00e1cticas Externas.<\/span>[\/vc_column_text][\/vc_column][\/vc_row]<\/p>\n","protected":false},"excerpt":{"rendered":"<p>[vc_row][vc_column css=\u00bb.vc_custom_1594731351291{padding-bottom: 20px !important;}\u00bb][vc_column_text] La C\u00e1tedra [\/vc_column_text][\/vc_column][\/vc_row][vc_row full_width=\u00bbstretch_row_content\u00bb equal_height=\u00bbyes\u00bb][vc_column width=\u00bb1\/2&#8243; css=\u00bb.vc_custom_1588936329456{padding-top: 5% !important;padding-right: 10% !important;padding-bottom: 5% !important;padding-left: 10% !important;background-color: #f2f2f2 !important;}\u00bb][vc_column_text] Motivaci\u00f3n Bienvenido Oliver y Esteller (1836 &#8211; 1912), que da nombre a la c\u00e1tedra cultural, fue un jurista e historiador espa\u00f1ol, que no solo desempe\u00f1\u00f3 diversas funciones en la Direcci\u00f3n General de los Registros&#8230;<\/p>\n","protected":false},"author":5,"featured_media":0,"parent":0,"menu_order":0,"comment_status":"closed","ping_status":"closed","template":"templates\/template-no-title.php","meta":[],"_links":{"self":[{"href":"https:\/\/www.ull.es\/catedras\/catedra-derecho-registral-bienvenido-oliver\/wp-json\/wp\/v2\/pages\/32"}],"collection":[{"href":"https:\/\/www.ull.es\/catedras\/catedra-derecho-registral-bienvenido-oliver\/wp-json\/wp\/v2\/pages"}],"about":[{"href":"https:\/\/www.ull.es\/catedras\/catedra-derecho-registral-bienvenido-oliver\/wp-json\/wp\/v2\/types\/page"}],"author":[{"embeddable":true,"href":"https:\/\/www.ull.es\/catedras\/catedra-derecho-registral-bienvenido-oliver\/wp-json\/wp\/v2\/users\/5"}],"replies":[{"embeddable":true,"href":"https:\/\/www.ull.es\/catedras\/catedra-derecho-registral-bienvenido-oliver\/wp-json\/wp\/v2\/comments?post=32"}],"version-history":[{"count":4,"href":"https:\/\/www.ull.es\/catedras\/catedra-derecho-registral-bienvenido-oliver\/wp-json\/wp\/v2\/pages\/32\/revisions"}],"predecessor-version":[{"id":38,"href":"https:\/\/www.ull.es\/catedras\/catedra-derecho-registral-bienvenido-oliver\/wp-json\/wp\/v2\/pages\/32\/revisions\/38"}],"wp:attachment":[{"href":"https:\/\/www.ull.es\/catedras\/catedra-derecho-registral-bienvenido-oliver\/wp-json\/wp\/v2\/media?parent=32"}],"curies":[{"name":"wp","href":"https:\/\/api.w.org\/{rel}","templated":true}]}}