{"id":132,"date":"2020-09-03T13:17:08","date_gmt":"2020-09-03T13:17:08","guid":{"rendered":"https:\/\/www.ull.es\/catedras\/catedra-economia-movilidad-cajacanarias\/?page_id=132"},"modified":"2022-08-02T10:43:53","modified_gmt":"2022-08-02T10:43:53","slug":"actividades-2018","status":"publish","type":"page","link":"https:\/\/www.ull.es\/catedras\/catedra-economia-movilidad-cajacanarias\/actividades\/actividades-2018\/","title":{"rendered":"Actividades 2018"},"content":{"rendered":"<p>[vc_row][vc_column css=\u00bb.vc_custom_1594731351291{padding-bottom: 20px !important;}\u00bb][vc_column_text]<\/p>\n<h1 class=\"container ull-site-title-blank\">Actividades 2018<\/h1>\n<p>[\/vc_column_text][\/vc_column][\/vc_row][vc_row][vc_column][vc_empty_space height=\u00bb40px\u00bb][\/vc_column][\/vc_row][vc_row full_width=\u00bbstretch_row\u00bb gap=\u00bb1&#8243; equal_height=\u00bbyes\u00bb][vc_column css_animation=\u00bbfadeInLeft\u00bb width=\u00bb1\/3&#8243; css=\u00bb.vc_custom_1581084709591{padding-bottom: 7% !important;background-color: #eaeaea !important;}\u00bb][vc_column_text css_animation=\u00bbnone\u00bb]<\/p>\n<h3>17 de diciembre de 2018<\/h3>\n<h2 class=\"post_title entry-title\">El valor recreativo del Parque Nacional del Teide a partir de los valores de tiempo de viaje estimados con modelos de elecci\u00f3n discreta<\/h2>\n<p>[\/vc_column_text][\/vc_column][vc_column css_animation=\u00bbfadeInRight\u00bb width=\u00bb2\/3&#8243; css=\u00bb.vc_custom_1581084489854{background-color: #eaeaea !important;}\u00bb][vc_column_text]La C\u00e1tedra de Econom\u00eda y Movilidad presenta la conferencia titulada \u00abEl valor recreativo del Parque Nacional del Teide a partir de los valores de tiempo de viaje estimados con modelos de elecci\u00f3n discreta\u00bb impartida por el \u00c1ngel Marrero Llinares, investigador de la C\u00e1tedra de Econom\u00eda y Movilidad, personal investigador en Formaci\u00f3n. Este acto tuvo lugar\u00a0 en el Sal\u00f3n de Grados de la Facultad de Econom\u00eda, Empresa y Turismo de la Universidad de La Laguna.[\/vc_column_text][vc_empty_space height=\u00bb15px\u00bb][vc_btn title=\u00bbCartel\u00bb align=\u00bbleft\u00bb button_block=\u00bbtrue\u00bb el_class=\u00bbboton-marcha\u00bb link=\u00bburl:https%3A%2F%2Fdrive.google.com%2Ffile%2Fd%2F1jDVYs_mZD3BtruVYBwyzoiDRIHjBAgaG%2Fview%3Fusp%3Dsharing|target:_blank\u00bb][vc_empty_space height=\u00bb15px\u00bb][vc_btn title=\u00bbPresentaci\u00f3n\u00bb align=\u00bbleft\u00bb button_block=\u00bbtrue\u00bb el_class=\u00bbboton-marcha\u00bb link=\u00bburl:https%3A%2F%2Fdrive.google.com%2Ffile%2Fd%2F1wuRJD2EPDj2kwIQ81T6LVCDpl3K2kjhB%2Fview%3Fusp%3Dsharing|target:_blank\u00bb][vc_empty_space height=\u00bb15px\u00bb][\/vc_column][\/vc_row][vc_row][vc_column][vc_empty_space height=\u00bb15px\u00bb][\/vc_column][\/vc_row][vc_row full_width=\u00bbstretch_row\u00bb gap=\u00bb1&#8243; equal_height=\u00bbyes\u00bb][vc_column css_animation=\u00bbfadeInLeft\u00bb width=\u00bb1\/3&#8243; css=\u00bb.vc_custom_1581084709591{padding-bottom: 7% !important;background-color: #eaeaea !important;}\u00bb][vc_column_text css_animation=\u00bbnone\u00bb]<\/p>\n<h3>14 de diciembre de 2018<\/h3>\n<h2 class=\"post_title entry-title\">Caracterizaci\u00f3n del perfil del consumidor de veh\u00edculo el\u00e9ctrico en Canarias<\/h2>\n<p>[\/vc_column_text][\/vc_column][vc_column css_animation=\u00bbfadeInRight\u00bb width=\u00bb2\/3&#8243; css=\u00bb.vc_custom_1581084489854{background-color: #eaeaea !important;}\u00bb][vc_column_text]La C\u00e1tedra de Econom\u00eda y Movilidad ha organizado el Seminario \u00abCaracterizaci\u00f3n del perfil del consumidor de veh\u00edculo el\u00e9ctrico en Canarias\u00bb, impartido por Alfredo Jes\u00fas Ram\u00edrez D\u00edaz, Doctor en Derecho, Sociedad y Turismo por la Universidad de La Laguna. Este acto tuvo lugar en la Facultad de Econom\u00eda, Empresa y Turismo de la Universidad de La Laguna.[\/vc_column_text][vc_empty_space height=\u00bb15px\u00bb][vc_btn title=\u00bbCartel\u00bb align=\u00bbleft\u00bb button_block=\u00bbtrue\u00bb el_class=\u00bbboton-marcha\u00bb link=\u00bburl:https%3A%2F%2Fdrive.google.com%2Ffile%2Fd%2F1wGV16efhMCKsc7XbmHdNvW-N9w80Fjcp%2Fview%3Fusp%3Dsharing|target:_blank\u00bb][vc_empty_space height=\u00bb15px\u00bb][vc_btn title=\u00bbPresentaci\u00f3n\u00bb align=\u00bbleft\u00bb button_block=\u00bbtrue\u00bb el_class=\u00bbboton-marcha\u00bb link=\u00bburl:https%3A%2F%2Fdrive.google.com%2Ffile%2Fd%2F1X6e2UjNiz6mO4futtW2YZDm9up95XvYZ%2Fview%3Fusp%3Dsharing|target:_blank\u00bb][vc_empty_space height=\u00bb15px\u00bb][\/vc_column][\/vc_row][vc_row][vc_column][vc_empty_space height=\u00bb15px\u00bb][\/vc_column][\/vc_row][vc_row full_width=\u00bbstretch_row\u00bb gap=\u00bb1&#8243; equal_height=\u00bbyes\u00bb][vc_column css_animation=\u00bbfadeInLeft\u00bb width=\u00bb1\/3&#8243; css=\u00bb.vc_custom_1581084709591{padding-bottom: 7% !important;background-color: #eaeaea !important;}\u00bb][vc_column_text css_animation=\u00bbnone\u00bb]<\/p>\n<h3>21 de septiembre de 2018<\/h3>\n<h2 class=\"post_title entry-title\">Poniendo el foco de la ULL en la investigaci\u00f3n que interesa a las empresas<\/h2>\n<p>[\/vc_column_text][\/vc_column][vc_column css_animation=\u00bbfadeInRight\u00bb width=\u00bb2\/3&#8243; css=\u00bb.vc_custom_1581084489854{background-color: #eaeaea !important;}\u00bb][vc_column_text]Las Jornadas Abiertas\u00a0 \u00abPoniendo el foco de la ULL en la investigaci\u00f3n que interesa a las empresas\u00bb han sido promovidas por El Instituto Universitario de Desarrollo Regional y por la C\u00e1tedra de Econom\u00eda y Movilidad de la Universidad de La Laguna. Dichas jornadas tuvieron lugar en el sal\u00f3n de Grados de la Facultad de Econom\u00eda, Empresa y Turismo de la Universidad de La Laguna.[\/vc_column_text][vc_empty_space height=\u00bb15px\u00bb][vc_btn title=\u00bbJornada empresas\u00bb align=\u00bbleft\u00bb button_block=\u00bbtrue\u00bb el_class=\u00bbboton-marcha\u00bb link=\u00bburl:https%3A%2F%2Fdrive.google.com%2Ffile%2Fd%2F16bJ_lrGd5qa_rLxeg5kWPEtFXJHvZ02m%2Fview%3Fusp%3Dsharing||target:%20_blank|\u00bb][vc_empty_space height=\u00bb15px\u00bb][vc_btn title=\u00bbSeminario Innovaci\u00f3n\u00bb align=\u00bbleft\u00bb button_block=\u00bbtrue\u00bb el_class=\u00bbboton-marcha\u00bb link=\u00bburl:https%3A%2F%2Fdrive.google.com%2Ffile%2Fd%2F1ZQ-ToelqWPSKfxLrRCSNWYMsI7PYWM8S%2Fview%3Fusp%3Dsharing||target:%20_blank|\u00bb][vc_empty_space height=\u00bb15px\u00bb][\/vc_column][\/vc_row][vc_row][vc_column][vc_empty_space height=\u00bb15px\u00bb][\/vc_column][\/vc_row][vc_row full_width=\u00bbstretch_row\u00bb gap=\u00bb1&#8243; equal_height=\u00bbyes\u00bb][vc_column css_animation=\u00bbfadeInLeft\u00bb width=\u00bb1\/3&#8243; css=\u00bb.vc_custom_1581084709591{padding-bottom: 7% !important;background-color: #eaeaea !important;}\u00bb][vc_column_text css_animation=\u00bbnone\u00bb]<\/p>\n<h3>13 de marzo de 2018<\/h3>\n<h2 class=\"post_title entry-title\">Retos para una movilidad sostenible. El caso de Tenerife<\/h2>\n<p>[\/vc_column_text][\/vc_column][vc_column css_animation=\u00bbfadeInRight\u00bb width=\u00bb2\/3&#8243; css=\u00bb.vc_custom_1581084489854{background-color: #eaeaea !important;}\u00bb][vc_column_text]La Jornada ULL-opina: \u00abRetos para una movilidad sostenible. El caso de Tenerife\u00bb ha sido coordinada por la C\u00e1tedra de Econom\u00eda y Movilidad CajaCanarias, con la partici\u00f3n de Juan de Dios Ort\u00fazar Salas, Rosa Marina Gonz\u00e1lez Marrero, Mois\u00e9s Simancas, Jos\u00e9 Andr\u00e9s Moreno, Luigi DellO&#8217;lio, Desiderio Guti\u00e9rrez Ta\u00f1o y Andr\u00e9s Mu\u00f1oz.[\/vc_column_text][vc_empty_space height=\u00bb15px\u00bb][vc_row_inner][vc_column_inner width=\u00bb1\/2&#8243;][vc_btn title=\u00bbPrograma\u00bb align=\u00bbleft\u00bb button_block=\u00bbtrue\u00bb el_class=\u00bbboton-marcha\u00bb link=\u00bburl:https%3A%2F%2Fdrive.google.com%2Ffile%2Fd%2F1LIrGbJGsFIY6YjCog8PKwc0Rni-OQsre%2Fview%3Fusp%3Dsharing||target:%20_blank|\u00bb][\/vc_column_inner][vc_column_inner width=\u00bb1\/2&#8243;][vc_btn title=\u00bbV\u00eddeo inaguraci\u00f3n\u00bb align=\u00bbleft\u00bb button_block=\u00bbtrue\u00bb el_class=\u00bbboton-marcha\u00bb link=\u00bburl:http%3A%2F%2Fcatedraecomovil.es%2Fimages%2Fvideos%2F01%2520Inaug%2520Movilidad%2520Sostenible.mp4||target:%20_blank|\u00bb][\/vc_column_inner][\/vc_row_inner][vc_empty_space height=\u00bb15px\u00bb][vc_row_inner][vc_column_inner width=\u00bb1\/2&#8243;][vc_btn title=\u00bbPonencia de Juan de Dios Ort\u00fazar Salas\u00bb align=\u00bbleft\u00bb button_block=\u00bbtrue\u00bb el_class=\u00bbboton-marcha\u00bb link=\u00bburl:https%3A%2F%2Fdrive.google.com%2Ffile%2Fd%2F1OARbAkXadNoPFvEUQe2O8ZexQ7auKwyo%2Fview%3Fusp%3Dsharing||target:%20_blank|\u00bb][\/vc_column_inner][vc_column_inner width=\u00bb1\/2&#8243;][vc_btn title=\u00bbVideo\u00bb align=\u00bbleft\u00bb button_block=\u00bbtrue\u00bb el_class=\u00bbboton-marcha\u00bb link=\u00bburl:http%3A%2F%2Fcatedraecomovil.es%2Fimages%2Fvideos%2F02%2520Conf%2520Juan%2520de%2520Dios%2520Ortuzar.mp4||target:%20_blank|\u00bb][\/vc_column_inner][\/vc_row_inner][vc_empty_space height=\u00bb15px\u00bb][vc_row_inner][vc_column_inner width=\u00bb1\/2&#8243;][vc_btn title=\u00bbPonencia de Rosa Marina Gonz\u00e1lez Marrero\u00bb align=\u00bbleft\u00bb button_block=\u00bbtrue\u00bb el_class=\u00bbboton-marcha\u00bb link=\u00bburl:https%3A%2F%2Fdrive.google.com%2Ffile%2Fd%2F1ng7FNB95D5XbYjF8RhuLXNQxNDf-WJBB%2Fview%3Fusp%3Dsharing||target:%20_blank|\u00bb][\/vc_column_inner][vc_column_inner width=\u00bb1\/2&#8243;][vc_btn title=\u00bbVideo\u00bb align=\u00bbleft\u00bb button_block=\u00bbtrue\u00bb el_class=\u00bbboton-marcha\u00bb link=\u00bburl:http%3A%2F%2Fcatedraecomovil.es%2Fimages%2Fvideos%2F03%2520Conf%2520Rosa%2520Marina%2520Glez.mp4||target:%20_blank|\u00bb][\/vc_column_inner][\/vc_row_inner][vc_empty_space height=\u00bb15px\u00bb][vc_row_inner][vc_column_inner width=\u00bb1\/2&#8243;][vc_btn title=\u00bbPonencia de Mois\u00e9s Simancas\u00bb align=\u00bbleft\u00bb button_block=\u00bbtrue\u00bb el_class=\u00bbboton-marcha\u00bb link=\u00bburl:https%3A%2F%2Fdrive.google.com%2Ffile%2Fd%2F1GT2rvkBrTHGPMjVpOu2oBnOhZ9X2k7xP%2Fview%3Fusp%3Dsharing||target:%20_blank|\u00bb][\/vc_column_inner][vc_column_inner width=\u00bb1\/2&#8243;][vc_btn title=\u00bbVideo\u00bb align=\u00bbleft\u00bb button_block=\u00bbtrue\u00bb el_class=\u00bbboton-marcha\u00bb link=\u00bburl:http%3A%2F%2Fcatedraecomovil.es%2Fimages%2Fvideos%2F04%2520Conf%2520Moises%2520Simancas.mp4||target:%20_blank|\u00bb][\/vc_column_inner][\/vc_row_inner][vc_row_inner][vc_column_inner width=\u00bb1\/2&#8243;][vc_btn title=\u00bbPonencia de Jos\u00e9 Andr\u00e9s Moreno\u00bb align=\u00bbleft\u00bb button_block=\u00bbtrue\u00bb el_class=\u00bbboton-marcha\u00bb link=\u00bburl:https%3A%2F%2Fdrive.google.com%2Ffile%2Fd%2F1SMCfnqjaLGdy-9IUmO4QehRU3iiD3O_A%2Fview%3Fusp%3Dsharing||target:%20_blank|\u00bb][\/vc_column_inner][vc_column_inner width=\u00bb1\/2&#8243;][vc_btn title=\u00bbVideo\u00bb align=\u00bbleft\u00bb button_block=\u00bbtrue\u00bb el_class=\u00bbboton-marcha\u00bb link=\u00bburl:http%3A%2F%2Fcatedraecomovil.es%2Fimages%2Fvideos%2F05%2520Conf%2520Andres%2520Moreno.mp4||target:%20_blank|\u00bb][\/vc_column_inner][\/vc_row_inner][vc_empty_space height=\u00bb15px\u00bb][vc_row_inner][vc_column_inner width=\u00bb1\/2&#8243;][vc_btn title=\u00bbPonencia de Desiderio Guti\u00e9rrez\u00bb align=\u00bbleft\u00bb button_block=\u00bbtrue\u00bb el_class=\u00bbboton-marcha\u00bb link=\u00bburl:https%3A%2F%2Fdrive.google.com%2Ffile%2Fd%2F1co_zebqXjHvc5aioLyGU8lmCI3Y-wl8w%2Fview%3Fusp%3Dsharing||target:%20_blank|\u00bb][\/vc_column_inner][vc_column_inner width=\u00bb1\/2&#8243;][vc_btn title=\u00bbVideo\u00bb align=\u00bbleft\u00bb button_block=\u00bbtrue\u00bb el_class=\u00bbboton-marcha\u00bb link=\u00bburl:http%3A%2F%2Fcatedraecomovil.es%2Fimages%2Fvideos%2F07%2520Conf%2520Desiderio%2520Gutierrez.mp4||target:%20_blank|\u00bb][\/vc_column_inner][\/vc_row_inner][vc_empty_space height=\u00bb15px\u00bb][vc_row_inner][vc_column_inner width=\u00bb1\/2&#8243;][vc_btn title=\u00bbPonencia de Andr\u00e9s Mu\u00f1oz de Dios\u00bb align=\u00bbleft\u00bb button_block=\u00bbtrue\u00bb el_class=\u00bbboton-marcha\u00bb link=\u00bburl:https%3A%2F%2Fdrive.google.com%2Ffile%2Fd%2F1CX3RQtb0zO87J8uTrLHSK-pWuBwV9w-s%2Fview%3Fusp%3Dsharing||target:%20_blank|\u00bb][\/vc_column_inner][vc_column_inner width=\u00bb1\/2&#8243;][vc_btn title=\u00bbVideo\u00bb align=\u00bbleft\u00bb button_block=\u00bbtrue\u00bb el_class=\u00bbboton-marcha\u00bb link=\u00bburl:http%3A%2F%2Fcatedraecomovil.es%2Fimages%2Fvideos%2F08%2520Conf%2520Andres%2520Munoz.mp4||target:%20_blank|\u00bb][\/vc_column_inner][\/vc_row_inner][vc_empty_space height=\u00bb15px\u00bb][vc_row_inner][vc_column_inner width=\u00bb1\/2&#8243;][vc_btn title=\u00bbPonencia del Luigi DellO&#8217;io\u00bb align=\u00bbleft\u00bb button_block=\u00bbtrue\u00bb el_class=\u00bbboton-marcha\u00bb link=\u00bburl:https%3A%2F%2Fdrive.google.com%2Ffile%2Fd%2F1k1Vo_qLTHoMWhgSQXlIuWeXt4btcF2oo%2Fview%3Fusp%3Dsharing||target:%20_blank|\u00bb][\/vc_column_inner][vc_column_inner width=\u00bb1\/2&#8243;][vc_btn title=\u00bbVideo\u00bb align=\u00bbleft\u00bb button_block=\u00bbtrue\u00bb el_class=\u00bbboton-marcha\u00bb link=\u00bburl:http%3A%2F%2Fcatedraecomovil.es%2Fimages%2Fvideos%2F06%2520Conf%2520Luigi%2520DellOlio.mp4||target:%20_blank|\u00bb][\/vc_column_inner][\/vc_row_inner][vc_empty_space height=\u00bb15px\u00bb][vc_row_inner][vc_column_inner][vc_btn title=\u00bbVideo Debate\/Conclusiones\u00bb align=\u00bbleft\u00bb button_block=\u00bbtrue\u00bb el_class=\u00bbboton-marcha\u00bb link=\u00bburl:http%3A%2F%2Fcatedraecomovil.es%2Fimages%2Fvideos%2F09%2520Debate%2520Movilidad%2520Sostenible.mp4||target:%20_blank|\u00bb][\/vc_column_inner][\/vc_row_inner][vc_empty_space height=\u00bb15px\u00bb][\/vc_column][\/vc_row][vc_row full_width=\u00bbstretch_row\u00bb gap=\u00bb1&#8243; equal_height=\u00bbyes\u00bb][vc_column css_animation=\u00bbfadeInLeft\u00bb width=\u00bb1\/3&#8243; css=\u00bb.vc_custom_1581084709591{padding-bottom: 7% !important;background-color: #eaeaea !important;}\u00bb][vc_column_text css_animation=\u00bbnone\u00bb]<\/p>\n<h3>2 de marzo de 2018<\/h3>\n<h2 class=\"post_title entry-title\">Los tipos de inter\u00e9s<\/h2>\n<p>[\/vc_column_text][\/vc_column][vc_column css_animation=\u00bbfadeInRight\u00bb width=\u00bb2\/3&#8243; css=\u00bb.vc_custom_1581084489854{background-color: #eaeaea !important;}\u00bb][vc_column_text]<span style=\"font-weight: 400;\">La c\u00e1tedra de Econom\u00eda y Movilidad organiza la conferencia titulada: \u201cLos Tipos de inter\u00e9s\u201d<\/span><\/p>\n<p><span style=\"font-weight: 400;\">Impartida por David Cova Alonso<\/span><\/p>\n<p>David Cova ha sido profesor en la Facultad de Econom\u00eda de la Universidad de La Laguna y actualmente forma parte del Consejo Directivo de la Asociaci\u00f3n Espa\u00f1ola de Directivos en Canarias.[\/vc_column_text][vc_empty_space height=\u00bb15px\u00bb][vc_row_inner][vc_column_inner][vc_btn title=\u00bbCartel\u00bb align=\u00bbleft\u00bb button_block=\u00bbtrue\u00bb el_class=\u00bbboton-marcha\u00bb link=\u00bburl:https%3A%2F%2Fdrive.google.com%2Ffile%2Fd%2F1TDTK7aJ4Qc5Ycx0vjNdLIF1fkO7jsAMg%2Fview%3Fusp%3Dsharing|target:_blank\u00bb][\/vc_column_inner][\/vc_row_inner][vc_empty_space height=\u00bb15px\u00bb][\/vc_column][\/vc_row][vc_row][vc_column][vc_empty_space height=\u00bb15px\u00bb][\/vc_column][\/vc_row]<\/p>\n","protected":false},"excerpt":{"rendered":"<p>[vc_row][vc_column css=\u00bb.vc_custom_1594731351291{padding-bottom: 20px !important;}\u00bb][vc_column_text] Actividades 2018 [\/vc_column_text][\/vc_column][\/vc_row][vc_row][vc_column][vc_empty_space height=\u00bb40px\u00bb][\/vc_column][\/vc_row][vc_row full_width=\u00bbstretch_row\u00bb gap=\u00bb1&#8243; equal_height=\u00bbyes\u00bb][vc_column css_animation=\u00bbfadeInLeft\u00bb width=\u00bb1\/3&#8243; css=\u00bb.vc_custom_1581084709591{padding-bottom: 7% !important;background-color: #eaeaea !important;}\u00bb][vc_column_text css_animation=\u00bbnone\u00bb] 17 de diciembre de 2018 El valor recreativo del Parque Nacional del Teide a partir de los valores de tiempo de viaje estimados con modelos de elecci\u00f3n discreta [\/vc_column_text][\/vc_column][vc_column css_animation=\u00bbfadeInRight\u00bb width=\u00bb2\/3&#8243; css=\u00bb.vc_custom_1581084489854{background-color: #eaeaea !important;}\u00bb][vc_column_text]La C\u00e1tedra de&#8230;<\/p>\n","protected":false},"author":5,"featured_media":0,"parent":178,"menu_order":0,"comment_status":"closed","ping_status":"closed","template":"templates\/template-no-title.php","meta":[],"_links":{"self":[{"href":"https:\/\/www.ull.es\/catedras\/catedra-economia-movilidad-cajacanarias\/wp-json\/wp\/v2\/pages\/132"}],"collection":[{"href":"https:\/\/www.ull.es\/catedras\/catedra-economia-movilidad-cajacanarias\/wp-json\/wp\/v2\/pages"}],"about":[{"href":"https:\/\/www.ull.es\/catedras\/catedra-economia-movilidad-cajacanarias\/wp-json\/wp\/v2\/types\/page"}],"author":[{"embeddable":true,"href":"https:\/\/www.ull.es\/catedras\/catedra-economia-movilidad-cajacanarias\/wp-json\/wp\/v2\/users\/5"}],"replies":[{"embeddable":true,"href":"https:\/\/www.ull.es\/catedras\/catedra-economia-movilidad-cajacanarias\/wp-json\/wp\/v2\/comments?post=132"}],"version-history":[{"count":36,"href":"https:\/\/www.ull.es\/catedras\/catedra-economia-movilidad-cajacanarias\/wp-json\/wp\/v2\/pages\/132\/revisions"}],"predecessor-version":[{"id":369,"href":"https:\/\/www.ull.es\/catedras\/catedra-economia-movilidad-cajacanarias\/wp-json\/wp\/v2\/pages\/132\/revisions\/369"}],"up":[{"embeddable":true,"href":"https:\/\/www.ull.es\/catedras\/catedra-economia-movilidad-cajacanarias\/wp-json\/wp\/v2\/pages\/178"}],"wp:attachment":[{"href":"https:\/\/www.ull.es\/catedras\/catedra-economia-movilidad-cajacanarias\/wp-json\/wp\/v2\/media?parent=132"}],"curies":[{"name":"wp","href":"https:\/\/api.w.org\/{rel}","templated":true}]}}