{"id":188,"date":"2020-09-04T12:56:49","date_gmt":"2020-09-04T12:56:49","guid":{"rendered":"https:\/\/www.ull.es\/catedras\/catedra-economia-movilidad-cajacanarias\/?page_id=188"},"modified":"2022-08-02T10:03:05","modified_gmt":"2022-08-02T10:03:05","slug":"actividades-2017","status":"publish","type":"page","link":"https:\/\/www.ull.es\/catedras\/catedra-economia-movilidad-cajacanarias\/actividades\/actividades-2017\/","title":{"rendered":"Actividades 2017"},"content":{"rendered":"<p>[vc_row][vc_column css=\u00bb.vc_custom_1594731351291{padding-bottom: 20px !important;}\u00bb][vc_column_text]<\/p>\n<h1>Actividades 2017<\/h1>\n<p>[\/vc_column_text][\/vc_column][\/vc_row][vc_row][vc_column][vc_empty_space height=\u00bb40px\u00bb][\/vc_column][\/vc_row][vc_row full_width=\u00bbstretch_row\u00bb gap=\u00bb1&#8243; equal_height=\u00bbyes\u00bb][vc_column css_animation=\u00bbfadeInLeft\u00bb width=\u00bb1\/3&#8243; css=\u00bb.vc_custom_1581084709591{padding-bottom: 7% !important;background-color: #eaeaea !important;}\u00bb][vc_column_text css_animation=\u00bbnone\u00bb]<\/p>\n<h3>1 de diciembre de 2017<\/h3>\n<h2 class=\"post_title entry-title\">Big Data en el trasporte y sistemas de informaci\u00f3n geogr\u00e1fica<\/h2>\n<p>[\/vc_column_text][\/vc_column][vc_column css_animation=\u00bbfadeInRight\u00bb width=\u00bb2\/3&#8243; css=\u00bb.vc_custom_1581084489854{background-color: #eaeaea !important;}\u00bb][vc_column_text]El Sal\u00f3n de Grados de la Facultad de Econom\u00eda, Empresa y Turismo acogi\u00f3 la conferencia \u00abBig Data en el trasporte y sistemas de informaci\u00f3n geogr\u00e1fica\u201d impartida por Javier Guti\u00e9rrez Puebla, catedr\u00e1tico de la Universidad Complutense de Madrid.[\/vc_column_text][vc_empty_space height=\u00bb15px\u00bb][vc_btn title=\u00bbVer actividad\u00bb align=\u00bbleft\u00bb button_block=\u00bbtrue\u00bb el_class=\u00bbboton-marcha\u00bb link=\u00bburl:https%3A%2F%2Fdrive.google.com%2Ffile%2Fd%2F1QhFjkOoq3HveZM-qKQeyIYcsrzvUA_b9%2Fview%3Fusp%3Dsharing||target:%20_blank|\u00bb][vc_empty_space height=\u00bb15px\u00bb][\/vc_column][\/vc_row][vc_row][vc_column][vc_empty_space height=\u00bb15px\u00bb][\/vc_column][\/vc_row][vc_row full_width=\u00bbstretch_row\u00bb gap=\u00bb1&#8243; equal_height=\u00bbyes\u00bb][vc_column css_animation=\u00bbfadeInLeft\u00bb width=\u00bb1\/3&#8243; css=\u00bb.vc_custom_1581084709591{padding-bottom: 7% !important;background-color: #eaeaea !important;}\u00bb][vc_column_text css_animation=\u00bbnone\u00bb]<\/p>\n<h3>23 de noviembre de 2017<\/h3>\n<h2 class=\"post_title entry-title\">Factores determinantes y predicciones del tr\u00e1fico a\u00e9reo en el Aeropuerto de Tenerife Sur<\/h2>\n<p>[\/vc_column_text][\/vc_column][vc_column css_animation=\u00bbfadeInRight\u00bb width=\u00bb2\/3&#8243; css=\u00bb.vc_custom_1581084489854{background-color: #eaeaea !important;}\u00bb][vc_column_text]El Sal\u00f3n de Grados de la Facultad de Econom\u00eda, Empresa y Turismo acogi\u00f3 la conferencia \u00abFactores determinantes y predicciones del tr\u00e1fico a\u00e9reo en el Aeropuerto de Tenerife Sur\u201d impartida por Domingo J. Lorenzo D\u00edaz, profesor del Departamento de Econom\u00eda Aplicada y M\u00e9todos Cuantitativos de la Universidad de La Laguna.[\/vc_column_text][vc_empty_space height=\u00bb15px\u00bb][vc_btn title=\u00bbVer actividad\u00bb align=\u00bbleft\u00bb button_block=\u00bbtrue\u00bb el_class=\u00bbboton-marcha\u00bb link=\u00bburl:https%3A%2F%2Fdrive.google.com%2Ffile%2Fd%2F19Iggfnl4-pnqeTW2KyO00FmVeSLaJnJT%2Fview%3Fusp%3Dsharing||target:%20_blank|\u00bb][vc_empty_space height=\u00bb15px\u00bb][\/vc_column][\/vc_row][vc_row][vc_column][vc_empty_space height=\u00bb15px\u00bb][\/vc_column][\/vc_row][vc_row full_width=\u00bbstretch_row\u00bb gap=\u00bb1&#8243; equal_height=\u00bbyes\u00bb][vc_column css_animation=\u00bbfadeInLeft\u00bb width=\u00bb1\/3&#8243; css=\u00bb.vc_custom_1581084709591{padding-bottom: 7% !important;background-color: #eaeaea !important;}\u00bb][vc_column_text css_animation=\u00bbnone\u00bb]<\/p>\n<h3>10 y 11 de noviembre de 2017<\/h3>\n<h2>VII WORKSHOP \u201cEconom\u00eda Internacional: Comercio y Finanzas\u201d<\/h2>\n<p>[\/vc_column_text][\/vc_column][vc_column css_animation=\u00bbfadeInRight\u00bb width=\u00bb2\/3&#8243; css=\u00bb.vc_custom_1581084489854{background-color: #eaeaea !important;}\u00bb][vc_column_text]El Sal\u00f3n de Grados de la Facultad de Econom\u00eda, Empresa y Turismo acogi\u00f3 el VII WorkShop \u201cEconom\u00eda Internacional: Comercio y Finanzas\u201d.[\/vc_column_text][vc_empty_space height=\u00bb15px\u00bb][vc_btn title=\u00bbEnlace al programa\u00bb align=\u00bbleft\u00bb button_block=\u00bbtrue\u00bb el_class=\u00bbboton-marcha\u00bb link=\u00bburl:https%3A%2F%2Fdrive.google.com%2Ffile%2Fd%2F132gCLYBwv6dcPKq8zO-sD2AOCgJn-x9X%2Fview%3Fusp%3Dsharing|target:_blank\u00bb][vc_empty_space height=\u00bb15px\u00bb][\/vc_column][\/vc_row][vc_row][vc_column][vc_empty_space height=\u00bb15px\u00bb][\/vc_column][\/vc_row][vc_row full_width=\u00bbstretch_row\u00bb gap=\u00bb1&#8243; equal_height=\u00bbyes\u00bb][vc_column css_animation=\u00bbfadeInLeft\u00bb width=\u00bb1\/3&#8243; css=\u00bb.vc_custom_1581084709591{padding-bottom: 7% !important;background-color: #eaeaea !important;}\u00bb][vc_column_text css_animation=\u00bbnone\u00bb]<\/p>\n<h3>3 de noviembre de 2017<\/h3>\n<h2 class=\"post_title entry-title\">Tenerife Resiliente<\/h2>\n<p>[\/vc_column_text][\/vc_column][vc_column css_animation=\u00bbfadeInRight\u00bb width=\u00bb2\/3&#8243; css=\u00bb.vc_custom_1581084489854{background-color: #eaeaea !important;}\u00bb][vc_column_text]<\/p>\n<div dir=\"auto\">La c\u00e1tedra de Econom\u00eda y Movilidad colabor\u00f3 en las Jornadas \u00abTenerife Resiliente\u00bb, que organiz\u00f3 el Centro Com\u00fan de Investigaci\u00f3n de la Comisi\u00f3n Europea y se celebr\u00f3 en la Facultad de econom\u00eda en noviembre de 2017.<\/div>\n<p>[\/vc_column_text][vc_empty_space height=\u00bb15px\u00bb][vc_btn title=\u00bbVer actividad\u00bb align=\u00bbleft\u00bb button_block=\u00bbtrue\u00bb el_class=\u00bbboton-marcha\u00bb link=\u00bburl:https%3A%2F%2Fdrive.google.com%2Ffile%2Fd%2F1YMZFOI9a9jWETR8KgG1bn9NFN4xc6xCz%2Fview%3Fusp%3Dsharing||target:%20_blank|\u00bb][vc_empty_space height=\u00bb15px\u00bb][\/vc_column][\/vc_row][vc_row][vc_column][vc_empty_space height=\u00bb15px\u00bb][\/vc_column][\/vc_row][vc_row full_width=\u00bbstretch_row\u00bb gap=\u00bb1&#8243; equal_height=\u00bbyes\u00bb][vc_column css_animation=\u00bbfadeInLeft\u00bb width=\u00bb1\/3&#8243; css=\u00bb.vc_custom_1581084709591{padding-bottom: 7% !important;background-color: #eaeaea !important;}\u00bb][vc_column_text css_animation=\u00bbnone\u00bb]<\/p>\n<h3>31 de octubre de 2017<\/h3>\n<h2 class=\"post_title entry-title\">La problem\u00e1tica de movilidad en una isla o ciudad<\/h2>\n<p>[\/vc_column_text][\/vc_column][vc_column css_animation=\u00bbfadeInRight\u00bb width=\u00bb2\/3&#8243; css=\u00bb.vc_custom_1581084489854{background-color: #eaeaea !important;}\u00bb][vc_column_text]La c\u00e1tedra de Econom\u00eda y Movilidad particip\u00f3 en la 2\u00aa Jornada Smart Cities Smart Islands celebradas en Tenerife y organizada por el Cabildo Insular de Tenerife. Espec\u00edficamente, en la mesa redonda\u00a0 sobre \u2018La problem\u00e1tica de movilidad en una isla o ciudad\u00bb[\/vc_column_text][vc_empty_space height=\u00bb15px\u00bb][vc_btn title=\u00bbV\u00eddeo\u00bb align=\u00bbleft\u00bb button_block=\u00bbtrue\u00bb el_class=\u00bbboton-marcha\u00bb link=\u00bburl:http%3A%2F%2Fwww.canaltenerifetv.com%2Fmedia%2Fenrique-dans-hay-que-buscar-alternativas-que-disua%2Fshow%2Fimage||target:%20_blank|\u00bb][vc_empty_space height=\u00bb15px\u00bb][\/vc_column][\/vc_row][vc_row][vc_column][vc_empty_space height=\u00bb15px\u00bb][\/vc_column][\/vc_row][vc_row full_width=\u00bbstretch_row\u00bb gap=\u00bb1&#8243; equal_height=\u00bbyes\u00bb][vc_column css_animation=\u00bbfadeInLeft\u00bb width=\u00bb1\/3&#8243; css=\u00bb.vc_custom_1581084709591{padding-bottom: 7% !important;background-color: #eaeaea !important;}\u00bb][vc_column_text css_animation=\u00bbnone\u00bb]<\/p>\n<h3>Octubre de 2017<\/h3>\n<h2 class=\"post_title entry-title\">Jornada Movilidad y transporte en entornos especialmente sensibles: Parques Nacionales, Ciudades Monumentales, N\u00facleos Tur\u00edsticos<\/h2>\n<p>[\/vc_column_text][\/vc_column][vc_column css_animation=\u00bbfadeInRight\u00bb width=\u00bb2\/3&#8243; css=\u00bb.vc_custom_1581084489854{background-color: #eaeaea !important;}\u00bb][vc_column_text]La c\u00e1tedra de Econom\u00eda y Movilidad colabora con el Campus Am\u00e9rica 2017 en la organizaci\u00f3n de: La Jornada Movilidad y transporte en entornos especialmente sensibles: Parques Nacionales, Ciudades Monumentales, N\u00facleos Tur\u00edsticos[\/vc_column_text][vc_empty_space height=\u00bb15px\u00bb][vc_btn title=\u00bbCartel\u00bb align=\u00bbleft\u00bb button_block=\u00bbtrue\u00bb el_class=\u00bbboton-marcha\u00bb link=\u00bburl:https%3A%2F%2Fdrive.google.com%2Ffile%2Fd%2F1IfJG_Gg4tF4Hdvw_No2HKupxdNLJeoae%2Fview%3Fusp%3Dsharing|target:_blank\u00bb][vc_empty_space height=\u00bb15px\u00bb][\/vc_column][\/vc_row][vc_row][vc_column][vc_empty_space height=\u00bb15px\u00bb][\/vc_column][\/vc_row][vc_row full_width=\u00bbstretch_row\u00bb gap=\u00bb1&#8243; equal_height=\u00bbyes\u00bb][vc_column css_animation=\u00bbfadeInLeft\u00bb width=\u00bb1\/3&#8243; css=\u00bb.vc_custom_1581084709591{padding-bottom: 7% !important;background-color: #eaeaea !important;}\u00bb][vc_column_text css_animation=\u00bbnone\u00bb]<\/p>\n<h3>12 de mayo de 2017<\/h3>\n<h2 class=\"post_title entry-title\">La insostenibilidad a largo plazo de las finanzas p\u00fablicas espa\u00f1olas<\/h2>\n<p>[\/vc_column_text][\/vc_column][vc_column css_animation=\u00bbfadeInRight\u00bb width=\u00bb2\/3&#8243; css=\u00bb.vc_custom_1581084489854{background-color: #eaeaea !important;}\u00bb][vc_column_text]En el Aula Magna de la Facultad de Econom\u00eda, Empresa y Turismo se imparti\u00f3 la conferencia \u00abLa insostenibilidad a largo plazo de las finanzas p\u00fablicas espa\u00f1olas\u201d, por Vicente Esteve, de la Universidad de Valencia y de la Universidad de Alcal\u00e1 de Henares.[\/vc_column_text][vc_empty_space height=\u00bb15px\u00bb][vc_btn title=\u00bbVer actividad\u00bb align=\u00bbleft\u00bb button_block=\u00bbtrue\u00bb el_class=\u00bbboton-marcha\u00bb link=\u00bburl:https%3A%2F%2Fdrive.google.com%2Ffile%2Fd%2F1V_Wl53ZXtpY4zFKXTa44XAMFPKXixJ3b%2Fview%3Fusp%3Dsharing||target:%20_blank|\u00bb][vc_empty_space height=\u00bb15px\u00bb][\/vc_column][\/vc_row][vc_row][vc_column][vc_empty_space height=\u00bb15px\u00bb][\/vc_column][\/vc_row][vc_row full_width=\u00bbstretch_row\u00bb gap=\u00bb1&#8243; equal_height=\u00bbyes\u00bb][vc_column css_animation=\u00bbfadeInLeft\u00bb width=\u00bb1\/3&#8243; css=\u00bb.vc_custom_1581084709591{padding-bottom: 7% !important;background-color: #eaeaea !important;}\u00bb][vc_column_text css_animation=\u00bbnone\u00bb]<\/p>\n<h3>27 de abril de 2017<\/h3>\n<h2 class=\"post_title entry-title\">Sustainable development and enviromental issues<\/h2>\n<p>[\/vc_column_text][\/vc_column][vc_column css_animation=\u00bbfadeInRight\u00bb width=\u00bb2\/3&#8243; css=\u00bb.vc_custom_1581084489854{background-color: #eaeaea !important;}\u00bb][vc_column_text]La Jornada \u00abSustainable development and enviromental issues\u00bb cont\u00f3n coon la participaci\u00f3n de Heidi G. Robertson, professor of Environmental Studies de Levin College of Urban Affairs de la Cleveland State University y Helena Boham, assistant professor in economics, del Department of urban studies de Malmo University.[\/vc_column_text][vc_empty_space height=\u00bb15px\u00bb][vc_btn title=\u00bbPonencia de Heidi G. Robertson\u00bb align=\u00bbleft\u00bb button_block=\u00bbtrue\u00bb el_class=\u00bbboton-marcha\u00bb link=\u00bburl:https%3A%2F%2Fdrive.google.com%2Ffile%2Fd%2F17EIA2gcyt-mcMrsL-lZSp_BFClxaB0TD%2Fview%3Fusp%3Dsharing||target:%20_blank|\u00bb][vc_empty_space height=\u00bb15px\u00bb][vc_btn title=\u00bbPonencia de Helena Boham\u00bb align=\u00bbleft\u00bb button_block=\u00bbtrue\u00bb el_class=\u00bbboton-marcha\u00bb link=\u00bburl:https%3A%2F%2Fdrive.google.com%2Ffile%2Fd%2F1_EWHEspx8akrw4zgxxG0NaTV6Ul1Mydn%2Fview%3Fusp%3Dsharing||target:%20_blank|\u00bb][vc_empty_space height=\u00bb15px\u00bb][\/vc_column][\/vc_row][vc_row][vc_column][vc_empty_space height=\u00bb15px\u00bb][\/vc_column][\/vc_row][vc_row full_width=\u00bbstretch_row\u00bb gap=\u00bb1&#8243; equal_height=\u00bbyes\u00bb][vc_column css_animation=\u00bbfadeInLeft\u00bb width=\u00bb1\/3&#8243; css=\u00bb.vc_custom_1581084709591{padding-bottom: 7% !important;background-color: #eaeaea !important;}\u00bb][vc_column_text css_animation=\u00bbnone\u00bb]<\/p>\n<h3>18 de abril de 2017<\/h3>\n<h2 class=\"post_title entry-title\">Urbanismo y Movilidad<\/h2>\n<p>[\/vc_column_text][\/vc_column][vc_column css_animation=\u00bbfadeInRight\u00bb width=\u00bb2\/3&#8243; css=\u00bb.vc_custom_1581084489854{background-color: #eaeaea !important;}\u00bb][vc_column_text]Jornada sobre \u00abUrbanismo y movilidad\u00bb con la partici\u00f3n de Juli\u00e1n Sastre, Ingeniero de Caminos, Canales y Puertos (UPM) y Consultor Internacional de la Consultora Alomon Grupo S3Transportation y Cinta Romero,licenciada en Administraci\u00f3n de Empresas y Derecho, as\u00ed como Directora de Proyectos de la Consultora Alomon Grupo S3Transportation.[\/vc_column_text][vc_empty_space height=\u00bb15px\u00bb][vc_btn title=\u00bbPonencia de Juli\u00e1n Sastre\u00bb align=\u00bbleft\u00bb button_block=\u00bbtrue\u00bb el_class=\u00bbboton-marcha\u00bb link=\u00bburl:https%3A%2F%2Fdrive.google.com%2Ffile%2Fd%2F1RV9nP-93lgDoFlrNxaq5THcNEt7jbIwI%2Fview%3Fusp%3Dsharing||target:%20_blank|\u00bb][vc_empty_space height=\u00bb15px\u00bb][vc_btn title=\u00bbPonencia de Cinta Romero\u00bb align=\u00bbleft\u00bb button_block=\u00bbtrue\u00bb el_class=\u00bbboton-marcha\u00bb link=\u00bburl:https%3A%2F%2Fdrive.google.com%2Ffile%2Fd%2F1pjdMy95vWhY9O290YbRuXPWnpOfVOblw%2Fview%3Fusp%3Dsharing||target:%20_blank|\u00bb][vc_empty_space height=\u00bb15px\u00bb][\/vc_column][\/vc_row][vc_row][vc_column][vc_empty_space height=\u00bb15px\u00bb][\/vc_column][\/vc_row][vc_row full_width=\u00bbstretch_row\u00bb gap=\u00bb1&#8243; equal_height=\u00bbyes\u00bb][vc_column css_animation=\u00bbfadeInLeft\u00bb width=\u00bb1\/3&#8243; css=\u00bb.vc_custom_1581084709591{padding-bottom: 7% !important;background-color: #eaeaea !important;}\u00bb][vc_column_text css_animation=\u00bbnone\u00bb]<\/p>\n<h3>31 de marzo de 2017<\/h3>\n<h2 class=\"post_title entry-title\">La movilidad en los parques nacionales<\/h2>\n<p>[\/vc_column_text][\/vc_column][vc_column css_animation=\u00bbfadeInRight\u00bb width=\u00bb2\/3&#8243; css=\u00bb.vc_custom_1581084489854{background-color: #eaeaea !important;}\u00bb][vc_column_text]Jornada sobre \u00abLa movilidad en los parques nacionales\u00bb con la partici\u00f3n de Luis Marquina Murlanch, Jefe de Equipo de Uso P\u00fablico del Parque Nacional de Ordesa y Monte Perdido, Nuria Hijano Baonza, Gerente de Montnature y Centro de Difusi\u00f3n del Patrimonio Natural y Cultural de Monta\u00f1a, Juan A. Vielva Juez, Director del Centro de Investigaci\u00f3n, Seguimiento y Evaluaci\u00f3n Parque Nacional de la Sierra de Guadarrama y Juan Carlos Hern\u00e1ndez \u00c1lvarez, T\u00e9cnico de Uso P\u00fablico del Parque Nacional del Teide.[\/vc_column_text][vc_empty_space height=\u00bb15px\u00bb][vc_btn title=\u00bbPrograma\u00bb align=\u00bbleft\u00bb button_block=\u00bbtrue\u00bb el_class=\u00bbboton-marcha\u00bb link=\u00bburl:https%3A%2F%2Fdrive.google.com%2Ffile%2Fd%2F1gYG03CBl2SYvunBQ6tZBZeJa691kNz09%2Fview%3Fusp%3Dsharing||target:%20_blank|\u00bb][vc_empty_space height=\u00bb15px\u00bb][vc_btn title=\u00bbPonencia de Luis Marquina Murlanch\u00bb align=\u00bbleft\u00bb button_block=\u00bbtrue\u00bb el_class=\u00bbboton-marcha\u00bb link=\u00bburl:https%3A%2F%2Fdrive.google.com%2Ffile%2Fd%2F1zza57DlykHYi8SVa8amIygOmK883w0EI%2Fview%3Fusp%3Dsharing||target:%20_blank|\u00bb][vc_empty_space height=\u00bb15px\u00bb][vc_btn title=\u00bbPonencia de Juan A. Vielva Juez\u00bb align=\u00bbleft\u00bb button_block=\u00bbtrue\u00bb el_class=\u00bbboton-marcha\u00bb link=\u00bburl:https%3A%2F%2Fdrive.google.com%2Ffile%2Fd%2F1YEFu0FaU-J3IdmjxDWi2U198gJYaayal%2Fview%3Fusp%3Dsharing||target:%20_blank|\u00bb][vc_empty_space height=\u00bb15px\u00bb][vc_btn title=\u00bbPonencia de Juan Carlos Hern\u00e1ndez \u00c1lvarez\u00bb align=\u00bbleft\u00bb button_block=\u00bbtrue\u00bb el_class=\u00bbboton-marcha\u00bb link=\u00bburl:https%3A%2F%2Fdrive.google.com%2Ffile%2Fd%2F1mMjOy-Mnm1YcW34I6XSNgXv0fjGdBdY5%2Fview%3Fusp%3Dsharing||target:%20_blank|\u00bb][vc_empty_space height=\u00bb15px\u00bb][\/vc_column][\/vc_row][vc_row][vc_column][vc_empty_space height=\u00bb15px\u00bb][\/vc_column][\/vc_row][vc_row full_width=\u00bbstretch_row\u00bb gap=\u00bb1&#8243; equal_height=\u00bbyes\u00bb][vc_column css_animation=\u00bbfadeInLeft\u00bb width=\u00bb1\/3&#8243; css=\u00bb.vc_custom_1581084709591{padding-bottom: 7% !important;background-color: #eaeaea !important;}\u00bb][vc_column_text css_animation=\u00bbnone\u00bb]<\/p>\n<h3>3 de marzo de 2017<\/h3>\n<h2 class=\"post_title entry-title\">Los bancos y la oferta monetaria<\/h2>\n<p>[\/vc_column_text][\/vc_column][vc_column css_animation=\u00bbfadeInRight\u00bb width=\u00bb2\/3&#8243; css=\u00bb.vc_custom_1581084489854{background-color: #eaeaea !important;}\u00bb][vc_column_text]En el Aula Magna de la Facultad de Econom\u00eda, Empresa y Turismo se celebr\u00f3 la conferencia \u00abLos bancos y la oferta monetaria\u00bb impartida por David Cova Alonso, quien ha sido profesor en la Facultad de Econom\u00eda de la Universidad de La Laguna y cuenta con una gran trayectoria como responsable de CajaCanarias, donde fue director general. Tambi\u00e9n ha sido Delegado General en la Direcci\u00f3n Territorial de Canarias en CaixaBank y actualmente forma parte del Consejo Directivo de la Asociaci\u00f3n Espa\u00f1ola de Directivos en Canarias.[\/vc_column_text][vc_empty_space height=\u00bb15px\u00bb][vc_btn title=\u00bbVer actividad\u00bb align=\u00bbleft\u00bb button_block=\u00bbtrue\u00bb el_class=\u00bbboton-marcha\u00bb link=\u00bburl:https%3A%2F%2Fdrive.google.com%2Ffile%2Fd%2F1F4SG4jjmFvOZD16468W1yn_1Xju6Bh8c%2Fview%3Fusp%3Dsharing||target:%20_blank|\u00bb][vc_empty_space height=\u00bb15px\u00bb][\/vc_column][\/vc_row][vc_row][vc_column][vc_empty_space height=\u00bb15px\u00bb][\/vc_column][\/vc_row][vc_row full_width=\u00bbstretch_row\u00bb gap=\u00bb1&#8243; equal_height=\u00bbyes\u00bb][vc_column css_animation=\u00bbfadeInLeft\u00bb width=\u00bb1\/3&#8243; css=\u00bb.vc_custom_1581084709591{padding-bottom: 7% !important;background-color: #eaeaea !important;}\u00bb][vc_column_text css_animation=\u00bbnone\u00bb]<\/p>\n<h3>17 de enero de 2017<\/h3>\n<h2 class=\"post_title entry-title\">The Creative Class: do Jobs follow People or do People follow Jobs?<\/h2>\n<p>[\/vc_column_text][\/vc_column][vc_column css_animation=\u00bbfadeInRight\u00bb width=\u00bb2\/3&#8243; css=\u00bb.vc_custom_1581084489854{background-color: #eaeaea !important;}\u00bb][vc_column_text]Conferencia impartida por Stein Oesbye, de School of Business and Economics UiT The Arctic University of Norway y titulada:\u201cThe Creative Class: do Jobs follow People or do People follow Jobs?\u201d[\/vc_column_text][vc_empty_space height=\u00bb15px\u00bb][vc_btn title=\u00bbVer actividad\u00bb align=\u00bbleft\u00bb button_block=\u00bbtrue\u00bb el_class=\u00bbboton-marcha\u00bb link=\u00bburl:https%3A%2F%2Fdrive.google.com%2Ffile%2Fd%2F1RtToEFxzjmCGqaXqI0vozV69Bpjil0Ry%2Fview%3Fusp%3Dsharing||target:%20_blank|\u00bb][vc_empty_space height=\u00bb15px\u00bb][\/vc_column][\/vc_row][vc_row][vc_column][vc_empty_space height=\u00bb15px\u00bb][\/vc_column][\/vc_row]<\/p>\n","protected":false},"excerpt":{"rendered":"<p>[vc_row][vc_column css=\u00bb.vc_custom_1594731351291{padding-bottom: 20px !important;}\u00bb][vc_column_text] Actividades 2017 [\/vc_column_text][\/vc_column][\/vc_row][vc_row][vc_column][vc_empty_space height=\u00bb40px\u00bb][\/vc_column][\/vc_row][vc_row full_width=\u00bbstretch_row\u00bb gap=\u00bb1&#8243; equal_height=\u00bbyes\u00bb][vc_column css_animation=\u00bbfadeInLeft\u00bb width=\u00bb1\/3&#8243; css=\u00bb.vc_custom_1581084709591{padding-bottom: 7% !important;background-color: #eaeaea !important;}\u00bb][vc_column_text css_animation=\u00bbnone\u00bb] 1 de diciembre de 2017 Big Data en el trasporte y sistemas de informaci\u00f3n geogr\u00e1fica [\/vc_column_text][\/vc_column][vc_column css_animation=\u00bbfadeInRight\u00bb width=\u00bb2\/3&#8243; css=\u00bb.vc_custom_1581084489854{background-color: #eaeaea !important;}\u00bb][vc_column_text]El Sal\u00f3n de Grados de la Facultad de Econom\u00eda, Empresa y Turismo acogi\u00f3 la conferencia \u00abBig&#8230;<\/p>\n","protected":false},"author":5,"featured_media":0,"parent":178,"menu_order":0,"comment_status":"closed","ping_status":"closed","template":"templates\/template-no-title.php","meta":[],"_links":{"self":[{"href":"https:\/\/www.ull.es\/catedras\/catedra-economia-movilidad-cajacanarias\/wp-json\/wp\/v2\/pages\/188"}],"collection":[{"href":"https:\/\/www.ull.es\/catedras\/catedra-economia-movilidad-cajacanarias\/wp-json\/wp\/v2\/pages"}],"about":[{"href":"https:\/\/www.ull.es\/catedras\/catedra-economia-movilidad-cajacanarias\/wp-json\/wp\/v2\/types\/page"}],"author":[{"embeddable":true,"href":"https:\/\/www.ull.es\/catedras\/catedra-economia-movilidad-cajacanarias\/wp-json\/wp\/v2\/users\/5"}],"replies":[{"embeddable":true,"href":"https:\/\/www.ull.es\/catedras\/catedra-economia-movilidad-cajacanarias\/wp-json\/wp\/v2\/comments?post=188"}],"version-history":[{"count":11,"href":"https:\/\/www.ull.es\/catedras\/catedra-economia-movilidad-cajacanarias\/wp-json\/wp\/v2\/pages\/188\/revisions"}],"predecessor-version":[{"id":359,"href":"https:\/\/www.ull.es\/catedras\/catedra-economia-movilidad-cajacanarias\/wp-json\/wp\/v2\/pages\/188\/revisions\/359"}],"up":[{"embeddable":true,"href":"https:\/\/www.ull.es\/catedras\/catedra-economia-movilidad-cajacanarias\/wp-json\/wp\/v2\/pages\/178"}],"wp:attachment":[{"href":"https:\/\/www.ull.es\/catedras\/catedra-economia-movilidad-cajacanarias\/wp-json\/wp\/v2\/media?parent=188"}],"curies":[{"name":"wp","href":"https:\/\/api.w.org\/{rel}","templated":true}]}}