{"id":206,"date":"2020-09-09T11:34:13","date_gmt":"2020-09-09T11:34:13","guid":{"rendered":"https:\/\/www.ull.es\/catedras\/catedra-economia-movilidad-cajacanarias\/?page_id=206"},"modified":"2022-08-02T12:44:31","modified_gmt":"2022-08-02T12:44:31","slug":"actividades-2020","status":"publish","type":"page","link":"https:\/\/www.ull.es\/catedras\/catedra-economia-movilidad-cajacanarias\/actividades\/actividades-2020\/","title":{"rendered":"Actividades 2020"},"content":{"rendered":"<p>[vc_row][vc_column css=\u00bb.vc_custom_1594731351291{padding-bottom: 20px !important;}\u00bb][vc_column_text]<\/p>\n<h1 class=\"container ull-site-title-blank\">Actividades 2020<\/h1>\n<p>[\/vc_column_text][\/vc_column][\/vc_row][vc_row][vc_column][vc_empty_space][\/vc_column][\/vc_row][vc_row full_width=\u00bbstretch_row\u00bb gap=\u00bb1&#8243; equal_height=\u00bbyes\u00bb][vc_column css_animation=\u00bbfadeInLeft\u00bb width=\u00bb1\/3&#8243; css=\u00bb.vc_custom_1581084709591{padding-bottom: 7% !important;background-color: #eaeaea !important;}\u00bb][vc_column_text css_animation=\u00bbnone\u00bb]<\/p>\n<h3>11 de diciembre de 2020<\/h3>\n<h2 class=\"tribe-events-single-event-title\">Movilidad y Transporte en Canarias tras la segunda ola del COVID-19<\/h2>\n<p>[\/vc_column_text][\/vc_column][vc_column css_animation=\u00bbfadeInRight\u00bb width=\u00bb2\/3&#8243; css=\u00bb.vc_custom_1581084489854{background-color: #eaeaea !important;}\u00bb][vc_column_text]La c\u00e1tedra de Econom\u00eda y Movilidad CajaCanarias Universidad de La Laguna y el Instituto Universitario de Desarrollo Regional organizaron un seminario online gratuito, titulado \u00abMovilidad y Transporte en Canarias tras la segunda ola del COVID-19\u00bb, el 11 de diciembre las 13:00h<\/p>\n<p>Se cont\u00f3 con varios ponentes :<\/p>\n<ul>\n<li>Pablo Calvo Labra, jefe Provincial de Tr\u00e1fico de Santa Cruz de Tenerife en DGT.<\/li>\n<li>Jos\u00e9 Luis Becerra Dom\u00ednguez, gerente de BINTER Cargo.<\/li>\n<li>Gin\u00e9s Le\u00f3n Rodr\u00edguez, responsable del Departamento de Big Data y Data Science de TITSA.<\/li>\n<li>Juan Jes\u00fas Dionis Garc\u00eda, Jefe de Carga de FRED OLSEN.<\/li>\n<\/ul>\n<p>Este seminario se enmarca en las actividades de Extensi\u00f3n Universitaria, en este caso organizada por la C\u00e1tedra de Econom\u00eda y Movilidad CajaCanarias-ULL, dentro del marco de \u00abSeminarios Interc\u00e1tedras 2020\/2021\u00bb.[\/vc_column_text][vc_empty_space height=\u00bb15px\u00bb][vc_btn title=\u00bbV\u00eddeo\u00bb align=\u00bbleft\u00bb button_block=\u00bbtrue\u00bb el_class=\u00bbboton-marcha\u00bb link=\u00bburl:https%3A%2F%2Fwww.youtube.com%2Fwatch%3Fv%3DgZ8Zfb7R4kY%26feature%3Dyoutu.be|target:_blank\u00bb][vc_empty_space height=\u00bb15px\u00bb][\/vc_column][\/vc_row][vc_row][vc_column][vc_empty_space][\/vc_column][\/vc_row][vc_row full_width=\u00bbstretch_row\u00bb gap=\u00bb1&#8243; equal_height=\u00bbyes\u00bb][vc_column css_animation=\u00bbfadeInLeft\u00bb width=\u00bb1\/3&#8243; css=\u00bb.vc_custom_1581084709591{padding-bottom: 7% !important;background-color: #eaeaea !important;}\u00bb][vc_column_text css_animation=\u00bbnone\u00bb]<\/p>\n<h3>11 de noviembre de 2020<\/h3>\n<h2 class=\"tribe-events-single-event-title\">Gesti\u00f3n y comunicaci\u00f3n del Transporte en tiempos de crisis y emergencias<\/h2>\n<p>[\/vc_column_text][\/vc_column][vc_column css_animation=\u00bbfadeInRight\u00bb width=\u00bb2\/3&#8243; css=\u00bb.vc_custom_1581084489854{background-color: #eaeaea !important;}\u00bb][vc_column_text]La c\u00e1tedra de Econom\u00eda y Movilidad de la ULL_Fundaci\u00f3n CajaCanarias organiz\u00f3 un seminario online gratuito, titulado \u00abGesti\u00f3n y comunicaci\u00f3n del Transporte en tiempos de crisis y emergencias\u00bb, el 11 de noviembre las 17h<\/p>\n<p>Espec\u00edficamente se cont\u00f3 con dos ponentes que presentaron las siguientes ponencias:<\/p>\n<ul>\n<li><strong>Gesti\u00f3n y Comunicaci\u00f3n del transporte<\/strong>. Impartida por Rainer Uphoff<\/li>\n<li><strong>La movilidad con pandemia.<\/strong> Impartida por Juli\u00e1n Sastre Gonz\u00e1lez<\/li>\n<\/ul>\n<p>Este seminario se enmarca en las actividades de Extensi\u00f3n Universitaria, en este caso organizada por la C\u00e1tedra de Econom\u00eda y Movilidad CajaCanarias-ULL, dentro del marco de \u00abSeminarios Interc\u00e1tedras 2019\/2020\u00bb.[\/vc_column_text][vc_empty_space height=\u00bb15px\u00bb][vc_btn title=\u00bbV\u00eddeo\u00bb align=\u00bbleft\u00bb button_block=\u00bbtrue\u00bb el_class=\u00bbboton-marcha\u00bb link=\u00bburl:https%3A%2F%2Fwww.youtube.com%2Fwatch%3Fv%3D67XcpnTF-g8%26feature%3Dyoutu.be|target:_blank\u00bb][vc_empty_space height=\u00bb15px\u00bb][\/vc_column][\/vc_row][vc_row][vc_column][vc_empty_space height=\u00bb40px\u00bb][\/vc_column][\/vc_row][vc_row full_width=\u00bbstretch_row\u00bb gap=\u00bb1&#8243; equal_height=\u00bbyes\u00bb][vc_column css_animation=\u00bbfadeInLeft\u00bb width=\u00bb1\/3&#8243; css=\u00bb.vc_custom_1581084709591{padding-bottom: 7% !important;background-color: #eaeaea !important;}\u00bb][vc_column_text css_animation=\u00bbnone\u00bb]<\/p>\n<h3>18 de septiembre de 2020<\/h3>\n<h2 class=\"post_title entry-title\">Movilidad sin emisiones<\/h2>\n<p>[\/vc_column_text][\/vc_column][vc_column css_animation=\u00bbfadeInRight\u00bb width=\u00bb2\/3&#8243; css=\u00bb.vc_custom_1581084489854{background-color: #eaeaea !important;}\u00bb][vc_column_text]La c\u00e1tedra de Econom\u00eda y Movilidad de la Universidad de La Laguna Fundaci\u00f3n CajaCanarias organiza, en el marco de la Semana Europea de la Movilidad y bajo el lema escogido este a\u00f1o para su celebraci\u00f3n: \u00a8Movilidad sin emisiones\u00a8, un seminario\u00a0online gratuito\u00a0sobre El an\u00e1lisis de las emisiones de CO2 derivadas de la movilidad en coche en Europa y la importancia del veh\u00edculo el\u00e9ctrico como reductor de emisiones, que se enmarca en el ciclo de actividades de Extensi\u00f3n Universitaria\u00a0\u00abSeminarios Interc\u00e1tedras 2020\/2021\u00bb.[\/vc_column_text][vc_empty_space height=\u00bb15px\u00bb][vc_btn title=\u00bbV\u00eddeo\u00bb align=\u00bbleft\u00bb button_block=\u00bbtrue\u00bb el_class=\u00bbboton-marcha\u00bb link=\u00bburl:https%3A%2F%2Fyoutu.be%2FrK7kJgn-RHQ|target:_blank\u00bb][vc_empty_space height=\u00bb15px\u00bb][vc_btn title=\u00bbPresentaci\u00f3n de Alfredo Ram\u00edrez\u00bb align=\u00bbleft\u00bb button_block=\u00bbtrue\u00bb el_class=\u00bbboton-marcha\u00bb link=\u00bburl:https%3A%2F%2Fdrive.google.com%2Ffile%2Fd%2F1ZZaGKPiCMiPEE-qq_mQ5hMdc7kV1HbzZ%2Fview%3Fusp%3Dsharing|target:_blank\u00bb][vc_empty_space height=\u00bb15px\u00bb][vc_btn title=\u00bbPresentaci\u00f3n \u00c1ngel Marrero\u00bb align=\u00bbleft\u00bb button_block=\u00bbtrue\u00bb el_class=\u00bbboton-marcha\u00bb link=\u00bburl:https%3A%2F%2Fdrive.google.com%2Ffile%2Fd%2F1echVYTiYwRSTH&#8211;gIXU-FpRmR6oyXcj6%2Fview%3Fusp%3Dsharing|target:_blank\u00bb][\/vc_column][\/vc_row][vc_row][vc_column][vc_empty_space][\/vc_column][\/vc_row][vc_row full_width=\u00bbstretch_row\u00bb gap=\u00bb1&#8243; equal_height=\u00bbyes\u00bb][vc_column css_animation=\u00bbfadeInLeft\u00bb width=\u00bb1\/3&#8243; css=\u00bb.vc_custom_1581084709591{padding-bottom: 7% !important;background-color: #eaeaea !important;}\u00bb][vc_column_text css_animation=\u00bbnone\u00bb]<\/p>\n<h3>23 de junio de 2020<\/h3>\n<h2 class=\"post_title entry-title\">Tecnolog\u00eda aplicada al transporte y la movilidad tras la crisis del\u00a0 Covid-19<\/h2>\n<p>[\/vc_column_text][\/vc_column][vc_column css_animation=\u00bbfadeInRight\u00bb width=\u00bb2\/3&#8243; css=\u00bb.vc_custom_1581084489854{background-color: #eaeaea !important;}\u00bb][vc_column_text]La C\u00e1tedra de Econom\u00eda y Movilidad, junto con La Fundaci\u00f3n FYDE Cajacanarias, organizaron el Seminario en l\u00ednea titulado \u201cTecnolog\u00eda aplicada al transporte y la movilidad tras la crisis del\u00a0 Covid-19\u201d, con la actuaci\u00f3n como ponente de Enrique Dans, profesor de Innovaci\u00f3n en IE Business School, Senior Advisor en Innovaci\u00f3n y Transformaci\u00f3n Digital en IE Business School, profesor visitante en la Escuela Diplom\u00e1tica y en la Universidad de Oxford, asesor de empresas, colaborador habitual en medios de comunicaci\u00f3n, Senior Contributor en Forbes y escribe diariamente en su p\u00e1gina <a href=\"http:\/\/enriquedans.com\/\" target=\"_blank\" rel=\"noopener noreferrer\" data-saferedirecturl=\"https:\/\/www.google.com\/url?q=http:\/\/enriquedans.com&amp;source=gmail&amp;ust=1599736854555000&amp;usg=AFQjCNHgz6ne9-CHv6XxJLAMbwvtfUiUGA\" target=\"_blank\" rel=\"noopener\">enriquedans.com<\/a>.[\/vc_column_text][vc_empty_space height=\u00bb15px\u00bb][vc_btn title=\u00bbV\u00eddeo\u00bb align=\u00bbleft\u00bb button_block=\u00bbtrue\u00bb el_class=\u00bbboton-marcha\u00bb link=\u00bburl:https%3A%2F%2Fwww.youtube.com%2Fwatch%3Fv%3DFcyj1ScRgt0%20%20||target:%20_blank|\u00bb][vc_empty_space height=\u00bb15px\u00bb][vc_btn title=\u00bbV\u00eddeo\u00bb align=\u00bbleft\u00bb button_block=\u00bbtrue\u00bb el_class=\u00bbboton-marcha\u00bb link=\u00bburl:https%3A%2F%2Fwww.youtube.com%2Fwatch%3Fv%3DFcyj1ScRgt0%20%20||target:%20_blank|\u00bb][vc_empty_space height=\u00bb15px\u00bb][\/vc_column][\/vc_row][vc_row][vc_column][vc_empty_space height=\u00bb15px\u00bb][\/vc_column][\/vc_row][vc_row full_width=\u00bbstretch_row\u00bb gap=\u00bb1&#8243; equal_height=\u00bbyes\u00bb][vc_column css_animation=\u00bbfadeInLeft\u00bb width=\u00bb1\/3&#8243; css=\u00bb.vc_custom_1581084709591{padding-bottom: 7% !important;background-color: #eaeaea !important;}\u00bb][vc_column_text css_animation=\u00bbnone\u00bb]<\/p>\n<h3>11 de junio de 2020<\/h3>\n<h2 class=\"post_title entry-title\">Movilidad y transporte en Canarias tras la crisis del Covid-19<\/h2>\n<p>[\/vc_column_text][\/vc_column][vc_column css_animation=\u00bbfadeInRight\u00bb width=\u00bb2\/3&#8243; css=\u00bb.vc_custom_1581084489854{background-color: #eaeaea !important;}\u00bb][vc_column_text]La C\u00e1tedra de Econom\u00eda y Movilidad, junto con el Instituto Universitario de Desarrollo Regional, organizaron el Seminario en linea titulado \u201cMovilidad y transporte en Canarias tras la crisis del Covid-19&#8243;, con la participaci\u00f3n de Pablo Calvo Labra, de la DGT, Gin\u00e9s Le\u00f3n Rodr\u00edguez, de TITSA, Jos\u00e9 Luis Becerra Dom\u00ednguez, de Binter y Juan Jes\u00fas Dioniz Garc\u00eda, de Fred Olsen.[\/vc_column_text][vc_empty_space height=\u00bb15px\u00bb][vc_btn title=\u00bbV\u00eddeo\u00bb align=\u00bbleft\u00bb button_block=\u00bbtrue\u00bb el_class=\u00bbboton-marcha\u00bb link=\u00bburl:https%3A%2F%2Fwww.youtube.com%2Fwatch%3Fv%3DnMhEeaapU1A%26feature%3Dyoutu.be||target:%20_blank|\u00bb][vc_empty_space height=\u00bb15px\u00bb][vc_btn title=\u00bbSeminario\u00bb align=\u00bbleft\u00bb button_block=\u00bbtrue\u00bb el_class=\u00bbboton-marcha\u00bb link=\u00bburl:https%3A%2F%2Fwww.ull.es%2Fcatedras%2Fcatedra-economia-movilidad-cajacanarias%2Fwp-content%2Fuploads%2Fsites%2F10%2F2020%2F09%2FSeminariomovilidad2020.pdf||target:%20_blank|\u00bb][\/vc_column][\/vc_row][vc_row][vc_column][vc_empty_space height=\u00bb15px\u00bb][\/vc_column][\/vc_row][vc_row full_width=\u00bbstretch_row\u00bb gap=\u00bb1&#8243; equal_height=\u00bbyes\u00bb][vc_column css_animation=\u00bbfadeInLeft\u00bb width=\u00bb1\/3&#8243; css=\u00bb.vc_custom_1581084709591{padding-bottom: 7% !important;background-color: #eaeaea !important;}\u00bb][vc_column_text css_animation=\u00bbnone\u00bb]<\/p>\n<h3>6 de mayo del 2020<\/h3>\n<h2 class=\"post_title entry-title\">Perspectivas econ\u00f3micas y nuevos desaf\u00edos ante la crisis del Covid-19<\/h2>\n<p>[\/vc_column_text][\/vc_column][vc_column css_animation=\u00bbfadeInRight\u00bb width=\u00bb2\/3&#8243; css=\u00bb.vc_custom_1581084489854{background-color: #eaeaea !important;}\u00bb][vc_column_text]La C\u00e1tedra de Econom\u00eda y Movilidad, junto con la Fundaci\u00f3n Fyde-CajaCanarias, organizaron la videoconferencia en directo titulada \u201cPerspectivas econ\u00f3micas y nuevos desaf\u00edos ente la crisis del Covid-19&#8243;, impartida por Emilio Ontiveros Baeza, Catedr\u00e1tico Em\u00e9rito de Econom\u00eda de la Empresa de la Universidad Aut\u00f3noma de Madrid y Jos\u00e9 Luis Rivero Ceballos, Catedr\u00e1tico de Econom\u00eda Aplicada de la Universidad de La Laguna.[\/vc_column_text][vc_empty_space height=\u00bb15px\u00bb][vc_btn title=\u00bbV\u00eddeo\u00bb align=\u00bbleft\u00bb button_block=\u00bbtrue\u00bb el_class=\u00bbboton-marcha\u00bb link=\u00bburl:https%3A%2F%2Fwww.youtube.com%2Fwatch%3Fv%3DqRf7gilY6BY%26feature%3Dyoutu.be||target:%20_blank|\u00bb][vc_empty_space height=\u00bb15px\u00bb][vc_btn title=\u00bbSeminario\u00bb align=\u00bbleft\u00bb button_block=\u00bbtrue\u00bb el_class=\u00bbboton-marcha\u00bb link=\u00bburl:https%3A%2F%2Fwww.ull.es%2Fcatedras%2Fcatedra-economia-movilidad-cajacanarias%2Fwp-content%2Fuploads%2Fsites%2F10%2F2020%2F09%2FSeminarioOntiveros_Rivero_6deMayo-convertido.pdf||target:%20_blank|\u00bb][vc_empty_space height=\u00bb15px\u00bb][\/vc_column][\/vc_row][vc_row][vc_column][vc_empty_space height=\u00bb15px\u00bb][\/vc_column][\/vc_row]<\/p>\n","protected":false},"excerpt":{"rendered":"<p>[vc_row][vc_column css=\u00bb.vc_custom_1594731351291{padding-bottom: 20px !important;}\u00bb][vc_column_text] Actividades 2020 [\/vc_column_text][\/vc_column][\/vc_row][vc_row][vc_column][vc_empty_space][\/vc_column][\/vc_row][vc_row full_width=\u00bbstretch_row\u00bb gap=\u00bb1&#8243; equal_height=\u00bbyes\u00bb][vc_column css_animation=\u00bbfadeInLeft\u00bb width=\u00bb1\/3&#8243; css=\u00bb.vc_custom_1581084709591{padding-bottom: 7% !important;background-color: #eaeaea !important;}\u00bb][vc_column_text css_animation=\u00bbnone\u00bb] 11 de diciembre de 2020 Movilidad y Transporte en Canarias tras la segunda ola del COVID-19 [\/vc_column_text][\/vc_column][vc_column css_animation=\u00bbfadeInRight\u00bb width=\u00bb2\/3&#8243; css=\u00bb.vc_custom_1581084489854{background-color: #eaeaea !important;}\u00bb][vc_column_text]La c\u00e1tedra de Econom\u00eda y Movilidad CajaCanarias Universidad de La Laguna y el Instituto Universitario de&#8230;<\/p>\n","protected":false},"author":5,"featured_media":0,"parent":178,"menu_order":0,"comment_status":"closed","ping_status":"closed","template":"templates\/template-no-title.php","meta":[],"_links":{"self":[{"href":"https:\/\/www.ull.es\/catedras\/catedra-economia-movilidad-cajacanarias\/wp-json\/wp\/v2\/pages\/206"}],"collection":[{"href":"https:\/\/www.ull.es\/catedras\/catedra-economia-movilidad-cajacanarias\/wp-json\/wp\/v2\/pages"}],"about":[{"href":"https:\/\/www.ull.es\/catedras\/catedra-economia-movilidad-cajacanarias\/wp-json\/wp\/v2\/types\/page"}],"author":[{"embeddable":true,"href":"https:\/\/www.ull.es\/catedras\/catedra-economia-movilidad-cajacanarias\/wp-json\/wp\/v2\/users\/5"}],"replies":[{"embeddable":true,"href":"https:\/\/www.ull.es\/catedras\/catedra-economia-movilidad-cajacanarias\/wp-json\/wp\/v2\/comments?post=206"}],"version-history":[{"count":18,"href":"https:\/\/www.ull.es\/catedras\/catedra-economia-movilidad-cajacanarias\/wp-json\/wp\/v2\/pages\/206\/revisions"}],"predecessor-version":[{"id":370,"href":"https:\/\/www.ull.es\/catedras\/catedra-economia-movilidad-cajacanarias\/wp-json\/wp\/v2\/pages\/206\/revisions\/370"}],"up":[{"embeddable":true,"href":"https:\/\/www.ull.es\/catedras\/catedra-economia-movilidad-cajacanarias\/wp-json\/wp\/v2\/pages\/178"}],"wp:attachment":[{"href":"https:\/\/www.ull.es\/catedras\/catedra-economia-movilidad-cajacanarias\/wp-json\/wp\/v2\/media?parent=206"}],"curies":[{"name":"wp","href":"https:\/\/api.w.org\/{rel}","templated":true}]}}