{"id":208,"date":"2020-09-09T11:38:02","date_gmt":"2020-09-09T11:38:02","guid":{"rendered":"https:\/\/www.ull.es\/catedras\/catedra-economia-movilidad-cajacanarias\/?page_id=208"},"modified":"2022-08-02T12:50:34","modified_gmt":"2022-08-02T12:50:34","slug":"actividades-2019","status":"publish","type":"page","link":"https:\/\/www.ull.es\/catedras\/catedra-economia-movilidad-cajacanarias\/actividades\/actividades-2019\/","title":{"rendered":"Actividades 2019"},"content":{"rendered":"<p>[vc_row][vc_column css=\u00bb.vc_custom_1594731351291{padding-bottom: 20px !important;}\u00bb][vc_column_text]<\/p>\n<h1 class=\"container ull-site-title-blank\">Actividades 2019<\/h1>\n<p>[\/vc_column_text][\/vc_column][\/vc_row][vc_row][vc_column][vc_empty_space height=\u00bb40px\u00bb][\/vc_column][\/vc_row][vc_row full_width=\u00bbstretch_row\u00bb gap=\u00bb1&#8243; equal_height=\u00bbyes\u00bb][vc_column css_animation=\u00bbfadeInLeft\u00bb width=\u00bb1\/3&#8243; css=\u00bb.vc_custom_1581084709591{padding-bottom: 7% !important;background-color: #eaeaea !important;}\u00bb][vc_column_text css_animation=\u00bbnone\u00bb]<\/p>\n<h3>27 de noviembre de 2019<\/h3>\n<h2 class=\"post_title entry-title\">Opinion dynamics and complex networks: an application to transportation modal choice<\/h2>\n<p>[\/vc_column_text][\/vc_column][vc_column css_animation=\u00bbfadeInRight\u00bb width=\u00bb2\/3&#8243; css=\u00bb.vc_custom_1581084489854{background-color: #eaeaea !important;}\u00bb][vc_column_text]<\/p>\n<div>La c\u00e1tedra de Econom\u00eda y Movilidad organiza el seminario titulado:\u00a0 \u201cOpinion dynamics and complex networks:\u00a0an application to<br \/>\ntransportation modal choice\u00bbImpartido por D\u00aa Silvana Stefani. Catedr\u00e1tica de Matem\u00e1ticas Aplicadas a Econom\u00eda y Finanzas Departamento de Estad\u00edtica y M\u00e9todos Cuantitativos Universidad de Milano Bicocca Italia.<\/div>\n<p>[\/vc_column_text][vc_empty_space height=\u00bb15px\u00bb][vc_btn title=\u00bbCartel\u00bb align=\u00bbleft\u00bb button_block=\u00bbtrue\u00bb el_class=\u00bbboton-marcha\u00bb link=\u00bburl:https%3A%2F%2Fdrive.google.com%2Ffile%2Fd%2F1TOBFflIyol2DPUFuUpl-ITjBMLlFiXSG%2Fview%3Fusp%3Dsharing|target:_blank\u00bb][vc_empty_space height=\u00bb15px\u00bb][\/vc_column][\/vc_row][vc_row][vc_column][vc_empty_space height=\u00bb40px\u00bb][\/vc_column][\/vc_row][vc_row full_width=\u00bbstretch_row\u00bb gap=\u00bb1&#8243; equal_height=\u00bbyes\u00bb][vc_column css_animation=\u00bbfadeInLeft\u00bb width=\u00bb1\/3&#8243; css=\u00bb.vc_custom_1581084709591{padding-bottom: 7% !important;background-color: #eaeaea !important;}\u00bb][vc_column_text css_animation=\u00bbnone\u00bb]<\/p>\n<h3>20 de noviembre de 2019<\/h3>\n<h2 class=\"post_title entry-title\">Modelaci\u00f3n para la tarificaci\u00f3n \u00f3ptima de Sistemas de Bicicletas Compartidas<\/h2>\n<p>[\/vc_column_text][\/vc_column][vc_column css_animation=\u00bbfadeInRight\u00bb width=\u00bb2\/3&#8243; css=\u00bb.vc_custom_1581084489854{background-color: #eaeaea !important;}\u00bb][vc_column_text]<\/p>\n<p class=\"post_title entry-title\">La C\u00e1tedra de Econom\u00eda y Movilidad colabora con el Departamento de Econom\u00eda, Contabilidad y Finanzas en la organizaci\u00f3n del seminario:\u201c Modelaci\u00f3n para la tarificaci\u00f3n \u00f3ptima de Sistemas de Bicicletas Compartidas\u00bb.<\/p>\n<p>Impartida por D. Sergio Jara D\u00edaz. Catedr\u00e1tico de Catedr\u00e1tico de la Facultad de Ciencias F\u00edsicas y Matem\u00e1ticas de la Universidad de Chile.<\/p>\n<p>[\/vc_column_text][vc_empty_space height=\u00bb15px\u00bb][vc_btn title=\u00bbCartel\u00bb align=\u00bbleft\u00bb button_block=\u00bbtrue\u00bb el_class=\u00bbboton-marcha\u00bb link=\u00bburl:https%3A%2F%2Fdrive.google.com%2Ffile%2Fd%2F14NLK044R4UhK_x_lJns0IPljeJ3yN-y7%2Fview%3Fusp%3Dsharing|target:_blank\u00bb][vc_empty_space height=\u00bb15px\u00bb][\/vc_column][\/vc_row][vc_row][vc_column][vc_empty_space height=\u00bb40px\u00bb][\/vc_column][\/vc_row][vc_row full_width=\u00bbstretch_row\u00bb gap=\u00bb1&#8243; equal_height=\u00bbyes\u00bb][vc_column css_animation=\u00bbfadeInLeft\u00bb width=\u00bb1\/3&#8243; css=\u00bb.vc_custom_1581084709591{padding-bottom: 7% !important;background-color: #eaeaea !important;}\u00bb][vc_column_text css_animation=\u00bbnone\u00bb]<\/p>\n<h3>18 de noviembre de 2019<\/h3>\n<h2 class=\"post_title entry-title\">C\u00f3mo estructurar una investigaci\u00f3n en Econom\u00eda<\/h2>\n<p>[\/vc_column_text][\/vc_column][vc_column css_animation=\u00bbfadeInRight\u00bb width=\u00bb2\/3&#8243; css=\u00bb.vc_custom_1581084489854{background-color: #eaeaea !important;}\u00bb][vc_column_text]<\/p>\n<p class=\"post_title entry-title\">La C\u00e1tedra de Econom\u00eda y Movilidad colabora\u00a0 con el Departamento de Econom\u00eda, Contabilidad y Finanzas en la organizaci\u00f3n del seminario: \u201c C\u00f3mo estructurar una investigaci\u00f3n en Econom\u00eda\u00bb.<\/p>\n<p>Impartida Sergio Jara D\u00edaz. Catedr\u00e1tico de Catedr\u00e1tico de la Facultad de Ciencias F\u00edsicas y Matem\u00e1ticas de la Universidad de Chile.<\/p>\n<p>[\/vc_column_text][vc_empty_space height=\u00bb15px\u00bb][vc_btn title=\u00bbCartel\u00bb align=\u00bbleft\u00bb button_block=\u00bbtrue\u00bb el_class=\u00bbboton-marcha\u00bb link=\u00bburl:https%3A%2F%2Fdrive.google.com%2Ffile%2Fd%2F1Yxg9avVhQKraixRt4jUViF6qDKb5YJ83%2Fview%3Fusp%3Dsharing|target:_blank\u00bb][vc_empty_space height=\u00bb15px\u00bb][\/vc_column][\/vc_row][vc_row][vc_column][vc_empty_space height=\u00bb40px\u00bb][\/vc_column][\/vc_row][vc_row full_width=\u00bbstretch_row\u00bb gap=\u00bb1&#8243; equal_height=\u00bbyes\u00bb][vc_column css_animation=\u00bbfadeInLeft\u00bb width=\u00bb1\/3&#8243; css=\u00bb.vc_custom_1581084709591{padding-bottom: 7% !important;background-color: #eaeaea !important;}\u00bb][vc_column_text css_animation=\u00bbnone\u00bb]<\/p>\n<h3>Octubre de 2019<\/h3>\n<h2 class=\"post_title entry-title\">Provisi\u00f3n de Infraestructura Vial y Servicios de Transporte P\u00fablico bajo Diferentes Esquemas de Financiamiento: un An\u00e1lisis Mediante Simulaci\u00f3n<\/h2>\n<p>[\/vc_column_text][\/vc_column][vc_column css_animation=\u00bbfadeInRight\u00bb width=\u00bb2\/3&#8243; css=\u00bb.vc_custom_1581084489854{background-color: #eaeaea !important;}\u00bb][vc_column_text]<\/p>\n<p class=\"post_title entry-title\">La C\u00e1tedra de Econom\u00eda y Movilidad colabora con el Departamento de Econom\u00eda, Contabilidad y Finanzas en la organizaci\u00f3n del seminario:\u201c Provisi\u00f3n de Infraestructura Vial y Servicios de Transporte P\u00fablico bajo Diferentes Esquemas de\u00a0Financiamiento: un An\u00e1lisis Mediante Simulaci\u00f3n\u201d<\/p>\n<div>Impartido por Luis Rizzi de la Pontificia Universidad Cat\u00f3lica de Chile<\/div>\n<p>[\/vc_column_text][vc_empty_space height=\u00bb15px\u00bb][vc_btn title=\u00bbCartel\u00bb align=\u00bbleft\u00bb button_block=\u00bbtrue\u00bb el_class=\u00bbboton-marcha\u00bb link=\u00bburl:https%3A%2F%2Fdrive.google.com%2Ffile%2Fd%2F1dbxwcHoKru1RezDKUxm8nIBd78nVRAKZ%2Fview%3Fusp%3Dsharing|target:_blank\u00bb][vc_empty_space height=\u00bb15px\u00bb][\/vc_column][\/vc_row][vc_row][vc_column][vc_empty_space height=\u00bb40px\u00bb][\/vc_column][\/vc_row][vc_row full_width=\u00bbstretch_row\u00bb gap=\u00bb1&#8243; equal_height=\u00bbyes\u00bb][vc_column css_animation=\u00bbfadeInLeft\u00bb width=\u00bb1\/3&#8243; css=\u00bb.vc_custom_1581084709591{padding-bottom: 7% !important;background-color: #eaeaea !important;}\u00bb][vc_column_text css_animation=\u00bbnone\u00bb]<\/p>\n<h3>19 de septiembre de 2019<\/h3>\n<h2 class=\"post_title entry-title\">Retos para una movilidad sostenible<\/h2>\n<p>[\/vc_column_text][\/vc_column][vc_column css_animation=\u00bbfadeInRight\u00bb width=\u00bb2\/3&#8243; css=\u00bb.vc_custom_1581084489854{background-color: #eaeaea !important;}\u00bb][vc_column_text]<\/p>\n<p class=\"post_title entry-title\">La C\u00e1tedra de Econom\u00eda y Movilidad organiz\u00f3 una serie de actos con motivo de la celebraci\u00f3n de la Semana Europea de Movilidad que tuvieron lugar\u00a0 en el Sal\u00f3n de Grados de la Facultad de Econom\u00eda, Empresa y Turismo.\u00a0 En dicho acto se present\u00f3 el libro titulado \u00abRetos para una movilidad sostenible\u00bb<\/p>\n<p>El libro ha sido coordinado por Rosa Marina Gonz\u00e1lez Marrero, directora de la c\u00e1tedra, y elaborado por investigadores de la c\u00e1tedra e investigadores externos. El volumen recopila y ampl\u00eda las intervenciones que se desarrollaron durante la sesi\u00f3n del ciclo de debates ULL Opina celebrada el 13 de marzo de 2018. En ella participaron especialistas no solo de la propia Universidad de La Laguna, sino de la Pontificia Universidad Cat\u00f3lica de Chile, la Universidad de Cantabria y de la empresa Metropolitano de Tenerife. Alguno de estos expertos son eminencias internacionales en el campo de la movilidad, como es el caso de Juan de Dios Ort\u00fazar. El libro aporta, por una parte, estudios concretos sobre el caso de Tenerife y, por otra, propuestas de actuaci\u00f3n extra\u00eddas de experiencias probadas en otros lugares. El resultado es un estudio serio y riguroso sobre lo que hay y sobre lo que se puede hacer. Y esta propuesta es la que ofrecemos a la sociedad para que pueda tener un elemento m\u00e1s de juicio sobre una problem\u00e1tica que le afecta directamente.[\/vc_column_text][vc_empty_space height=\u00bb15px\u00bb][vc_btn title=\u00bbEnlace al libro\u00bb align=\u00bbleft\u00bb button_block=\u00bbtrue\u00bb el_class=\u00bbboton-marcha\u00bb link=\u00bburl:https%3A%2F%2Friull.ull.es%2Fxmlui%2Fhandle%2F915%2F16205||target:%20_blank|\u00bb][vc_empty_space height=\u00bb15px\u00bb][vc_btn title=\u00bbSeminario\u00bb align=\u00bbleft\u00bb button_block=\u00bbtrue\u00bb el_class=\u00bbboton-marcha\u00bb link=\u00bburl:https%3A%2F%2Fwww.ull.es%2Fcatedras%2Fcatedra-economia-movilidad-cajacanarias%2Fwp-content%2Fuploads%2Fsites%2F10%2F2020%2F09%2FCartel-Sept-2019.pdf||target:%20_blank|\u00bb][vc_empty_space height=\u00bb15px\u00bb][\/vc_column][\/vc_row][vc_row][vc_column][vc_empty_space height=\u00bb40px\u00bb][\/vc_column][\/vc_row][vc_row full_width=\u00bbstretch_row\u00bb gap=\u00bb1&#8243; equal_height=\u00bbyes\u00bb][vc_column css_animation=\u00bbfadeInLeft\u00bb width=\u00bb1\/3&#8243; css=\u00bb.vc_custom_1581084709591{padding-bottom: 7% !important;background-color: #eaeaea !important;}\u00bb][vc_column_text css_animation=\u00bbnone\u00bb]<\/p>\n<h3>24 de mayo de 2019<\/h3>\n<h2 class=\"post_title entry-title\">\u00bfCu\u00e1les son los aspectos que m\u00e1s influyen en la implantaci\u00f3n y difusi\u00f3n de los veh\u00edculos el\u00e9ctricos?<\/h2>\n<p>[\/vc_column_text][\/vc_column][vc_column css_animation=\u00bbfadeInRight\u00bb width=\u00bb2\/3&#8243; css=\u00bb.vc_custom_1581084489854{background-color: #eaeaea !important;}\u00bb][vc_column_text]<span style=\"font-weight: 400;\">La c\u00e1tedra de Econom\u00eda y Movilidad organiza la conferencia titulada: \u201c\u00bfCu\u00e1les son los aspectos que m\u00e1s influyen en la implantaci\u00f3n y difusi\u00f3n de los veh\u00edculos el\u00e9ctricos?\u201d<\/span><\/p>\n<p><span style=\"font-weight: 400;\">Impartida por D\u00aa Elisabetta Cherchi Catedr\u00e1tica ingenier\u00eda en la Universidad de Newcastle.<\/span>[\/vc_column_text][vc_empty_space height=\u00bb15px\u00bb][vc_btn title=\u00bbCartel\u00bb align=\u00bbleft\u00bb button_block=\u00bbtrue\u00bb el_class=\u00bbboton-marcha\u00bb link=\u00bburl:https%3A%2F%2Fdrive.google.com%2Ffile%2Fd%2F1FmZoJdYU06SAXXakXLxaRwqAU_9g7zws%2Fview%3Fusp%3Dsharing|target:_blank\u00bb][vc_empty_space height=\u00bb15px\u00bb][\/vc_column][\/vc_row][vc_row][vc_column][vc_empty_space height=\u00bb40px\u00bb][\/vc_column][\/vc_row][vc_row full_width=\u00bbstretch_row\u00bb gap=\u00bb1&#8243; equal_height=\u00bbyes\u00bb][vc_column css_animation=\u00bbfadeInLeft\u00bb width=\u00bb1\/3&#8243; css=\u00bb.vc_custom_1581084709591{padding-bottom: 7% !important;background-color: #eaeaea !important;}\u00bb][vc_column_text css_animation=\u00bbnone\u00bb]<\/p>\n<h3>10 de mayo de 2019<\/h3>\n<h2 class=\"post_title entry-title\">Banca y pol\u00edtica monetaria<\/h2>\n<p>[\/vc_column_text][\/vc_column][vc_column css_animation=\u00bbfadeInRight\u00bb width=\u00bb2\/3&#8243; css=\u00bb.vc_custom_1581084489854{background-color: #eaeaea !important;}\u00bb][vc_column_text]<span style=\"font-weight: 400;\">La c\u00e1tedra de Econom\u00eda y Movilidad organiza la conferencia titulada: \u201cBanca y pol\u00edtica monetaria\u201d<\/span><\/p>\n<p><span style=\"font-weight: 400;\">Impartida por David Cova Alonso<\/span><\/p>\n<p>David Cova ha sido profesor en la Facultad de Econom\u00eda de la Universidad de La Laguna y actualmente forma parte del Consejo Directivo de la Asociaci\u00f3n Espa\u00f1ola de Directivos en Canarias.[\/vc_column_text][vc_empty_space height=\u00bb15px\u00bb][vc_btn title=\u00bbCartel\u00bb align=\u00bbleft\u00bb button_block=\u00bbtrue\u00bb el_class=\u00bbboton-marcha\u00bb link=\u00bburl:https%3A%2F%2Fdrive.google.com%2Ffile%2Fd%2F1Au3QUKazHE-ovwJzcHSkbgWfaPU_Pooz%2Fview%3Fusp%3Dsharing|target:_blank\u00bb][vc_empty_space height=\u00bb15px\u00bb][\/vc_column][\/vc_row][vc_row][vc_column][vc_empty_space height=\u00bb40px\u00bb][\/vc_column][\/vc_row][vc_row full_width=\u00bbstretch_row\u00bb gap=\u00bb1&#8243; equal_height=\u00bbyes\u00bb][vc_column css_animation=\u00bbfadeInLeft\u00bb width=\u00bb1\/3&#8243; css=\u00bb.vc_custom_1581084709591{padding-bottom: 7% !important;background-color: #eaeaea !important;}\u00bb][vc_column_text css_animation=\u00bbnone\u00bb]<\/p>\n<h3>3 de mayo de 2019<\/h3>\n<h2 class=\"post_title entry-title\">VIII WorksShop de Econom\u00eda Internacional: Comercio y finanzas<\/h2>\n<p>[\/vc_column_text][\/vc_column][vc_column css_animation=\u00bbfadeInRight\u00bb width=\u00bb2\/3&#8243; css=\u00bb.vc_custom_1581084489854{background-color: #eaeaea !important;}\u00bb][vc_column_text]La C\u00e1tedra de Econom\u00eda y Movilidad, el Instituto Universitario de Desarrollo Regional y el Departamento de Econom\u00eda, Contabilidad y Finanzas organizaron el \u00abWIII WorksShop de Econom\u00eda Internacional: Comercio y finanzas\u00bb, que se celebr\u00f3 el viernes 3 de mayo de 2019 en la Facultad de Econom\u00eda, Empresa y Turismo.[\/vc_column_text][vc_empty_space height=\u00bb15px\u00bb][vc_btn title=\u00bbEnlace al programa\u00bb align=\u00bbleft\u00bb button_block=\u00bbtrue\u00bb el_class=\u00bbboton-marcha\u00bb link=\u00bburl:https%3A%2F%2Fdrive.google.com%2Ffile%2Fd%2F1JeFFQZ8cCk7iyzAI120dwIRiEEBuwXL3%2Fview%3Fusp%3Dsharing|target:_blank\u00bb][vc_empty_space height=\u00bb15px\u00bb][\/vc_column][\/vc_row][vc_row][vc_column][vc_empty_space height=\u00bb15px\u00bb][\/vc_column][\/vc_row][vc_row full_width=\u00bbstretch_row\u00bb gap=\u00bb1&#8243; equal_height=\u00bbyes\u00bb][vc_column css_animation=\u00bbfadeInLeft\u00bb width=\u00bb1\/3&#8243; css=\u00bb.vc_custom_1581084709591{padding-bottom: 7% !important;background-color: #eaeaea !important;}\u00bb][vc_column_text css_animation=\u00bbnone\u00bb]<\/p>\n<h3>12 de abril de 2019<\/h3>\n<h2 class=\"post_title entry-title\">La econom\u00eda espa\u00f1ola ante la inestabilidad global<\/h2>\n<p>[\/vc_column_text][\/vc_column][vc_column css_animation=\u00bbfadeInRight\u00bb width=\u00bb2\/3&#8243; css=\u00bb.vc_custom_1581084489854{background-color: #eaeaea !important;}\u00bb][vc_column_text]<span style=\"font-weight: 400;\">La c\u00e1tedra de Econom\u00eda y Movilidad organiza la conferencia titulada:\u00a0<\/span><span style=\"font-weight: 400;\">\u201cLa econom\u00eda espa\u00f1ola ante la inestabilidad global.\u201d<\/span><\/p>\n<p><span style=\"font-weight: 400;\">Impartida por Emilio Ontiveros, <\/span><span style=\"font-weight: 400;\">Fundador y Presidente de A.F.I., Catedr\u00e1tico Em\u00e9rito de Econom\u00eda de la Empresa de la Universidad Aut\u00f3noma de Madrid y miembro de \u2018\u2019EuropeG\u2019\u2019. Licenciado y Doctor en CC.EE<\/span>[\/vc_column_text][vc_empty_space height=\u00bb15px\u00bb][vc_btn title=\u00bbCartel\u00bb align=\u00bbleft\u00bb button_block=\u00bbtrue\u00bb el_class=\u00bbboton-marcha\u00bb link=\u00bburl:https%3A%2F%2Fdrive.google.com%2Ffile%2Fd%2F1kcOYW-GQK4QSb-Aym9lNXhfHtkH8zUab%2Fview%3Fusp%3Dsharing|target:_blank\u00bb][vc_empty_space height=\u00bb15px\u00bb][vc_btn title=\u00bbV\u00eddeo\u00bb align=\u00bbleft\u00bb button_block=\u00bbtrue\u00bb el_class=\u00bbboton-marcha\u00bb link=\u00bburl:https%3A%2F%2Fyoutu.be%2FY3DUnmC_Dtc|target:_blank\u00bb][vc_empty_space height=\u00bb15px\u00bb][\/vc_column][\/vc_row]<\/p>\n","protected":false},"excerpt":{"rendered":"<p>[vc_row][vc_column css=\u00bb.vc_custom_1594731351291{padding-bottom: 20px !important;}\u00bb][vc_column_text] Actividades 2019 [\/vc_column_text][\/vc_column][\/vc_row][vc_row][vc_column][vc_empty_space height=\u00bb40px\u00bb][\/vc_column][\/vc_row][vc_row full_width=\u00bbstretch_row\u00bb gap=\u00bb1&#8243; equal_height=\u00bbyes\u00bb][vc_column css_animation=\u00bbfadeInLeft\u00bb width=\u00bb1\/3&#8243; css=\u00bb.vc_custom_1581084709591{padding-bottom: 7% !important;background-color: #eaeaea !important;}\u00bb][vc_column_text css_animation=\u00bbnone\u00bb] 27 de noviembre de 2019 Opinion dynamics and complex networks: an application to transportation modal choice [\/vc_column_text][\/vc_column][vc_column css_animation=\u00bbfadeInRight\u00bb width=\u00bb2\/3&#8243; css=\u00bb.vc_custom_1581084489854{background-color: #eaeaea !important;}\u00bb][vc_column_text] La c\u00e1tedra de Econom\u00eda y Movilidad organiza el seminario titulado:\u00a0 \u201cOpinion dynamics and complex&#8230;<\/p>\n","protected":false},"author":5,"featured_media":0,"parent":178,"menu_order":0,"comment_status":"closed","ping_status":"closed","template":"templates\/template-no-title.php","meta":[],"_links":{"self":[{"href":"https:\/\/www.ull.es\/catedras\/catedra-economia-movilidad-cajacanarias\/wp-json\/wp\/v2\/pages\/208"}],"collection":[{"href":"https:\/\/www.ull.es\/catedras\/catedra-economia-movilidad-cajacanarias\/wp-json\/wp\/v2\/pages"}],"about":[{"href":"https:\/\/www.ull.es\/catedras\/catedra-economia-movilidad-cajacanarias\/wp-json\/wp\/v2\/types\/page"}],"author":[{"embeddable":true,"href":"https:\/\/www.ull.es\/catedras\/catedra-economia-movilidad-cajacanarias\/wp-json\/wp\/v2\/users\/5"}],"replies":[{"embeddable":true,"href":"https:\/\/www.ull.es\/catedras\/catedra-economia-movilidad-cajacanarias\/wp-json\/wp\/v2\/comments?post=208"}],"version-history":[{"count":21,"href":"https:\/\/www.ull.es\/catedras\/catedra-economia-movilidad-cajacanarias\/wp-json\/wp\/v2\/pages\/208\/revisions"}],"predecessor-version":[{"id":372,"href":"https:\/\/www.ull.es\/catedras\/catedra-economia-movilidad-cajacanarias\/wp-json\/wp\/v2\/pages\/208\/revisions\/372"}],"up":[{"embeddable":true,"href":"https:\/\/www.ull.es\/catedras\/catedra-economia-movilidad-cajacanarias\/wp-json\/wp\/v2\/pages\/178"}],"wp:attachment":[{"href":"https:\/\/www.ull.es\/catedras\/catedra-economia-movilidad-cajacanarias\/wp-json\/wp\/v2\/media?parent=208"}],"curies":[{"name":"wp","href":"https:\/\/api.w.org\/{rel}","templated":true}]}}