{"id":25,"date":"2020-08-04T10:47:11","date_gmt":"2020-08-04T10:47:11","guid":{"rendered":"https:\/\/www.ull.es\/catedras\/catedra-economia-movilidad-cajacanarias\/?page_id=25"},"modified":"2024-11-15T12:05:08","modified_gmt":"2024-11-15T12:05:08","slug":"la-catedra","status":"publish","type":"page","link":"https:\/\/www.ull.es\/catedras\/catedra-economia-movilidad-cajacanarias\/la-catedra\/","title":{"rendered":"La C\u00e1tedra"},"content":{"rendered":"<p>[vc_row][vc_column css=\u00bb.vc_custom_1594731351291{padding-bottom: 20px !important;}\u00bb][vc_column_text]<\/p>\n<h1 class=\"container ull-site-title-blank\">La C\u00e1tedra<\/h1>\n<p>[\/vc_column_text][\/vc_column][\/vc_row][vc_row full_width=\u00bbstretch_row_content\u00bb equal_height=\u00bbyes\u00bb][vc_column width=\u00bb1\/2&#8243; css=\u00bb.vc_custom_1599131641249{background: #e5e5e5 url(https:\/\/www.ull.es\/catedras\/catedra-economia-movilidad-cajacanarias\/wp-content\/uploads\/sites\/10\/2020\/09\/movilidad-2.jpg?id=126) !important;background-position: center !important;background-repeat: no-repeat !important;background-size: cover !important;}\u00bb][vc_empty_space height=\u00bb400px\u00bb][\/vc_column][vc_column width=\u00bb1\/2&#8243; css=\u00bb.vc_custom_1588936374313{padding-top: 5% !important;padding-right: 10% !important;padding-bottom: 5% !important;padding-left: 10% !important;background-color: #f2f2f2 !important;}\u00bb][vc_column_text]La C\u00e1tedra de Econom\u00eda y Movilidad, anteriormente denominada C\u00e1tedra de Econom\u00eda y Finanzas Internacionales, adopt\u00f3 esta nueva denominaci\u00f3n en julio de 2016 con el prop\u00f3sito de darle un enfoque adicional hacia la movilidad.<\/p>\n<p>La C\u00e1tedra est\u00e1 adscrita al Instituto Universitario de Desarrollo Regional\u00a0 y su centro de trabajo est\u00e1 ubicado en el edificio de la Facultad de Econom\u00eda, Empresa y Turismo de la ULL. Su directora es Rosa Marina Gonz\u00e1lez Marrero, catedr\u00e1tica de fundamentos de an\u00e1lisis econ\u00f3mico del departamento de Econom\u00eda, Contabilidad y Finanzas de la ULL.<\/p>\n<p>Esta c\u00e1tedra comenz\u00f3 su actividad en el a\u00f1o 2010 y durante el bienio 2010-2012 los promotores de la C\u00e1tedra fueron la Fundaci\u00f3n ICO y el Cabildo Insular de Tenerife. Vicente Esteve, catedr\u00e1tico de Econom\u00eda Aplicada de la Universidad de Valencia y la Universidad de Alcal\u00e1 y adscrito como investigador externo al Instituto Universitario de Desarrollo Regional de la ULL, fue el director de la C\u00e1tedra durante el periodo 2010-2012. En el a\u00f1o 2013 la C\u00e1tedra no tuvo actividad por ausencia de promotor. Desde el a\u00f1o 2014 hasta julio de 2016 la c\u00e1tedra fue dirigida por D. Manuel Navarro Ib\u00e1\u00f1ez, catedr\u00e1tico de Fundamentos del An\u00e1lisis Econ\u00f3mico de la ULL.<\/p>\n<p>La Fundaci\u00f3n CajaCanarias es, desde 2014, la entidad promotora de esta C\u00e1tedra, que representa un foro de encuentro entre el mundo acad\u00e9mico universitario y el empresarial de las Islas Canarias en todo lo referente a la econom\u00eda y la movilidad.[\/vc_column_text][\/vc_column][\/vc_row][vc_row full_width=\u00bbstretch_row_content\u00bb equal_height=\u00bbyes\u00bb][vc_column width=\u00bb1\/2&#8243; css=\u00bb.vc_custom_1588936329456{padding-top: 5% !important;padding-right: 10% !important;padding-bottom: 5% !important;padding-left: 10% !important;background-color: #f2f2f2 !important;}\u00bb][vc_column_text]La C\u00e1tedra de Econom\u00eda y Movilidad centra su inter\u00e9s, aunque no de manera exclusiva, en las siguientes \u00e1reas tem\u00e1ticas:<\/p>\n<ul>\n<li>Transporte, movilidad e infraestructuras<\/li>\n<li>Competencia y regulaci\u00f3n<\/li>\n<li>Energ\u00eda<\/li>\n<li>Sector exterior<\/li>\n<li>Finanzas p\u00fablicas<\/li>\n<li>R\u00e9gimen Econ\u00f3mico y Fiscal<\/li>\n<li>Servicios p\u00fablicos: salud, educaci\u00f3n y pol\u00edticas sociales<\/li>\n<li>Desarrollo sostenible<\/li>\n<li>Medio ambiente<\/li>\n<li>Crecimiento econ\u00f3mico, desigualdad y pobreza<\/li>\n<\/ul>\n<p>[\/vc_column_text][\/vc_column][vc_column width=\u00bb1\/2&#8243; css=\u00bb.vc_custom_1600336440966{background: #e5e5e5 url(https:\/\/www.ull.es\/catedras\/catedra-economia-movilidad-cajacanarias\/wp-content\/uploads\/sites\/10\/2020\/09\/catedra-2020.jpg?id=260) !important;background-position: center !important;background-repeat: no-repeat !important;background-size: cover !important;}\u00bb][vc_empty_space height=\u00bb400px\u00bb][\/vc_column][\/vc_row][vc_row full_width=\u00bbstretch_row_content\u00bb equal_height=\u00bbyes\u00bb][vc_column width=\u00bb1\/2&#8243; css=\u00bb.vc_custom_1599131792203{background: #e5e5e5 url(https:\/\/www.ull.es\/catedras\/catedra-economia-movilidad-cajacanarias\/wp-content\/uploads\/sites\/10\/2020\/09\/movilidad-3.jpg?id=128) !important;background-position: center !important;background-repeat: no-repeat !important;background-size: cover !important;}\u00bb][vc_empty_space height=\u00bb400px\u00bb][\/vc_column][vc_column width=\u00bb1\/2&#8243; css=\u00bb.vc_custom_1588936374313{padding-top: 5% !important;padding-right: 10% !important;padding-bottom: 5% !important;padding-left: 10% !important;background-color: #f2f2f2 !important;}\u00bb][vc_column_text]Esta C\u00e1tedra se dedica fundamentalmente al desarrollo de las siguientes actividades:<\/p>\n<ul>\n<li>Organizaci\u00f3n y desarrollo de actividades formativas tales como cursos, seminarios, jornadas, o conferencias magistrales relacionadas con los temas de la C\u00e1tedra.<\/li>\n<li>Desarrollar programas de investigaci\u00f3n relacionados con la econom\u00eda y la movilidad.<\/li>\n<li>Apoyar, en su caso, la publicaci\u00f3n de art\u00edculos, monograf\u00edas, cap\u00edtulos de libro y libros sobre los temas objeto de estudio por la C\u00e1tedra.<\/li>\n<li>Desarrollar actividades culturales y de difusi\u00f3n de la actividad docente e investigadora que se relacionen con la C\u00e1tedra.<\/li>\n<li>Impulsar la movilidad de estudiantes de postgrado en actividades relacionadas con la C\u00e1tedra.<\/li>\n<\/ul>\n<p>[\/vc_column_text][\/vc_column][\/vc_row][vc_row][vc_column][\/vc_column][\/vc_row]<\/p>\n","protected":false},"excerpt":{"rendered":"<p>[vc_row][vc_column css=\u00bb.vc_custom_1594731351291{padding-bottom: 20px !important;}\u00bb][vc_column_text] La C\u00e1tedra [\/vc_column_text][\/vc_column][\/vc_row][vc_row full_width=\u00bbstretch_row_content\u00bb equal_height=\u00bbyes\u00bb][vc_column width=\u00bb1\/2&#8243; css=\u00bb.vc_custom_1599131641249{background: #e5e5e5 url(https:\/\/www.ull.es\/catedras\/catedra-economia-movilidad-cajacanarias\/wp-content\/uploads\/sites\/10\/2020\/09\/movilidad-2.jpg?id=126) !important;background-position: center !important;background-repeat: no-repeat !important;background-size: cover !important;}\u00bb][vc_empty_space height=\u00bb400px\u00bb][\/vc_column][vc_column width=\u00bb1\/2&#8243; css=\u00bb.vc_custom_1588936374313{padding-top: 5% !important;padding-right: 10% !important;padding-bottom: 5% !important;padding-left: 10% !important;background-color: #f2f2f2 !important;}\u00bb][vc_column_text]La C\u00e1tedra de Econom\u00eda y Movilidad, anteriormente denominada C\u00e1tedra de Econom\u00eda y Finanzas Internacionales, adopt\u00f3 esta nueva denominaci\u00f3n en julio de 2016 con&#8230;<\/p>\n","protected":false},"author":5,"featured_media":0,"parent":0,"menu_order":0,"comment_status":"closed","ping_status":"closed","template":"templates\/template-no-title.php","meta":[],"_links":{"self":[{"href":"https:\/\/www.ull.es\/catedras\/catedra-economia-movilidad-cajacanarias\/wp-json\/wp\/v2\/pages\/25"}],"collection":[{"href":"https:\/\/www.ull.es\/catedras\/catedra-economia-movilidad-cajacanarias\/wp-json\/wp\/v2\/pages"}],"about":[{"href":"https:\/\/www.ull.es\/catedras\/catedra-economia-movilidad-cajacanarias\/wp-json\/wp\/v2\/types\/page"}],"author":[{"embeddable":true,"href":"https:\/\/www.ull.es\/catedras\/catedra-economia-movilidad-cajacanarias\/wp-json\/wp\/v2\/users\/5"}],"replies":[{"embeddable":true,"href":"https:\/\/www.ull.es\/catedras\/catedra-economia-movilidad-cajacanarias\/wp-json\/wp\/v2\/comments?post=25"}],"version-history":[{"count":15,"href":"https:\/\/www.ull.es\/catedras\/catedra-economia-movilidad-cajacanarias\/wp-json\/wp\/v2\/pages\/25\/revisions"}],"predecessor-version":[{"id":503,"href":"https:\/\/www.ull.es\/catedras\/catedra-economia-movilidad-cajacanarias\/wp-json\/wp\/v2\/pages\/25\/revisions\/503"}],"wp:attachment":[{"href":"https:\/\/www.ull.es\/catedras\/catedra-economia-movilidad-cajacanarias\/wp-json\/wp\/v2\/media?parent=25"}],"curies":[{"name":"wp","href":"https:\/\/api.w.org\/{rel}","templated":true}]}}