{"id":93,"date":"2020-08-04T11:36:53","date_gmt":"2020-08-04T11:36:53","guid":{"rendered":"https:\/\/www.ull.es\/catedras\/catedra-economia-movilidad-cajacanarias\/?page_id=93"},"modified":"2020-09-03T11:04:09","modified_gmt":"2020-09-03T11:04:09","slug":"noticias","status":"publish","type":"page","link":"https:\/\/www.ull.es\/catedras\/catedra-economia-movilidad-cajacanarias\/noticias\/","title":{"rendered":"Noticias"},"content":{"rendered":"<p>[vc_row][vc_column][vc_column_text]<style>\n    .news-group .bg-size {\n        background-position: center;\n        background-size: cover;\n        width: 100%;\n        height: 48px;\n    }\n    .news-group .list-group-item-text {\n        font-size: 13px;\n    }\n    .news-group .col-md-3 {\n        padding-right: 0;\n    }\n    .news-group .list-group-item-date {\n        font-size: 11px;\n        color: #A4A4A4;\n        margin-bottom: 2px;\n        text-transform: uppercase;\n    }\n\n    .mensaje.alert-warning{\n        font-size: 12px;\n        margin: 14px !important;\n        padding: 4px 8px;\n        color: #cca60b;\n    }\n<\/style>\n\n<div class=\"panel panel-default\">\n    <div class=\"panel-heading\">\n        <h3 class=\"panel-title\">Noticias<\/h3>\n    <\/div>\n\n    <div class=\"list-group news-group\">\n                    <a href=\"https:\/\/www.ull.es\/portal\/noticias\/2025\/el-ministerio-de-transportes-incorpora-a-su-consejo-asesor-a-la-catedratica-de-la-ull-rosa-marina-gonzalez-marrero\/\" class=\"list-group-item\">\n                <div class=\"row\">\n                    <div class=\"col-md-3\">\n                        <div class=\"bg-size\" style=\"background-image: url('https:\/\/www.ull.es\/portal\/noticias\/wp-content\/uploads\/sites\/13\/2025\/10\/reunion-transporte-1-300x135.jpg');\"><\/div>\n                    <\/div>\n                    <div class=\"col-md-9\">\n                        <p class=\"list-group-item-date\">\n                            27 Oct 2025 - 10:57 UTC                        <\/p>\n                        <p class=\"list-group-item-text\">El Ministerio de Transportes incorpora a su consejo asesor a la catedr\u00e1tica de la ULL Rosa Marina Gonz\u00e1lez Marrero<\/p>\n                    <\/div>\n                <\/div>\n            <\/a>\n                    <a href=\"https:\/\/www.ull.es\/portal\/noticias\/2025\/ull-reorganiza-horarios-varias-titulaciones-aliviar-atascos\/\" class=\"list-group-item\">\n                <div class=\"row\">\n                    <div class=\"col-md-3\">\n                        <div class=\"bg-size\" style=\"background-image: url('https:\/\/www.ull.es\/portal\/noticias\/wp-content\/uploads\/sites\/13\/2025\/06\/R-prensa-escalon-horarios-07-300x200.jpg');\"><\/div>\n                    <\/div>\n                    <div class=\"col-md-9\">\n                        <p class=\"list-group-item-date\">\n                            19 Jun 2025 - 11:54 UTC                        <\/p>\n                        <p class=\"list-group-item-text\">La ULL reorganiza los horarios de varias titulaciones el pr\u00f3ximo curso para aliviar los atascos en la TF-5<\/p>\n                    <\/div>\n                <\/div>\n            <\/a>\n                    <a href=\"https:\/\/www.ull.es\/portal\/noticias\/2024\/el-cabildo-de-tenerife-y-la-ull-colaboran-en-un-estudio-de-movilidad-sostenible-para-el-macizo-de-anaga\/\" class=\"list-group-item\">\n                <div class=\"row\">\n                    <div class=\"col-md-3\">\n                        <div class=\"bg-size\" style=\"background-image: url('https:\/\/www.ull.es\/portal\/noticias\/wp-content\/uploads\/sites\/13\/2024\/11\/Macizo-de-Anaga_web-300x200.jpg');\"><\/div>\n                    <\/div>\n                    <div class=\"col-md-9\">\n                        <p class=\"list-group-item-date\">\n                            08 Nov 2024 - 13:02 UTC                        <\/p>\n                        <p class=\"list-group-item-text\">El Cabildo de Tenerife y la ULL colaboran en un estudio de movilidad sostenible para el Macizo de Anaga<\/p>\n                    <\/div>\n                <\/div>\n            <\/a>\n                    <a href=\"https:\/\/www.ull.es\/portal\/noticias\/2024\/70-emisiones-desplazamientos-alumnado-proviene-coches\/\" class=\"list-group-item\">\n                <div class=\"row\">\n                    <div class=\"col-md-3\">\n                        <div class=\"bg-size\" style=\"background-image: url('https:\/\/www.ull.es\/portal\/noticias\/wp-content\/uploads\/sites\/13\/2024\/09\/Seminario-Catedra-de-Economia-y-Movilidad_Banner-eventos-300x148.png');\"><\/div>\n                    <\/div>\n                    <div class=\"col-md-9\">\n                        <p class=\"list-group-item-date\">\n                            24 Sep 2024 - 08:48 UTC                        <\/p>\n                        <p class=\"list-group-item-text\">El 70% de las emisiones de los desplazamientos del alumnado hacia la ULL proviene de coches<\/p>\n                    <\/div>\n                <\/div>\n            <\/a>\n                    <a href=\"https:\/\/www.ull.es\/portal\/noticias\/2024\/un-seminario-de-la-catedra-de-movilidad-de-la-ull-abordo-la-logistica-el-diseno-de-rutas-y-el-transporte-maritimo\/\" class=\"list-group-item\">\n                <div class=\"row\">\n                    <div class=\"col-md-3\">\n                        <div class=\"bg-size\" style=\"background-image: url('https:\/\/www.ull.es\/portal\/noticias\/wp-content\/uploads\/sites\/13\/2024\/05\/casiano-manrique-dolores-santos-300x200.jpg');\"><\/div>\n                    <\/div>\n                    <div class=\"col-md-9\">\n                        <p class=\"list-group-item-date\">\n                            28 May 2024 - 08:56 UTC                        <\/p>\n                        <p class=\"list-group-item-text\">Un seminario de la C\u00e1tedra de Movilidad de la ULL abord\u00f3 la log\u00edstica, el dise\u00f1o de rutas y el transporte mar\u00edtimo<\/p>\n                    <\/div>\n                <\/div>\n            <\/a>\n                    <a href=\"https:\/\/www.ull.es\/portal\/noticias\/2023\/el-instituto-de-desarrollo-regional-de-la-ull-aborda-la-ciencia-de-datos-para-el-progreso-de-canarias\/\" class=\"list-group-item\">\n                <div class=\"row\">\n                    <div class=\"col-md-3\">\n                        <div class=\"bg-size\" style=\"background-image: url('https:\/\/www.ull.es\/portal\/noticias\/wp-content\/uploads\/sites\/13\/2023\/11\/Jornada-Ciencia-de-datos-melanie-calero-ceo-oficina-datos-totoya-300x200.jpg');\"><\/div>\n                    <\/div>\n                    <div class=\"col-md-9\">\n                        <p class=\"list-group-item-date\">\n                            10 Nov 2023 - 13:28 UTC                        <\/p>\n                        <p class=\"list-group-item-text\">El Instituto de Desarrollo Regional de la ULL aborda el uso de la ciencia de datos para el progreso de Canarias<\/p>\n                    <\/div>\n                <\/div>\n            <\/a>\n                    <a href=\"https:\/\/www.ull.es\/portal\/noticias\/2023\/rosa-marina-gonzalez-premio-mujer-investigadora-cit-nordeste-tenerife\/\" class=\"list-group-item\">\n                <div class=\"row\">\n                    <div class=\"col-md-3\">\n                        <div class=\"bg-size\" style=\"background-image: url('https:\/\/www.ull.es\/portal\/noticias\/wp-content\/uploads\/sites\/13\/2023\/10\/rosa-marina-gonzalez-premioo-cit-300x200.jpg');\"><\/div>\n                    <\/div>\n                    <div class=\"col-md-9\">\n                        <p class=\"list-group-item-date\">\n                            13 Oct 2023 - 08:50 UTC                        <\/p>\n                        <p class=\"list-group-item-text\">La catedr\u00e1tica de Econom\u00eda Rosa Marina Gonz\u00e1lez recibe el premio a la Mujer Investigadora del CIT Nordeste de Tenerife<\/p>\n                    <\/div>\n                <\/div>\n            <\/a>\n                    <a href=\"https:\/\/www.ull.es\/portal\/noticias\/2023\/la-encuesta-de-movilidad-de-la-ull-constata-la-preferencia-por-el-coche-individual-y-propone-medidas-de-descongestion\/\" class=\"list-group-item\">\n                <div class=\"row\">\n                    <div class=\"col-md-3\">\n                        <div class=\"bg-size\" style=\"background-image: url('https:\/\/www.ull.es\/portal\/noticias\/wp-content\/uploads\/sites\/13\/2023\/09\/Encuesta-mopvilidad-03-300x200.jpg');\"><\/div>\n                    <\/div>\n                    <div class=\"col-md-9\">\n                        <p class=\"list-group-item-date\">\n                            19 Sep 2023 - 12:51 UTC                        <\/p>\n                        <p class=\"list-group-item-text\">La encuesta de movilidad de la ULL constata la preferencia por el coche individual y propone medidas de descongesti\u00f3n<\/p>\n                    <\/div>\n                <\/div>\n            <\/a>\n                    <a href=\"https:\/\/www.ull.es\/portal\/noticias\/2023\/congreso-considera-transporte-elemento-cohesion-social\/\" class=\"list-group-item\">\n                <div class=\"row\">\n                    <div class=\"col-md-3\">\n                        <div class=\"bg-size\" style=\"background-image: url('https:\/\/www.ull.es\/portal\/noticias\/wp-content\/uploads\/sites\/13\/2023\/06\/XV-Congr-Ingenieria-Transporte-28-300x200.jpg');\"><\/div>\n                    <\/div>\n                    <div class=\"col-md-9\">\n                        <p class=\"list-group-item-date\">\n                            14 Jun 2023 - 12:28 UTC                        <\/p>\n                        <p class=\"list-group-item-text\">El congreso de la ULL considera al transporte un elemento clave de cohesi\u00f3n social para acceder a otros recursos<\/p>\n                    <\/div>\n                <\/div>\n            <\/a>\n                    <a href=\"https:\/\/www.ull.es\/portal\/noticias\/2023\/250-expertos-analizaran-transporte\/\" class=\"list-group-item\">\n                <div class=\"row\">\n                    <div class=\"col-md-3\">\n                        <div class=\"bg-size\" style=\"background-image: url('https:\/\/www.ull.es\/portal\/noticias\/wp-content\/uploads\/sites\/13\/2023\/06\/congreso-cit-banner-300x150.png');\"><\/div>\n                    <\/div>\n                    <div class=\"col-md-9\">\n                        <p class=\"list-group-item-date\">\n                            06 Jun 2023 - 14:09 UTC                        <\/p>\n                        <p class=\"list-group-item-text\">250 expertos internacionales del \u00e1mbito acad\u00e9mico y profesional analizar\u00e1n en la ULL los retos del transporte<\/p>\n                    <\/div>\n                <\/div>\n            <\/a>\n                    <a href=\"https:\/\/www.ull.es\/portal\/noticias\/2023\/dos-pas-reciben-tablets-encuesta-movilidad\/\" class=\"list-group-item\">\n                <div class=\"row\">\n                    <div class=\"col-md-3\">\n                        <div class=\"bg-size\" style=\"background-image: url('https:\/\/www.ull.es\/portal\/noticias\/wp-content\/uploads\/sites\/13\/2023\/03\/Premio-encuesta-movilidad-02-300x200.jpg');\"><\/div>\n                    <\/div>\n                    <div class=\"col-md-9\">\n                        <p class=\"list-group-item-date\">\n                            28 Mar 2023 - 12:36 UTC                        <\/p>\n                        <p class=\"list-group-item-text\">Dos integrantes del PAS reciben las tablets por participar en encuesta de movilidad de la ULL<\/p>\n                    <\/div>\n                <\/div>\n            <\/a>\n                    <a href=\"https:\/\/www.ull.es\/portal\/noticias\/2023\/la-ull-pone-en-marcha-una-encuesta-de-movilidad-para-tomar-medidas-acerca-de-la-sostenibilidad-de-los-desplazamientos\/\" class=\"list-group-item\">\n                <div class=\"row\">\n                    <div class=\"col-md-3\">\n                        <div class=\"bg-size\" style=\"background-image: url('https:\/\/www.ull.es\/portal\/noticias\/wp-content\/uploads\/sites\/13\/2023\/01\/carretera-300x200.jpg');\"><\/div>\n                    <\/div>\n                    <div class=\"col-md-9\">\n                        <p class=\"list-group-item-date\">\n                            25 Jan 2023 - 14:49 UTC                        <\/p>\n                        <p class=\"list-group-item-text\">La ULL pone en marcha una encuesta de movilidad para tomar medidas acerca de la sostenibilidad de los desplazamientos<\/p>\n                    <\/div>\n                <\/div>\n            <\/a>\n                    <a href=\"https:\/\/www.ull.es\/portal\/noticias\/2022\/homenajea-emilio-ontiveros\/\" class=\"list-group-item\">\n                <div class=\"row\">\n                    <div class=\"col-md-3\">\n                        <div class=\"bg-size\" style=\"background-image: url('https:\/\/www.ull.es\/portal\/noticias\/wp-content\/uploads\/sites\/13\/2022\/12\/Homenaje-Emilio-Ontiveros-02-300x200.jpg');\"><\/div>\n                    <\/div>\n                    <div class=\"col-md-9\">\n                        <p class=\"list-group-item-date\">\n                            16 Dec 2022 - 09:10 UTC                        <\/p>\n                        <p class=\"list-group-item-text\">Varios reputados economistas homenajearon en la ULL la figura de Emilio Ontiveros<\/p>\n                    <\/div>\n                <\/div>\n            <\/a>\n                    <a href=\"https:\/\/www.ull.es\/portal\/noticias\/2022\/ull-conmemora-dia-cambio-climatico-estrategias-mitigacion\/\" class=\"list-group-item\">\n                <div class=\"row\">\n                    <div class=\"col-md-3\">\n                        <div class=\"bg-size\" style=\"background-image: url('https:\/\/www.ull.es\/portal\/noticias\/wp-content\/uploads\/sites\/13\/2022\/10\/II-Foro-Cambio-Climatico-03-300x200.jpg');\"><\/div>\n                    <\/div>\n                    <div class=\"col-md-9\">\n                        <p class=\"list-group-item-date\">\n                            24 Oct 2022 - 14:01 UTC                        <\/p>\n                        <p class=\"list-group-item-text\">La ULL conmemora el D\u00eda Internacional contra el Cambio Clim\u00e1tico centrado en las estrategias para su mitigaci\u00f3n<\/p>\n                    <\/div>\n                <\/div>\n            <\/a>\n                    <a href=\"https:\/\/www.ull.es\/portal\/noticias\/2022\/la-ull-celebrara-el-proximo-lunes-el-dia-internacional-contra-el-cambio-climatico-con-un-foro-de-expertos\/\" class=\"list-group-item\">\n                <div class=\"row\">\n                    <div class=\"col-md-3\">\n                        <div class=\"bg-size\" style=\"background-image: url('https:\/\/www.ull.es\/portal\/noticias\/wp-content\/uploads\/sites\/13\/2022\/10\/foro-expertos-cambio-climatico-300x150.jpg');\"><\/div>\n                    <\/div>\n                    <div class=\"col-md-9\">\n                        <p class=\"list-group-item-date\">\n                            21 Oct 2022 - 07:46 UTC                        <\/p>\n                        <p class=\"list-group-item-text\">La ULL celebrar\u00e1 el pr\u00f3ximo lunes el D\u00eda Internacional contra el Cambio Clim\u00e1tico con un foro de expertos<\/p>\n                    <\/div>\n                <\/div>\n            <\/a>\n            <\/div>\n    <div class=\"panel-footer\">\n        <a href=\"https:\/\/www.ull.es\/portal\/noticias\/?cat=6693\">M\u00c1S NOTICIAS <i class=\"fa fa-chevron-right\"><\/i><\/a>\n    <\/div>\n\n\n<\/div>[\/vc_column_text][\/vc_column][\/vc_row]<\/p>\n","protected":false},"excerpt":{"rendered":"<p>[vc_row][vc_column][vc_column_text][\/vc_column_text][\/vc_column][\/vc_row]<\/p>\n","protected":false},"author":5,"featured_media":0,"parent":0,"menu_order":0,"comment_status":"closed","ping_status":"closed","template":"templates\/template-no-title.php","meta":[],"_links":{"self":[{"href":"https:\/\/www.ull.es\/catedras\/catedra-economia-movilidad-cajacanarias\/wp-json\/wp\/v2\/pages\/93"}],"collection":[{"href":"https:\/\/www.ull.es\/catedras\/catedra-economia-movilidad-cajacanarias\/wp-json\/wp\/v2\/pages"}],"about":[{"href":"https:\/\/www.ull.es\/catedras\/catedra-economia-movilidad-cajacanarias\/wp-json\/wp\/v2\/types\/page"}],"author":[{"embeddable":true,"href":"https:\/\/www.ull.es\/catedras\/catedra-economia-movilidad-cajacanarias\/wp-json\/wp\/v2\/users\/5"}],"replies":[{"embeddable":true,"href":"https:\/\/www.ull.es\/catedras\/catedra-economia-movilidad-cajacanarias\/wp-json\/wp\/v2\/comments?post=93"}],"version-history":[{"count":4,"href":"https:\/\/www.ull.es\/catedras\/catedra-economia-movilidad-cajacanarias\/wp-json\/wp\/v2\/pages\/93\/revisions"}],"predecessor-version":[{"id":110,"href":"https:\/\/www.ull.es\/catedras\/catedra-economia-movilidad-cajacanarias\/wp-json\/wp\/v2\/pages\/93\/revisions\/110"}],"wp:attachment":[{"href":"https:\/\/www.ull.es\/catedras\/catedra-economia-movilidad-cajacanarias\/wp-json\/wp\/v2\/media?parent=93"}],"curies":[{"name":"wp","href":"https:\/\/api.w.org\/{rel}","templated":true}]}}