{"id":115,"date":"2021-08-11T12:07:49","date_gmt":"2021-08-11T12:07:49","guid":{"rendered":"https:\/\/www.ull.es\/catedras\/catedra-edosoft-computacion-nube\/?page_id=115"},"modified":"2021-09-30T07:55:18","modified_gmt":"2021-09-30T07:55:18","slug":"motivacion","status":"publish","type":"page","link":"https:\/\/www.ull.es\/catedras\/catedra-edosoft-computacion-nube\/motivacion\/","title":{"rendered":"Motivaci\u00f3n"},"content":{"rendered":"<p>[vc_row full_width=\u00bbstretch_row_content\u00bb css=\u00bb.vc_custom_1629054961875{padding-right: 10% !important;padding-left: 10% !important;background-color: #d6efff !important;}\u00bb][vc_column][vc_empty_space][vc_custom_heading text=\u00bbMotivaci\u00f3n\u00bb font_container=\u00bbtag:h2|text_align:left|color:%231f0354&#8243; use_theme_fonts=\u00bbyes\u00bb][vc_column_text]M\u00edsi\u00f3n[\/vc_column_text][vc_empty_space][vc_row_inner][vc_column_inner width=\u00bb1\/2&#8243;][vc_column_text]La C\u00e1tedra Edosoft de Computaci\u00f3n en la Nube e Inteligencia Artificial busca formar, potenciar proyectos de investigaci\u00f3n y ayudar a divulgar la influencia que el avance tecnol\u00f3gico asociado a la computaci\u00f3n en la nube e IA tiene en nuestra sociedad.<\/p>\n<p>Adem\u00e1s, tanto la Universidad de La Laguna como la Universidad de Las Palmas de Gran Canaria y Edosoft estamos convencidos de que la tecnolog\u00eda y la innovaci\u00f3n son elementos clave para ayudar a conseguir los hitos establecidos en los Objetivos de Desarrollo Sostenible de la Agenda 2030.<\/p>\n<p>Esta C\u00e1tedra se relaciona estrechamente con los siguientes Objetivos y metas de desarrollo sostenible:[\/vc_column_text][vc_empty_space][\/vc_column_inner][vc_column_inner width=\u00bb1\/2&#8243;][vc_single_image image=\u00bb153&#8243; img_size=\u00bb272&#215;411&#8243; css=\u00bb.vc_custom_1629055818394{margin-top: 1% !important;margin-right: 15% !important;margin-left: 5% !important;}\u00bb][vc_empty_space][\/vc_column_inner][\/vc_row_inner][\/vc_column][\/vc_row]<\/p>\n","protected":false},"excerpt":{"rendered":"<p>[vc_row full_width=\u00bbstretch_row_content\u00bb css=\u00bb.vc_custom_1629054961875{padding-right: 10% !important;padding-left: 10% !important;background-color: #d6efff !important;}\u00bb][vc_column][vc_empty_space][vc_custom_heading text=\u00bbMotivaci\u00f3n\u00bb font_container=\u00bbtag:h2|text_align:left|color:%231f0354&#8243; use_theme_fonts=\u00bbyes\u00bb][vc_column_text]M\u00edsi\u00f3n[\/vc_column_text][vc_empty_space][vc_row_inner][vc_column_inner width=\u00bb1\/2&#8243;][vc_column_text]La C\u00e1tedra Edosoft de Computaci\u00f3n en la Nube e Inteligencia Artificial busca formar, potenciar proyectos de investigaci\u00f3n y ayudar a divulgar la influencia que el avance tecnol\u00f3gico asociado a la computaci\u00f3n en la nube e IA tiene en nuestra sociedad. Adem\u00e1s, tanto la&#8230;<\/p>\n","protected":false},"author":5,"featured_media":0,"parent":0,"menu_order":0,"comment_status":"closed","ping_status":"closed","template":"templates\/template-frontpage.php","meta":[],"_links":{"self":[{"href":"https:\/\/www.ull.es\/catedras\/catedra-edosoft-computacion-nube\/wp-json\/wp\/v2\/pages\/115"}],"collection":[{"href":"https:\/\/www.ull.es\/catedras\/catedra-edosoft-computacion-nube\/wp-json\/wp\/v2\/pages"}],"about":[{"href":"https:\/\/www.ull.es\/catedras\/catedra-edosoft-computacion-nube\/wp-json\/wp\/v2\/types\/page"}],"author":[{"embeddable":true,"href":"https:\/\/www.ull.es\/catedras\/catedra-edosoft-computacion-nube\/wp-json\/wp\/v2\/users\/5"}],"replies":[{"embeddable":true,"href":"https:\/\/www.ull.es\/catedras\/catedra-edosoft-computacion-nube\/wp-json\/wp\/v2\/comments?post=115"}],"version-history":[{"count":10,"href":"https:\/\/www.ull.es\/catedras\/catedra-edosoft-computacion-nube\/wp-json\/wp\/v2\/pages\/115\/revisions"}],"predecessor-version":[{"id":396,"href":"https:\/\/www.ull.es\/catedras\/catedra-edosoft-computacion-nube\/wp-json\/wp\/v2\/pages\/115\/revisions\/396"}],"wp:attachment":[{"href":"https:\/\/www.ull.es\/catedras\/catedra-edosoft-computacion-nube\/wp-json\/wp\/v2\/media?parent=115"}],"curies":[{"name":"wp","href":"https:\/\/api.w.org\/{rel}","templated":true}]}}