{"id":129,"date":"2021-08-11T12:27:02","date_gmt":"2021-08-11T12:27:02","guid":{"rendered":"https:\/\/www.ull.es\/catedras\/catedra-edosoft-computacion-nube\/?page_id=129"},"modified":"2023-06-21T10:42:54","modified_gmt":"2023-06-21T10:42:54","slug":"concursos","status":"publish","type":"page","link":"https:\/\/www.ull.es\/catedras\/catedra-edosoft-computacion-nube\/concursos\/","title":{"rendered":"Concursos"},"content":{"rendered":"<p>[vc_row full_width=\u00bbstretch_row_content\u00bb css=\u00bb.vc_custom_1628678915703{padding-right: 5% !important;padding-left: 5% !important;background-color: #d6efff !important;}\u00bb][vc_column][vc_custom_heading text=\u00bbConcursos\u00bb font_container=\u00bbtag:h2|text_align:left|color:%231f0354&#8243; use_theme_fonts=\u00bbyes\u00bb][vc_column_text][\/vc_column_text][vc_single_image image=\u00bb543&#8243; title=\u00bbII Concurso Edosoft en Computaci\u00f3n en la Nube e Inteligencia Artificial (2022\/2023) para TFGs\/TFMs\u00bb][vc_row_inner][vc_column_inner width=\u00bb1\/4&#8243;][vc_single_image image=\u00bb138&#8243; img_size=\u00bbmedium\u00bb title=\u00bb(Fecha l\u00edmite &#8211; 31 Julio&#8217;23)\u00bb][\/vc_column_inner][vc_column_inner width=\u00bb1\/4&#8243;][vc_single_image image=\u00bb548&#8243; onclick=\u00bbcustom_link\u00bb img_link_target=\u00bb_blank\u00bb css_animation=\u00bbfadeIn\u00bb title=\u00bbBases&#8217;2023&#8243; link=\u00bbhttps:\/\/drive.google.com\/file\/d\/1vMPZQ8GXbXI6UrACatGIvmEUnCHz0o1D\/view?usp=sharing\u00bb][\/vc_column_inner][vc_column_inner width=\u00bb1\/4&#8243;][\/vc_column_inner][vc_column_inner width=\u00bb1\/4&#8243;][\/vc_column_inner][\/vc_row_inner][vc_empty_space height=\u00bb80px\u00bb][vc_row_inner][vc_column_inner width=\u00bb2\/3&#8243;][vc_column_text]<strong>EDICIONES ANTERIORES<\/strong><\/p>\n<p>I Concurso en Computaci\u00f3n en la Nube e Inteligencia Artificial (2022)<\/p>\n<p>Trabajos Fin de Grado.<\/p>\n<p>1\u00aa posici\u00f3n: \u00abQuantumSolver: Librer\u00eda para el desarrollo cu\u00e1ntico\u00bb &#8211; Daniel Esc\u00e1nez.<\/p>\n<p>2\u00aa posici\u00f3n: NeuroAutoTests: Aplicaci\u00f3n web para el diagn\u00f3stico autom\u00e1tico e inteligente del deterioro cognitivo\u00bb &#8211; Francisco Jes\u00fas M\u00e9ndes G\u00f3mez<\/p>\n<p>3\u00aa posici\u00f3n: \u00abUso de t\u00e9cnicas de Inteligencia Artificial para la generaci\u00f3n autom\u00e1tica de contenidos en videojuegos\u00bb &#8211; Vanessa Villalba P\u00e9rez<\/p>\n<p>&nbsp;<\/p>\n<p>Trabajo Fin de M\u00e1ster<\/p>\n<p>1\u00aa posici\u00f3n: \u00abComputaci\u00f3n de Altas Prestaciones en entornos contenerizados\u00bb &#8211; Omar Patricio P\u00e9rez Znakar[\/vc_column_text][vc_empty_space height=\u00bb50px\u00bb][\/vc_column_inner][vc_column_inner width=\u00bb1\/3&#8243;][vc_single_image image=\u00bb130&#8243; img_size=\u00bbmedium\u00bb][\/vc_column_inner][\/vc_row_inner][vc_row_inner][vc_column_inner width=\u00bb1\/3&#8243;][vc_single_image image=\u00bb132&#8243;][\/vc_column_inner][vc_column_inner width=\u00bb1\/3&#8243;][vc_single_image image=\u00bb133&#8243; img_size=\u00bbmedium\u00bb][\/vc_column_inner][vc_column_inner width=\u00bb1\/3&#8243;][\/vc_column_inner][\/vc_row_inner][vc_empty_space height=\u00bb50px\u00bb][\/vc_column][\/vc_row]<\/p>\n","protected":false},"excerpt":{"rendered":"<p>[vc_row full_width=\u00bbstretch_row_content\u00bb css=\u00bb.vc_custom_1628678915703{padding-right: 5% !important;padding-left: 5% !important;background-color: #d6efff !important;}\u00bb][vc_column][vc_custom_heading text=\u00bbConcursos\u00bb font_container=\u00bbtag:h2|text_align:left|color:%231f0354&#8243; use_theme_fonts=\u00bbyes\u00bb][vc_column_text][\/vc_column_text][vc_single_image image=\u00bb543&#8243; title=\u00bbII Concurso Edosoft en Computaci\u00f3n en la Nube e Inteligencia Artificial (2022\/2023) para TFGs\/TFMs\u00bb][vc_row_inner][vc_column_inner width=\u00bb1\/4&#8243;][vc_single_image image=\u00bb138&#8243; img_size=\u00bbmedium\u00bb title=\u00bb(Fecha l\u00edmite &#8211; 31 Julio&#8217;23)\u00bb][\/vc_column_inner][vc_column_inner width=\u00bb1\/4&#8243;][vc_single_image image=\u00bb548&#8243; onclick=\u00bbcustom_link\u00bb img_link_target=\u00bb_blank\u00bb css_animation=\u00bbfadeIn\u00bb title=\u00bbBases&#8217;2023&#8243; link=\u00bbhttps:\/\/drive.google.com\/file\/d\/1vMPZQ8GXbXI6UrACatGIvmEUnCHz0o1D\/view?usp=sharing\u00bb][\/vc_column_inner][vc_column_inner width=\u00bb1\/4&#8243;][\/vc_column_inner][vc_column_inner width=\u00bb1\/4&#8243;][\/vc_column_inner][\/vc_row_inner][vc_empty_space height=\u00bb80px\u00bb][vc_row_inner][vc_column_inner width=\u00bb2\/3&#8243;][vc_column_text]EDICIONES ANTERIORES I Concurso en Computaci\u00f3n en la Nube e&#8230;<\/p>\n","protected":false},"author":5,"featured_media":0,"parent":0,"menu_order":0,"comment_status":"closed","ping_status":"closed","template":"templates\/template-frontpage.php","meta":[],"_links":{"self":[{"href":"https:\/\/www.ull.es\/catedras\/catedra-edosoft-computacion-nube\/wp-json\/wp\/v2\/pages\/129"}],"collection":[{"href":"https:\/\/www.ull.es\/catedras\/catedra-edosoft-computacion-nube\/wp-json\/wp\/v2\/pages"}],"about":[{"href":"https:\/\/www.ull.es\/catedras\/catedra-edosoft-computacion-nube\/wp-json\/wp\/v2\/types\/page"}],"author":[{"embeddable":true,"href":"https:\/\/www.ull.es\/catedras\/catedra-edosoft-computacion-nube\/wp-json\/wp\/v2\/users\/5"}],"replies":[{"embeddable":true,"href":"https:\/\/www.ull.es\/catedras\/catedra-edosoft-computacion-nube\/wp-json\/wp\/v2\/comments?post=129"}],"version-history":[{"count":26,"href":"https:\/\/www.ull.es\/catedras\/catedra-edosoft-computacion-nube\/wp-json\/wp\/v2\/pages\/129\/revisions"}],"predecessor-version":[{"id":557,"href":"https:\/\/www.ull.es\/catedras\/catedra-edosoft-computacion-nube\/wp-json\/wp\/v2\/pages\/129\/revisions\/557"}],"wp:attachment":[{"href":"https:\/\/www.ull.es\/catedras\/catedra-edosoft-computacion-nube\/wp-json\/wp\/v2\/media?parent=129"}],"curies":[{"name":"wp","href":"https:\/\/api.w.org\/{rel}","templated":true}]}}