{"id":142,"date":"2021-08-11T12:35:47","date_gmt":"2021-08-11T12:35:47","guid":{"rendered":"https:\/\/www.ull.es\/catedras\/catedra-edosoft-computacion-nube\/?page_id=142"},"modified":"2021-09-30T07:57:34","modified_gmt":"2021-09-30T07:57:34","slug":"cursos","status":"publish","type":"page","link":"https:\/\/www.ull.es\/catedras\/catedra-edosoft-computacion-nube\/cursos\/","title":{"rendered":"Cursos"},"content":{"rendered":"<p>[vc_row full_width=\u00bbstretch_row_content\u00bb css=\u00bb.vc_custom_1628678915703{padding-right: 5% !important;padding-left: 5% !important;background-color: #d6efff !important;}\u00bb][vc_column][vc_custom_heading text=\u00bbCursos\u00bb font_container=\u00bbtag:h2|text_align:left|color:%231f0354&#8243; use_theme_fonts=\u00bbyes\u00bb][vc_column_text]Aqu\u00ed encontrar\u00e1s los cursos promovidos por la C\u00e1tedra[\/vc_column_text][vc_empty_space height=\u00bb80px\u00bb][vc_column_text]<\/p>\n<h3>Modernizaci\u00f3n de infraestructuras &#8211; Cloud Architect<\/h3>\n<p>[\/vc_column_text][vc_row_inner equal_height=\u00bbyes\u00bb][vc_column_inner width=\u00bb1\/2&#8243; css=\u00bb.vc_custom_1628685482927{background-color: #ffffff !important;}\u00bb][vc_column_text]<\/p>\n<h2>Google Cloud Fundamentals: Core Infrastructure<\/h2>\n<p><em>Fechas por determinar<\/em><\/p>\n<p><strong>Universidad de La Laguna \/ Online<\/strong><\/p>\n<p>Este curso ofrece una descripci\u00f3n general sobre Google Cloud Platform.<\/p>\n<p>Los alumnos aprender\u00e1n el valor de GCP y c\u00f3mo incorporar soluciones<br \/>\nbasadas en la nube en las estrategias de negocio.<\/p>\n<p><a style=\"color: #fe61ca;\" href=\"#\" target=\"_blank\" rel=\"noopener\" target=\"_blank\" rel=\"noopener\">M\u00e1s informaci\u00f3n -&gt;<\/a>[\/vc_column_text][vc_empty_space height=\u00bb50px\u00bb][\/vc_column_inner][vc_column_inner width=\u00bb1\/2&#8243; css=\u00bb.vc_custom_1628685332653{background-color: #bababa !important;}\u00bb][\/vc_column_inner][\/vc_row_inner][vc_empty_space][vc_row_inner equal_height=\u00bbyes\u00bb][vc_column_inner width=\u00bb1\/2&#8243; css=\u00bb.vc_custom_1628685482927{background-color: #ffffff !important;}\u00bb][vc_column_text]<\/p>\n<h2>Arquitectura con Google Compute Engine<\/h2>\n<p><em>Fechas por determinar<\/em><\/p>\n<p><strong>Universidad de La Laguna \/ Online<\/strong><\/p>\n<p>En este curso se analiza la implementaci\u00f3n de soluciones pr\u00e1cticas,<br \/>\nincluidas la interconexi\u00f3n segura de redes, las claves de encriptaci\u00f3n<br \/>\nproporcionadas por el cliente, la administraci\u00f3n de seguridad y accesos,<br \/>\nlas cuotas, la facturaci\u00f3n y la supervisi\u00f3n de recursos.<\/p>\n<p><a style=\"color: #fe61ca;\" href=\"#\" target=\"_blank\" rel=\"noopener\" target=\"_blank\" rel=\"noopener\">M\u00e1s informaci\u00f3n -&gt;<\/a>[\/vc_column_text][vc_empty_space height=\u00bb50px\u00bb][\/vc_column_inner][vc_column_inner width=\u00bb1\/2&#8243; css=\u00bb.vc_custom_1628685332653{background-color: #bababa !important;}\u00bb][\/vc_column_inner][\/vc_row_inner][vc_empty_space][vc_row_inner equal_height=\u00bbyes\u00bb][vc_column_inner width=\u00bb1\/2&#8243; css=\u00bb.vc_custom_1628685482927{background-color: #ffffff !important;}\u00bb][vc_column_text]<\/p>\n<h2>Arquitectura con GCP: dise\u00f1o y proceso<\/h2>\n<p><em>Fechas por determinar<\/em><\/p>\n<p><strong>Universidad de La Laguna \/ Online<\/strong><\/p>\n<p>Aprende a dise\u00f1ar implementaciones de Google Cloud fiables y seguras,<br \/>\ny a operar con ellas de manera altamente disponible y rentable. Este<br \/>\ncurso es una excelente introducci\u00f3n a la ingenier\u00eda de confiabilidad de<br \/>\nsitios o SRE.<\/p>\n<p><a style=\"color: #fe61ca;\" href=\"#\" target=\"_blank\" rel=\"noopener\" target=\"_blank\" rel=\"noopener\">M\u00e1s informaci\u00f3n -&gt;<\/a>[\/vc_column_text][vc_empty_space height=\u00bb50px\u00bb][\/vc_column_inner][vc_column_inner width=\u00bb1\/2&#8243; css=\u00bb.vc_custom_1628685332653{background-color: #bababa !important;}\u00bb][\/vc_column_inner][\/vc_row_inner][vc_empty_space][vc_row_inner equal_height=\u00bbyes\u00bb][vc_column_inner width=\u00bb1\/2&#8243; css=\u00bb.vc_custom_1628685482927{background-color: #ffffff !important;}\u00bb][vc_column_text]<\/p>\n<h2>Getting Started con Google Kubernetes Engine<\/h2>\n<p><em>Fechas por determinar<\/em><\/p>\n<p><strong>Universidad de La Laguna \/ Online<\/strong><\/p>\n<p>Aprende a crear contenedores para cargas de trabajo en Docker,<br \/>\nimplementarlos en cl\u00fasteres de Kubernetes con Google Kubernetes<br \/>\nEngine y escalar esas cargas de trabajo para hacer frente a los<br \/>\naumentos de tr\u00e1fico.<\/p>\n<p><a style=\"color: #fe61ca;\" href=\"#\" target=\"_blank\" rel=\"noopener\" target=\"_blank\" rel=\"noopener\">M\u00e1s informaci\u00f3n -&gt;<\/a>[\/vc_column_text][vc_empty_space height=\u00bb50px\u00bb][\/vc_column_inner][vc_column_inner width=\u00bb1\/2&#8243; css=\u00bb.vc_custom_1628685332653{background-color: #bababa !important;}\u00bb][\/vc_column_inner][\/vc_row_inner][vc_empty_space][vc_column_text]<\/p>\n<h3>Modernizaci\u00f3n de aplicaciones &#8211; Cloud Developer<\/h3>\n<p>[\/vc_column_text][vc_row_inner equal_height=\u00bbyes\u00bb][vc_column_inner width=\u00bb1\/2&#8243; css=\u00bb.vc_custom_1628685482927{background-color: #ffffff !important;}\u00bb][vc_column_text]<\/p>\n<h2>Desarrollo de aplicaciones con GCP<\/h2>\n<p><em>Fechas por determinar<\/em><\/p>\n<p><strong>Universidad de La Laguna \/ Online<\/strong><\/p>\n<p>En este curso, usar\u00e1s servicios de Google Cloud y API de aprendizaje<br \/>\nautom\u00e1tico previamente entrenadas para compilar aplicaciones seguras,<br \/>\ninteligentes y escalables nativas de la nube.<\/p>\n<p><a style=\"color: #fe61ca;\" href=\"#\" target=\"_blank\" rel=\"noopener\" target=\"_blank\" rel=\"noopener\">M\u00e1s informaci\u00f3n -&gt;<\/a>[\/vc_column_text][vc_empty_space height=\u00bb50px\u00bb][\/vc_column_inner][vc_column_inner width=\u00bb1\/2&#8243; css=\u00bb.vc_custom_1628685332653{background-color: #bababa !important;}\u00bb][\/vc_column_inner][\/vc_row_inner][vc_empty_space][vc_row_inner equal_height=\u00bbyes\u00bb][vc_column_inner width=\u00bb1\/2&#8243; css=\u00bb.vc_custom_1628685482927{background-color: #ffffff !important;}\u00bb][vc_column_text]<\/p>\n<h2>Getting Started con Google Kubernetes Engine<\/h2>\n<p><em>Fechas por determinar<\/em><\/p>\n<p><strong>Universidad de La Laguna \/ Online<\/strong><\/p>\n<p>Aprende a crear contenedores para cargas de trabajo en Docker,<br \/>\nimplementarlos en cl\u00fasteres de Kubernetes con Google Kubernetes<br \/>\nEngine y escalar esas cargas de trabajo para hacer frente a los<br \/>\naumentos de tr\u00e1fico.<\/p>\n<p><a style=\"color: #fe61ca;\" href=\"#\" target=\"_blank\" rel=\"noopener\" target=\"_blank\" rel=\"noopener\">M\u00e1s informaci\u00f3n -&gt;<\/a>[\/vc_column_text][vc_empty_space height=\u00bb50px\u00bb][\/vc_column_inner][vc_column_inner width=\u00bb1\/2&#8243; css=\u00bb.vc_custom_1628685332653{background-color: #bababa !important;}\u00bb][\/vc_column_inner][\/vc_row_inner][vc_empty_space][vc_column_text]<\/p>\n<h3>Estad\u00edsticas inteligentes &#8211; Data Engineer<\/h3>\n<p>[\/vc_column_text][vc_row_inner equal_height=\u00bbyes\u00bb][vc_column_inner width=\u00bb1\/2&#8243; css=\u00bb.vc_custom_1628685482927{background-color: #ffffff !important;}\u00bb][vc_column_text]<\/p>\n<h2>GCP: Big Data and Machine Learning Fundamentals<\/h2>\n<p><em>Fechas por determinar<\/em><\/p>\n<p><strong>Universidad de La Laguna \/ Online<\/strong><\/p>\n<p>En este curso se presentan a los participantes las capacidades de los<br \/>\nmacrodatos y el aprendizaje autom\u00e1tico de Google Cloud. Proporciona<br \/>\nuna descripci\u00f3n general de r\u00e1pida de Google Cloud y m\u00e1s detalles sobre<br \/>\nlas capacidades del procesamiento de datos.<\/p>\n<p><a style=\"color: #fe61ca;\" href=\"#\" target=\"_blank\" rel=\"noopener\" target=\"_blank\" rel=\"noopener\">M\u00e1s informaci\u00f3n -&gt;<\/a>[\/vc_column_text][vc_empty_space height=\u00bb50px\u00bb][\/vc_column_inner][vc_column_inner width=\u00bb1\/2&#8243; css=\u00bb.vc_custom_1628685332653{background-color: #bababa !important;}\u00bb][\/vc_column_inner][\/vc_row_inner][vc_empty_space][vc_row_inner equal_height=\u00bbyes\u00bb][vc_column_inner width=\u00bb1\/2&#8243; css=\u00bb.vc_custom_1628685482927{background-color: #ffffff !important;}\u00bb][vc_column_text]<\/p>\n<h2>Data Engineering on Google Cloud Platform<\/h2>\n<p><em>Fechas por determinar<\/em><\/p>\n<p><strong>Universidad de La Laguna \/ Online<\/strong><\/p>\n<p>En este curso, obtendr\u00e1s una introducci\u00f3n pr\u00e1ctica sobre el dise\u00f1o de<br \/>\nsistemas de procesamiento de datos, la compilaci\u00f3n de canalizaciones<br \/>\nde datos de extremo a extremo y el an\u00e1lisis de datos y derivaci\u00f3n de<br \/>\nestad\u00edsticas en Google Cloud.<\/p>\n<p><a style=\"color: #fe61ca;\" href=\"#\" target=\"_blank\" rel=\"noopener\" target=\"_blank\" rel=\"noopener\">M\u00e1s informaci\u00f3n -&gt;<\/a>[\/vc_column_text][vc_empty_space height=\u00bb50px\u00bb][\/vc_column_inner][vc_column_inner width=\u00bb1\/2&#8243; css=\u00bb.vc_custom_1628685332653{background-color: #bababa !important;}\u00bb][\/vc_column_inner][\/vc_row_inner][vc_empty_space height=\u00bb50px\u00bb][\/vc_column][\/vc_row]<\/p>\n","protected":false},"excerpt":{"rendered":"<p>[vc_row full_width=\u00bbstretch_row_content\u00bb css=\u00bb.vc_custom_1628678915703{padding-right: 5% !important;padding-left: 5% !important;background-color: #d6efff !important;}\u00bb][vc_column][vc_custom_heading text=\u00bbCursos\u00bb font_container=\u00bbtag:h2|text_align:left|color:%231f0354&#8243; use_theme_fonts=\u00bbyes\u00bb][vc_column_text]Aqu\u00ed encontrar\u00e1s los cursos promovidos por la C\u00e1tedra[\/vc_column_text][vc_empty_space height=\u00bb80px\u00bb][vc_column_text] Modernizaci\u00f3n de infraestructuras &#8211; Cloud Architect [\/vc_column_text][vc_row_inner equal_height=\u00bbyes\u00bb][vc_column_inner width=\u00bb1\/2&#8243; css=\u00bb.vc_custom_1628685482927{background-color: #ffffff !important;}\u00bb][vc_column_text] Google Cloud Fundamentals: Core Infrastructure Fechas por determinar Universidad de La Laguna \/ Online Este curso ofrece una descripci\u00f3n general sobre Google Cloud&#8230;<\/p>\n","protected":false},"author":5,"featured_media":0,"parent":0,"menu_order":0,"comment_status":"closed","ping_status":"closed","template":"templates\/template-frontpage.php","meta":[],"_links":{"self":[{"href":"https:\/\/www.ull.es\/catedras\/catedra-edosoft-computacion-nube\/wp-json\/wp\/v2\/pages\/142"}],"collection":[{"href":"https:\/\/www.ull.es\/catedras\/catedra-edosoft-computacion-nube\/wp-json\/wp\/v2\/pages"}],"about":[{"href":"https:\/\/www.ull.es\/catedras\/catedra-edosoft-computacion-nube\/wp-json\/wp\/v2\/types\/page"}],"author":[{"embeddable":true,"href":"https:\/\/www.ull.es\/catedras\/catedra-edosoft-computacion-nube\/wp-json\/wp\/v2\/users\/5"}],"replies":[{"embeddable":true,"href":"https:\/\/www.ull.es\/catedras\/catedra-edosoft-computacion-nube\/wp-json\/wp\/v2\/comments?post=142"}],"version-history":[{"count":8,"href":"https:\/\/www.ull.es\/catedras\/catedra-edosoft-computacion-nube\/wp-json\/wp\/v2\/pages\/142\/revisions"}],"predecessor-version":[{"id":401,"href":"https:\/\/www.ull.es\/catedras\/catedra-edosoft-computacion-nube\/wp-json\/wp\/v2\/pages\/142\/revisions\/401"}],"wp:attachment":[{"href":"https:\/\/www.ull.es\/catedras\/catedra-edosoft-computacion-nube\/wp-json\/wp\/v2\/media?parent=142"}],"curies":[{"name":"wp","href":"https:\/\/api.w.org\/{rel}","templated":true}]}}