{"id":189,"date":"2021-08-13T13:02:28","date_gmt":"2021-08-13T13:02:28","guid":{"rendered":"https:\/\/www.ull.es\/catedras\/catedra-edosoft-computacion-nube\/?page_id=189"},"modified":"2021-09-30T07:58:58","modified_gmt":"2021-09-30T07:58:58","slug":"empresas","status":"publish","type":"page","link":"https:\/\/www.ull.es\/catedras\/catedra-edosoft-computacion-nube\/empresas\/","title":{"rendered":"Empresas"},"content":{"rendered":"<p>[vc_row full_width=\u00bbstretch_row_content\u00bb css=\u00bb.vc_custom_1628771800652{padding-right: 5% !important;padding-left: 5% !important;background-color: #d6efff !important;}\u00bb][vc_column][vc_custom_heading text=\u00bbEmpresas\u00bb font_container=\u00bbtag:h2|text_align:left|color:%231f0354&#8243; use_theme_fonts=\u00bbyes\u00bb][vc_empty_space height=\u00bb40px\u00bb][vc_row_inner][vc_column_inner width=\u00bb1\/2&#8243;][vc_column_text css=\u00bb.vc_custom_1628845953806{padding-right: 1% !important;}\u00bb]La C\u00e1tedra Edosoft de Computaci\u00f3n en la Nube e Inteligencia Artificial trata de establecer lazos s\u00f3lidos entre instituciones p\u00fablicas, privadas y las propias universidades. Como parte de los Objetivos de Desarrollo Sostenible, las alianzas son clave para mejorar la formaci\u00f3n, la investigaci\u00f3n y, por supuesto, la transferencia de conocimiento.<\/p>\n<p>En nuestra b\u00fasqueda por crear esos v\u00ednculos con el tejido empresarial, sabemos de los beneficios que las empresas pueden obtener con estos acuerdos:[\/vc_column_text][\/vc_column_inner][vc_column_inner width=\u00bb1\/2&#8243; css=\u00bb.vc_custom_1628844625521{background-color: #d6efff !important;}\u00bb][vc_single_image image=\u00bb204&#8243; img_size=\u00bb457x 320&#8243; css=\u00bb.vc_custom_1628845115887{background-color: #d6efff !important;}\u00bb][vc_separator color=\u00bbcustom\u00bb accent_color=\u00bb#1f0354&#8243; css=\u00bb.vc_custom_1628846795756{margin-top: -2% !important;margin-right: 3% !important;}\u00bb][\/vc_column_inner][\/vc_row_inner][vc_separator align=\u00bbalign_left\u00bb border_width=\u00bb2&#8243; el_width=\u00bb50&#8243; css=\u00bb.vc_custom_1628853988081{border-right-width: -15% !important;}\u00bb][vc_empty_space height=\u00bb50px\u00bb][vc_row_inner][vc_column_inner width=\u00bb1\/2&#8243; css=\u00bb.vc_custom_1628853336311{margin-right: -5% !important;}\u00bb][vc_single_image image=\u00bb218&#8243; alignment=\u00bbright\u00bb css=\u00bb.vc_custom_1628850372668{padding-right: 15% !important;}\u00bb][\/vc_column_inner][vc_column_inner width=\u00bb1\/2&#8243; css=\u00bb.vc_custom_1628854101126{margin-right: 13% !important;margin-left: -13% !important;}\u00bb][vc_column_text]Acceso directo a los proyectos de investigaci\u00f3n relacionados con las \u00e1reas de conocimiento de la C\u00e1tedra.[\/vc_column_text][\/vc_column_inner][\/vc_row_inner][vc_empty_space height=\u00bb50px\u00bb][vc_row_inner][vc_column_inner width=\u00bb1\/2&#8243;][vc_single_image image=\u00bb220&#8243; alignment=\u00bbright\u00bb css=\u00bb.vc_custom_1628850478263{padding-right: 15% !important;}\u00bb][\/vc_column_inner][vc_column_inner width=\u00bb1\/2&#8243; css=\u00bb.vc_custom_1628851550829{margin-left: -13% !important;}\u00bb][vc_column_text]Mayor competitividad gracias al desarrollo de proyectos tecnol\u00f3gicamente punteros.[\/vc_column_text][\/vc_column_inner][\/vc_row_inner][vc_empty_space height=\u00bb50px\u00bb][vc_row_inner][vc_column_inner width=\u00bb1\/2&#8243;][vc_single_image image=\u00bb222&#8243; alignment=\u00bbright\u00bb css=\u00bb.vc_custom_1628850492903{padding-right: 15% !important;}\u00bb][\/vc_column_inner][vc_column_inner width=\u00bb1\/2&#8243; css=\u00bb.vc_custom_1628851571144{margin-left: -13% !important;}\u00bb][vc_column_text]Reducci\u00f3n de costes, mejora en la productividad, escalabilidad y seguridad de empresas que implementen servicios o productos basados en la nube y soluciones de IA.[\/vc_column_text][\/vc_column_inner][\/vc_row_inner][vc_empty_space height=\u00bb50px\u00bb][vc_row_inner][vc_column_inner width=\u00bb1\/2&#8243;][vc_single_image image=\u00bb223&#8243; alignment=\u00bbright\u00bb css=\u00bb.vc_custom_1628850509666{padding-right: 15% !important;}\u00bb][\/vc_column_inner][vc_column_inner width=\u00bb1\/2&#8243; css=\u00bb.vc_custom_1628851590314{margin-left: -13% !important;}\u00bb][vc_column_text]Nuevas oportunidades de negocio gracias a la implementaci\u00f3n de tecnolog\u00edas innovadoras.[\/vc_column_text][\/vc_column_inner][\/vc_row_inner][vc_empty_space height=\u00bb80px\u00bb][\/vc_column][\/vc_row]<\/p>\n","protected":false},"excerpt":{"rendered":"<p>[vc_row full_width=\u00bbstretch_row_content\u00bb css=\u00bb.vc_custom_1628771800652{padding-right: 5% !important;padding-left: 5% !important;background-color: #d6efff !important;}\u00bb][vc_column][vc_custom_heading text=\u00bbEmpresas\u00bb font_container=\u00bbtag:h2|text_align:left|color:%231f0354&#8243; use_theme_fonts=\u00bbyes\u00bb][vc_empty_space height=\u00bb40px\u00bb][vc_row_inner][vc_column_inner width=\u00bb1\/2&#8243;][vc_column_text css=\u00bb.vc_custom_1628845953806{padding-right: 1% !important;}\u00bb]La C\u00e1tedra Edosoft de Computaci\u00f3n en la Nube e Inteligencia Artificial trata de establecer lazos s\u00f3lidos entre instituciones p\u00fablicas, privadas y las propias universidades. Como parte de los Objetivos de Desarrollo Sostenible, las alianzas son clave para mejorar la&#8230;<\/p>\n","protected":false},"author":5,"featured_media":0,"parent":0,"menu_order":0,"comment_status":"closed","ping_status":"closed","template":"templates\/template-frontpage.php","meta":[],"_links":{"self":[{"href":"https:\/\/www.ull.es\/catedras\/catedra-edosoft-computacion-nube\/wp-json\/wp\/v2\/pages\/189"}],"collection":[{"href":"https:\/\/www.ull.es\/catedras\/catedra-edosoft-computacion-nube\/wp-json\/wp\/v2\/pages"}],"about":[{"href":"https:\/\/www.ull.es\/catedras\/catedra-edosoft-computacion-nube\/wp-json\/wp\/v2\/types\/page"}],"author":[{"embeddable":true,"href":"https:\/\/www.ull.es\/catedras\/catedra-edosoft-computacion-nube\/wp-json\/wp\/v2\/users\/5"}],"replies":[{"embeddable":true,"href":"https:\/\/www.ull.es\/catedras\/catedra-edosoft-computacion-nube\/wp-json\/wp\/v2\/comments?post=189"}],"version-history":[{"count":67,"href":"https:\/\/www.ull.es\/catedras\/catedra-edosoft-computacion-nube\/wp-json\/wp\/v2\/pages\/189\/revisions"}],"predecessor-version":[{"id":388,"href":"https:\/\/www.ull.es\/catedras\/catedra-edosoft-computacion-nube\/wp-json\/wp\/v2\/pages\/189\/revisions\/388"}],"wp:attachment":[{"href":"https:\/\/www.ull.es\/catedras\/catedra-edosoft-computacion-nube\/wp-json\/wp\/v2\/media?parent=189"}],"curies":[{"name":"wp","href":"https:\/\/api.w.org\/{rel}","templated":true}]}}