{"id":261,"date":"2021-08-15T19:10:43","date_gmt":"2021-08-15T19:10:43","guid":{"rendered":"https:\/\/www.ull.es\/catedras\/catedra-edosoft-computacion-nube\/?page_id=261"},"modified":"2021-09-30T07:59:27","modified_gmt":"2021-09-30T07:59:27","slug":"alumnado","status":"publish","type":"page","link":"https:\/\/www.ull.es\/catedras\/catedra-edosoft-computacion-nube\/alumnado\/","title":{"rendered":"Alumnado"},"content":{"rendered":"<p>[vc_row full_width=\u00bbstretch_row_content\u00bb css=\u00bb.vc_custom_1628899660251{padding-right: 5% !important;padding-left: 5% !important;background-color: #d6efff !important;}\u00bb][vc_column][vc_custom_heading text=\u00bbAlumnado\u00bb font_container=\u00bbtag:h2|text_align:left|color:%231f0354&#8243; use_theme_fonts=\u00bbyes\u00bb][vc_empty_space height=\u00bb40px\u00bb][vc_row_inner][vc_column_inner width=\u00bb1\/2&#8243;][vc_column_text]La comunidad educativa es una de las mayores beneficiadas por las actividades que desarrolla la C\u00e1tedra Edosoft de Computaci\u00f3n en la Nube e Inteligencia Artificial.<\/p>\n<p>Por un lado, el alumnado podr\u00e1 conocer de manera real y aproximada las demandas que el mercado laboral tiene. As\u00ed, podr\u00e1n adaptarse de manera m\u00e1s \u00e1gil a lo que las empresas requieren de ellos.<\/p>\n<p>La C\u00e1tedra tambi\u00e9n dar\u00e1 apoyo a alumnos y alumnas en sus trabajos de fin de titulaci\u00f3n, as\u00ed como en las propuestas de tesis y en la realizaci\u00f3n de pr\u00e1cticas.<\/p>\n<p>A continuaci\u00f3n, recogemos los Trabajos de Fin de Grado y los Trabajos de Fin de M\u00e1ster o Pr\u00e1cticas Externas que el alumnado universitario ha desarrollado y que guardan relaci\u00f3n con la Computaci\u00f3n en la Nube o la Inteligencia Artificial.<\/p>\n<p>Si formas parte de la Universidad de &lt;nombre seg\u00fan web&gt; y quieres presentar tu proyecto en este apartado, escr\u00edbenos a trav\u00e9s del formulario de contacto de la web.<\/p>\n<p>[\/vc_column_text][vc_empty_space height=\u00bb50px\u00bb][\/vc_column_inner][vc_column_inner width=\u00bb1\/2&#8243; css=\u00bb.vc_custom_1629053030842{margin-top: -16% !important;margin-left: -3% !important;}\u00bb][vc_single_image image=\u00bb264&#8243; img_size=\u00bbfull\u00bb css=\u00bb.vc_custom_1629054409846{margin-right: -20% !important;margin-left: -9% !important;}\u00bb][\/vc_column_inner][\/vc_row_inner][vc_empty_space height=\u00bb50px\u00bb][\/vc_column][\/vc_row][vc_row full_width=\u00bbstretch_row_content\u00bb disable_element=\u00bbyes\u00bb el_class=\u00bbfondo-azul\u00bb css=\u00bb.vc_custom_1631173389452{padding-right: 5% !important;padding-left: 5% !important;}\u00bb][vc_column][vc_basic_grid post_type=\u00bbpost\u00bb max_items=\u00bb10&#8243; show_filter=\u00bbyes\u00bb grid_id=\u00bbvc_gid:1631173342476-04a6ae07-9d9f-1&#8243; filter_source=\u00bbcategory\u00bb][\/vc_column][\/vc_row]<\/p>\n","protected":false},"excerpt":{"rendered":"<p>[vc_row full_width=\u00bbstretch_row_content\u00bb css=\u00bb.vc_custom_1628899660251{padding-right: 5% !important;padding-left: 5% !important;background-color: #d6efff !important;}\u00bb][vc_column][vc_custom_heading text=\u00bbAlumnado\u00bb font_container=\u00bbtag:h2|text_align:left|color:%231f0354&#8243; use_theme_fonts=\u00bbyes\u00bb][vc_empty_space height=\u00bb40px\u00bb][vc_row_inner][vc_column_inner width=\u00bb1\/2&#8243;][vc_column_text]La comunidad educativa es una de las mayores beneficiadas por las actividades que desarrolla la C\u00e1tedra Edosoft de Computaci\u00f3n en la Nube e Inteligencia Artificial. Por un lado, el alumnado podr\u00e1 conocer de manera real y aproximada las demandas que el mercado&#8230;<\/p>\n","protected":false},"author":5,"featured_media":0,"parent":0,"menu_order":0,"comment_status":"closed","ping_status":"closed","template":"templates\/template-frontpage.php","meta":[],"_links":{"self":[{"href":"https:\/\/www.ull.es\/catedras\/catedra-edosoft-computacion-nube\/wp-json\/wp\/v2\/pages\/261"}],"collection":[{"href":"https:\/\/www.ull.es\/catedras\/catedra-edosoft-computacion-nube\/wp-json\/wp\/v2\/pages"}],"about":[{"href":"https:\/\/www.ull.es\/catedras\/catedra-edosoft-computacion-nube\/wp-json\/wp\/v2\/types\/page"}],"author":[{"embeddable":true,"href":"https:\/\/www.ull.es\/catedras\/catedra-edosoft-computacion-nube\/wp-json\/wp\/v2\/users\/5"}],"replies":[{"embeddable":true,"href":"https:\/\/www.ull.es\/catedras\/catedra-edosoft-computacion-nube\/wp-json\/wp\/v2\/comments?post=261"}],"version-history":[{"count":58,"href":"https:\/\/www.ull.es\/catedras\/catedra-edosoft-computacion-nube\/wp-json\/wp\/v2\/pages\/261\/revisions"}],"predecessor-version":[{"id":389,"href":"https:\/\/www.ull.es\/catedras\/catedra-edosoft-computacion-nube\/wp-json\/wp\/v2\/pages\/261\/revisions\/389"}],"wp:attachment":[{"href":"https:\/\/www.ull.es\/catedras\/catedra-edosoft-computacion-nube\/wp-json\/wp\/v2\/media?parent=261"}],"curies":[{"name":"wp","href":"https:\/\/api.w.org\/{rel}","templated":true}]}}