{"id":70,"date":"2021-08-11T11:06:47","date_gmt":"2021-08-11T11:06:47","guid":{"rendered":"https:\/\/www.ull.es\/catedras\/catedra-edosoft-computacion-nube\/?page_id=70"},"modified":"2022-09-08T11:02:57","modified_gmt":"2022-09-08T11:02:57","slug":"equipo-de-direccion","status":"publish","type":"page","link":"https:\/\/www.ull.es\/catedras\/catedra-edosoft-computacion-nube\/equipo-de-direccion\/","title":{"rendered":"Equipo de direcci\u00f3n"},"content":{"rendered":"<p>[vc_row full_width=\u00bbstretch_row_content\u00bb css=\u00bb.vc_custom_1628678915703{padding-right: 5% !important;padding-left: 5% !important;background-color: #d6efff !important;}\u00bb][vc_column][vc_custom_heading text=\u00bbEquipo de direcci\u00f3n\u00bb font_container=\u00bbtag:h2|text_align:left|color:%231f0354&#8243; use_theme_fonts=\u00bbyes\u00bb][vc_column_text]<span style=\"color: #535fe9;font-size: 24px;font-weight: 600\">Consejo de direcci\u00f3n<\/span>[\/vc_column_text][\/vc_column][\/vc_row][vc_row full_width=\u00bbstretch_row_content\u00bb css=\u00bb.vc_custom_1628678929828{padding-right: 5% !important;padding-left: 5% !important;background-color: #e9e6ee !important;}\u00bb el_class=\u00bbfondo-azul\u00bb][vc_column][vc_row_inner][vc_column_inner width=\u00bb1\/4&#8243;][\/vc_column_inner][vc_column_inner width=\u00bb1\/4&#8243;][vc_single_image image=\u00bb408&#8243; img_size=\u00bb191&#215;191&#8243; alignment=\u00bbcenter\u00bb style=\u00bbvc_box_circle_2&#8243;][\/vc_column_inner][vc_column_inner width=\u00bb1\/4&#8243;][vc_single_image image=\u00bb411&#8243; img_size=\u00bb191&#215;191&#8243; alignment=\u00bbcenter\u00bb style=\u00bbvc_box_circle_2&#8243;][\/vc_column_inner][vc_column_inner width=\u00bb1\/4&#8243;][\/vc_column_inner][\/vc_row_inner][\/vc_column][\/vc_row][vc_row full_width=\u00bbstretch_row_content\u00bb css=\u00bb.vc_custom_1628678915703{padding-right: 5% !important;padding-left: 5% !important;background-color: #d6efff !important;}\u00bb][vc_column][vc_row_inner][vc_column_inner width=\u00bb1\/4&#8243;][\/vc_column_inner][vc_column_inner width=\u00bb1\/4&#8243;][vc_custom_heading text=\u00bbC\u00e1ndido Caballero Gil\u00bb font_container=\u00bbtag:h2|font_size:24px|text_align:left|color:%231f0354&#8243; use_theme_fonts=\u00bbyes\u00bb][vc_column_text]Director de la C\u00e1tedra.[\/vc_column_text][\/vc_column_inner][vc_column_inner width=\u00bb1\/4&#8243;][vc_custom_heading text=\u00bbJezabel Molina Gil\u00bb font_container=\u00bbtag:h2|font_size:24px|text_align:left|color:%231f0354&#8243; use_theme_fonts=\u00bbyes\u00bb][vc_column_text]Subdirectora de la C\u00e1tedra.[\/vc_column_text][\/vc_column_inner][vc_column_inner width=\u00bb1\/4&#8243;][\/vc_column_inner][\/vc_row_inner][vc_column_text]<span style=\"color: #535fe9;font-size: 24px;font-weight: 600\">Equipo directivo<\/span>[\/vc_column_text][\/vc_column][\/vc_row][vc_row full_width=\u00bbstretch_row_content\u00bb css=\u00bb.vc_custom_1628678929828{padding-right: 5% !important;padding-left: 5% !important;background-color: #e9e6ee !important;}\u00bb el_class=\u00bbfondo-azul\u00bb][vc_column][vc_row_inner][vc_column_inner width=\u00bb1\/4&#8243;][vc_single_image image=\u00bb412&#8243; img_size=\u00bb191&#215;191&#8243; alignment=\u00bbcenter\u00bb style=\u00bbvc_box_circle_2&#8243;][\/vc_column_inner][vc_column_inner width=\u00bb1\/4&#8243;][vc_single_image image=\u00bb417&#8243; img_size=\u00bb191&#215;191&#8243; alignment=\u00bbcenter\u00bb style=\u00bbvc_box_circle_2&#8243;][\/vc_column_inner][vc_column_inner width=\u00bb1\/4&#8243;][vc_single_image image=\u00bb416&#8243; img_size=\u00bb191&#215;191&#8243; alignment=\u00bbcenter\u00bb style=\u00bbvc_box_circle_2&#8243;][\/vc_column_inner][vc_column_inner width=\u00bb1\/4&#8243;][vc_single_image image=\u00bb446&#8243; img_size=\u00bb191&#215;191&#8243; alignment=\u00bbcenter\u00bb style=\u00bbvc_box_circle_2&#8243;][\/vc_column_inner][\/vc_row_inner][\/vc_column][\/vc_row][vc_row full_width=\u00bbstretch_row_content\u00bb css=\u00bb.vc_custom_1628678915703{padding-right: 5% !important;padding-left: 5% !important;background-color: #d6efff !important;}\u00bb][vc_column][vc_row_inner][vc_column_inner width=\u00bb1\/4&#8243;][vc_custom_heading text=\u00bbJos\u00e9 Andr\u00e9s Moreno\u00bb font_container=\u00bbtag:h2|font_size:24px|text_align:left|color:%231f0354&#8243; use_theme_fonts=\u00bbyes\u00bb][vc_column_text]Director del Instituto universitario de Desarrollo Regional. Grupo de computaci\u00f3n inteligente.[\/vc_column_text][\/vc_column_inner][vc_column_inner width=\u00bb1\/4&#8243;][vc_custom_heading text=\u00bbVicente Blanco P\u00e9rez\u00bb font_container=\u00bbtag:h2|font_size:24px|text_align:left|color:%231f0354&#8243; use_theme_fonts=\u00bbyes\u00bb][vc_column_text]Director del M\u00e1ster Full-Stack Developer. Grupo de computaci\u00f3n de altas prestaciones.[\/vc_column_text][\/vc_column_inner][vc_column_inner width=\u00bb1\/4&#8243;][vc_custom_heading text=\u00bbPino Caballero Gil\u00bb font_container=\u00bbtag:h2|font_size:24px|text_align:left|color:%231f0354&#8243; use_theme_fonts=\u00bbyes\u00bb][vc_column_text]Directora del M\u00e1ster en Ciberseguridad e Inteligencia de Datos. Grupo CryptULL de investigaci\u00f3n en Criptolog\u00eda.[\/vc_column_text][\/vc_column_inner][vc_column_inner width=\u00bb1\/4&#8243;][vc_custom_heading text=\u00bbAlexis Quesada Arencibia\u00bb font_container=\u00bbtag:h2|font_size:24px|text_align:left|color:%231f0354&#8243; use_theme_fonts=\u00bbyes\u00bb][vc_column_text]Director de la C\u00e1tedra Edosoft en la ULPGC. Grupo Instituto universitario de ciencias y tecnolog\u00edas cibern\u00e9ticas.[\/vc_column_text][\/vc_column_inner][\/vc_row_inner][vc_column_text]<span style=\"color: #535fe9;font-size: 24px;font-weight: 600\">Comisi\u00f3n mixta<\/span>[\/vc_column_text][\/vc_column][\/vc_row][vc_row full_width=\u00bbstretch_row_content\u00bb css=\u00bb.vc_custom_1628678929828{padding-right: 5% !important;padding-left: 5% !important;background-color: #e9e6ee !important;}\u00bb el_class=\u00bbfondo-azul\u00bb][vc_column][vc_row_inner][vc_column_inner width=\u00bb1\/4&#8243;][vc_single_image image=\u00bb504&#8243; img_size=\u00bb191&#215;191&#8243; alignment=\u00bbcenter\u00bb style=\u00bbvc_box_circle_2&#8243;][\/vc_column_inner][vc_column_inner width=\u00bb1\/4&#8243;][vc_single_image image=\u00bb505&#8243; img_size=\u00bb191&#215;191&#8243; alignment=\u00bbcenter\u00bb style=\u00bbvc_box_circle_2&#8243;][\/vc_column_inner][vc_column_inner width=\u00bb1\/4&#8243;][vc_single_image image=\u00bb414&#8243; img_size=\u00bb191&#215;191&#8243; alignment=\u00bbcenter\u00bb style=\u00bbvc_box_circle_2&#8243;][\/vc_column_inner][vc_column_inner width=\u00bb1\/4&#8243;][vc_single_image image=\u00bb415&#8243; img_size=\u00bb191&#215;191&#8243; alignment=\u00bbcenter\u00bb style=\u00bbvc_box_circle_2&#8243;][\/vc_column_inner][\/vc_row_inner][\/vc_column][\/vc_row][vc_row full_width=\u00bbstretch_row_content\u00bb css=\u00bb.vc_custom_1628678915703{padding-right: 5% !important;padding-left: 5% !important;background-color: #d6efff !important;}\u00bb][vc_column][vc_row_inner][vc_column_inner width=\u00bb1\/4&#8243;][vc_custom_heading text=\u00bbAntonio Fumero\u00bb font_container=\u00bbtag:h2|font_size:24px|text_align:left|color:%231f0354&#8243; use_theme_fonts=\u00bbyes\u00bb][vc_column_text]CIO &#8211; Edosoft Factory.[\/vc_column_text][\/vc_column_inner][vc_column_inner width=\u00bb1\/4&#8243;][vc_custom_heading text=\u00bbLaura Trujillo\u00bb font_container=\u00bbtag:h2|font_size:24px|text_align:left|color:%231f0354&#8243; use_theme_fonts=\u00bbyes\u00bb][vc_column_text]Recursos Humanos &#8211; Edosoft Factory.[\/vc_column_text][\/vc_column_inner][vc_column_inner width=\u00bb1\/4&#8243;][vc_custom_heading text=\u00bbJuan Albino M\u00e9ndez P\u00e9rez\u00bb font_container=\u00bbtag:h2|font_size:24px|text_align:left|color:%231f0354&#8243; use_theme_fonts=\u00bbyes\u00bb][vc_column_text]Vicerrector de Cultura, Participaci\u00f3n Social y Campus Ofra.[\/vc_column_text][\/vc_column_inner][vc_column_inner width=\u00bb1\/4&#8243;][vc_custom_heading text=\u00bbManuel Gonz\u00e1lez de la Rosa\u00bb font_container=\u00bbtag:h2|font_size:24px|text_align:left|color:%231f0354&#8243; use_theme_fonts=\u00bbyes\u00bb][vc_column_text]Director de Secretariado de C\u00e1tedras Institucionales y de Empresa, Responsabilidad Social.[\/vc_column_text][\/vc_column_inner][\/vc_row_inner][\/vc_column][\/vc_row]<\/p>\n","protected":false},"excerpt":{"rendered":"<p>[vc_row full_width=\u00bbstretch_row_content\u00bb css=\u00bb.vc_custom_1628678915703{padding-right: 5% !important;padding-left: 5% !important;background-color: #d6efff !important;}\u00bb][vc_column][vc_custom_heading text=\u00bbEquipo de direcci\u00f3n\u00bb font_container=\u00bbtag:h2|text_align:left|color:%231f0354&#8243; use_theme_fonts=\u00bbyes\u00bb][vc_column_text]Consejo de direcci\u00f3n[\/vc_column_text][\/vc_column][\/vc_row][vc_row full_width=\u00bbstretch_row_content\u00bb css=\u00bb.vc_custom_1628678929828{padding-right: 5% !important;padding-left: 5% !important;background-color: #e9e6ee !important;}\u00bb el_class=\u00bbfondo-azul\u00bb][vc_column][vc_row_inner][vc_column_inner width=\u00bb1\/4&#8243;][\/vc_column_inner][vc_column_inner width=\u00bb1\/4&#8243;][vc_single_image image=\u00bb408&#8243; img_size=\u00bb191&#215;191&#8243; alignment=\u00bbcenter\u00bb style=\u00bbvc_box_circle_2&#8243;][\/vc_column_inner][vc_column_inner width=\u00bb1\/4&#8243;][vc_single_image image=\u00bb411&#8243; img_size=\u00bb191&#215;191&#8243; alignment=\u00bbcenter\u00bb style=\u00bbvc_box_circle_2&#8243;][\/vc_column_inner][vc_column_inner width=\u00bb1\/4&#8243;][\/vc_column_inner][\/vc_row_inner][\/vc_column][\/vc_row][vc_row full_width=\u00bbstretch_row_content\u00bb css=\u00bb.vc_custom_1628678915703{padding-right: 5% !important;padding-left: 5% !important;background-color: #d6efff !important;}\u00bb][vc_column][vc_row_inner][vc_column_inner width=\u00bb1\/4&#8243;][\/vc_column_inner][vc_column_inner width=\u00bb1\/4&#8243;][vc_custom_heading text=\u00bbC\u00e1ndido Caballero Gil\u00bb font_container=\u00bbtag:h2|font_size:24px|text_align:left|color:%231f0354&#8243; use_theme_fonts=\u00bbyes\u00bb][vc_column_text]Director de la C\u00e1tedra.[\/vc_column_text][\/vc_column_inner][vc_column_inner&#8230;<\/p>\n","protected":false},"author":5,"featured_media":0,"parent":0,"menu_order":0,"comment_status":"closed","ping_status":"closed","template":"templates\/template-frontpage.php","meta":[],"_links":{"self":[{"href":"https:\/\/www.ull.es\/catedras\/catedra-edosoft-computacion-nube\/wp-json\/wp\/v2\/pages\/70"}],"collection":[{"href":"https:\/\/www.ull.es\/catedras\/catedra-edosoft-computacion-nube\/wp-json\/wp\/v2\/pages"}],"about":[{"href":"https:\/\/www.ull.es\/catedras\/catedra-edosoft-computacion-nube\/wp-json\/wp\/v2\/types\/page"}],"author":[{"embeddable":true,"href":"https:\/\/www.ull.es\/catedras\/catedra-edosoft-computacion-nube\/wp-json\/wp\/v2\/users\/5"}],"replies":[{"embeddable":true,"href":"https:\/\/www.ull.es\/catedras\/catedra-edosoft-computacion-nube\/wp-json\/wp\/v2\/comments?post=70"}],"version-history":[{"count":24,"href":"https:\/\/www.ull.es\/catedras\/catedra-edosoft-computacion-nube\/wp-json\/wp\/v2\/pages\/70\/revisions"}],"predecessor-version":[{"id":506,"href":"https:\/\/www.ull.es\/catedras\/catedra-edosoft-computacion-nube\/wp-json\/wp\/v2\/pages\/70\/revisions\/506"}],"wp:attachment":[{"href":"https:\/\/www.ull.es\/catedras\/catedra-edosoft-computacion-nube\/wp-json\/wp\/v2\/media?parent=70"}],"curies":[{"name":"wp","href":"https:\/\/api.w.org\/{rel}","templated":true}]}}