{"id":98,"date":"2021-08-11T11:42:25","date_gmt":"2021-08-11T11:42:25","guid":{"rendered":"https:\/\/www.ull.es\/catedras\/catedra-edosoft-computacion-nube\/?page_id=98"},"modified":"2021-09-30T07:56:45","modified_gmt":"2021-09-30T07:56:45","slug":"proyectos","status":"publish","type":"page","link":"https:\/\/www.ull.es\/catedras\/catedra-edosoft-computacion-nube\/proyectos\/","title":{"rendered":"Proyectos"},"content":{"rendered":"<p>[vc_row full_width=\u00bbstretch_row_content\u00bb css=\u00bb.vc_custom_1628678915703{padding-right: 5% !important;padding-left: 5% !important;background-color: #d6efff !important;}\u00bb][vc_column][vc_custom_heading text=\u00bbProyectos\u00bb font_container=\u00bbtag:h2|text_align:left|color:%231f0354&#8243; use_theme_fonts=\u00bbyes\u00bb][vc_column_text]Objetivos de la C\u00e1tedra en materias de investigaci\u00f3n, innovaci\u00f3n y transferencia.[\/vc_column_text][vc_row_inner][vc_column_inner width=\u00bb1\/2&#8243;][vc_column_text]<img loading=\"lazy\" class=\"size-full wp-image-100 alignleft\" src=\"https:\/\/www.ull.es\/catedras\/catedra-edosoft-computacion-nube\/wp-content\/uploads\/sites\/14\/2021\/08\/Puntos-Proyecto-1.png\" alt=\"\" width=\"200\" height=\"129\" \/><\/p>\n<p>&nbsp;<\/p>\n<p style=\"text-align: left;\">Desarrollar programas de investigaci\u00f3n, as\u00ed como de difusi\u00f3n de la actividad investigadora.<\/p>\n<p>[\/vc_column_text][vc_empty_space height=\u00bb50px\u00bb][vc_column_text]<img loading=\"lazy\" class=\"wp-image-101 size-full alignleft\" src=\"https:\/\/www.ull.es\/catedras\/catedra-edosoft-computacion-nube\/wp-content\/uploads\/sites\/14\/2021\/08\/Puntos-Proyecto-2.png\" alt=\"\" width=\"200\" height=\"125\" \/><\/p>\n<p>&nbsp;<\/p>\n<p style=\"text-align: left;\">Promover l\u00edneas de investigaci\u00f3n con el tejido empresarial del Archipi\u00e9lago Canario.<\/p>\n<p>[\/vc_column_text][vc_empty_space height=\u00bb50px\u00bb][vc_column_text]<img loading=\"lazy\" class=\"wp-image-102 size-full alignleft\" src=\"https:\/\/www.ull.es\/catedras\/catedra-edosoft-computacion-nube\/wp-content\/uploads\/sites\/14\/2021\/08\/Puntos-Proyecto-3.png\" alt=\"\" width=\"200\" height=\"125\" \/><\/p>\n<p>&nbsp;<\/p>\n<p style=\"text-align: left;\">Apoyar la realizaci\u00f3n de tesis doctorales.<\/p>\n<p>[\/vc_column_text][vc_empty_space height=\u00bb50px\u00bb][\/vc_column_inner][vc_column_inner width=\u00bb1\/2&#8243;][vc_column_text]<img loading=\"lazy\" class=\"wp-image-103 size-full alignleft\" src=\"https:\/\/www.ull.es\/catedras\/catedra-edosoft-computacion-nube\/wp-content\/uploads\/sites\/14\/2021\/08\/Puntos-Proyecto-4.png\" alt=\"\" width=\"200\" height=\"125\" \/><\/p>\n<p>&nbsp;<\/p>\n<p style=\"text-align: left;\">Ayudar en la preparaci\u00f3n, presentaci\u00f3n y ejecuci\u00f3n de proyectos de investigaci\u00f3n.<\/p>\n<p>[\/vc_column_text][vc_empty_space height=\u00bb50px\u00bb][vc_column_text]<img loading=\"lazy\" class=\"wp-image-104 size-full alignleft\" src=\"https:\/\/www.ull.es\/catedras\/catedra-edosoft-computacion-nube\/wp-content\/uploads\/sites\/14\/2021\/08\/Puntos-Proyecto-5.png\" alt=\"\" width=\"200\" height=\"125\" \/><\/p>\n<p>&nbsp;<\/p>\n<p style=\"text-align: left;\">Fomentar la colaboraci\u00f3n con otras universidades e instituciones y la integraci\u00f3n en redes de investigaci\u00f3n.<\/p>\n<p>[\/vc_column_text][vc_empty_space height=\u00bb50px\u00bb][vc_column_text]<img loading=\"lazy\" class=\"wp-image-105 size-full alignleft\" src=\"https:\/\/www.ull.es\/catedras\/catedra-edosoft-computacion-nube\/wp-content\/uploads\/sites\/14\/2021\/08\/Puntos-Proyecto-6.png\" alt=\"\" width=\"200\" height=\"126\" \/><\/p>\n<p>&nbsp;<\/p>\n<p style=\"text-align: left;\">Apoyar en la movilidad internacional del alumnado de doctorado.<\/p>\n<p>[\/vc_column_text][vc_empty_space height=\u00bb50px\u00bb][\/vc_column_inner][\/vc_row_inner][vc_empty_space height=\u00bb50px\u00bb][\/vc_column][\/vc_row][vc_row full_width=\u00bbstretch_row_content\u00bb disable_element=\u00bbyes\u00bb css=\u00bb.vc_custom_1631174708117{padding-right: 5% !important;padding-left: 5% !important;background-color: #e9e6ee !important;}\u00bb el_class=\u00bbfondo-azul\u00bb][vc_column][vc_basic_grid post_type=\u00bbpost\u00bb max_items=\u00bb10&#8243; show_filter=\u00bbyes\u00bb grid_id=\u00bbvc_gid:1631174698280-40bd36b1-121e-7&#8243; filter_source=\u00bbcategory\u00bb][\/vc_column][\/vc_row]<\/p>\n","protected":false},"excerpt":{"rendered":"<p>[vc_row full_width=\u00bbstretch_row_content\u00bb css=\u00bb.vc_custom_1628678915703{padding-right: 5% !important;padding-left: 5% !important;background-color: #d6efff !important;}\u00bb][vc_column][vc_custom_heading text=\u00bbProyectos\u00bb font_container=\u00bbtag:h2|text_align:left|color:%231f0354&#8243; use_theme_fonts=\u00bbyes\u00bb][vc_column_text]Objetivos de la C\u00e1tedra en materias de investigaci\u00f3n, innovaci\u00f3n y transferencia.[\/vc_column_text][vc_row_inner][vc_column_inner width=\u00bb1\/2&#8243;][vc_column_text] &nbsp; Desarrollar programas de investigaci\u00f3n, as\u00ed como de difusi\u00f3n de la actividad investigadora. [\/vc_column_text][vc_empty_space height=\u00bb50px\u00bb][vc_column_text] &nbsp; Promover l\u00edneas de investigaci\u00f3n con el tejido empresarial del Archipi\u00e9lago Canario. [\/vc_column_text][vc_empty_space height=\u00bb50px\u00bb][vc_column_text] &nbsp; Apoyar la&#8230;<\/p>\n","protected":false},"author":5,"featured_media":0,"parent":0,"menu_order":0,"comment_status":"closed","ping_status":"closed","template":"templates\/template-frontpage.php","meta":[],"_links":{"self":[{"href":"https:\/\/www.ull.es\/catedras\/catedra-edosoft-computacion-nube\/wp-json\/wp\/v2\/pages\/98"}],"collection":[{"href":"https:\/\/www.ull.es\/catedras\/catedra-edosoft-computacion-nube\/wp-json\/wp\/v2\/pages"}],"about":[{"href":"https:\/\/www.ull.es\/catedras\/catedra-edosoft-computacion-nube\/wp-json\/wp\/v2\/types\/page"}],"author":[{"embeddable":true,"href":"https:\/\/www.ull.es\/catedras\/catedra-edosoft-computacion-nube\/wp-json\/wp\/v2\/users\/5"}],"replies":[{"embeddable":true,"href":"https:\/\/www.ull.es\/catedras\/catedra-edosoft-computacion-nube\/wp-json\/wp\/v2\/comments?post=98"}],"version-history":[{"count":6,"href":"https:\/\/www.ull.es\/catedras\/catedra-edosoft-computacion-nube\/wp-json\/wp\/v2\/pages\/98\/revisions"}],"predecessor-version":[{"id":397,"href":"https:\/\/www.ull.es\/catedras\/catedra-edosoft-computacion-nube\/wp-json\/wp\/v2\/pages\/98\/revisions\/397"}],"wp:attachment":[{"href":"https:\/\/www.ull.es\/catedras\/catedra-edosoft-computacion-nube\/wp-json\/wp\/v2\/media?parent=98"}],"curies":[{"name":"wp","href":"https:\/\/api.w.org\/{rel}","templated":true}]}}