{"id":21,"date":"2020-07-07T12:17:40","date_gmt":"2020-07-07T12:17:40","guid":{"rendered":"https:\/\/www.ull.es\/catedras\/catedra-fundacion-cepsa\/?page_id=21"},"modified":"2021-05-11T14:13:32","modified_gmt":"2021-05-11T14:13:32","slug":"objetivos-y-lineas-de-actividad","status":"publish","type":"page","link":"https:\/\/www.ull.es\/catedras\/catedra-fundacion-cepsa\/objetivos-y-lineas-de-actividad\/","title":{"rendered":"Objetivos y l\u00edneas de actividad"},"content":{"rendered":"<p>[vc_row][vc_column css=\u00bb.vc_custom_1594731351291{padding-bottom: 20px !important;}\u00bb][vc_column_text]<\/p>\n<h1 class=\"container ull-site-title-blank\">La C\u00e1tedra<\/h1>\n<p>[\/vc_column_text][\/vc_column][\/vc_row][vc_row full_width=\u00bbstretch_row_content\u00bb equal_height=\u00bbyes\u00bb][vc_column width=\u00bb1\/2&#8243; css=\u00bb.vc_custom_1588936329456{padding-top: 5% !important;padding-right: 10% !important;padding-bottom: 5% !important;padding-left: 10% !important;background-color: #f2f2f2 !important;}\u00bb][vc_column_text]<\/p>\n<h2>Objetivos<\/h2>\n<p><span style=\"font-weight: 400;\">C\u00e1tedra Fundaci\u00f3n Cepsa de Transici\u00f3n Ecol\u00f3gica e Innovaci\u00f3n de la Universidad de La Laguna tiene como misi\u00f3n la colaboraci\u00f3n entre la Fundaci\u00f3n Cepsa y la Universidad de La Laguna en el desarrollo de programas que potencien la educaci\u00f3n, la empleabilidad y el emprendimiento, as\u00ed como el desarrollo de la investigaci\u00f3n y la innovaci\u00f3n. <\/span>[\/vc_column_text][\/vc_column][vc_column width=\u00bb1\/2&#8243; css=\u00bb.vc_custom_1594125989296{background: #e5e5e5 url(https:\/\/www.ull.es\/catedras\/catedra-fundacion-cepsa\/wp-content\/uploads\/sites\/9\/2020\/07\/cepsa-3.jpg?id=30) !important;background-position: center !important;background-repeat: no-repeat !important;background-size: cover !important;}\u00bb][vc_empty_space height=\u00bb400px\u00bb][\/vc_column][\/vc_row][vc_row full_width=\u00bbstretch_row_content\u00bb equal_height=\u00bbyes\u00bb][vc_column width=\u00bb1\/2&#8243; css=\u00bb.vc_custom_1594716887615{background: #e5e5e5 url(https:\/\/www.ull.es\/catedras\/catedra-fundacion-cepsa\/wp-content\/uploads\/sites\/9\/2020\/07\/cepsa-1.jpg?id=27) !important;background-position: center !important;background-repeat: no-repeat !important;background-size: cover !important;}\u00bb][vc_empty_space height=\u00bb400px\u00bb][\/vc_column][vc_column width=\u00bb1\/2&#8243; css=\u00bb.vc_custom_1588936374313{padding-top: 5% !important;padding-right: 10% !important;padding-bottom: 5% !important;padding-left: 10% !important;background-color: #f2f2f2 !important;}\u00bb][vc_column_text]<\/p>\n<h2><strong>L\u00edneas de actividad<\/strong><\/h2>\n<ul>\n<li style=\"list-style-type: none;\">\n<ul>\n<li style=\"font-weight: 400;\"><span style=\"font-weight: 400;\">Fomento a la investigaci\u00f3n y a la innovaci\u00f3n<\/span><\/li>\n<li style=\"font-weight: 400;\"><span style=\"font-weight: 400;\">Formaci\u00f3n y Divulgaci\u00f3n\u00a0<\/span><\/li>\n<li style=\"font-weight: 400;\"><span style=\"font-weight: 400;\">Colaboraci\u00f3n en eventos con la ULL y otras entidades<\/span><\/li>\n<li style=\"font-weight: 400;\"><span style=\"font-weight: 400;\">Otros<\/span><\/li>\n<\/ul>\n<\/li>\n<\/ul>\n<p>[\/vc_column_text][\/vc_column][\/vc_row][vc_row full_width=\u00bbstretch_row_content\u00bb equal_height=\u00bbyes\u00bb][vc_column width=\u00bb1\/2&#8243; css=\u00bb.vc_custom_1588936329456{padding-top: 5% !important;padding-right: 10% !important;padding-bottom: 5% !important;padding-left: 10% !important;background-color: #f2f2f2 !important;}\u00bb][vc_column_text]<span style=\"font-weight: 400;\">La<\/span><strong> C\u00e1tedra Fundaci\u00f3n Cepsa de Transici\u00f3n Ecol\u00f3gica e Innovaci\u00f3n de la Universidad de La Laguna <\/strong><span style=\"font-weight: 400;\">se cre\u00f3<\/span> <span style=\"font-weight: 400;\">en 2018 mediante acuerdo de<\/span> <span style=\"font-weight: 400;\">colaboraci\u00f3n cient\u00edfico educativo entre la Fundaci\u00f3n Cepsa y la Universidad de La Laguna.\u00a0<\/span><\/p>\n<p><span style=\"font-weight: 400;\">Renovado anualmente, este acuerdo pretende establecer un marco de colaboraci\u00f3n entre ambas entidades para el desarrollo de programas que potencien la educaci\u00f3n, la empleabilidad y el emprendimiento, as\u00ed como el desarrollo de\u00a0 la investigaci\u00f3n y la innovaci\u00f3n.<\/span><\/p>\n<p><span style=\"font-weight: 400;\">La C\u00e1tedra es un instrumento que facilita la colaboraci\u00f3n \u00e1gil, \u00fatil y eficaz entre la Universidad, Cepsa y el entorno social y empresarial. <\/span><span style=\"font-weight: 400;\">Para conseguirlo, genera y difunde conocimiento y experiencias adquiridas sobre innovaci\u00f3n y eficiencia energ\u00e9tica, asesorando a empresas y administraciones p\u00fablicas y ofreciendo formaci\u00f3n especializada, apoyando adem\u00e1s la investigaci\u00f3n y la innovaci\u00f3n.<\/span>[\/vc_column_text][\/vc_column][vc_column width=\u00bb1\/2&#8243; css=\u00bb.vc_custom_1594125416328{background: #e5e5e5 url(https:\/\/www.ull.es\/catedras\/catedra-fundacion-cepsa\/wp-content\/uploads\/sites\/9\/2020\/07\/cepsa-2.jpg?id=28) !important;background-position: center !important;background-repeat: no-repeat !important;background-size: cover !important;}\u00bb][vc_empty_space height=\u00bb400px\u00bb][\/vc_column][\/vc_row][vc_row full_width=\u00bbstretch_row_content\u00bb equal_height=\u00bbyes\u00bb][vc_column width=\u00bb1\/2&#8243; css=\u00bb.vc_custom_1594716900754{background: #e5e5e5 url(https:\/\/www.ull.es\/catedras\/catedra-fundacion-cepsa\/wp-content\/uploads\/sites\/9\/2020\/07\/semanrios-cepsa.jpg?id=101) !important;background-position: center !important;background-repeat: no-repeat !important;background-size: cover !important;}\u00bb][vc_empty_space height=\u00bb400px\u00bb][\/vc_column][vc_column width=\u00bb1\/2&#8243; css=\u00bb.vc_custom_1588936374313{padding-top: 5% !important;padding-right: 10% !important;padding-bottom: 5% !important;padding-left: 10% !important;background-color: #f2f2f2 !important;}\u00bb][vc_column_text]<\/p>\n<h2><strong>Otras actividades:<\/strong><\/h2>\n<ul>\n<li style=\"font-weight: 400;\"><span style=\"font-weight: 400;\">La realizaci\u00f3n de actividades relacionadas con la docencia, la investigaci\u00f3n, la innovaci\u00f3n tecnol\u00f3gica y la difusi\u00f3n de la tem\u00e1tica de la C\u00e1tedra.<\/span><\/li>\n<li style=\"font-weight: 400;\"><span style=\"font-weight: 400;\">El fomento, ejecuci\u00f3n y direcci\u00f3n de proyectos fin de carrera\/master.<\/span><\/li>\n<li style=\"font-weight: 400;\"><span style=\"font-weight: 400;\">La celebraci\u00f3n de seminarios y conferencias.<\/span><\/li>\n<li style=\"font-weight: 400;\"><span style=\"font-weight: 400;\">La preparaci\u00f3n de material docente relacionado con las actividades anteriores.<\/span><\/li>\n<li style=\"font-weight: 400;\"><span style=\"font-weight: 400;\">La concesi\u00f3n de becas y ayudas.<\/span><\/li>\n<li style=\"font-weight: 400;\"><span style=\"font-weight: 400;\">La convocatoria de, al menos, un premio al mejor Proyecto Fin de Carrera cuyos contenidos est\u00e9n relacionados con la tem\u00e1tica de la C\u00e1tedra.<\/span><\/li>\n<li style=\"font-weight: 400;\"><span style=\"font-weight: 400;\">La colaboraci\u00f3n con otras c\u00e1tedras afines existentes en otras Universidades nacionales o extranjeras, pudiendo establecer convenios de colaboraci\u00f3n con las mismas.<\/span><\/li>\n<\/ul>\n<p>[\/vc_column_text][\/vc_column][\/vc_row]<\/p>\n","protected":false},"excerpt":{"rendered":"<p>[vc_row][vc_column css=\u00bb.vc_custom_1594731351291{padding-bottom: 20px !important;}\u00bb][vc_column_text] La C\u00e1tedra [\/vc_column_text][\/vc_column][\/vc_row][vc_row full_width=\u00bbstretch_row_content\u00bb equal_height=\u00bbyes\u00bb][vc_column width=\u00bb1\/2&#8243; css=\u00bb.vc_custom_1588936329456{padding-top: 5% !important;padding-right: 10% !important;padding-bottom: 5% !important;padding-left: 10% !important;background-color: #f2f2f2 !important;}\u00bb][vc_column_text] Objetivos C\u00e1tedra Fundaci\u00f3n Cepsa de Transici\u00f3n Ecol\u00f3gica e Innovaci\u00f3n de la Universidad de La Laguna tiene como misi\u00f3n la colaboraci\u00f3n entre la Fundaci\u00f3n Cepsa y la Universidad de La Laguna en el desarrollo de&#8230;<\/p>\n","protected":false},"author":5,"featured_media":0,"parent":0,"menu_order":0,"comment_status":"closed","ping_status":"closed","template":"templates\/template-no-title.php","meta":[],"_links":{"self":[{"href":"https:\/\/www.ull.es\/catedras\/catedra-fundacion-cepsa\/wp-json\/wp\/v2\/pages\/21"}],"collection":[{"href":"https:\/\/www.ull.es\/catedras\/catedra-fundacion-cepsa\/wp-json\/wp\/v2\/pages"}],"about":[{"href":"https:\/\/www.ull.es\/catedras\/catedra-fundacion-cepsa\/wp-json\/wp\/v2\/types\/page"}],"author":[{"embeddable":true,"href":"https:\/\/www.ull.es\/catedras\/catedra-fundacion-cepsa\/wp-json\/wp\/v2\/users\/5"}],"replies":[{"embeddable":true,"href":"https:\/\/www.ull.es\/catedras\/catedra-fundacion-cepsa\/wp-json\/wp\/v2\/comments?post=21"}],"version-history":[{"count":23,"href":"https:\/\/www.ull.es\/catedras\/catedra-fundacion-cepsa\/wp-json\/wp\/v2\/pages\/21\/revisions"}],"predecessor-version":[{"id":272,"href":"https:\/\/www.ull.es\/catedras\/catedra-fundacion-cepsa\/wp-json\/wp\/v2\/pages\/21\/revisions\/272"}],"wp:attachment":[{"href":"https:\/\/www.ull.es\/catedras\/catedra-fundacion-cepsa\/wp-json\/wp\/v2\/media?parent=21"}],"curies":[{"name":"wp","href":"https:\/\/api.w.org\/{rel}","templated":true}]}}