{"id":33,"date":"2020-07-07T12:51:49","date_gmt":"2020-07-07T12:51:49","guid":{"rendered":"https:\/\/www.ull.es\/catedras\/catedra-fundacion-cepsa\/?page_id=33"},"modified":"2023-06-30T07:51:42","modified_gmt":"2023-06-30T07:51:42","slug":"miembros","status":"publish","type":"page","link":"https:\/\/www.ull.es\/catedras\/catedra-fundacion-cepsa\/miembros\/","title":{"rendered":"Miembros"},"content":{"rendered":"<p>[vc_row full_width=\u00bbstretch_row_content\u00bb equal_height=\u00bbyes\u00bb][vc_column css=\u00bb.vc_custom_1588936329456{padding-top: 5% !important;padding-right: 10% !important;padding-bottom: 5% !important;padding-left: 10% !important;background-color: #f2f2f2 !important;}\u00bb][vc_column_text]<\/p>\n<h2><b>Direcci\u00f3n<\/b><\/h2>\n<p><strong>Elena Pastor Tejera<\/strong>. Catedr\u00e1tica de Qu\u00edmica F\u00edsica de la Universidad de La Laguna<\/p>\n<p>&nbsp;<\/p>\n<h2><b>Comisi\u00f3n Mixta<\/b><\/h2>\n<p><b>Isabel Karely Le\u00f3n P\u00e9rez. <\/b><span style=\"font-weight: 400;\">Vicerrectora de Cultura y Extensi\u00f3n Universitaria de la Universidad de La Laguna<\/span><\/p>\n<p><b>Joana Frontela Delgado.<\/b><span style=\"font-weight: 400;\"> Responsable del Centro de Investigaci\u00f3n de Cepsa.<\/span><\/p>\n<p><strong>Jes\u00fas Velasco Nevado<\/strong>. Responsable de Relaciones Corporativas de Cepsa en Andaluc\u00eda y Canarias.<\/p>\n<p><strong>Bel\u00e9n Machado Entrena<\/strong>. Responsable de Comunicaci\u00f3n y de la Fundaci\u00f3n Cepsa en Canarias.<\/p>\n<p><b>Marta Mar\u00eda Dom\u00ednguez Herrera.<\/b><span style=\"font-weight: 400;\"> Directora de Secretariado de C\u00e1tedras Institucionales y de Empresa de la Universidad de La Laguna<\/span><\/p>\n<p><strong>Rafael Larraz Mora<\/strong>. Responsable de Investigaci\u00f3n y Desarrollo en Cepsa<\/p>\n<p>&nbsp;<\/p>\n<h2><b>Comisi\u00f3n Asesora<\/b><\/h2>\n<p><b>Mar\u00eda Jes\u00fas L\u00e1zaro Elorri<\/b><span style=\"font-weight: 400;\">, Delegada Institucional del CSIC de Arag\u00f3n, Profesora de Investigaci\u00f3n del CSIC, Instituto de Carboqu\u00edmica<\/span><\/p>\n<p><b>Francisco Alcaide Monterrubio<\/b><span style=\"font-weight: 400;\">, Investigador Principal &#8211; Jefe de Proyecto, Unidad de Materiales para Energ\u00eda, CIDETEC<\/span><\/p>\n<p><b>Pedro N\u00fa\u00f1ez Coello<\/b><span style=\"font-weight: 400;\">, Catedr\u00e1tico del \u00c1rea de Qu\u00edmica Inorg\u00e1nica de la Universidad de La Laguna<\/span><\/p>\n<p><b>Ricardo Guerrero Lemus<\/b><span style=\"font-weight: 400;\">, Catedr\u00e1tico del \u00c1rea de F\u00edsica Aplicada de la Universidad de La Laguna<\/span><\/p>\n<p><b>Mar\u00eda del Carmen Ar\u00e9valo Morales<\/b><span style=\"font-weight: 400;\">, Catedr\u00e1tica de \u00c1rea de Qu\u00edmica F\u00edsica de la Universidad de La Laguna<\/span><\/p>\n<p><b>Jos\u00e9 Luis Rodr\u00edguez Marrero<\/b><span style=\"font-weight: 400;\">, Profesor Titular del \u00c1rea de Qu\u00edmica F\u00edsica de la Universidad de La Laguna F\u00edsica<\/span><\/p>\n<p><b>Benjam\u00edn Gonz\u00e1lez D\u00edaz<\/b><span style=\"font-weight: 400;\">, Profesor Titular de \u00c1rea de Ingenier\u00eda El\u00e9ctrica de la Universidad de La Laguna<\/span><\/p>\n<p>&nbsp;<\/p>\n<h2><b>Otros integrantes<\/b><\/h2>\n<p><b>Luis Antonio Gonzales Mendoza. <\/b><span style=\"font-weight: 400;\">Profesor Titular de Ingenier\u00eda Qu\u00edmica de la Universidad de La Laguna.<\/span><\/p>\n<p><b>Candela D\u00edaz Garc\u00eda.<\/b><span style=\"font-weight: 400;\"> Profesora Titular de Ingenier\u00eda Qu\u00edmica de la Universidad de La Laguna.<\/span><\/p>\n<p><b>Karina Elvira<\/b> <b>Rodr\u00edguez Espinosa<\/b><span style=\"font-weight: 400;\">. Profesora Ayudante Doctor de Ingenier\u00eda Qu\u00edmica de la Universidad de La Laguna.<\/span><\/p>\n<p><b>Laura D\u00edaz Rodr\u00edguez<\/b><span style=\"font-weight: 400;\">. Investigadora Agust\u00edn de Betancour de la Universidad de La Laguna.<\/span>[\/vc_column_text][\/vc_column][\/vc_row]<\/p>\n","protected":false},"excerpt":{"rendered":"<p>[vc_row full_width=\u00bbstretch_row_content\u00bb equal_height=\u00bbyes\u00bb][vc_column css=\u00bb.vc_custom_1588936329456{padding-top: 5% !important;padding-right: 10% !important;padding-bottom: 5% !important;padding-left: 10% !important;background-color: #f2f2f2 !important;}\u00bb][vc_column_text] Direcci\u00f3n Elena Pastor Tejera. Catedr\u00e1tica de Qu\u00edmica F\u00edsica de la Universidad de La Laguna &nbsp; Comisi\u00f3n Mixta Isabel Karely Le\u00f3n P\u00e9rez. Vicerrectora de Cultura y Extensi\u00f3n Universitaria de la Universidad de La Laguna Joana Frontela Delgado. Responsable del Centro de Investigaci\u00f3n&#8230;<\/p>\n","protected":false},"author":5,"featured_media":0,"parent":0,"menu_order":0,"comment_status":"closed","ping_status":"closed","template":"templates\/template-no-title.php","meta":[],"_links":{"self":[{"href":"https:\/\/www.ull.es\/catedras\/catedra-fundacion-cepsa\/wp-json\/wp\/v2\/pages\/33"}],"collection":[{"href":"https:\/\/www.ull.es\/catedras\/catedra-fundacion-cepsa\/wp-json\/wp\/v2\/pages"}],"about":[{"href":"https:\/\/www.ull.es\/catedras\/catedra-fundacion-cepsa\/wp-json\/wp\/v2\/types\/page"}],"author":[{"embeddable":true,"href":"https:\/\/www.ull.es\/catedras\/catedra-fundacion-cepsa\/wp-json\/wp\/v2\/users\/5"}],"replies":[{"embeddable":true,"href":"https:\/\/www.ull.es\/catedras\/catedra-fundacion-cepsa\/wp-json\/wp\/v2\/comments?post=33"}],"version-history":[{"count":20,"href":"https:\/\/www.ull.es\/catedras\/catedra-fundacion-cepsa\/wp-json\/wp\/v2\/pages\/33\/revisions"}],"predecessor-version":[{"id":415,"href":"https:\/\/www.ull.es\/catedras\/catedra-fundacion-cepsa\/wp-json\/wp\/v2\/pages\/33\/revisions\/415"}],"wp:attachment":[{"href":"https:\/\/www.ull.es\/catedras\/catedra-fundacion-cepsa\/wp-json\/wp\/v2\/media?parent=33"}],"curies":[{"name":"wp","href":"https:\/\/api.w.org\/{rel}","templated":true}]}}