{"id":59,"date":"2020-07-10T13:24:54","date_gmt":"2020-07-10T13:24:54","guid":{"rendered":"https:\/\/www.ull.es\/catedras\/catedra-fundacion-cepsa\/?page_id=59"},"modified":"2025-02-07T08:49:32","modified_gmt":"2025-02-07T08:49:32","slug":"workshop-cepsa-ull","status":"publish","type":"page","link":"https:\/\/www.ull.es\/catedras\/catedra-fundacion-cepsa\/workshop-cepsa-ull\/","title":{"rendered":"Workshop Cepsa-ULL"},"content":{"rendered":"<p>[vc_row full_width=\u00bbstretch_row\u00bb gap=\u00bb1&#8243; equal_height=\u00bbyes\u00bb][vc_column css_animation=\u00bbfadeInLeft\u00bb width=\u00bb1\/4&#8243; css=\u00bb.vc_custom_1581084709591{padding-bottom: 7% !important;background-color: #eaeaea !important;}\u00bb][vc_column_text css_animation=\u00bbnone\u00bb]<\/p>\n<h2 class=\"post_title entry-title\">Workshop Cepsa-ULL<\/h2>\n<p>[\/vc_column_text][\/vc_column][vc_column css_animation=\u00bbfadeInRight\u00bb width=\u00bb2\/4&#8243; css=\u00bb.vc_custom_1581084489854{background-color: #eaeaea !important;}\u00bb][vc_column_text]<span style=\"font-weight: 400;\">Durante el desarrollo de esta c\u00e1tedra se realizar\u00e1n workshop entre Cepsa y la Universidad de La Laguna con el fin de poner en contacto a los grupos de trabajo de las dos entidades, adem\u00e1s de dar a conocer nuevas \u00e1reas que podr\u00edan estar implicadas en la presente C\u00e1tedra, tales como Inform\u00e1tica, Geograf\u00eda, Econom\u00eda, Marketing, etc.<\/span><\/p>\n<ul>\n<li><a href=\"https:\/\/drive.google.com\/file\/d\/1MZc6YauNJu9E6W14bK3fdsSSO3Onm-MG\/view?usp=sharing\" target=\"_blank\" rel=\"noopener\" target=\"_blank\" rel=\"noopener\"><span style=\"font-weight: 400;\">Programa Workshop Centro de Investigaci\u00f3n Cepsa- Universidad de La Laguna 2024<\/span><\/a><\/li>\n<li><a href=\"https:\/\/drive.google.com\/file\/d\/1IRRUCb_LPGEInZw1VZD9s1dvceeIPJRx\/view?usp=sharing\" target=\"_blank\" rel=\"noopener\" target=\"_blank\" rel=\"noopener\"><span style=\"font-weight: 400;\">Programa Workshop Centro de Investigaci\u00f3n Cepsa- Universidad de La Laguna 2023<\/span><\/a><\/li>\n<li><a href=\"https:\/\/drive.google.com\/file\/d\/1TASO8WwsjlGjmYXxok87EdrPk_9uHeTu\/view?usp=sharing\" target=\"_blank\" rel=\"noopener\" target=\"_blank\" rel=\"noopener\"><span style=\"font-weight: 400;\">Programa Workshop Centro de Investigaci\u00f3n Cepsa- Universidad de La Laguna 2022<\/span><\/a><\/li>\n<\/ul>\n<p>[\/vc_column_text][vc_empty_space height=\u00bb30px\u00bb][\/vc_column][vc_column css_animation=\u00bbfadeInRight\u00bb width=\u00bb1\/4&#8243;][vc_single_image image=\u00bb160&#8243; img_size=\u00bbfull\u00bb alignment=\u00bbcenter\u00bb][\/vc_column][\/vc_row][vc_row][vc_column][vc_empty_space][\/vc_column][\/vc_row]<\/p>\n","protected":false},"excerpt":{"rendered":"<p>[vc_row full_width=\u00bbstretch_row\u00bb gap=\u00bb1&#8243; equal_height=\u00bbyes\u00bb][vc_column css_animation=\u00bbfadeInLeft\u00bb width=\u00bb1\/4&#8243; css=\u00bb.vc_custom_1581084709591{padding-bottom: 7% !important;background-color: #eaeaea !important;}\u00bb][vc_column_text css_animation=\u00bbnone\u00bb] Workshop Cepsa-ULL [\/vc_column_text][\/vc_column][vc_column css_animation=\u00bbfadeInRight\u00bb width=\u00bb2\/4&#8243; css=\u00bb.vc_custom_1581084489854{background-color: #eaeaea !important;}\u00bb][vc_column_text]Durante el desarrollo de esta c\u00e1tedra se realizar\u00e1n workshop entre Cepsa y la Universidad de La Laguna con el fin de poner en contacto a los grupos de trabajo de las dos entidades, adem\u00e1s de dar&#8230;<\/p>\n","protected":false},"author":5,"featured_media":0,"parent":0,"menu_order":0,"comment_status":"closed","ping_status":"closed","template":"templates\/template-no-title.php","meta":[],"_links":{"self":[{"href":"https:\/\/www.ull.es\/catedras\/catedra-fundacion-cepsa\/wp-json\/wp\/v2\/pages\/59"}],"collection":[{"href":"https:\/\/www.ull.es\/catedras\/catedra-fundacion-cepsa\/wp-json\/wp\/v2\/pages"}],"about":[{"href":"https:\/\/www.ull.es\/catedras\/catedra-fundacion-cepsa\/wp-json\/wp\/v2\/types\/page"}],"author":[{"embeddable":true,"href":"https:\/\/www.ull.es\/catedras\/catedra-fundacion-cepsa\/wp-json\/wp\/v2\/users\/5"}],"replies":[{"embeddable":true,"href":"https:\/\/www.ull.es\/catedras\/catedra-fundacion-cepsa\/wp-json\/wp\/v2\/comments?post=59"}],"version-history":[{"count":13,"href":"https:\/\/www.ull.es\/catedras\/catedra-fundacion-cepsa\/wp-json\/wp\/v2\/pages\/59\/revisions"}],"predecessor-version":[{"id":699,"href":"https:\/\/www.ull.es\/catedras\/catedra-fundacion-cepsa\/wp-json\/wp\/v2\/pages\/59\/revisions\/699"}],"wp:attachment":[{"href":"https:\/\/www.ull.es\/catedras\/catedra-fundacion-cepsa\/wp-json\/wp\/v2\/media?parent=59"}],"curies":[{"name":"wp","href":"https:\/\/api.w.org\/{rel}","templated":true}]}}