{"id":70,"date":"2020-07-10T13:35:47","date_gmt":"2020-07-10T13:35:47","guid":{"rendered":"https:\/\/www.ull.es\/catedras\/catedra-fundacion-cepsa\/?page_id=70"},"modified":"2023-06-28T08:02:55","modified_gmt":"2023-06-28T08:02:55","slug":"reuniones-intercatedras","status":"publish","type":"page","link":"https:\/\/www.ull.es\/catedras\/catedra-fundacion-cepsa\/reuniones-intercatedras\/","title":{"rendered":"Reuniones interc\u00e1tedras"},"content":{"rendered":"<p>[vc_row][vc_column][vc_empty_space height=\u00bb40px\u00bb][\/vc_column][\/vc_row][vc_row full_width=\u00bbstretch_row\u00bb gap=\u00bb1&#8243; equal_height=\u00bbyes\u00bb][vc_column css_animation=\u00bbfadeInLeft\u00bb width=\u00bb1\/4&#8243; css=\u00bb.vc_custom_1581084709591{padding-bottom: 7% !important;background-color: #eaeaea !important;}\u00bb][vc_column_text css_animation=\u00bbnone\u00bb]<\/p>\n<h2 class=\"post_title entry-title\">Reuniones interc\u00e1tedras<\/h2>\n<p>[\/vc_column_text][\/vc_column][vc_column css_animation=\u00bbfadeInRight\u00bb width=\u00bb2\/4&#8243; css=\u00bb.vc_custom_1581084489854{background-color: #eaeaea !important;}\u00bb][vc_column_text]<span style=\"font-weight: 400;\">Se programan reuniones entre las diferentes C\u00e1tedras (presenciales o virtuales) con el fin de evaluar los programas de cara a compartir experiencias, aunar objetivos, presentar las distintas iniciativas que se est\u00e1n llevando a cabo en los centros universitarios y encontrar v\u00edas de acercamiento que potencien las acciones y colaboraci\u00f3n entre las mismas.<\/span><\/p>\n<ul>\n<li><a href=\"https:\/\/fundacion.cepsa.com\/es\/noticias\/fundacion-cepsa-potencia-investigaciones-en-transicion-energetica\" target=\"_blank\" rel=\"noopener\" target=\"_blank\" rel=\"noopener\">Junio 2022<\/a><\/li>\n<li><a href=\"https:\/\/www.ull.es\/portal\/noticias\/2020\/afianzar-la-investigacion-y-la-relacion-profesional-clave-de-las-catedras-universitarias-de-la-fundacion-cepsa-de-canarias-andalucia-y-madrid\/\" target=\"_blank\" rel=\"noopener noreferrer\" target=\"_blank\" rel=\"noopener\">Junio 2020<\/a><\/li>\n<\/ul>\n<p>[\/vc_column_text][vc_empty_space height=\u00bb30px\u00bb][\/vc_column][vc_column css_animation=\u00bbfadeInRight\u00bb width=\u00bb1\/4&#8243; css=\u00bb.vc_custom_1594388209209{background-image: url(https:\/\/www.ull.es\/catedras\/catedra-fundacion-cepsa\/wp-content\/uploads\/sites\/9\/2020\/07\/reuniones-catedras-jpg.png?id=71) !important;background-position: center !important;background-repeat: no-repeat !important;background-size: cover !important;}\u00bb][vc_empty_space height=\u00bb200px\u00bb][\/vc_column][\/vc_row][vc_row][vc_column][vc_empty_space][\/vc_column][\/vc_row]<\/p>\n","protected":false},"excerpt":{"rendered":"<p>[vc_row][vc_column][vc_empty_space height=\u00bb40px\u00bb][\/vc_column][\/vc_row][vc_row full_width=\u00bbstretch_row\u00bb gap=\u00bb1&#8243; equal_height=\u00bbyes\u00bb][vc_column css_animation=\u00bbfadeInLeft\u00bb width=\u00bb1\/4&#8243; css=\u00bb.vc_custom_1581084709591{padding-bottom: 7% !important;background-color: #eaeaea !important;}\u00bb][vc_column_text css_animation=\u00bbnone\u00bb] Reuniones interc\u00e1tedras [\/vc_column_text][\/vc_column][vc_column css_animation=\u00bbfadeInRight\u00bb width=\u00bb2\/4&#8243; css=\u00bb.vc_custom_1581084489854{background-color: #eaeaea !important;}\u00bb][vc_column_text]Se programan reuniones entre las diferentes C\u00e1tedras (presenciales o virtuales) con el fin de evaluar los programas de cara a compartir experiencias, aunar objetivos, presentar las distintas iniciativas que se est\u00e1n llevando a cabo en&#8230;<\/p>\n","protected":false},"author":5,"featured_media":0,"parent":0,"menu_order":0,"comment_status":"closed","ping_status":"closed","template":"templates\/template-no-title.php","meta":[],"_links":{"self":[{"href":"https:\/\/www.ull.es\/catedras\/catedra-fundacion-cepsa\/wp-json\/wp\/v2\/pages\/70"}],"collection":[{"href":"https:\/\/www.ull.es\/catedras\/catedra-fundacion-cepsa\/wp-json\/wp\/v2\/pages"}],"about":[{"href":"https:\/\/www.ull.es\/catedras\/catedra-fundacion-cepsa\/wp-json\/wp\/v2\/types\/page"}],"author":[{"embeddable":true,"href":"https:\/\/www.ull.es\/catedras\/catedra-fundacion-cepsa\/wp-json\/wp\/v2\/users\/5"}],"replies":[{"embeddable":true,"href":"https:\/\/www.ull.es\/catedras\/catedra-fundacion-cepsa\/wp-json\/wp\/v2\/comments?post=70"}],"version-history":[{"count":7,"href":"https:\/\/www.ull.es\/catedras\/catedra-fundacion-cepsa\/wp-json\/wp\/v2\/pages\/70\/revisions"}],"predecessor-version":[{"id":361,"href":"https:\/\/www.ull.es\/catedras\/catedra-fundacion-cepsa\/wp-json\/wp\/v2\/pages\/70\/revisions\/361"}],"wp:attachment":[{"href":"https:\/\/www.ull.es\/catedras\/catedra-fundacion-cepsa\/wp-json\/wp\/v2\/media?parent=70"}],"curies":[{"name":"wp","href":"https:\/\/api.w.org\/{rel}","templated":true}]}}