{"id":43,"date":"2023-03-22T13:27:54","date_gmt":"2023-03-22T13:27:54","guid":{"rendered":"https:\/\/www.ull.es\/catedras\/catedra-infancia-y-adolescencia\/?page_id=43"},"modified":"2024-06-19T12:51:39","modified_gmt":"2024-06-19T12:51:39","slug":"informacion","status":"publish","type":"page","link":"https:\/\/www.ull.es\/catedras\/catedra-infancia-y-adolescencia\/informacion\/","title":{"rendered":"Catedra Institucional Infancia y Adolescencia"},"content":{"rendered":"\t\t<div data-elementor-type=\"wp-page\" data-elementor-id=\"43\" class=\"elementor elementor-43\">\n\t\t\t\t\t\t\t\t\t<section class=\"elementor-section elementor-top-section elementor-element elementor-element-c114471 elementor-section-height-min-height elementor-section-boxed elementor-section-height-default elementor-section-items-middle\" data-id=\"c114471\" data-element_type=\"section\" data-settings=\"{&quot;background_background&quot;:&quot;classic&quot;}\">\n\t\t\t\t\t\t\t<div class=\"elementor-background-overlay\"><\/div>\n\t\t\t\t\t\t\t<div class=\"elementor-container elementor-column-gap-default\">\n\t\t\t\t\t<div class=\"elementor-column elementor-col-100 elementor-top-column elementor-element elementor-element-49cd268\" data-id=\"49cd268\" data-element_type=\"column\">\n\t\t\t<div class=\"elementor-widget-wrap elementor-element-populated\">\n\t\t\t\t\t\t\t\t\t<\/div>\n\t\t<\/div>\n\t\t\t\t\t\t\t<\/div>\n\t\t<\/section>\n\t\t\t\t<section class=\"elementor-section elementor-top-section elementor-element elementor-element-7f847e9 elementor-section-boxed elementor-section-height-default elementor-section-height-default\" data-id=\"7f847e9\" data-element_type=\"section\">\n\t\t\t\t\t\t\t<div class=\"elementor-background-overlay\"><\/div>\n\t\t\t\t\t\t\t<div class=\"elementor-container elementor-column-gap-default\">\n\t\t\t\t\t<div class=\"elementor-column elementor-col-50 elementor-top-column elementor-element elementor-element-8a4284c\" data-id=\"8a4284c\" data-element_type=\"column\">\n\t\t\t<div class=\"elementor-widget-wrap elementor-element-populated\">\n\t\t\t\t\t\t\t\t<div class=\"elementor-element elementor-element-582b609 elementor-widget elementor-widget-text-editor\" data-id=\"582b609\" data-element_type=\"widget\" data-widget_type=\"text-editor.default\">\n\t\t\t\t<div class=\"elementor-widget-container\">\n\t\t\t<style>\/*! elementor - v3.10.1 - 17-01-2023 *\/\n.elementor-widget-text-editor.elementor-drop-cap-view-stacked .elementor-drop-cap{background-color:#818a91;color:#fff}.elementor-widget-text-editor.elementor-drop-cap-view-framed .elementor-drop-cap{color:#818a91;border:3px solid;background-color:transparent}.elementor-widget-text-editor:not(.elementor-drop-cap-view-default) .elementor-drop-cap{margin-top:8px}.elementor-widget-text-editor:not(.elementor-drop-cap-view-default) .elementor-drop-cap-letter{width:1em;height:1em}.elementor-widget-text-editor .elementor-drop-cap{float:left;text-align:center;line-height:1;font-size:50px}.elementor-widget-text-editor .elementor-drop-cap-letter{display:inline-block}<\/style>\t\t\t\t<p><span style=\"color: #333333; font-weight: 400;\"><strong>La C\u00e1tedra de Infancia y Adolescencia como punto de encuentro de la academia con la sociedad<\/strong><\/span><\/p><p>La creaci\u00f3n de esta C\u00e1tedra sigue la estela de las de otras Universidades que ya cuentan con ella. La atenci\u00f3n integral a la infancia y adolescencia desde un enfoque de la garant\u00eda de sus derechos pasa por una transversalidad e interdisciplinariedad que, a veces, es dif\u00edcil lograr.<\/p><p><span style=\"color: #333333; font-weight: 400;\">La Universidad de La Laguna se pone de esta manera a la vanguardia pues la C\u00e1tedra proporciona una visibilidad a la sociedad, administraciones p\u00fablicas, entidades del tercer sector, etc. de los expertos y expertas en distintas tem\u00e1ticas relacionadas con la infancia y la adolescencia. Se crea, por tanto, un punto de encuentro que permitir\u00e1 la implementaci\u00f3n de formaci\u00f3n especializada, de proyectos de investigaci\u00f3n y de transferencia as\u00ed como la colaboraci\u00f3n, siempre en pro de los derechos y con una permanente perspectiva de g\u00e9nero. <\/span><\/p><p><span style=\"color: #333333; font-weight: 400;\">Esta C\u00e1tedra est\u00e1 financiada en su totalidad por el Gobierno de Canarias.<\/span><\/p>\t\t\t\t\t\t<\/div>\n\t\t\t\t<\/div>\n\t\t\t\t<div class=\"elementor-element elementor-element-5dc326b elementor-widget elementor-widget-image\" data-id=\"5dc326b\" data-element_type=\"widget\" data-widget_type=\"image.default\">\n\t\t\t\t<div class=\"elementor-widget-container\">\n\t\t\t<style>\/*! elementor - v3.10.1 - 17-01-2023 *\/\n.elementor-widget-image{text-align:center}.elementor-widget-image a{display:inline-block}.elementor-widget-image a img[src$=\".svg\"]{width:48px}.elementor-widget-image img{vertical-align:middle;display:inline-block}<\/style>\t\t\t\t\t\t\t\t\t\t\t\t<img width=\"1024\" height=\"156\" src=\"https:\/\/www.ull.es\/catedras\/catedra-infancia-y-adolescencia\/wp-content\/uploads\/sites\/19\/2024\/06\/logo-catedra-infancia-gobierno-de-canarias-1-1024x156.png\" class=\"attachment-large size-large wp-image-1298\" alt=\"\" loading=\"lazy\" srcset=\"https:\/\/www.ull.es\/catedras\/catedra-infancia-y-adolescencia\/wp-content\/uploads\/sites\/19\/2024\/06\/logo-catedra-infancia-gobierno-de-canarias-1-1024x156.png 1024w, https:\/\/www.ull.es\/catedras\/catedra-infancia-y-adolescencia\/wp-content\/uploads\/sites\/19\/2024\/06\/logo-catedra-infancia-gobierno-de-canarias-1-300x46.png 300w, https:\/\/www.ull.es\/catedras\/catedra-infancia-y-adolescencia\/wp-content\/uploads\/sites\/19\/2024\/06\/logo-catedra-infancia-gobierno-de-canarias-1-768x117.png 768w, https:\/\/www.ull.es\/catedras\/catedra-infancia-y-adolescencia\/wp-content\/uploads\/sites\/19\/2024\/06\/logo-catedra-infancia-gobierno-de-canarias-1-1536x235.png 1536w, https:\/\/www.ull.es\/catedras\/catedra-infancia-y-adolescencia\/wp-content\/uploads\/sites\/19\/2024\/06\/logo-catedra-infancia-gobierno-de-canarias-1-2048x313.png 2048w, https:\/\/www.ull.es\/catedras\/catedra-infancia-y-adolescencia\/wp-content\/uploads\/sites\/19\/2024\/06\/logo-catedra-infancia-gobierno-de-canarias-1-375x57.png 375w, https:\/\/www.ull.es\/catedras\/catedra-infancia-y-adolescencia\/wp-content\/uploads\/sites\/19\/2024\/06\/logo-catedra-infancia-gobierno-de-canarias-1-750x115.png 750w, https:\/\/www.ull.es\/catedras\/catedra-infancia-y-adolescencia\/wp-content\/uploads\/sites\/19\/2024\/06\/logo-catedra-infancia-gobierno-de-canarias-1-1140x174.png 1140w\" sizes=\"(max-width: 1024px) 100vw, 1024px\" \/>\t\t\t\t\t\t\t\t\t\t\t\t\t\t\t<\/div>\n\t\t\t\t<\/div>\n\t\t\t\t\t<\/div>\n\t\t<\/div>\n\t\t\t\t<div class=\"elementor-column elementor-col-50 elementor-top-column elementor-element elementor-element-333c517 elementor-invisible\" data-id=\"333c517\" data-element_type=\"column\" data-settings=\"{&quot;background_background&quot;:&quot;classic&quot;,&quot;animation&quot;:&quot;fadeInRight&quot;}\">\n\t\t\t<div class=\"elementor-widget-wrap elementor-element-populated\">\n\t\t\t\t\t\t\t\t<div class=\"elementor-element elementor-element-628a14c elementor-widget elementor-widget-spacer\" data-id=\"628a14c\" data-element_type=\"widget\" data-widget_type=\"spacer.default\">\n\t\t\t\t<div class=\"elementor-widget-container\">\n\t\t\t<style>\/*! elementor - v3.10.1 - 17-01-2023 *\/\n.elementor-column .elementor-spacer-inner{height:var(--spacer-size)}.e-con{--container-widget-width:100%}.e-con-inner>.elementor-widget-spacer,.e-con>.elementor-widget-spacer{width:var(--container-widget-width,var(--spacer-size));--align-self:var(--container-widget-align-self,initial);--flex-shrink:0}.e-con-inner>.elementor-widget-spacer>.elementor-widget-container,.e-con-inner>.elementor-widget-spacer>.elementor-widget-container>.elementor-spacer,.e-con>.elementor-widget-spacer>.elementor-widget-container,.e-con>.elementor-widget-spacer>.elementor-widget-container>.elementor-spacer{height:100%}.e-con-inner>.elementor-widget-spacer>.elementor-widget-container>.elementor-spacer>.elementor-spacer-inner,.e-con>.elementor-widget-spacer>.elementor-widget-container>.elementor-spacer>.elementor-spacer-inner{height:var(--container-widget-height,var(--spacer-size))}<\/style>\t\t<div class=\"elementor-spacer\">\n\t\t\t<div class=\"elementor-spacer-inner\"><\/div>\n\t\t<\/div>\n\t\t\t\t<\/div>\n\t\t\t\t<\/div>\n\t\t\t\t\t<\/div>\n\t\t<\/div>\n\t\t\t\t\t\t\t<\/div>\n\t\t<\/section>\n\t\t\t\t<section class=\"elementor-section elementor-top-section elementor-element elementor-element-d846c91 elementor-reverse-mobile elementor-section-height-min-height elementor-section-boxed elementor-section-height-default elementor-section-items-middle\" data-id=\"d846c91\" data-element_type=\"section\" data-settings=\"{&quot;background_background&quot;:&quot;classic&quot;}\">\n\t\t\t\t\t\t\t<div class=\"elementor-background-overlay\"><\/div>\n\t\t\t\t\t\t\t<div class=\"elementor-container elementor-column-gap-default\">\n\t\t\t\t\t<div class=\"elementor-column elementor-col-100 elementor-top-column elementor-element elementor-element-f1096c4 elementor-invisible\" data-id=\"f1096c4\" data-element_type=\"column\" data-settings=\"{&quot;background_background&quot;:&quot;classic&quot;,&quot;animation&quot;:&quot;fadeInLeft&quot;}\">\n\t\t\t<div class=\"elementor-widget-wrap elementor-element-populated\">\n\t\t\t\t\t\t\t\t<div class=\"elementor-element elementor-element-d220565 elementor-widget elementor-widget-spacer\" data-id=\"d220565\" data-element_type=\"widget\" data-widget_type=\"spacer.default\">\n\t\t\t\t<div class=\"elementor-widget-container\">\n\t\t\t\t\t<div class=\"elementor-spacer\">\n\t\t\t<div class=\"elementor-spacer-inner\"><\/div>\n\t\t<\/div>\n\t\t\t\t<\/div>\n\t\t\t\t<\/div>\n\t\t\t\t\t<\/div>\n\t\t<\/div>\n\t\t\t\t\t\t\t<\/div>\n\t\t<\/section>\n\t\t\t\t\t\t\t<\/div>\n\t\t","protected":false},"excerpt":{"rendered":"<p>[vc_row][vc_column][vc_column_text]Punto de encuentro de la academia con la sociedad La creaci\u00f3n de esta C\u00e1tedra sigue la estela de las de otras Universidades que ya cuentan con ella. La atenci\u00f3n integral a la infancia y adolescencia desde un enfoque de la garant\u00eda de sus derechos pasa por una transversalidad e interdisciplinariedad que, a veces, es dif\u00edcil&#8230;<\/p>\n","protected":false},"author":17,"featured_media":0,"parent":0,"menu_order":0,"comment_status":"closed","ping_status":"closed","template":"","meta":[],"_links":{"self":[{"href":"https:\/\/www.ull.es\/catedras\/catedra-infancia-y-adolescencia\/wp-json\/wp\/v2\/pages\/43"}],"collection":[{"href":"https:\/\/www.ull.es\/catedras\/catedra-infancia-y-adolescencia\/wp-json\/wp\/v2\/pages"}],"about":[{"href":"https:\/\/www.ull.es\/catedras\/catedra-infancia-y-adolescencia\/wp-json\/wp\/v2\/types\/page"}],"author":[{"embeddable":true,"href":"https:\/\/www.ull.es\/catedras\/catedra-infancia-y-adolescencia\/wp-json\/wp\/v2\/users\/17"}],"replies":[{"embeddable":true,"href":"https:\/\/www.ull.es\/catedras\/catedra-infancia-y-adolescencia\/wp-json\/wp\/v2\/comments?post=43"}],"version-history":[{"count":132,"href":"https:\/\/www.ull.es\/catedras\/catedra-infancia-y-adolescencia\/wp-json\/wp\/v2\/pages\/43\/revisions"}],"predecessor-version":[{"id":1302,"href":"https:\/\/www.ull.es\/catedras\/catedra-infancia-y-adolescencia\/wp-json\/wp\/v2\/pages\/43\/revisions\/1302"}],"wp:attachment":[{"href":"https:\/\/www.ull.es\/catedras\/catedra-infancia-y-adolescencia\/wp-json\/wp\/v2\/media?parent=43"}],"curies":[{"name":"wp","href":"https:\/\/api.w.org\/{rel}","templated":true}]}}