{"id":311,"date":"2025-02-14T10:16:43","date_gmt":"2025-02-14T09:16:43","guid":{"rendered":"https:\/\/www.ull.es\/catedras\/catedra-jovenes-emprendedores\/?page_id=311"},"modified":"2025-02-17T08:36:58","modified_gmt":"2025-02-17T07:36:58","slug":"informes","status":"publish","type":"page","link":"https:\/\/www.ull.es\/catedras\/catedra-jovenes-emprendedores\/informes\/","title":{"rendered":"Informes"},"content":{"rendered":"<p>[vc_row][vc_column][vc_empty_space height=\u00bb50px\u00bb][\/vc_column][\/vc_row][vc_row][vc_column][vc_column_text]<\/p>\n<h1 style=\"text-align: center;\"><b>INFORMES<\/b><\/h1>\n<p>[\/vc_column_text][\/vc_column][\/vc_row][vc_row][vc_column][vc_empty_space height=\u00bb50px\u00bb][vc_column_text]<\/p>\n<p style=\"text-align: center;\">La C\u00e1tedra Fundaci\u00f3n DISA de J\u00f3venes Emprendedores recoge, desde el a\u00f1o 2016, el conjunto de acciones que se han ejecutado por a\u00f1o natural utilizando un formato muy visual adaptado a los nuevos tiempos y a la sociedad a la que hay que rendir cuentas.<\/p>\n<p>[\/vc_column_text][\/vc_column][\/vc_row][vc_row][vc_column][vc_empty_space height=\u00bb50px\u00bb][\/vc_column][\/vc_row][vc_row][vc_column width=\u00bb1\/3&#8243;][vc_message message_box_style=\u00bboutline\u00bb style=\u00bbsquare\u00bb icon_fontawesome=\u00bbfas fa-book\u00bb css_animation=\u00bbbounceIn\u00bb css=\u00bb.vc_custom_1739777640224{padding-top: 11.75% !important;padding-bottom: 11.75% !important;}\u00bb]<a href=\"https:\/\/riull.ull.es\/xmlui\/handle\/915\/39788\" target=\"_blank\" rel=\"noopener noreferrer\" target=\"_blank\" rel=\"noopener\"><span style=\"font-weight: 400;\">2024. Dise\u00f1o y creaci\u00f3n de Empresas Emergentes en Canarias<\/span><\/a>[\/vc_message][\/vc_column][vc_column width=\u00bb1\/3&#8243;][vc_message message_box_style=\u00bboutline\u00bb style=\u00bbsquare\u00bb icon_fontawesome=\u00bbfas fa-book\u00bb css_animation=\u00bbbounceIn\u00bb]<a href=\"https:\/\/doi.org\/10.25145\/b.2023.10\" target=\"_blank\" rel=\"noopener noreferrer\" target=\"_blank\" rel=\"noopener\"><span style=\"font-weight: 400;\">2023. An\u00e1lisis de las variables y factores que influyen en la intenci\u00f3n emprendedora de las mujeres africanas<\/span><\/a>[\/vc_message][\/vc_column][vc_column width=\u00bb1\/3&#8243;][vc_message message_box_style=\u00bboutline\u00bb style=\u00bbsquare\u00bb icon_fontawesome=\u00bbfas fa-book\u00bb css_animation=\u00bbbounceIn\u00bb]<a href=\"https:\/\/doi.org\/10.25145\/b.2023.11\" target=\"_blank\" rel=\"noopener noreferrer\" target=\"_blank\" rel=\"noopener\"><span style=\"font-weight: 400;\">2023. Entre la necesidad y la oportunidad: un an\u00e1lisis de la intenci\u00f3n emprendedora en la juventud de Cabo Verde<br \/>\n<\/span><\/a>[\/vc_message][\/vc_column][\/vc_row][vc_row][vc_column width=\u00bb1\/3&#8243;][vc_message message_box_style=\u00bboutline\u00bb style=\u00bbsquare\u00bb icon_fontawesome=\u00bbfas fa-book\u00bb css_animation=\u00bbbounceIn\u00bb]<a href=\"https:\/\/riull.ull.es\/xmlui\/handle\/915\/37725\" target=\"_blank\" rel=\"noopener noreferrer\" target=\"_blank\" rel=\"noopener\"><span style=\"font-weight: 400;\">2023. El esp\u00edritu emprendedor del alumnado de la Universidad de La Laguna. Informe GUESSS 2020-20210<\/span><\/a>[\/vc_message][\/vc_column][vc_column width=\u00bb1\/3&#8243;][vc_message message_box_style=\u00bboutline\u00bb style=\u00bbsquare\u00bb icon_fontawesome=\u00bbfas fa-book\u00bb css_animation=\u00bbbounceIn\u00bb css=\u00bb.vc_custom_1739777685144{padding-top: 11.75% !important;padding-bottom: 11.75% !important;}\u00bb]<a href=\"https:\/\/riull.ull.es\/xmlui\/handle\/915\/30071\" target=\"_blank\" rel=\"noopener\"><span style=\"font-weight: 400;\">2022. Emprender cuando el futuro ya es pasado<\/span><\/a>[\/vc_message][\/vc_column][vc_column width=\u00bb1\/3&#8243;][vc_message message_box_style=\u00bboutline\u00bb style=\u00bbsquare\u00bb icon_fontawesome=\u00bbfas fa-book\u00bb css_animation=\u00bbbounceIn\u00bb css=\u00bb.vc_custom_1739777771001{padding-top: 7.75% !important;padding-bottom: 7.75% !important;}\u00bb]<a href=\"https:\/\/riull.ull.es\/xmlui\/handle\/915\/27463\" target=\"_blank\" rel=\"noopener\"><span style=\"font-weight: 400;\">2022. Emprendimiento universitario en Canarias: Informe GUESSS 2020-218<\/span><\/a>[\/vc_message][\/vc_column][\/vc_row][vc_row][vc_column width=\u00bb1\/3&#8243;][vc_message message_box_style=\u00bboutline\u00bb style=\u00bbsquare\u00bb icon_fontawesome=\u00bbfas fa-book\u00bb css_animation=\u00bbbounceIn\u00bb]<a href=\"https:\/\/riull.ull.es\/xmlui\/handle\/915\/20901\" target=\"_blank\" rel=\"noopener noreferrer\" target=\"_blank\" rel=\"noopener\"><span style=\"font-weight: 400;\">2020,. Apoyo familiar a la actividad emprendedora de los j\u00f3venes en Canarias: condicionantes personales, culturales y socioecon\u00f3micos<\/span><\/a>[\/vc_message][\/vc_column][vc_column width=\u00bb1\/3&#8243;][vc_message message_box_style=\u00bboutline\u00bb style=\u00bbsquare\u00bb icon_fontawesome=\u00bbfas fa-book\u00bb css_animation=\u00bbbounceIn\u00bb css=\u00bb.vc_custom_1739777811080{padding-top: 11.75% !important;padding-bottom: 11.75% !important;}\u00bb]<a href=\"https:\/\/riull.ull.es\/xmlui\/handle\/915\/18945\" target=\"_blank\" rel=\"noopener noreferrer\" target=\"_blank\" rel=\"noopener\"><span style=\"font-weight: 400;\">2020. Emprendimiento universitario en Canarias: Informe GUESSS 2018-19<\/span><\/a>[\/vc_message][\/vc_column][vc_column width=\u00bb1\/3&#8243;][\/vc_column][\/vc_row]<\/p>\n","protected":false},"excerpt":{"rendered":"<p>[vc_row][vc_column][vc_empty_space height=\u00bb50px\u00bb][\/vc_column][\/vc_row][vc_row][vc_column][vc_column_text] INFORMES [\/vc_column_text][\/vc_column][\/vc_row][vc_row][vc_column][vc_empty_space height=\u00bb50px\u00bb][vc_column_text] La C\u00e1tedra Fundaci\u00f3n DISA de J\u00f3venes Emprendedores recoge, desde el a\u00f1o 2016, el conjunto de acciones que se han ejecutado por a\u00f1o natural utilizando un formato muy visual adaptado a los nuevos tiempos y a la sociedad a la que hay que rendir cuentas. [\/vc_column_text][\/vc_column][\/vc_row][vc_row][vc_column][vc_empty_space height=\u00bb50px\u00bb][\/vc_column][\/vc_row][vc_row][vc_column width=\u00bb1\/3&#8243;][vc_message message_box_style=\u00bboutline\u00bb style=\u00bbsquare\u00bb icon_fontawesome=\u00bbfas&#8230;<\/p>\n","protected":false},"author":5,"featured_media":0,"parent":0,"menu_order":0,"comment_status":"closed","ping_status":"closed","template":"templates\/template-frontpage.php","meta":[],"_links":{"self":[{"href":"https:\/\/www.ull.es\/catedras\/catedra-jovenes-emprendedores\/wp-json\/wp\/v2\/pages\/311"}],"collection":[{"href":"https:\/\/www.ull.es\/catedras\/catedra-jovenes-emprendedores\/wp-json\/wp\/v2\/pages"}],"about":[{"href":"https:\/\/www.ull.es\/catedras\/catedra-jovenes-emprendedores\/wp-json\/wp\/v2\/types\/page"}],"author":[{"embeddable":true,"href":"https:\/\/www.ull.es\/catedras\/catedra-jovenes-emprendedores\/wp-json\/wp\/v2\/users\/5"}],"replies":[{"embeddable":true,"href":"https:\/\/www.ull.es\/catedras\/catedra-jovenes-emprendedores\/wp-json\/wp\/v2\/comments?post=311"}],"version-history":[{"count":9,"href":"https:\/\/www.ull.es\/catedras\/catedra-jovenes-emprendedores\/wp-json\/wp\/v2\/pages\/311\/revisions"}],"predecessor-version":[{"id":334,"href":"https:\/\/www.ull.es\/catedras\/catedra-jovenes-emprendedores\/wp-json\/wp\/v2\/pages\/311\/revisions\/334"}],"wp:attachment":[{"href":"https:\/\/www.ull.es\/catedras\/catedra-jovenes-emprendedores\/wp-json\/wp\/v2\/media?parent=311"}],"curies":[{"name":"wp","href":"https:\/\/api.w.org\/{rel}","templated":true}]}}