{"id":34,"date":"2019-02-26T14:57:50","date_gmt":"2019-02-26T13:57:50","guid":{"rendered":"https:\/\/www.ull.es\/catedras\/catedra-jovenes-emprendedores\/?page_id=34"},"modified":"2019-03-22T14:58:50","modified_gmt":"2019-03-22T13:58:50","slug":"lineas-de-trabajo","status":"publish","type":"page","link":"https:\/\/www.ull.es\/catedras\/catedra-jovenes-emprendedores\/lineas-de-trabajo\/","title":{"rendered":"L\u00edneas de Trabajo"},"content":{"rendered":"<p>[vc_row][vc_column][vc_empty_space][vc_column_text]<span style=\"font-weight: 400\">Las acciones que se desarrollan desde la <\/span><b>C\u00e1tedra Fundaci\u00f3n DISA de J\u00f3venes Emprendedores de la Universidad de La Laguna <\/b><span style=\"font-weight: 400\">se centran en tres grandes l\u00edneas de trabajo:<\/span>[\/vc_column_text][vc_empty_space][\/vc_column][\/vc_row][vc_row][vc_column width=\u00bb1\/4&#8243;][vc_message message_box_style=\u00bboutline\u00bb style=\u00bbsquare\u00bb icon_fontawesome=\u00bbfa fa-commenting-o\u00bb css_animation=\u00bbbounceIn\u00bb]ACCIONES DE MOTIVACI\u00d3N[\/vc_message][\/vc_column][vc_column width=\u00bb3\/4&#8243;][vc_column_text]<span style=\"font-weight: 400\">Actividades con diverso formato (charlas, eventos, jornadas,\u2026) promovidas desde la C\u00e1tedra Fundaci\u00f3n DISA de J\u00f3venes Emprendedores con el objetivo de favorecer actitudes positivas hacia el emprendimiento. <\/span>[\/vc_column_text][\/vc_column][\/vc_row][vc_row][vc_column][vc_empty_space][\/vc_column][\/vc_row][vc_row][vc_column width=\u00bb1\/4&#8243;][vc_message message_box_style=\u00bboutline\u00bb style=\u00bbsquare\u00bb icon_fontawesome=\u00bbfa fa-book\u00bb css_animation=\u00bbbounceIn\u00bb]ACCIONES DE FORMACI\u00d3N[\/vc_message][\/vc_column][vc_column width=\u00bb3\/4&#8243;][vc_column_text]<span style=\"font-weight: 400\">Actividades m\u00e1s espec\u00edficas con las que se pretenden cubrir necesidades formativas concretas dentro del \u00e1mbito relacionado con el empredimiento. <\/span>[\/vc_column_text][\/vc_column][\/vc_row][vc_row][vc_column][vc_empty_space][\/vc_column][\/vc_row][vc_row][vc_column width=\u00bb1\/4&#8243;][vc_message message_box_style=\u00bboutline\u00bb style=\u00bbsquare\u00bb icon_fontawesome=\u00bbfa fa-flask\u00bb css_animation=\u00bbbounceIn\u00bb]ACCIONES DE INVESTIGACI\u00d3N[\/vc_message][\/vc_column][vc_column width=\u00bb3\/4&#8243;][vc_column_text]<span style=\"font-weight: 400\">Actividades dirigidas a potenciar el estudio riguroso del fen\u00f3meno del emprendimiento con el fin de aportar propuestas de mejora desde los diversos \u00e1mbitos que permiten su an\u00e1lisis.<\/span>[\/vc_column_text][\/vc_column][\/vc_row][vc_row][vc_column][vc_empty_space][\/vc_column][\/vc_row]<\/p>\n","protected":false},"excerpt":{"rendered":"<p>[vc_row][vc_column][vc_empty_space][vc_column_text]Las acciones que se desarrollan desde la C\u00e1tedra Fundaci\u00f3n DISA de J\u00f3venes Emprendedores de la Universidad de La Laguna se centran en tres grandes l\u00edneas de trabajo:[\/vc_column_text][vc_empty_space][\/vc_column][\/vc_row][vc_row][vc_column width=\u00bb1\/4&#8243;][vc_message message_box_style=\u00bboutline\u00bb style=\u00bbsquare\u00bb icon_fontawesome=\u00bbfa fa-commenting-o\u00bb css_animation=\u00bbbounceIn\u00bb]ACCIONES DE MOTIVACI\u00d3N[\/vc_message][\/vc_column][vc_column width=\u00bb3\/4&#8243;][vc_column_text]Actividades con diverso formato (charlas, eventos, jornadas,\u2026) promovidas desde la C\u00e1tedra Fundaci\u00f3n DISA de J\u00f3venes Emprendedores con el objetivo de&#8230;<\/p>\n","protected":false},"author":5,"featured_media":0,"parent":0,"menu_order":0,"comment_status":"closed","ping_status":"closed","template":"templates\/template-frontpage.php","meta":[],"_links":{"self":[{"href":"https:\/\/www.ull.es\/catedras\/catedra-jovenes-emprendedores\/wp-json\/wp\/v2\/pages\/34"}],"collection":[{"href":"https:\/\/www.ull.es\/catedras\/catedra-jovenes-emprendedores\/wp-json\/wp\/v2\/pages"}],"about":[{"href":"https:\/\/www.ull.es\/catedras\/catedra-jovenes-emprendedores\/wp-json\/wp\/v2\/types\/page"}],"author":[{"embeddable":true,"href":"https:\/\/www.ull.es\/catedras\/catedra-jovenes-emprendedores\/wp-json\/wp\/v2\/users\/5"}],"replies":[{"embeddable":true,"href":"https:\/\/www.ull.es\/catedras\/catedra-jovenes-emprendedores\/wp-json\/wp\/v2\/comments?post=34"}],"version-history":[{"count":1,"href":"https:\/\/www.ull.es\/catedras\/catedra-jovenes-emprendedores\/wp-json\/wp\/v2\/pages\/34\/revisions"}],"predecessor-version":[{"id":35,"href":"https:\/\/www.ull.es\/catedras\/catedra-jovenes-emprendedores\/wp-json\/wp\/v2\/pages\/34\/revisions\/35"}],"wp:attachment":[{"href":"https:\/\/www.ull.es\/catedras\/catedra-jovenes-emprendedores\/wp-json\/wp\/v2\/media?parent=34"}],"curies":[{"name":"wp","href":"https:\/\/api.w.org\/{rel}","templated":true}]}}