{"id":37,"date":"2019-02-26T16:37:05","date_gmt":"2019-02-26T15:37:05","guid":{"rendered":"https:\/\/www.ull.es\/catedras\/catedra-jovenes-emprendedores\/?page_id=37"},"modified":"2026-02-13T14:20:35","modified_gmt":"2026-02-13T13:20:35","slug":"memorias","status":"publish","type":"page","link":"https:\/\/www.ull.es\/catedras\/catedra-jovenes-emprendedores\/memorias\/","title":{"rendered":"Memorias"},"content":{"rendered":"<p>[vc_row][vc_column][vc_empty_space height=\u00bb50px\u00bb][\/vc_column][\/vc_row][vc_row][vc_column][vc_column_text]<\/p>\n<h1 style=\"text-align: center;\"><b>MEMORIAS<\/b><\/h1>\n<p>[\/vc_column_text][\/vc_column][\/vc_row][vc_row][vc_column][vc_empty_space height=\u00bb50px\u00bb][vc_column_text]<\/p>\n<p style=\"text-align: center;\">La C\u00e1tedra Fundaci\u00f3n DISA de J\u00f3venes Emprendedores recoge, desde el a\u00f1o 2016, el conjunto de acciones que se han ejecutado por a\u00f1o natural utilizando un formato muy visual adaptado a los nuevos tiempos y a la sociedad a la que hay que rendir cuentas.<\/p>\n<p>[\/vc_column_text][\/vc_column][\/vc_row][vc_row][vc_column][vc_empty_space height=\u00bb50px\u00bb][\/vc_column][\/vc_row][vc_row][vc_column width=\u00bb1\/3&#8243;][vc_message message_box_style=\u00bboutline\u00bb style=\u00bbsquare\u00bb icon_fontawesome=\u00bbfas fa-university\u00bb css_animation=\u00bbbounceIn\u00bb]<a href=\"https:\/\/drive.google.com\/file\/d\/1iQVbv0iFifho5wv7HbzE_MkS-2HUiQ6Q\/view?usp=sharing\" target=\"_blank\" rel=\"noopener noreferrer\" target=\"_blank\" rel=\"noopener\"><span style=\"font-weight: 400;\">MEMORIA 2025<\/span><\/a>[\/vc_message][\/vc_column][vc_column width=\u00bb1\/3&#8243;][vc_message message_box_style=\u00bboutline\u00bb style=\u00bbsquare\u00bb icon_fontawesome=\u00bbfas fa-university\u00bb css_animation=\u00bbbounceIn\u00bb]<a href=\"https:\/\/drive.google.com\/file\/d\/1otx0OlU5p8uHqvJgupTXK6ZF7Y9iNhdQ\/view?usp=sharing\" target=\"_blank\" rel=\"noopener noreferrer\" target=\"_blank\" rel=\"noopener\"><span style=\"font-weight: 400;\">MEMORIA 2024<\/span><\/a>[\/vc_message][\/vc_column][vc_column width=\u00bb1\/3&#8243;][vc_message message_box_style=\u00bboutline\u00bb style=\u00bbsquare\u00bb icon_fontawesome=\u00bbfas fa-university\u00bb css_animation=\u00bbbounceIn\u00bb]<a href=\"https:\/\/drive.google.com\/file\/d\/1F15h7ssndlrBzquBCxvEnVza_ZpcrSCP\/view?usp=sharing\" target=\"_blank\" rel=\"noopener noreferrer\" target=\"_blank\" rel=\"noopener\"><span style=\"font-weight: 400;\">MEMORIA 2023<\/span><\/a>[\/vc_message][\/vc_column][\/vc_row][vc_row][vc_column width=\u00bb1\/3&#8243;][vc_message message_box_style=\u00bboutline\u00bb style=\u00bbsquare\u00bb icon_fontawesome=\u00bbfas fa-university\u00bb css_animation=\u00bbbounceIn\u00bb]<a href=\"https:\/\/drive.google.com\/file\/d\/13BpscFzJRr0JrbG0fXu-8B1Rr8BxWBQZ\/view?usp=share_link\" target=\"_blank\" rel=\"noopener noreferrer\" target=\"_blank\" rel=\"noopener\"><span style=\"font-weight: 400;\">MEMORIA 2022<\/span><\/a>[\/vc_message][\/vc_column][vc_column width=\u00bb1\/3&#8243;][vc_message message_box_style=\u00bboutline\u00bb style=\u00bbsquare\u00bb icon_fontawesome=\u00bbfas fa-university\u00bb css_animation=\u00bbbounceIn\u00bb]<a href=\"https:\/\/drive.google.com\/file\/d\/1S3HD7SAs7xdguvQIZUFmO5ctHm9oDz_3\/view?usp=sharing\" target=\"_blank\" rel=\"noopener noreferrer\" target=\"_blank\" rel=\"noopener\"><span style=\"font-weight: 400;\">MEMORIA 2021<\/span><\/a>[\/vc_message][\/vc_column][vc_column width=\u00bb1\/3&#8243;][vc_message message_box_style=\u00bboutline\u00bb style=\u00bbsquare\u00bb icon_fontawesome=\u00bbfas fa-university\u00bb css_animation=\u00bbbounceIn\u00bb]<a href=\"https:\/\/drive.google.com\/file\/d\/1QTtXK2iSKh9SKNptYo2ymRj3_YcROGH3\/view?usp=sharing\" target=\"_blank\" rel=\"noopener noreferrer\" target=\"_blank\" rel=\"noopener\"><span style=\"font-weight: 400;\">MEMORIA 2020<\/span><\/a>[\/vc_message][\/vc_column][\/vc_row][vc_row][vc_column width=\u00bb1\/3&#8243;][vc_message message_box_style=\u00bboutline\u00bb style=\u00bbsquare\u00bb icon_fontawesome=\u00bbfa fa-university\u00bb css_animation=\u00bbbounceIn\u00bb]<a href=\"https:\/\/drive.google.com\/file\/d\/1kIMmkeFhSRJipnOIT21oxKqJvFyoTPYu\/view?usp=sharing\" target=\"_blank\" rel=\"noopener\"><span style=\"font-weight: 400;\">MEMORIA 2019<\/span><\/a>[\/vc_message][\/vc_column][vc_column width=\u00bb1\/3&#8243;][vc_message message_box_style=\u00bboutline\u00bb style=\u00bbsquare\u00bb icon_fontawesome=\u00bbfa fa-university\u00bb css_animation=\u00bbbounceIn\u00bb]<a href=\"https:\/\/drive.google.com\/file\/d\/1rpSJhcMdM1NqLboF5FcBfOhZCVPQTM2Q\/view?usp=sharing\" target=\"_blank\" rel=\"noopener\"><span style=\"font-weight: 400;\">MEMORIA 2018<\/span><\/a>[\/vc_message][\/vc_column][vc_column width=\u00bb1\/3&#8243;][vc_message message_box_style=\u00bboutline\u00bb style=\u00bbsquare\u00bb icon_fontawesome=\u00bbfa fa-university\u00bb css_animation=\u00bbbounceIn\u00bb]<a href=\"https:\/\/drive.google.com\/file\/d\/12JeSAiWGs6qO9iiwautLg_FpwdHCu8yD\/view?usp=sharing\" target=\"_blank\" rel=\"noopener noreferrer\" target=\"_blank\" rel=\"noopener\"><span style=\"font-weight: 400;\">MEMORIA 2017<\/span><\/a>[\/vc_message][\/vc_column][\/vc_row][vc_row][vc_column width=\u00bb1\/3&#8243;][vc_message message_box_style=\u00bboutline\u00bb style=\u00bbsquare\u00bb icon_fontawesome=\u00bbfa fa-university\u00bb css_animation=\u00bbbounceIn\u00bb]<a href=\"https:\/\/drive.google.com\/file\/d\/1MGOsV-RBAuQSuwda_iHyCT9QRiwQHYue\/view?usp=sharing\" target=\"_blank\" rel=\"noopener noreferrer\" target=\"_blank\" rel=\"noopener\"><span style=\"font-weight: 400;\">MEMORIA 2016<\/span><\/a>[\/vc_message][\/vc_column][vc_column width=\u00bb1\/3&#8243;][\/vc_column][vc_column width=\u00bb1\/3&#8243;][\/vc_column][\/vc_row]<\/p>\n","protected":false},"excerpt":{"rendered":"<p>[vc_row][vc_column][vc_empty_space height=\u00bb50px\u00bb][\/vc_column][\/vc_row][vc_row][vc_column][vc_column_text] MEMORIAS [\/vc_column_text][\/vc_column][\/vc_row][vc_row][vc_column][vc_empty_space height=\u00bb50px\u00bb][vc_column_text] La C\u00e1tedra Fundaci\u00f3n DISA de J\u00f3venes Emprendedores recoge, desde el a\u00f1o 2016, el conjunto de acciones que se han ejecutado por a\u00f1o natural utilizando un formato muy visual adaptado a los nuevos tiempos y a la sociedad a la que hay que rendir cuentas. [\/vc_column_text][\/vc_column][\/vc_row][vc_row][vc_column][vc_empty_space height=\u00bb50px\u00bb][\/vc_column][\/vc_row][vc_row][vc_column width=\u00bb1\/3&#8243;][vc_message message_box_style=\u00bboutline\u00bb style=\u00bbsquare\u00bb icon_fontawesome=\u00bbfas&#8230;<\/p>\n","protected":false},"author":5,"featured_media":0,"parent":0,"menu_order":0,"comment_status":"closed","ping_status":"closed","template":"templates\/template-frontpage.php","meta":[],"_links":{"self":[{"href":"https:\/\/www.ull.es\/catedras\/catedra-jovenes-emprendedores\/wp-json\/wp\/v2\/pages\/37"}],"collection":[{"href":"https:\/\/www.ull.es\/catedras\/catedra-jovenes-emprendedores\/wp-json\/wp\/v2\/pages"}],"about":[{"href":"https:\/\/www.ull.es\/catedras\/catedra-jovenes-emprendedores\/wp-json\/wp\/v2\/types\/page"}],"author":[{"embeddable":true,"href":"https:\/\/www.ull.es\/catedras\/catedra-jovenes-emprendedores\/wp-json\/wp\/v2\/users\/5"}],"replies":[{"embeddable":true,"href":"https:\/\/www.ull.es\/catedras\/catedra-jovenes-emprendedores\/wp-json\/wp\/v2\/comments?post=37"}],"version-history":[{"count":15,"href":"https:\/\/www.ull.es\/catedras\/catedra-jovenes-emprendedores\/wp-json\/wp\/v2\/pages\/37\/revisions"}],"predecessor-version":[{"id":344,"href":"https:\/\/www.ull.es\/catedras\/catedra-jovenes-emprendedores\/wp-json\/wp\/v2\/pages\/37\/revisions\/344"}],"wp:attachment":[{"href":"https:\/\/www.ull.es\/catedras\/catedra-jovenes-emprendedores\/wp-json\/wp\/v2\/media?parent=37"}],"curies":[{"name":"wp","href":"https:\/\/api.w.org\/{rel}","templated":true}]}}