{"id":2,"date":"2021-02-11T08:47:29","date_gmt":"2021-02-11T08:47:29","guid":{"rendered":"https:\/\/www.ull.es\/catedras\/catedra-medio-ambiente-desarrollo-sostenible\/?page_id=2"},"modified":"2024-11-29T11:39:59","modified_gmt":"2024-11-29T11:39:59","slug":"inicio","status":"publish","type":"page","link":"https:\/\/www.ull.es\/catedras\/catedra-medio-ambiente\/","title":{"rendered":"Inicio"},"content":{"rendered":"<p>[vc_row][vc_column][rev_slider_vc alias=\u00bbnews-gallery4&#8243;][\/vc_column][\/vc_row][vc_row][vc_column][vc_empty_space][\/vc_column][\/vc_row][vc_row disable_element=\u00bbyes\u00bb][vc_column width=\u00bb1\/3&#8243;][vc_message message_box_style=\u00bboutline\u00bb style=\u00bbsquare\u00bb icon_fontawesome=\u00bbfa fa-user-circle\u00bb css_animation=\u00bbbounceIn\u00bb]<a style=\"color: #000000;\" href=\"https:\/\/www.ull.es\/catedras\/catedra-jovenes-emprendedores\/conocenos\/\" target=\"_blank\" rel=\"noopener\">MOTIVACI\u00d3N<\/a>[\/vc_message][\/vc_column][vc_column width=\u00bb1\/3&#8243;][vc_message message_box_style=\u00bboutline\u00bb style=\u00bbsquare\u00bb icon_fontawesome=\u00bbfa fa-book\u00bb css_animation=\u00bbbounceIn\u00bb]<a style=\"color: #000000;\" href=\"https:\/\/www.ull.es\/catedras\/catedra-jovenes-emprendedores\/conocenos\/\" target=\"_blank\" rel=\"noopener\">FORMACI\u00d3N<\/a>[\/vc_message][\/vc_column][vc_column width=\u00bb1\/3&#8243;][vc_message message_box_style=\u00bboutline\u00bb style=\u00bbsquare\u00bb icon_fontawesome=\u00bbfa fa-flask\u00bb css_animation=\u00bbbounceIn\u00bb]<a style=\"color: #000000;\" href=\"https:\/\/www.ull.es\/catedras\/catedra-jovenes-emprendedores\/conocenos\/\" target=\"_blank\" rel=\"noopener\">INVESTIGACI\u00d3N<\/a>[\/vc_message][\/vc_column][\/vc_row][vc_row][vc_column][vc_empty_space][\/vc_column][\/vc_row][vc_row][vc_column css_animation=\u00bbfadeInDown\u00bb width=\u00bb1\/3&#8243;][vc_column_text]<style>\n    .news-group .bg-size {\n        background-position: center;\n        background-size: cover;\n        width: 100%;\n        height: 48px;\n    }\n    .news-group .list-group-item-text {\n        font-size: 13px;\n    }\n    .news-group .col-md-3 {\n        padding-right: 0;\n    }\n    .news-group .list-group-item-date {\n        font-size: 11px;\n        color: #A4A4A4;\n        margin-bottom: 2px;\n        text-transform: uppercase;\n    }\n\n    .mensaje.alert-warning{\n        font-size: 12px;\n        margin: 14px !important;\n        padding: 4px 8px;\n        color: #cca60b;\n    }\n<\/style>\n\n<div class=\"panel panel-default\">\n    <div class=\"panel-heading\">\n        <h3 class=\"panel-title\">Noticias<\/h3>\n    <\/div>\n\n    <div class=\"list-group news-group\">\n                    <a href=\"https:\/\/www.ull.es\/portal\/noticias\/2026\/cabildo-tenerife-destina-400000-euros-catedra-medio-ambiente\/\" class=\"list-group-item\">\n                <div class=\"row\">\n                    <div class=\"col-md-3\">\n                        <div class=\"bg-size\" style=\"background-image: url('https:\/\/www.ull.es\/portal\/noticias\/wp-content\/uploads\/sites\/13\/2026\/02\/firma-catedra-medio-ambiente-300x201.jpg');\"><\/div>\n                    <\/div>\n                    <div class=\"col-md-9\">\n                        <p class=\"list-group-item-date\">\n                            12 Feb 2026 - 13:04 UTC                        <\/p>\n                        <p class=\"list-group-item-text\">El Cabildo de Tenerife destina 400.000 euros a la ULL para renovar la C\u00e1tedra de Medio Ambiente y Desarrollo Sostenible<\/p>\n                    <\/div>\n                <\/div>\n            <\/a>\n                    <a href=\"https:\/\/www.ull.es\/portal\/noticias\/2025\/la-universidad-de-la-laguna-inaugura-manana-sus-iv-jornadas-de-biodiversidad-canaria-y-sostenibilidad\/\" class=\"list-group-item\">\n                <div class=\"row\">\n                    <div class=\"col-md-3\">\n                        <div class=\"bg-size\" style=\"background-image: url('https:\/\/www.ull.es\/portal\/noticias\/wp-content\/uploads\/sites\/13\/2025\/03\/Jornadas_Biodiversidad_ULL-300x140.jpg');\"><\/div>\n                    <\/div>\n                    <div class=\"col-md-9\">\n                        <p class=\"list-group-item-date\">\n                            12 Mar 2025 - 14:21 UTC                        <\/p>\n                        <p class=\"list-group-item-text\">La Universidad de La Laguna inaugura ma\u00f1ana sus IV Jornadas de Biodiversidad Canaria y Sostenibilidad<\/p>\n                    <\/div>\n                <\/div>\n            <\/a>\n                    <a href=\"https:\/\/www.ull.es\/portal\/noticias\/2024\/grupos-de-investigacion-ull-proponen-soluciones-mejorar-sostenibilidad-dia-medio-ambiente\/\" class=\"list-group-item\">\n                <div class=\"row\">\n                    <div class=\"col-md-3\">\n                        <div class=\"bg-size\" style=\"background-image: url('https:\/\/www.ull.es\/portal\/noticias\/wp-content\/uploads\/sites\/13\/2024\/06\/Dia-Medio-Ambiente-003-300x200.jpg');\"><\/div>\n                    <\/div>\n                    <div class=\"col-md-9\">\n                        <p class=\"list-group-item-date\">\n                            06 Jun 2024 - 11:47 UTC                        <\/p>\n                        <p class=\"list-group-item-text\">Los grupos de investigaci\u00f3n de la ULL proponen soluciones para mejorar la sostenibilidad en el D\u00eda del Medio Ambiente<\/p>\n                    <\/div>\n                <\/div>\n            <\/a>\n                    <a href=\"https:\/\/www.ull.es\/portal\/noticias\/2024\/iii-jornadas-biodiversidad-sostenibilidad-inauguracion\/\" class=\"list-group-item\">\n                <div class=\"row\">\n                    <div class=\"col-md-3\">\n                        <div class=\"bg-size\" style=\"background-image: url('https:\/\/www.ull.es\/portal\/noticias\/wp-content\/uploads\/sites\/13\/2024\/04\/Inaug-III-Jorn-Biodiversidad-03-300x200.jpg');\"><\/div>\n                    <\/div>\n                    <div class=\"col-md-9\">\n                        <p class=\"list-group-item-date\">\n                            05 Apr 2024 - 12:02 UTC                        <\/p>\n                        <p class=\"list-group-item-text\">Las III Jornadas de Biodiversidad y Sostenibilidad Canaria promueven la divulgaci\u00f3n frente a las amenazas ecol\u00f3gicas<\/p>\n                    <\/div>\n                <\/div>\n            <\/a>\n                    <a href=\"https:\/\/www.ull.es\/portal\/noticias\/2024\/la-ull-dedica-abril-a-sus-iii-jornadas-de-biodiversidad-con-exposiciones-conferencias-y-talleres-educativos\/\" class=\"list-group-item\">\n                <div class=\"row\">\n                    <div class=\"col-md-3\">\n                        <div class=\"bg-size\" style=\"background-image: url('https:\/\/www.ull.es\/portal\/noticias\/wp-content\/uploads\/sites\/13\/2024\/04\/Jornadas-de-Biodiversidad-300x150.png');\"><\/div>\n                    <\/div>\n                    <div class=\"col-md-9\">\n                        <p class=\"list-group-item-date\">\n                            01 Apr 2024 - 11:00 UTC                        <\/p>\n                        <p class=\"list-group-item-text\">La ULL dedica abril a sus III Jornadas de Biodiversidad con exposiciones, conferencias y talleres educativos<\/p>\n                    <\/div>\n                <\/div>\n            <\/a>\n                    <a href=\"https:\/\/www.ull.es\/portal\/noticias\/2023\/la-ull-retoma-su-ciclo-de-debates-con-una-propuesta-sobre-emergencia-energetica-y-transicion-sostenible-en-canarias\/\" class=\"list-group-item\">\n                <div class=\"row\">\n                    <div class=\"col-md-3\">\n                        <div class=\"bg-size\" style=\"background-image: url('https:\/\/www.ull.es\/portal\/noticias\/wp-content\/uploads\/sites\/13\/2023\/12\/Debate-300x150.png');\"><\/div>\n                    <\/div>\n                    <div class=\"col-md-9\">\n                        <p class=\"list-group-item-date\">\n                            13 Dec 2023 - 13:19 UTC                        <\/p>\n                        <p class=\"list-group-item-text\">La ULL retoma su ciclo de debates con una propuesta sobre emergencia energ\u00e9tica y transici\u00f3n sostenible en Canarias<\/p>\n                    <\/div>\n                <\/div>\n            <\/a>\n                    <a href=\"https:\/\/www.ull.es\/portal\/noticias\/2023\/la-catedra-de-medio-ambiente-de-la-ull-celebra-la-primera-jornada-de-transferencia-de-investigacion\/\" class=\"list-group-item\">\n                <div class=\"row\">\n                    <div class=\"col-md-3\">\n                        <div class=\"bg-size\" style=\"background-image: url('https:\/\/www.ull.es\/portal\/noticias\/wp-content\/uploads\/sites\/13\/2023\/01\/medio-ambiente-300x200.jpeg');\"><\/div>\n                    <\/div>\n                    <div class=\"col-md-9\">\n                        <p class=\"list-group-item-date\">\n                            27 Jan 2023 - 14:04 UTC                        <\/p>\n                        <p class=\"list-group-item-text\">La C\u00e1tedra de Medio Ambiente de la ULL celebra la primera jornada de Transferencia de Investigaci\u00f3n<\/p>\n                    <\/div>\n                <\/div>\n            <\/a>\n            <\/div>\n    <div class=\"panel-footer\">\n        <a href=\"https:\/\/www.ull.es\/portal\/noticias\/?cat=7088\">M\u00c1S NOTICIAS <i class=\"fa fa-chevron-right\"><\/i><\/a>\n    <\/div>\n\n\n<\/div>[\/vc_column_text][\/vc_column][vc_column css_animation=\u00bbfadeInDown\u00bb width=\u00bb1\/3&#8243;][vc_column_text]\n<style>\n    .events-group .bg-size {\n        background-position: center;\n        background-size: cover;\n        width: 100%;\n        height: 48px;\n    }\n    .events-group .list-group-item-text {\n        font-size: 13px;\n    }\n    .events-group .col-md-3 {\n        padding-right: 0;\n    }\n    .events-group .list-group-item-date {\n        font-size: 11px;\n        color: #A4A4A4;\n        margin-bottom: 2px;\n        text-transform: uppercase;\n    }\n\n    .mensaje.alert-warning{\n        font-size: 12px;\n        margin: 14px !important;\n        padding: 4px 8px;\n        color: #cca60b;\n    }\n\n<\/style>\n\n<div class=\"panel panel-default\">\n    <div class=\"panel-heading\">\n        <h3 class=\"panel-title\">Eventos<\/h3>\n    <\/div>\n\n    <div class=\"list-group events-group\">\n\n        <div class=\"mensaje alert alert-warning\">No hay eventos disponibles.<\/div>\n    <\/div>\n\n\n<\/div>\n[\/vc_column_text][vc_empty_space][vc_column_text]<a class=\"twitter-timeline\" href=\"https:\/\/twitter.com\/catedramadsULL\" data-height=\"600\" target=\"_blank\" rel=\"noopener\">Tweets by catedramadsULL<br \/>\n<\/a><br \/>\n<script>!function(d,s,id){var js,fjs=d.getElementsByTagName(s)[0];if(!d.getElementById(id)){js=d.createElement(s);js.id=id;js.src=\"https:\/\/platform.twitter.com\/widgets.js\";fjs.parentNode.insertBefore(js,fjs);}}(document,\"script\",\"twitter-wjs\");<\/script>[\/vc_column_text][\/vc_column][vc_column css_animation=\u00bbfadeInDown\u00bb width=\u00bb1\/3&#8243;][vc_column_text]<\/p>\n<ul class=\"widget-box\" style=\"margin: 0px !important; padding: 0px !important;\">\n<li class=\"contacto-header\">Informaci\u00f3n de contacto<\/li>\n<li><i class=\"fa fa-map-marker\"><\/i>\u00a0Escuela Polit\u00e9cnica Superior de Ingenier\u00eda, Avenida \u00c1ngel Guimer\u00e1 Jorge, s\/n, 38204. San Crist\u00f3bal de La Laguna, Santa Cruz de Tenerife.<\/li>\n<li><i class=\"fa fa-phone\"><\/i> (+34) 922 31 65 02 ext. 6211<\/li>\n<li><i class=\"fa fa-envelope\"><\/i><a href=\"mailto:catedramadscab@ull.edu.es\" target=\"_blank\" rel=\"noopener\"> catedramadscab@ull.es<\/a><\/li>\n<\/ul>\n<p>[\/vc_column_text][vc_column_text]<\/p>\n<div class=\"google-maps\">\n<p><iframe style=\"border: 1px solid #000000;\" src=\"https:\/\/www.google.com\/maps\/embed?pb=!1m14!1m8!1m3!1d1474.6167093217123!2d-16.306245082147893!3d28.472035942255904!3m2!1i1024!2i768!4f13.1!3m3!1m2!1s0xc41cda97204aad7%3A0x7731dfb6894791ea!2sFacultad%20de%20Econom%C3%ADa%2C%20Empresa%20y%20Turismo!5e0!3m2!1ses!2ses!4v1643628641809!5m2!1ses!2ses\" width=\"100%\" allowfullscreen=\"allowfullscreen\"><\/iframe><\/p>\n<\/div>\n<div class=\"btn-widget\"><a href=\"https:\/\/www.google.com\/maps\/place\/Facultad+de+Econom%C3%ADa,+Empresa+y+Turismo\/@28.4720501,-16.3057709,18z\/data=!4m5!3m4!1s0xc41cda97204aad7:0x7731dfb6894791ea!8m2!3d28.4713611!4d-16.3060913?hl=es\" target=\"_blank\" rel=\"noopener\" target=\"_blank\" rel=\"noopener\">C\u00f3mo llegar<\/a><\/div>\n<p>[\/vc_column_text][\/vc_column][\/vc_row][vc_row][vc_column][\/vc_column][\/vc_row][vc_row][vc_column][\/vc_column][\/vc_row]<\/p>\n","protected":false},"excerpt":{"rendered":"<p>[vc_row][vc_column][rev_slider_vc alias=\u00bbnews-gallery4&#8243;][\/vc_column][\/vc_row][vc_row][vc_column][vc_empty_space][\/vc_column][\/vc_row][vc_row disable_element=\u00bbyes\u00bb][vc_column width=\u00bb1\/3&#8243;][vc_message message_box_style=\u00bboutline\u00bb style=\u00bbsquare\u00bb icon_fontawesome=\u00bbfa fa-user-circle\u00bb css_animation=\u00bbbounceIn\u00bb]MOTIVACI\u00d3N[\/vc_message][\/vc_column][vc_column width=\u00bb1\/3&#8243;][vc_message message_box_style=\u00bboutline\u00bb style=\u00bbsquare\u00bb icon_fontawesome=\u00bbfa fa-book\u00bb css_animation=\u00bbbounceIn\u00bb]FORMACI\u00d3N[\/vc_message][\/vc_column][vc_column width=\u00bb1\/3&#8243;][vc_message message_box_style=\u00bboutline\u00bb style=\u00bbsquare\u00bb icon_fontawesome=\u00bbfa fa-flask\u00bb css_animation=\u00bbbounceIn\u00bb]INVESTIGACI\u00d3N[\/vc_message][\/vc_column][\/vc_row][vc_row][vc_column][vc_empty_space][\/vc_column][\/vc_row][vc_row][vc_column css_animation=\u00bbfadeInDown\u00bb width=\u00bb1\/3&#8243;][vc_column_text][\/vc_column_text][\/vc_column][vc_column css_animation=\u00bbfadeInDown\u00bb width=\u00bb1\/3&#8243;][vc_column_text][\/vc_column_text][vc_empty_space][vc_column_text]Tweets by catedramadsULL [\/vc_column_text][\/vc_column][vc_column css_animation=\u00bbfadeInDown\u00bb width=\u00bb1\/3&#8243;][vc_column_text] Informaci\u00f3n de contacto \u00a0Escuela Polit\u00e9cnica Superior de Ingenier\u00eda, Avenida \u00c1ngel Guimer\u00e1 Jorge, s\/n, 38204. San Crist\u00f3bal de La Laguna, Santa Cruz de Tenerife. (+34) 922&#8230;<\/p>\n","protected":false},"author":2,"featured_media":0,"parent":0,"menu_order":0,"comment_status":"closed","ping_status":"open","template":"templates\/template-frontpage.php","meta":[],"_links":{"self":[{"href":"https:\/\/www.ull.es\/catedras\/catedra-medio-ambiente\/wp-json\/wp\/v2\/pages\/2"}],"collection":[{"href":"https:\/\/www.ull.es\/catedras\/catedra-medio-ambiente\/wp-json\/wp\/v2\/pages"}],"about":[{"href":"https:\/\/www.ull.es\/catedras\/catedra-medio-ambiente\/wp-json\/wp\/v2\/types\/page"}],"author":[{"embeddable":true,"href":"https:\/\/www.ull.es\/catedras\/catedra-medio-ambiente\/wp-json\/wp\/v2\/users\/2"}],"replies":[{"embeddable":true,"href":"https:\/\/www.ull.es\/catedras\/catedra-medio-ambiente\/wp-json\/wp\/v2\/comments?post=2"}],"version-history":[{"count":28,"href":"https:\/\/www.ull.es\/catedras\/catedra-medio-ambiente\/wp-json\/wp\/v2\/pages\/2\/revisions"}],"predecessor-version":[{"id":153,"href":"https:\/\/www.ull.es\/catedras\/catedra-medio-ambiente\/wp-json\/wp\/v2\/pages\/2\/revisions\/153"}],"wp:attachment":[{"href":"https:\/\/www.ull.es\/catedras\/catedra-medio-ambiente\/wp-json\/wp\/v2\/media?parent=2"}],"curies":[{"name":"wp","href":"https:\/\/api.w.org\/{rel}","templated":true}]}}