{"id":30,"date":"2021-02-11T11:06:37","date_gmt":"2021-02-11T11:06:37","guid":{"rendered":"https:\/\/www.ull.es\/catedras\/catedra-medio-ambiente-desarrollo-sostenible\/?page_id=30"},"modified":"2024-04-05T14:00:06","modified_gmt":"2024-04-05T14:00:06","slug":"conocenos","status":"publish","type":"page","link":"https:\/\/www.ull.es\/catedras\/catedra-medio-ambiente\/conocenos\/","title":{"rendered":"Con\u00f3cenos"},"content":{"rendered":"<p>[vc_row full_width=\u00bbstretch_row_content\u00bb equal_height=\u00bbyes\u00bb][vc_column width=\u00bb1\/2&#8243; css=\u00bb.vc_custom_1588936329456{padding-top: 5% !important;padding-right: 10% !important;padding-bottom: 5% !important;padding-left: 10% !important;background-color: #f2f2f2 !important;}\u00bb][vc_message message_box_style=\u00bboutline\u00bb style=\u00bbsquare\u00bb icon_fontawesome=\u00bbfas fa-landmark\u00bb css_animation=\u00bbbounceIn\u00bb]CON\u00d3CENOS[\/vc_message][vc_empty_space][vc_column_text]<span style=\"font-weight: 400;\">La C\u00e1tedra <\/span><span style=\"font-weight: 400;\">Institucional de Medio Ambiente y Desarrollo Sostenible se cre\u00f3 gracias al convenio que se suscribi\u00f3 entre el Cabildo de Tenerife y la ULL. <\/span><span style=\"font-weight: 400;\">Consejo de Gobierno de 17 de junio de 2017.<\/span><\/p>\n<p>Con el patrocinio del\u00a0 <a href=\"https:\/\/www.tenerifemassostenible.es\/ambitos-tematicos\/catedra-ull-medio-ambiente-y-desarrollo-sostenible\/\" target=\"_blank\" rel=\"noopener\" target=\"_blank\" rel=\"noopener\">\u00c1rea de Desarrollo Sostenible y Lucha Contra el Cambio Clim\u00e1tico del Cabildo de Tenerife<\/a>.<\/p>\n<p><strong>Directora:<\/strong> Norena Mart\u00edn[\/vc_column_text][\/vc_column][vc_column width=\u00bb1\/2&#8243; css=\u00bb.vc_custom_1618402393140{background: #e5e5e5 url(https:\/\/www.ull.es\/catedras\/catedra-medio-ambiente-desarrollo-sostenible\/wp-content\/uploads\/sites\/12\/2021\/04\/tenerife-4152688_1920.jpg?id=85) !important;background-position: center !important;background-repeat: no-repeat !important;background-size: cover !important;}\u00bb][vc_empty_space height=\u00bb400px\u00bb][\/vc_column][\/vc_row][vc_row full_width=\u00bbstretch_row_content\u00bb equal_height=\u00bbyes\u00bb][vc_column width=\u00bb1\/2&#8243; css=\u00bb.vc_custom_1613469810007{background: #e5e5e5 url(https:\/\/www.ull.es\/catedras\/catedra-medio-ambiente-desarrollo-sostenible\/wp-content\/uploads\/sites\/12\/2021\/02\/plcas.jpg?id=63) !important;background-position: center !important;background-repeat: no-repeat !important;background-size: cover !important;}\u00bb][vc_empty_space height=\u00bb400px\u00bb][\/vc_column][vc_column width=\u00bb1\/2&#8243; css=\u00bb.vc_custom_1588936374313{padding-top: 5% !important;padding-right: 10% !important;padding-bottom: 5% !important;padding-left: 10% !important;background-color: #f2f2f2 !important;}\u00bb][vc_message message_box_style=\u00bboutline\u00bb style=\u00bbsquare\u00bb icon_fontawesome=\u00bbfas fa-star\u00bb css_animation=\u00bbbounceIn\u00bb]OBJETIVOS[\/vc_message][vc_empty_space][vc_column_text]a) Consolidar l\u00edneas de investigaci\u00f3n existentes en materia de sostenibilidad e incorporar otras nuevas.<br \/>\nb) Potenciar la ambientalizaci\u00f3n curricular en la ULL (Programas de formaci\u00f3n del profesorado y del alumnado).<br \/>\nc) Favorecer la innovaci\u00f3n docente en temas de sostenibilidad.<br \/>\nd) Proporcionar formaci\u00f3n a t\u00e9cnicos de la administraci\u00f3n y de las empresas del sector privado y tejido asociativo en el \u00e1mbito de la sostenibilidad.<br \/>\ne) Facilitar la transferencia de conocimientos, innovaci\u00f3n y buenas pr\u00e1cticas a las administraciones, empresas y la sociedad en general en materia de sostenibilidad.<br \/>\nf) Dar a conocer y difundir el concepto de desarrollo sostenible y los modelos econ\u00f3micos compatibles con el mismo, h\u00e1bitos de vida y de consumo responsables, as\u00ed como la sensibilizaci\u00f3n de la sociedad en torno a los problemas de sostenibilidad que enfrenta en los distintos \u00e1mbitos (cambio clim\u00e1tico, gesti\u00f3n de residuos, energ\u00eda, agua, agricultura, pesca, suelos, gesti\u00f3n de la biodiversidad, especies invasoras,etc.).<br \/>\ng) Elaborar informes e indicadores que sirvan de apoyo a la toma de decisiones por parte de todos los agentes sociales.[\/vc_column_text][\/vc_column][\/vc_row]<\/p>\n","protected":false},"excerpt":{"rendered":"<p>[vc_row full_width=\u00bbstretch_row_content\u00bb equal_height=\u00bbyes\u00bb][vc_column width=\u00bb1\/2&#8243; css=\u00bb.vc_custom_1588936329456{padding-top: 5% !important;padding-right: 10% !important;padding-bottom: 5% !important;padding-left: 10% !important;background-color: #f2f2f2 !important;}\u00bb][vc_message message_box_style=\u00bboutline\u00bb style=\u00bbsquare\u00bb icon_fontawesome=\u00bbfas fa-landmark\u00bb css_animation=\u00bbbounceIn\u00bb]CON\u00d3CENOS[\/vc_message][vc_empty_space][vc_column_text]La C\u00e1tedra Institucional de Medio Ambiente y Desarrollo Sostenible se cre\u00f3 gracias al convenio que se suscribi\u00f3 entre el Cabildo de Tenerife y la ULL. Consejo de Gobierno de 17 de junio de 2017. Con el&#8230;<\/p>\n","protected":false},"author":5,"featured_media":0,"parent":0,"menu_order":0,"comment_status":"closed","ping_status":"closed","template":"templates\/template-no-title.php","meta":[],"_links":{"self":[{"href":"https:\/\/www.ull.es\/catedras\/catedra-medio-ambiente\/wp-json\/wp\/v2\/pages\/30"}],"collection":[{"href":"https:\/\/www.ull.es\/catedras\/catedra-medio-ambiente\/wp-json\/wp\/v2\/pages"}],"about":[{"href":"https:\/\/www.ull.es\/catedras\/catedra-medio-ambiente\/wp-json\/wp\/v2\/types\/page"}],"author":[{"embeddable":true,"href":"https:\/\/www.ull.es\/catedras\/catedra-medio-ambiente\/wp-json\/wp\/v2\/users\/5"}],"replies":[{"embeddable":true,"href":"https:\/\/www.ull.es\/catedras\/catedra-medio-ambiente\/wp-json\/wp\/v2\/comments?post=30"}],"version-history":[{"count":13,"href":"https:\/\/www.ull.es\/catedras\/catedra-medio-ambiente\/wp-json\/wp\/v2\/pages\/30\/revisions"}],"predecessor-version":[{"id":145,"href":"https:\/\/www.ull.es\/catedras\/catedra-medio-ambiente\/wp-json\/wp\/v2\/pages\/30\/revisions\/145"}],"wp:attachment":[{"href":"https:\/\/www.ull.es\/catedras\/catedra-medio-ambiente\/wp-json\/wp\/v2\/media?parent=30"}],"curies":[{"name":"wp","href":"https:\/\/api.w.org\/{rel}","templated":true}]}}