{"id":98,"date":"2021-06-04T13:45:18","date_gmt":"2021-06-04T13:45:18","guid":{"rendered":"https:\/\/www.ull.es\/catedras\/catedra-medio-ambiente-desarrollo-sostenible\/?page_id=98"},"modified":"2021-06-09T11:15:07","modified_gmt":"2021-06-09T11:15:07","slug":"recursos","status":"publish","type":"page","link":"https:\/\/www.ull.es\/catedras\/catedra-medio-ambiente\/recursos\/","title":{"rendered":"Recursos"},"content":{"rendered":"<p>[vc_row full_width=\u00bbstretch_row_content\u00bb equal_height=\u00bbyes\u00bb][vc_column css=\u00bb.vc_custom_1588936329456{padding-top: 5% !important;padding-right: 10% !important;padding-bottom: 5% !important;padding-left: 10% !important;background-color: #f2f2f2 !important;}\u00bb][vc_message message_box_style=\u00bboutline\u00bb style=\u00bbsquare\u00bb icon_fontawesome=\u00bbfas fa-photo-video\u00bb css_animation=\u00bbbounceIn\u00bb]V\u00cdDEOS[\/vc_message][vc_empty_space][vc_column_text]<\/p>\n<h3>D\u00eda del Medio Ambiente 2021<\/h3>\n<p dir=\"ltr\">Una decena de c\u00e1tedras de diversas universidades espa\u00f1olas se han puesto de acuerdo para celebrar conjuntamente el D\u00eda del Medio Ambiente, para ello han elaborado un material audiovisual que ser\u00e1 proyectado en la sede de la C\u00e1tedra Institucional de Medio Ambiente y Desarrollo Sostenible Cabildo de Tenerife-ULL.<\/p>\n<p dir=\"ltr\">Las Universidades que han colaborado son la Universidad de Alcal\u00e1, Universidad de Alicante, Universidad de Almer\u00eda, Universidad de C\u00f3rdoba, Universidad de Deusto, Universidad de Girona, Universidad de M\u00e1laga, Universidad de Murcia, Universidad Internacional de Andaluc\u00eda, Universidad Jaume I, Universidad Miguel Hern\u00e1ndez, Universidad Pompeu Fabra, Universidad Pontificia de Salamanca y la Universidad de La Laguna.<\/p>\n<p>[\/vc_column_text][\/vc_column][\/vc_row][vc_row][vc_column width=\u00bb1\/4&#8243;][vc_empty_space][\/vc_column][vc_column width=\u00bb1\/2&#8243;][vc_empty_space][vc_video link=\u00bbhttps:\/\/youtu.be\/7Lw8vzEthYE\u00bb][\/vc_column][vc_column width=\u00bb1\/4&#8243;][vc_empty_space][\/vc_column][\/vc_row]<\/p>\n","protected":false},"excerpt":{"rendered":"<p>[vc_row full_width=\u00bbstretch_row_content\u00bb equal_height=\u00bbyes\u00bb][vc_column css=\u00bb.vc_custom_1588936329456{padding-top: 5% !important;padding-right: 10% !important;padding-bottom: 5% !important;padding-left: 10% !important;background-color: #f2f2f2 !important;}\u00bb][vc_message message_box_style=\u00bboutline\u00bb style=\u00bbsquare\u00bb icon_fontawesome=\u00bbfas fa-photo-video\u00bb css_animation=\u00bbbounceIn\u00bb]V\u00cdDEOS[\/vc_message][vc_empty_space][vc_column_text] D\u00eda del Medio Ambiente 2021 Una decena de c\u00e1tedras de diversas universidades espa\u00f1olas se han puesto de acuerdo para celebrar conjuntamente el D\u00eda del Medio Ambiente, para ello han elaborado un material audiovisual que ser\u00e1 proyectado&#8230;<\/p>\n","protected":false},"author":3,"featured_media":0,"parent":0,"menu_order":0,"comment_status":"closed","ping_status":"closed","template":"","meta":[],"_links":{"self":[{"href":"https:\/\/www.ull.es\/catedras\/catedra-medio-ambiente\/wp-json\/wp\/v2\/pages\/98"}],"collection":[{"href":"https:\/\/www.ull.es\/catedras\/catedra-medio-ambiente\/wp-json\/wp\/v2\/pages"}],"about":[{"href":"https:\/\/www.ull.es\/catedras\/catedra-medio-ambiente\/wp-json\/wp\/v2\/types\/page"}],"author":[{"embeddable":true,"href":"https:\/\/www.ull.es\/catedras\/catedra-medio-ambiente\/wp-json\/wp\/v2\/users\/3"}],"replies":[{"embeddable":true,"href":"https:\/\/www.ull.es\/catedras\/catedra-medio-ambiente\/wp-json\/wp\/v2\/comments?post=98"}],"version-history":[{"count":11,"href":"https:\/\/www.ull.es\/catedras\/catedra-medio-ambiente\/wp-json\/wp\/v2\/pages\/98\/revisions"}],"predecessor-version":[{"id":117,"href":"https:\/\/www.ull.es\/catedras\/catedra-medio-ambiente\/wp-json\/wp\/v2\/pages\/98\/revisions\/117"}],"wp:attachment":[{"href":"https:\/\/www.ull.es\/catedras\/catedra-medio-ambiente\/wp-json\/wp\/v2\/media?parent=98"}],"curies":[{"name":"wp","href":"https:\/\/api.w.org\/{rel}","templated":true}]}}