{"id":48,"date":"2023-03-22T14:49:31","date_gmt":"2023-03-22T14:49:31","guid":{"rendered":"https:\/\/www.ull.es\/catedras\/catedra-silbo-gomero\/?page_id=48"},"modified":"2025-10-01T09:29:30","modified_gmt":"2025-10-01T09:29:30","slug":"fondo-documental","status":"publish","type":"page","link":"https:\/\/www.ull.es\/catedras\/catedra-silbo-gomero\/fondo-documental\/","title":{"rendered":"Fondo documental"},"content":{"rendered":"\t\t<div data-elementor-type=\"wp-page\" data-elementor-id=\"48\" class=\"elementor elementor-48\">\n\t\t\t\t\t\t\t\t\t<section class=\"elementor-section elementor-top-section elementor-element elementor-element-2741aaf elementor-section-height-min-height elementor-section-boxed elementor-section-height-default elementor-section-items-middle\" data-id=\"2741aaf\" data-element_type=\"section\" data-settings=\"{&quot;background_background&quot;:&quot;classic&quot;}\">\n\t\t\t\t\t\t\t<div class=\"elementor-background-overlay\"><\/div>\n\t\t\t\t\t\t\t<div class=\"elementor-container elementor-column-gap-default\">\n\t\t\t\t\t<div class=\"elementor-column elementor-col-100 elementor-top-column elementor-element elementor-element-b540f5b\" data-id=\"b540f5b\" data-element_type=\"column\">\n\t\t\t<div class=\"elementor-widget-wrap elementor-element-populated\">\n\t\t\t\t\t\t\t\t\t<\/div>\n\t\t<\/div>\n\t\t\t\t\t\t\t<\/div>\n\t\t<\/section>\n\t\t\t\t<section class=\"elementor-section elementor-top-section elementor-element elementor-element-e1b584c elementor-section-boxed elementor-section-height-default elementor-section-height-default\" data-id=\"e1b584c\" data-element_type=\"section\" data-settings=\"{&quot;background_background&quot;:&quot;classic&quot;}\">\n\t\t\t\t\t\t<div class=\"elementor-container elementor-column-gap-default\">\n\t\t\t\t\t<div class=\"elementor-column elementor-col-100 elementor-top-column elementor-element elementor-element-c041f36\" data-id=\"c041f36\" data-element_type=\"column\" data-settings=\"{&quot;background_background&quot;:&quot;classic&quot;}\">\n\t\t\t<div class=\"elementor-widget-wrap elementor-element-populated\">\n\t\t\t\t\t\t\t\t<div class=\"elementor-element elementor-element-f4b09ba elementor-widget elementor-widget-text-editor\" data-id=\"f4b09ba\" data-element_type=\"widget\" data-widget_type=\"text-editor.default\">\n\t\t\t\t<div class=\"elementor-widget-container\">\n\t\t\t<style>\/*! elementor - v3.10.1 - 17-01-2023 *\/\n.elementor-widget-text-editor.elementor-drop-cap-view-stacked .elementor-drop-cap{background-color:#818a91;color:#fff}.elementor-widget-text-editor.elementor-drop-cap-view-framed .elementor-drop-cap{color:#818a91;border:3px solid;background-color:transparent}.elementor-widget-text-editor:not(.elementor-drop-cap-view-default) .elementor-drop-cap{margin-top:8px}.elementor-widget-text-editor:not(.elementor-drop-cap-view-default) .elementor-drop-cap-letter{width:1em;height:1em}.elementor-widget-text-editor .elementor-drop-cap{float:left;text-align:center;line-height:1;font-size:50px}.elementor-widget-text-editor .elementor-drop-cap-letter{display:inline-block}<\/style>\t\t\t\t<p><strong>Apertura del tr\u00e1mite de audiencia y del periodo de informaci\u00f3n p\u00fablica en el procedimiento para la declaraci\u00f3n como Bien de Inter\u00e9s Cultural del Silbo Gomeros<\/strong><\/p><ul><li><a href=\"https:\/\/www.gobiernodecanarias.org\/boc\/2023\/213\/007.html\" target=\"_blank\" rel=\"noopener\">Bolet\u00edn Oficial de Canarias del lunes 30 de octubre de 2023<\/a><\/li><\/ul><h5>Declaraci\u00f3n Patrimonio Inmaterial de la Humanidad<\/h5><ul><li><a href=\"https:\/\/www.parcan.es\/files\/pub\/bop\/7l\/2008\/155\/bo155.pdf\" target=\"_blank\" rel=\"noopener\">Bolet\u00edn Oficial del Parlamento de Canarias del 4 de agosto de 2008<\/a><\/li><\/ul><h5>Expediente candidatura UNESCO Silbo gomero<\/h5><ul><li><a href=\"https:\/\/ich.unesco.org\/es\/RL\/el-silbo-gomero-lenguaje-silbado-de-la-isla-de-la-gomera-islas-canarias-00172\" target=\"_blank\" rel=\"noopener\">Doc. 2.8 de 30 de septiembre de 2009 Declaraci\u00f3n UNESCO<\/a><\/li><\/ul><h5>Anuncio de incoaci\u00f3n expediente de Declaraci\u00f3n de Bien de Inter\u00e9s Cultural a favor del silbo gomero, con la categor\u00eda de<br \/><strong>conocimiento y manifestaci\u00f3n popular tradicional de \u00e1mbito insular.<\/strong><\/h5><ul><li><a href=\"https:\/\/www.gobiernodecanarias.org\/boc\/2008\/142\/021.html\" target=\"_blank\" rel=\"noopener\">Bolet\u00edn Oficial de Canarias del mi\u00e9rcoles 16 de julio de 2008<\/a><\/li><\/ul><h5>Orden de regulaci\u00f3n de la ense\u00f1anza del lenguaje silbado de la isla de La Gomera para su impartici\u00f3n en la Educaci\u00f3n Primaria y Secundaria Obligatoria.<\/h5><ul><li><a href=\"https:\/\/www.gobiernodecanarias.org\/boc\/2019\/004\/001.html\" target=\"_blank\" rel=\"noopener\">Bolet\u00edn Oficial de Canarias del martes 8 de enero de 2019<\/a><\/li><\/ul>\t\t\t\t\t\t<\/div>\n\t\t\t\t<\/div>\n\t\t\t\t\t<\/div>\n\t\t<\/div>\n\t\t\t\t\t\t\t<\/div>\n\t\t<\/section>\n\t\t\t\t\t\t\t<\/div>\n\t\t","protected":false},"excerpt":{"rendered":"<p>Apertura del tr\u00e1mite de audiencia y del periodo de informaci\u00f3n p\u00fablica en el procedimiento para la declaraci\u00f3n como Bien de Inter\u00e9s Cultural del Silbo Gomeros Bolet\u00edn Oficial de Canarias del lunes 30 de octubre de 2023 Declaraci\u00f3n Patrimonio Inmaterial de la Humanidad Bolet\u00edn Oficial del Parlamento de Canarias del 4 de agosto de 2008 Expediente&#8230;<\/p>\n","protected":false},"author":18,"featured_media":0,"parent":0,"menu_order":0,"comment_status":"closed","ping_status":"closed","template":"","meta":[],"_links":{"self":[{"href":"https:\/\/www.ull.es\/catedras\/catedra-silbo-gomero\/wp-json\/wp\/v2\/pages\/48"}],"collection":[{"href":"https:\/\/www.ull.es\/catedras\/catedra-silbo-gomero\/wp-json\/wp\/v2\/pages"}],"about":[{"href":"https:\/\/www.ull.es\/catedras\/catedra-silbo-gomero\/wp-json\/wp\/v2\/types\/page"}],"author":[{"embeddable":true,"href":"https:\/\/www.ull.es\/catedras\/catedra-silbo-gomero\/wp-json\/wp\/v2\/users\/18"}],"replies":[{"embeddable":true,"href":"https:\/\/www.ull.es\/catedras\/catedra-silbo-gomero\/wp-json\/wp\/v2\/comments?post=48"}],"version-history":[{"count":92,"href":"https:\/\/www.ull.es\/catedras\/catedra-silbo-gomero\/wp-json\/wp\/v2\/pages\/48\/revisions"}],"predecessor-version":[{"id":986,"href":"https:\/\/www.ull.es\/catedras\/catedra-silbo-gomero\/wp-json\/wp\/v2\/pages\/48\/revisions\/986"}],"wp:attachment":[{"href":"https:\/\/www.ull.es\/catedras\/catedra-silbo-gomero\/wp-json\/wp\/v2\/media?parent=48"}],"curies":[{"name":"wp","href":"https:\/\/api.w.org\/{rel}","templated":true}]}}