{"id":57,"date":"2023-03-22T15:24:26","date_gmt":"2023-03-22T15:24:26","guid":{"rendered":"https:\/\/www.ull.es\/catedras\/catedra-silbo-gomero\/?page_id=57"},"modified":"2024-05-14T06:27:47","modified_gmt":"2024-05-14T06:27:47","slug":"conocenos","status":"publish","type":"page","link":"https:\/\/www.ull.es\/catedras\/catedra-silbo-gomero\/conocenos\/","title":{"rendered":"Con\u00f3cenos"},"content":{"rendered":"\t\t<div data-elementor-type=\"wp-page\" data-elementor-id=\"57\" class=\"elementor elementor-57\">\n\t\t\t\t\t\t\t\t\t<section class=\"elementor-section elementor-top-section elementor-element elementor-element-ccc4737 elementor-section-height-min-height elementor-section-boxed elementor-section-height-default elementor-section-items-middle\" data-id=\"ccc4737\" data-element_type=\"section\" data-settings=\"{&quot;background_background&quot;:&quot;classic&quot;}\">\n\t\t\t\t\t\t\t<div class=\"elementor-background-overlay\"><\/div>\n\t\t\t\t\t\t\t<div class=\"elementor-container elementor-column-gap-default\">\n\t\t\t\t\t<div class=\"elementor-column elementor-col-100 elementor-top-column elementor-element elementor-element-3c62d44\" data-id=\"3c62d44\" data-element_type=\"column\">\n\t\t\t<div class=\"elementor-widget-wrap elementor-element-populated\">\n\t\t\t\t\t\t\t\t\t<\/div>\n\t\t<\/div>\n\t\t\t\t\t\t\t<\/div>\n\t\t<\/section>\n\t\t\t\t<section class=\"elementor-section elementor-top-section elementor-element elementor-element-0c2ad86 elementor-section-boxed elementor-section-height-default elementor-section-height-default\" data-id=\"0c2ad86\" data-element_type=\"section\" data-settings=\"{&quot;background_background&quot;:&quot;classic&quot;}\">\n\t\t\t\t\t\t<div class=\"elementor-container elementor-column-gap-default\">\n\t\t\t\t\t<div class=\"elementor-column elementor-col-100 elementor-top-column elementor-element elementor-element-102b1f2\" data-id=\"102b1f2\" data-element_type=\"column\" data-settings=\"{&quot;background_background&quot;:&quot;classic&quot;}\">\n\t\t\t<div class=\"elementor-widget-wrap elementor-element-populated\">\n\t\t\t\t\t\t\t\t<div class=\"elementor-element elementor-element-187a037 elementor-widget elementor-widget-text-editor\" data-id=\"187a037\" data-element_type=\"widget\" data-widget_type=\"text-editor.default\">\n\t\t\t\t<div class=\"elementor-widget-container\">\n\t\t\t<style>\/*! elementor - v3.10.1 - 17-01-2023 *\/\n.elementor-widget-text-editor.elementor-drop-cap-view-stacked .elementor-drop-cap{background-color:#818a91;color:#fff}.elementor-widget-text-editor.elementor-drop-cap-view-framed .elementor-drop-cap{color:#818a91;border:3px solid;background-color:transparent}.elementor-widget-text-editor:not(.elementor-drop-cap-view-default) .elementor-drop-cap{margin-top:8px}.elementor-widget-text-editor:not(.elementor-drop-cap-view-default) .elementor-drop-cap-letter{width:1em;height:1em}.elementor-widget-text-editor .elementor-drop-cap{float:left;text-align:center;line-height:1;font-size:50px}.elementor-widget-text-editor .elementor-drop-cap-letter{display:inline-block}<\/style>\t\t\t\t<h2><strong>Direcci\u00f3n<\/strong><\/h2>\n<h5><strong>Grecy P\u00e9rez Amores<\/strong><\/h5>\nEmail: <a href=\"mailto:gpamores@ull.es\" target=\"_blank\" rel=\"noopener\">gpamores@ull.es<\/a><br>\n<a href=\"https:\/\/orcid.org\/0000-0003-0861-6523\" target=\"_blank\" rel=\"noopener\">ORCID<\/a>\n<h2><strong>Codirector<\/strong><\/h2>\n<h5><strong>Ram\u00f3n Hern\u00e1ndez Armas<\/strong><\/h5>\nEmail: <a href=\"mailto:rharmas@ull.es\" target=\"_blank\" rel=\"noopener\">rharmas@ull.es<\/a>\n<br><a href=\"https:\/\/orcid.org\/0000-0003-0538-5889\" target=\"_blank\" rel=\"noopener\">ORCID<\/a>\t\t\t\t\t\t<\/div>\n\t\t\t\t<\/div>\n\t\t\t\t\t<\/div>\n\t\t<\/div>\n\t\t\t\t\t\t\t<\/div>\n\t\t<\/section>\n\t\t\t\t\t\t\t<\/div>\n\t\t","protected":false},"excerpt":{"rendered":"<p>Direcci\u00f3n Grecy P\u00e9rez Amores Email: gpamores@ull.es ORCID Codirector Ram\u00f3n Hern\u00e1ndez Armas Email: rharmas@ull.es ORCID<\/p>\n","protected":false},"author":17,"featured_media":0,"parent":0,"menu_order":0,"comment_status":"closed","ping_status":"closed","template":"","meta":[],"_links":{"self":[{"href":"https:\/\/www.ull.es\/catedras\/catedra-silbo-gomero\/wp-json\/wp\/v2\/pages\/57"}],"collection":[{"href":"https:\/\/www.ull.es\/catedras\/catedra-silbo-gomero\/wp-json\/wp\/v2\/pages"}],"about":[{"href":"https:\/\/www.ull.es\/catedras\/catedra-silbo-gomero\/wp-json\/wp\/v2\/types\/page"}],"author":[{"embeddable":true,"href":"https:\/\/www.ull.es\/catedras\/catedra-silbo-gomero\/wp-json\/wp\/v2\/users\/17"}],"replies":[{"embeddable":true,"href":"https:\/\/www.ull.es\/catedras\/catedra-silbo-gomero\/wp-json\/wp\/v2\/comments?post=57"}],"version-history":[{"count":124,"href":"https:\/\/www.ull.es\/catedras\/catedra-silbo-gomero\/wp-json\/wp\/v2\/pages\/57\/revisions"}],"predecessor-version":[{"id":825,"href":"https:\/\/www.ull.es\/catedras\/catedra-silbo-gomero\/wp-json\/wp\/v2\/pages\/57\/revisions\/825"}],"wp:attachment":[{"href":"https:\/\/www.ull.es\/catedras\/catedra-silbo-gomero\/wp-json\/wp\/v2\/media?parent=57"}],"curies":[{"name":"wp","href":"https:\/\/api.w.org\/{rel}","templated":true}]}}