{"id":873,"date":"2024-05-20T09:55:11","date_gmt":"2024-05-20T09:55:11","guid":{"rendered":"https:\/\/www.ull.es\/catedras\/catedra-silbo-gomero\/?page_id=873"},"modified":"2024-05-20T10:28:46","modified_gmt":"2024-05-20T10:28:46","slug":"actividades","status":"publish","type":"page","link":"https:\/\/www.ull.es\/catedras\/catedra-silbo-gomero\/actividades\/","title":{"rendered":"Actividades"},"content":{"rendered":"\t\t<div data-elementor-type=\"wp-page\" data-elementor-id=\"873\" class=\"elementor elementor-873\">\n\t\t\t\t\t\t\t\t\t<section class=\"elementor-section elementor-top-section elementor-element elementor-element-7a8f019 elementor-section-boxed elementor-section-height-default elementor-section-height-default\" data-id=\"7a8f019\" data-element_type=\"section\">\n\t\t\t\t\t\t<div class=\"elementor-container elementor-column-gap-default\">\n\t\t\t\t\t<div class=\"elementor-column elementor-col-100 elementor-top-column elementor-element elementor-element-5471af6\" data-id=\"5471af6\" data-element_type=\"column\">\n\t\t\t<div class=\"elementor-widget-wrap elementor-element-populated\">\n\t\t\t\t\t\t\t\t<div class=\"elementor-element elementor-element-45ca97f elementor-widget elementor-widget-html\" data-id=\"45ca97f\" data-element_type=\"widget\" data-widget_type=\"html.default\">\n\t\t\t\t<div class=\"elementor-widget-container\">\n\t\t\t<div class=\"panel panel-default\">\r\n<div class=\"panel-heading\">\r\n<h3 class=\"panel-title\">Eventos<\/h3>\r\n<\/div>\r\n<style>\n    .vc_row-has-fill+.vc_row-full-width+.vc_row.vc-eventos>.vc_column_container>.vc_column-inner {\n        padding: 0 !important;\n    }\n    .events-block .col-md-4 {\n        padding-top: 15px;\n\t\tpadding-bottom: 15px;\n    }\n    .events-block .event-card {\n\t\tbox-shadow: 0 1px 0 0 rgba(0,0,0,.1);\n\t\tdisplay: block;\n\t}\n\t.events-block .caption {\n\t\tbackground-color:#F8F8FA;\n\t\tpadding: 10px 15px;\n\t\tmargin:0;\n\t}\n\t.event-card:hover {\n\t\tbox-shadow:0 1px 2px 0 rgba(0,0,0,.15)\n\t}\n    .events-block .caption .date {\n        font-size: 13px;\n        color: #45494E;\n\t\ttext-transform: uppercase;\n\t\tmargin:0;\n    }\n\t.events-block .caption h4 {\n\t\tdisplay: block;\n\t\tdisplay: -webkit-box;\n\t\tmax-height: 38px;\n\t\tmargin: 0 auto;\n\t\t-webkit-line-clamp: 2;\n\t\t-webkit-box-orient: vertical;\n\t\toverflow: hidden;\n\t\ttext-overflow: ellipsis;\n\t\tcolor: #282C35;\n\t\tfont-size: 15px !important;\n\t\tline-height: 19px !important;\n\t\tfont-weight: 600 !important;\n\t\tletter-spacing: 0;\n\t\tpadding: 0;\n\t\theight: 38px;\n\t\tmargin-bottom:5px;\n\t}\n\t.title-venue {\n\t\ttext-overflow: ellipsis;\n\t\toverflow: hidden;\n\t\twhite-space: nowrap;\n\t\tcolor:#666A73;\n        font-size: 12px;\n        line-height: 15px;\n\t\theight: 15px;\n        font-weight: normal !important;\n\t\tmargin:0;\n\t}\n    .events-block a:hover {\n        text-decoration: none !important;\n        border: 0;\n    }\n    .events-block .thumbnail {\n        border: 0;\n        padding: 0;\n        border-radius: 0;\n        margin-bottom: 0;\n\t\ttext-align: center;\n\t\twidth: 100%;\n\t\theight: 100%;\n\t\tborder: 1px solid #EFF2F5;\n    }\n\t.thumbnail .precio {\n\t\tbackground-color: rgba(122,59,122,.92);\n\t\ttext-transform: uppercase;\n    \tfont-size: 13px;\n    \tline-height: 19px;\n    \tcolor: #ffffff;\n    \tbox-sizing: border-box;\n    \tpadding: 2px 10px;\n    \tposition: absolute;\n    \tdisplay: inline-block;\n    \ttop: 25px;\n    \tright: 25px;\n\t}\n\t.event-card-footer {\n\t\tposition: relative;\n\t\theight: 40px;\n\t\tline-height: 40px;\n\t\tborder-top: 1px solid #ebebeb;\n\t\tpadding-left: 15px;\n\t\tpadding-right: 15px;\n\t\tbackground-color:#F8F8FA;\n\t}\n\t.event-card-tags a {\n\t\tcolor: #45494E;\n\t\tfont-size: 13px;\n\t\tmargin-right: 10px;\n    \ttext-transform: capitalize;\n\t}\n\t.event-card-tags a:hover {\n\t\tcolor: #5c068c;\n\t}\n    .more-events {\n        text-align: center;\n\t\tmargin-top:30px;\n    }\n    .more-events a {\n        background: #5c068c;\n        padding: 8px 20px;\n        color: #fff;\n    }\n    .more-events a:hover {\n        text-decoration: none;\n    }\n    .more-events a i {\n        margin-left: 6px;\n    }\n<\/style>\n\n<div class=\"events-block\">\n    <div class=\"container-fluid\">\n                <div class=\"row\">\n            \n            <div class=\"col-md-4 col-xs-12\">\n            \t<div class=\"event-card\">\n                <a href=\"https:\/\/www.ull.es\/portal\/agenda\/evento\/ii-jornada-alpispa-fest\/\">\n                <div class=\"thumbnail\">\n                                <img src=\"https:\/\/www.ull.es\/portal\/agenda\/wp-content\/uploads\/sites\/12\/2026\/03\/banner-eventos-51.png                    \" \/>\n                <\/div>\n                <div class=\"caption\">\n                    <p class=\"date\">\n                        18 Apr 2026 - 18:30 UTC                    <\/p>\n                    <h4 class=\"title-event\">II Jornada Alpispa Fest<\/h4>\n                    <h5 class=\"title-venue\">Arafo<\/h5>\n                <\/div><\/a>\n                <div class=\"event-card-footer\">\n                \t<div class=\"event-card-tags\">\n        \t\t\t\t                     <\/div>\n                <\/div><!-- event-card-footer -->\n            \t<\/div><!--event-card-->\n            <\/div><!--col-sm-4-->\n            \n            <div class=\"col-md-4 col-xs-12\">\n            \t<div class=\"event-card\">\n                <a href=\"https:\/\/www.ull.es\/portal\/agenda\/evento\/congreso-el-silbo-gomero-en-la-era-digital\/\">\n                <div class=\"thumbnail\">\n                                <img src=\"https:\/\/www.ull.es\/portal\/agenda\/wp-content\/uploads\/sites\/12\/2025\/10\/Congreso-_El-silbo-gomero-en-la-Era-Digital.png                    \" \/>\n                <\/div>\n                <div class=\"caption\">\n                    <p class=\"date\">\n                        27 Nov 2025 - 11:00 UTC                    <\/p>\n                    <h4 class=\"title-event\">Congreso Internacional \"El silbo gomero en la Era Digital\"<\/h4>\n                    <h5 class=\"title-venue\">Aula El\u00edas Serra R\u00e0fols (Secci\u00f3n de Geograf\u00eda e Historia)<\/h5>\n                <\/div><\/a>\n                <div class=\"event-card-footer\">\n                \t<div class=\"event-card-tags\">\n        \t\t\t\t                     <\/div>\n                <\/div><!-- event-card-footer -->\n            \t<\/div><!--event-card-->\n            <\/div><!--col-sm-4-->\n            \n            <div class=\"col-md-4 col-xs-12\">\n            \t<div class=\"event-card\">\n                <a href=\"https:\/\/www.ull.es\/portal\/agenda\/evento\/taller-silbando-y-entendiendo-juntos-el-silbo-gomero-o-la-voz-de-la-isla\/\">\n                <div class=\"thumbnail\">\n                                <img src=\"https:\/\/www.ull.es\/portal\/agenda\/wp-content\/uploads\/sites\/12\/2025\/07\/Taller-Silbando-y-entendiendo-juntos.-El-silbo-gomero-o-la-voz-de-la-isla_Banner-eventos-1.png                    \" \/>\n                <\/div>\n                <div class=\"caption\">\n                    <p class=\"date\">\n                        04 Sep 2025 - 16:00 UTC                    <\/p>\n                    <h4 class=\"title-event\">Taller Silbando y entendiendo juntos. El silbo gomero o la voz de la isla<\/h4>\n                    <h5 class=\"title-venue\">Campus de Guajara<\/h5>\n                <\/div><\/a>\n                <div class=\"event-card-footer\">\n                \t<div class=\"event-card-tags\">\n        \t\t\t\t                     <\/div>\n                <\/div><!-- event-card-footer -->\n            \t<\/div><!--event-card-->\n            <\/div><!--col-sm-4-->\n                            <\/div>\n                        <div class=\"row\">\n            \n            <div class=\"col-md-4 col-xs-12\">\n            \t<div class=\"event-card\">\n                <a href=\"https:\/\/www.ull.es\/portal\/agenda\/evento\/muestra-expositiva-sobre-el-silbo-gomero-itinerancia-en-ies-martin-miranda\/\">\n                <div class=\"thumbnail\">\n                                <img src=\"https:\/\/www.ull.es\/portal\/agenda\/wp-content\/uploads\/sites\/12\/2025\/05\/Muestra-expositiva-sobre-el-silbo-gomero-IES-Profesor-Martin-Miranda_Banner-eventos-1.jpg                    \" \/>\n                <\/div>\n                <div class=\"caption\">\n                    <p class=\"date\">\n                        26 May 2025 - 00:00 UTC                    <\/p>\n                    <h4 class=\"title-event\">Muestra expositiva sobre el Silbo Gomero: Itinerancia en IES Profesor Mart\u00edn Miranda<\/h4>\n                    <h5 class=\"title-venue\">IES Profesor Mart\u00edn Miranda<\/h5>\n                <\/div><\/a>\n                <div class=\"event-card-footer\">\n                \t<div class=\"event-card-tags\">\n        \t\t\t\t                     <\/div>\n                <\/div><!-- event-card-footer -->\n            \t<\/div><!--event-card-->\n            <\/div><!--col-sm-4-->\n            \n            <div class=\"col-md-4 col-xs-12\">\n            \t<div class=\"event-card\">\n                <a href=\"https:\/\/www.ull.es\/portal\/agenda\/evento\/muestra-expositiva-sobre-el-silbo-gomero-itinerancia-en-ies-oscar-dominguez\/\">\n                <div class=\"thumbnail\">\n                                <img src=\"https:\/\/www.ull.es\/portal\/agenda\/wp-content\/uploads\/sites\/12\/2025\/02\/Itinerancia-en-IES-Oscar-Dominguez-Tacoronte-de-muestra-expositiva-sobre-el-silbo-gomero-patrimonio-de-la-humanidad_Banner-eventos-02-1.png                    \" \/>\n                <\/div>\n                <div class=\"caption\">\n                    <p class=\"date\">\n                        19 Feb 2025 - 00:00 UTC                    <\/p>\n                    <h4 class=\"title-event\">Muestra expositiva sobre el Silbo Gomero: Itinerancia en IES \u00d3scar Dom\u00ednguez<\/h4>\n                    <h5 class=\"title-venue\">IES \u00d3scar Dom\u00ednguez<\/h5>\n                <\/div><\/a>\n                <div class=\"event-card-footer\">\n                \t<div class=\"event-card-tags\">\n        \t\t\t\t                     <\/div>\n                <\/div><!-- event-card-footer -->\n            \t<\/div><!--event-card-->\n            <\/div><!--col-sm-4-->\n            \n            <div class=\"col-md-4 col-xs-12\">\n            \t<div class=\"event-card\">\n                <a href=\"https:\/\/www.ull.es\/portal\/agenda\/evento\/muestra-expositiva-sobre-el-silbo-gomero-itinerancia-en-ies-san-benito\/\">\n                <div class=\"thumbnail\">\n                                <img src=\"https:\/\/www.ull.es\/portal\/agenda\/wp-content\/uploads\/sites\/12\/2025\/02\/Itinerancia-en-IES-San-Benito-La-Laguna-de-muestra-expositiva-sobre-el-silbo-gomero-patrimonio-de-la-humanidad_Banner-eventos-01.png                    \" \/>\n                <\/div>\n                <div class=\"caption\">\n                    <p class=\"date\">\n                        06 Feb 2025 - 00:00 UTC                    <\/p>\n                    <h4 class=\"title-event\">Muestra expositiva sobre el Silbo Gomero: Itinerancia en IES San Benito<\/h4>\n                    <h5 class=\"title-venue\">IES San Benito<\/h5>\n                <\/div><\/a>\n                <div class=\"event-card-footer\">\n                \t<div class=\"event-card-tags\">\n        \t\t\t\t                     <\/div>\n                <\/div><!-- event-card-footer -->\n            \t<\/div><!--event-card-->\n            <\/div><!--col-sm-4-->\n                            <\/div>\n                        <div class=\"row\">\n            \n            <div class=\"col-md-4 col-xs-12\">\n            \t<div class=\"event-card\">\n                <a href=\"https:\/\/www.ull.es\/portal\/agenda\/evento\/el-silbo-gomero-salvaguardia-y-comunidad\/\">\n                <div class=\"thumbnail\">\n                                <img src=\"https:\/\/www.ull.es\/portal\/agenda\/wp-content\/uploads\/sites\/12\/2024\/11\/El-Silbo-Gomero-salvaguardia-y-comunidad_Banner-eventos.jpg                    \" \/>\n                <\/div>\n                <div class=\"caption\">\n                    <p class=\"date\">\n                        28 Nov 2024 - 10:00 UTC                    <\/p>\n                    <h4 class=\"title-event\">El Silbo Gomero: salvaguardia y comunidad<\/h4>\n                    <h5 class=\"title-venue\">San Sebasti\u00e1n de La Gomera<\/h5>\n                <\/div><\/a>\n                <div class=\"event-card-footer\">\n                \t<div class=\"event-card-tags\">\n        \t\t\t\t                     <\/div>\n                <\/div><!-- event-card-footer -->\n            \t<\/div><!--event-card-->\n            <\/div><!--col-sm-4-->\n            \n            <div class=\"col-md-4 col-xs-12\">\n            \t<div class=\"event-card\">\n                <a href=\"https:\/\/www.ull.es\/portal\/agenda\/evento\/el-silbo-gomero-patrimonio-inmaterial\/\">\n                <div class=\"thumbnail\">\n                                <img src=\"https:\/\/www.ull.es\/portal\/agenda\/wp-content\/uploads\/sites\/12\/2024\/07\/BannerSilboGomero.png                    \" \/>\n                <\/div>\n                <div class=\"caption\">\n                    <p class=\"date\">\n                        19 Sep 2024 - 00:00 UTC                    <\/p>\n                    <h4 class=\"title-event\">El silbo gomero: patrimonio inmaterial<\/h4>\n                    <h5 class=\"title-venue\">Tenerife \/ La Gomera<\/h5>\n                <\/div><\/a>\n                <div class=\"event-card-footer\">\n                \t<div class=\"event-card-tags\">\n        \t\t\t\t                        \t<a href=\"https:\/\/www.ull.es\/portal\/agenda\/tag\/alumnado-ull\/\">#alumnado ULL<\/a>\n\t\t\t\t\t\t\t                        \t<a href=\"https:\/\/www.ull.es\/portal\/agenda\/tag\/cursos-ull\/\">#Cursos ULL<\/a>\n\t\t\t\t\t\t\t                     <\/div>\n                <\/div><!-- event-card-footer -->\n            \t<\/div><!--event-card-->\n            <\/div><!--col-sm-4-->\n            \n            <div class=\"col-md-4 col-xs-12\">\n            \t<div class=\"event-card\">\n                <a href=\"https:\/\/www.ull.es\/portal\/agenda\/evento\/silbo-gomero-identidad-y-consumo-cultural\/\">\n                <div class=\"thumbnail\">\n                                <img src=\"https:\/\/www.ull.es\/portal\/agenda\/wp-content\/uploads\/sites\/12\/2024\/06\/12.png                    \" \/>\n                <\/div>\n                <div class=\"caption\">\n                    <p class=\"date\">\n                        25 Jul 2024 - 00:00 UTC                    <\/p>\n                    <h4 class=\"title-event\">Silbo gomero: identidad y consumo cultural<\/h4>\n                    <h5 class=\"title-venue\">Adeje<\/h5>\n                <\/div><\/a>\n                <div class=\"event-card-footer\">\n                \t<div class=\"event-card-tags\">\n        \t\t\t\t                        \t<a href=\"https:\/\/www.ull.es\/portal\/agenda\/tag\/alumnado-ull\/\">#alumnado ULL<\/a>\n\t\t\t\t\t\t\t                        \t<a href=\"https:\/\/www.ull.es\/portal\/agenda\/tag\/cursos-adeje\/\">#cursos Adeje<\/a>\n\t\t\t\t\t\t\t                     <\/div>\n                <\/div><!-- event-card-footer -->\n            \t<\/div><!--event-card-->\n            <\/div><!--col-sm-4-->\n                            <\/div>\n                        <div class=\"row\">\n            \n            <div class=\"col-md-4 col-xs-12\">\n            \t<div class=\"event-card\">\n                <a href=\"https:\/\/www.ull.es\/portal\/agenda\/evento\/presentacion-de-los-espacios-para-el-proyecto-centro-de-investigacion-y-practicas-artisticas-cipa\/\">\n                <div class=\"thumbnail\">\n                                <img src=\"https:\/\/www.ull.es\/portal\/agenda\/wp-content\/uploads\/sites\/12\/2024\/05\/Presentacion-de-los-espacios-para-el-proyecto-Centro-de-Investigacion-y-Practicas-Artisticas-CIPA_Banner-eventos.png                    \" \/>\n                <\/div>\n                <div class=\"caption\">\n                    <p class=\"date\">\n                        24 May 2024 - 00:30 UTC                    <\/p>\n                    <h4 class=\"title-event\">Presentaci\u00f3n de los espacios para el proyecto \u201cCentro de Investigaci\u00f3n y Pr\u00e1cticas Art\u00edsticas CIPA\u201d<\/h4>\n                    <h5 class=\"title-venue\">Facultad de Bellas Artes<\/h5>\n                <\/div><\/a>\n                <div class=\"event-card-footer\">\n                \t<div class=\"event-card-tags\">\n        \t\t\t\t                     <\/div>\n                <\/div><!-- event-card-footer -->\n            \t<\/div><!--event-card-->\n            <\/div><!--col-sm-4-->\n            \n            <div class=\"col-md-4 col-xs-12\">\n            \t<div class=\"event-card\">\n                <a href=\"https:\/\/www.ull.es\/portal\/agenda\/evento\/presentacion-de-la-catedra-institucional-de-silbo-gomero\/\">\n                <div class=\"thumbnail\">\n                                <img src=\"https:\/\/www.ull.es\/portal\/agenda\/wp-content\/uploads\/sites\/12\/2024\/04\/Presentacion-de-la-catedra-silbo-gomero_Banner-eventos.png                    \" \/>\n                <\/div>\n                <div class=\"caption\">\n                    <p class=\"date\">\n                        26 Apr 2024 - 11:00 UTC                    <\/p>\n                    <h4 class=\"title-event\">Presentaci\u00f3n de la C\u00e1tedra Institucional de Silbo Gomero<\/h4>\n                    <h5 class=\"title-venue\">Sal\u00f3n de Grados de la Facultad de Educaci\u00f3n (m\u00f3dulo A)<\/h5>\n                <\/div><\/a>\n                <div class=\"event-card-footer\">\n                \t<div class=\"event-card-tags\">\n        \t\t\t\t                     <\/div>\n                <\/div><!-- event-card-footer -->\n            \t<\/div><!--event-card-->\n            <\/div><!--col-sm-4-->\n                            <\/div>\n                    <\/div>\n<\/div>\n\n<div class=\"more-events\">\n    <a href=\"https:\/\/www.ull.es\/portal\/agenda\/eventos\/categoria\/catedra-silbo-gomero\">VER M\u00c1S <i class=\"fa fa-chevron-right\"><\/i><\/a>\n<\/div>\n\r\n\r\n<\/div>\t\t<\/div>\n\t\t\t\t<\/div>\n\t\t\t\t\t<\/div>\n\t\t<\/div>\n\t\t\t\t\t\t\t<\/div>\n\t\t<\/section>\n\t\t\t\t\t\t\t<\/div>\n\t\t","protected":false},"excerpt":{"rendered":"<p>Eventos<\/p>\n","protected":false},"author":18,"featured_media":0,"parent":0,"menu_order":0,"comment_status":"closed","ping_status":"closed","template":"","meta":[],"_links":{"self":[{"href":"https:\/\/www.ull.es\/catedras\/catedra-silbo-gomero\/wp-json\/wp\/v2\/pages\/873"}],"collection":[{"href":"https:\/\/www.ull.es\/catedras\/catedra-silbo-gomero\/wp-json\/wp\/v2\/pages"}],"about":[{"href":"https:\/\/www.ull.es\/catedras\/catedra-silbo-gomero\/wp-json\/wp\/v2\/types\/page"}],"author":[{"embeddable":true,"href":"https:\/\/www.ull.es\/catedras\/catedra-silbo-gomero\/wp-json\/wp\/v2\/users\/18"}],"replies":[{"embeddable":true,"href":"https:\/\/www.ull.es\/catedras\/catedra-silbo-gomero\/wp-json\/wp\/v2\/comments?post=873"}],"version-history":[{"count":27,"href":"https:\/\/www.ull.es\/catedras\/catedra-silbo-gomero\/wp-json\/wp\/v2\/pages\/873\/revisions"}],"predecessor-version":[{"id":905,"href":"https:\/\/www.ull.es\/catedras\/catedra-silbo-gomero\/wp-json\/wp\/v2\/pages\/873\/revisions\/905"}],"wp:attachment":[{"href":"https:\/\/www.ull.es\/catedras\/catedra-silbo-gomero\/wp-json\/wp\/v2\/media?parent=873"}],"curies":[{"name":"wp","href":"https:\/\/api.w.org\/{rel}","templated":true}]}}