{"id":920,"date":"2024-10-09T09:04:44","date_gmt":"2024-10-09T09:04:44","guid":{"rendered":"https:\/\/www.ull.es\/catedras\/catedra-silbo-gomero\/?page_id=920"},"modified":"2024-10-09T10:37:38","modified_gmt":"2024-10-09T10:37:38","slug":"exposicion-virtual","status":"publish","type":"page","link":"https:\/\/www.ull.es\/catedras\/catedra-silbo-gomero\/exposicion-virtual\/","title":{"rendered":"Exposici\u00f3n Virtual"},"content":{"rendered":"\t\t<div data-elementor-type=\"wp-page\" data-elementor-id=\"920\" class=\"elementor elementor-920\">\n\t\t\t\t\t\t\t\t\t<section class=\"elementor-section elementor-top-section elementor-element elementor-element-2741aaf elementor-section-height-min-height elementor-section-boxed elementor-section-height-default elementor-section-items-middle\" data-id=\"2741aaf\" data-element_type=\"section\" data-settings=\"{&quot;background_background&quot;:&quot;classic&quot;}\">\n\t\t\t\t\t\t\t<div class=\"elementor-background-overlay\"><\/div>\n\t\t\t\t\t\t\t<div class=\"elementor-container elementor-column-gap-default\">\n\t\t\t\t\t<div class=\"elementor-column elementor-col-100 elementor-top-column elementor-element elementor-element-b540f5b\" data-id=\"b540f5b\" data-element_type=\"column\">\n\t\t\t<div class=\"elementor-widget-wrap elementor-element-populated\">\n\t\t\t\t\t\t\t\t\t<\/div>\n\t\t<\/div>\n\t\t\t\t\t\t\t<\/div>\n\t\t<\/section>\n\t\t\t\t<section class=\"elementor-section elementor-top-section elementor-element elementor-element-e1b584c elementor-section-boxed elementor-section-height-default elementor-section-height-default\" data-id=\"e1b584c\" data-element_type=\"section\" data-settings=\"{&quot;background_background&quot;:&quot;classic&quot;}\">\n\t\t\t\t\t\t<div class=\"elementor-container elementor-column-gap-default\">\n\t\t\t\t\t<div class=\"elementor-column elementor-col-50 elementor-top-column elementor-element elementor-element-c041f36\" data-id=\"c041f36\" data-element_type=\"column\" data-settings=\"{&quot;background_background&quot;:&quot;classic&quot;}\">\n\t\t\t<div class=\"elementor-widget-wrap elementor-element-populated\">\n\t\t\t\t\t\t\t\t<div class=\"elementor-element elementor-element-f4b09ba elementor-widget elementor-widget-text-editor\" data-id=\"f4b09ba\" data-element_type=\"widget\" data-widget_type=\"text-editor.default\">\n\t\t\t\t<div class=\"elementor-widget-container\">\n\t\t\t<style>\/*! elementor - v3.10.1 - 17-01-2023 *\/\n.elementor-widget-text-editor.elementor-drop-cap-view-stacked .elementor-drop-cap{background-color:#818a91;color:#fff}.elementor-widget-text-editor.elementor-drop-cap-view-framed .elementor-drop-cap{color:#818a91;border:3px solid;background-color:transparent}.elementor-widget-text-editor:not(.elementor-drop-cap-view-default) .elementor-drop-cap{margin-top:8px}.elementor-widget-text-editor:not(.elementor-drop-cap-view-default) .elementor-drop-cap-letter{width:1em;height:1em}.elementor-widget-text-editor .elementor-drop-cap{float:left;text-align:center;line-height:1;font-size:50px}.elementor-widget-text-editor .elementor-drop-cap-letter{display:inline-block}<\/style>\t\t\t\t<p style=\"font-weight: 500;\">El Silbo Gomero protagoniza esta exposici\u00f3n virtual que recrea la muestra<br \/>original inaugurada el 29 de noviembre de 2019 a las 18.00h en la Casa<br \/>Bencomo de San Sebasti\u00e1n de La Gomera para conmemorar el X Aniversario de<br \/>la Declaraci\u00f3n de Silbo Gomero como Patrimonio de la Humanidad. Una<br \/>exposici\u00f3n gr\u00e1fica que fue protagonista tambi\u00e9n en el 2023, en su XV<br \/>aniversario, en el marco de celebraci\u00f3n de las Fiestas Lustrales, en el<br \/>Puerto de San Sebasti\u00e1n.<\/p><p style=\"font-weight: 500;\">La Exposici\u00f3n original es un recorrido por la historia de este lenguaje en<br \/>el contexto de su aniversario. Una muestra organizada por la Consejer\u00eda de<br \/>Patrimonio del Cabildo Insular de La Gomera, la C\u00e1tedra de Silbo Gomero y<br \/>la Fundaci\u00f3n CajaCanarias, impulsando acciones para fortalecer y divulgar<br \/>las caracter\u00edsticas del silbo, as\u00ed como para recuperar su legado documental<br \/>y visual.<\/p><p style=\"font-weight: 500;\">La muestra virtual recupera y recrea esta propuesta hist\u00f3rica y documental,<br \/>pensada para ofrecer testimonio a la comunidad ya quienes visitaron la isla<br \/>de La Gomera del valor del silbo como hecho cultural. Entre las referencias<br \/>hist\u00f3ricas m\u00e1s antiguas encontramos recogidos un documento de 1687 y por<br \/>otra parte, se reflejan las continuas alusiones y referencias a inicios del<br \/>XX de los medios de comunicaci\u00f3n sobre la presencia de este lenguaje en la<br \/>isla de La Gomera, exponiendo testimonios de silbadores, acompa\u00f1ados por el<br \/>hilo documental de los reportajes publicados en la \u00e9poca.<br \/>Con esta recreaci\u00f3n, la C\u00e1tedra Institucional de Silbo Gomero ULL quiere<br \/>compartir, una vez m\u00e1s, este legado documental y visual y ponerlo en<br \/>abierto y disponible de manera permanente, para celebrar el XV Aniversario<br \/>de la Declaraci\u00f3n de Silbo Gomero como Patrimonio de la Humanidad.<\/p><ul><li style=\"font-weight: 500;\"><a href=\"https:\/\/peopleartfactory.com\/g\/Iu772zclfDUtkPF0c9DP\" target=\"_blank\" rel=\"noopener\" target=\"_blank\" rel=\"noopener\">Recreaci\u00f3n virtual de la exposici\u00f3n.<\/a><\/li><\/ul><p style=\"font-weight: 500;\">\u00a0<\/p>\t\t\t\t\t\t<\/div>\n\t\t\t\t<\/div>\n\t\t\t\t\t<\/div>\n\t\t<\/div>\n\t\t\t\t<div class=\"elementor-column elementor-col-50 elementor-top-column elementor-element elementor-element-537e46f\" data-id=\"537e46f\" data-element_type=\"column\">\n\t\t\t<div class=\"elementor-widget-wrap elementor-element-populated\">\n\t\t\t\t\t\t\t\t<div class=\"elementor-element elementor-element-c197765 elementor-widget elementor-widget-image\" data-id=\"c197765\" data-element_type=\"widget\" data-widget_type=\"image.default\">\n\t\t\t\t<div class=\"elementor-widget-container\">\n\t\t\t<style>\/*! elementor - v3.10.1 - 17-01-2023 *\/\n.elementor-widget-image{text-align:center}.elementor-widget-image a{display:inline-block}.elementor-widget-image a img[src$=\".svg\"]{width:48px}.elementor-widget-image img{vertical-align:middle;display:inline-block}<\/style>\t\t\t\t\t\t\t\t\t\t\t\t<img width=\"731\" height=\"2000\" src=\"https:\/\/www.ull.es\/catedras\/catedra-silbo-gomero\/wp-content\/uploads\/sites\/18\/2024\/10\/panel-01-copia.jpg\" class=\"attachment-full size-full wp-image-922\" alt=\"\" loading=\"lazy\" srcset=\"https:\/\/www.ull.es\/catedras\/catedra-silbo-gomero\/wp-content\/uploads\/sites\/18\/2024\/10\/panel-01-copia.jpg 731w, https:\/\/www.ull.es\/catedras\/catedra-silbo-gomero\/wp-content\/uploads\/sites\/18\/2024\/10\/panel-01-copia-110x300.jpg 110w, https:\/\/www.ull.es\/catedras\/catedra-silbo-gomero\/wp-content\/uploads\/sites\/18\/2024\/10\/panel-01-copia-374x1024.jpg 374w, https:\/\/www.ull.es\/catedras\/catedra-silbo-gomero\/wp-content\/uploads\/sites\/18\/2024\/10\/panel-01-copia-561x1536.jpg 561w, https:\/\/www.ull.es\/catedras\/catedra-silbo-gomero\/wp-content\/uploads\/sites\/18\/2024\/10\/panel-01-copia-375x1026.jpg 375w\" sizes=\"(max-width: 731px) 100vw, 731px\" \/>\t\t\t\t\t\t\t\t\t\t\t\t\t\t\t<\/div>\n\t\t\t\t<\/div>\n\t\t\t\t\t<\/div>\n\t\t<\/div>\n\t\t\t\t\t\t\t<\/div>\n\t\t<\/section>\n\t\t\t\t<section class=\"elementor-section elementor-top-section elementor-element elementor-element-6ff20b0 elementor-section-full_width elementor-section-height-default elementor-section-height-default\" data-id=\"6ff20b0\" data-element_type=\"section\">\n\t\t\t\t\t\t<div class=\"elementor-container elementor-column-gap-default\">\n\t\t\t\t\t<div class=\"elementor-column elementor-col-100 elementor-top-column elementor-element elementor-element-6c95eee\" data-id=\"6c95eee\" data-element_type=\"column\">\n\t\t\t<div class=\"elementor-widget-wrap elementor-element-populated\">\n\t\t\t\t\t\t\t\t<div class=\"elementor-element elementor-element-a505059 elementor-widget elementor-widget-gallery\" data-id=\"a505059\" data-element_type=\"widget\" data-settings=\"{&quot;columns&quot;:5,&quot;aspect_ratio&quot;:&quot;9:16&quot;,&quot;lazyload&quot;:&quot;yes&quot;,&quot;gallery_layout&quot;:&quot;grid&quot;,&quot;columns_tablet&quot;:2,&quot;columns_mobile&quot;:1,&quot;gap&quot;:{&quot;unit&quot;:&quot;px&quot;,&quot;size&quot;:10,&quot;sizes&quot;:[]},&quot;gap_tablet&quot;:{&quot;unit&quot;:&quot;px&quot;,&quot;size&quot;:10,&quot;sizes&quot;:[]},&quot;gap_mobile&quot;:{&quot;unit&quot;:&quot;px&quot;,&quot;size&quot;:10,&quot;sizes&quot;:[]},&quot;link_to&quot;:&quot;file&quot;,&quot;overlay_background&quot;:&quot;yes&quot;,&quot;content_hover_animation&quot;:&quot;fade-in&quot;}\" data-widget_type=\"gallery.default\">\n\t\t\t\t<div class=\"elementor-widget-container\">\n\t\t\t<style>\/*! elementor-pro - v3.9.1 - 14-12-2022 *\/\n.elementor-gallery__container{min-height:1px}.elementor-gallery-item{position:relative;overflow:hidden;display:block;text-decoration:none;border:solid var(--image-border-width) var(--image-border-color);border-radius:var(--image-border-radius)}.elementor-gallery-item__content,.elementor-gallery-item__overlay{height:100%;width:100%;position:absolute;top:0;left:0}.elementor-gallery-item__overlay{mix-blend-mode:var(--overlay-mix-blend-mode);transition-duration:var(--overlay-transition-duration);transition-property:mix-blend-mode,transform,opacity,background-color}.elementor-gallery-item__image.e-gallery-image{transition-duration:var(--image-transition-duration);transition-property:filter,transform}.elementor-gallery-item__content{display:flex;flex-direction:column;justify-content:var(--content-justify-content,center);align-items:center;text-align:var(--content-text-align);padding:var(--content-padding)}.elementor-gallery-item__content>div{transition-duration:var(--content-transition-duration)}.elementor-gallery-item__content.elementor-gallery--sequenced-animation>div:nth-child(2){transition-delay:calc(var(--content-transition-delay) \/ 3)}.elementor-gallery-item__content.elementor-gallery--sequenced-animation>div:nth-child(3){transition-delay:calc(var(--content-transition-delay) \/ 3 * 2)}.elementor-gallery-item__content.elementor-gallery--sequenced-animation>div:nth-child(4){transition-delay:calc(var(--content-transition-delay) \/ 3 * 3)}.elementor-gallery-item__description{color:var(--description-text-color,#fff);width:100%}.elementor-gallery-item__title{color:var(--title-text-color,#fff);font-weight:700;width:100%}.elementor-gallery__titles-container{display:flex;flex-wrap:wrap;justify-content:var(--titles-container-justify-content,center);margin-bottom:20px}.elementor-gallery__titles-container:not(.e--pointer-framed) .elementor-item:after,.elementor-gallery__titles-container:not(.e--pointer-framed) .elementor-item:before{background-color:var(--galleries-pointer-bg-color-hover)}.elementor-gallery__titles-container:not(.e--pointer-framed) .elementor-item.elementor-item-active:after,.elementor-gallery__titles-container:not(.e--pointer-framed) .elementor-item.elementor-item-active:before{background-color:var(--galleries-pointer-bg-color-active)}.elementor-gallery__titles-container.e--pointer-framed .elementor-item:before{border-color:var(--galleries-pointer-bg-color-hover);border-width:var(--galleries-pointer-border-width)}.elementor-gallery__titles-container.e--pointer-framed .elementor-item:after{border-color:var(--galleries-pointer-bg-color-hover)}.elementor-gallery__titles-container.e--pointer-framed .elementor-item.elementor-item-active:after,.elementor-gallery__titles-container.e--pointer-framed .elementor-item.elementor-item-active:before{border-color:var(--galleries-pointer-bg-color-active)}.elementor-gallery__titles-container.e--pointer-framed.e--animation-draw .elementor-item:before{border-left-width:var(--galleries-pointer-border-width);border-bottom-width:var(--galleries-pointer-border-width);border-right-width:0;border-top-width:0}.elementor-gallery__titles-container.e--pointer-framed.e--animation-draw .elementor-item:after{border-left-width:0;border-bottom-width:0;border-right-width:var(--galleries-pointer-border-width);border-top-width:var(--galleries-pointer-border-width)}.elementor-gallery__titles-container.e--pointer-framed.e--animation-corners .elementor-item:before{border-left-width:var(--galleries-pointer-border-width);border-bottom-width:0;border-right-width:0;border-top-width:var(--galleries-pointer-border-width)}.elementor-gallery__titles-container.e--pointer-framed.e--animation-corners .elementor-item:after{border-left-width:0;border-bottom-width:var(--galleries-pointer-border-width);border-right-width:var(--galleries-pointer-border-width);border-top-width:0}.elementor-gallery__titles-container .e--pointer-double-line .elementor-item:after,.elementor-gallery__titles-container .e--pointer-double-line .elementor-item:before,.elementor-gallery__titles-container .e--pointer-overline .elementor-item:before,.elementor-gallery__titles-container .e--pointer-underline .elementor-item:after{height:var(--galleries-pointer-border-width)}.elementor-gallery-title{--space-between:10px;cursor:pointer;color:#6d7882;font-weight:500;position:relative;padding:7px 14px;transition:all .3s}.elementor-gallery-title--active{color:#495157}.elementor-gallery-title:not(:last-child){margin-right:var(--space-between)}.elementor-gallery-item__title+.elementor-gallery-item__description{margin-top:var(--description-margin-top)}.e-gallery-item.elementor-gallery-item{transition-property:all}.e-gallery-item.elementor-animated-content .elementor-animated-item--enter-from-bottom,.e-gallery-item.elementor-animated-content .elementor-animated-item--enter-from-left,.e-gallery-item.elementor-animated-content .elementor-animated-item--enter-from-right,.e-gallery-item.elementor-animated-content .elementor-animated-item--enter-from-top,.e-gallery-item:hover .elementor-gallery__item-overlay-bg,.e-gallery-item:hover .elementor-gallery__item-overlay-content,.e-gallery-item:hover .elementor-gallery__item-overlay-content__description,.e-gallery-item:hover .elementor-gallery__item-overlay-content__title{opacity:1}a.elementor-item.elementor-gallery-title{color:var(--galleries-title-color-normal)}a.elementor-item.elementor-gallery-title.elementor-item-active,a.elementor-item.elementor-gallery-title.highlighted,a.elementor-item.elementor-gallery-title:focus,a.elementor-item.elementor-gallery-title:hover{color:var(--galleries-title-color-hover)}a.elementor-item.elementor-gallery-title.elementor-item-active{color:var(--gallery-title-color-active)}.e-con-inner>.elementor-widget-gallery,.e-con>.elementor-widget-gallery{width:var(--container-widget-width);--flex-grow:var(--container-widget-flex-grow)}<\/style>\t\t<div class=\"elementor-gallery__container\">\n\t\t\t\t\t\t\t<a class=\"e-gallery-item elementor-gallery-item elementor-animated-content\" href=\"https:\/\/www.ull.es\/catedras\/catedra-silbo-gomero\/wp-content\/uploads\/sites\/18\/2024\/10\/panel-02-copia.jpg\" data-elementor-open-lightbox=\"yes\" data-elementor-lightbox-slideshow=\"all-a505059\" data-elementor-lightbox-title=\"panel-02-copia\" e-action-hash=\"#elementor-action%3Aaction%3Dlightbox%26settings%3DeyJpZCI6OTIzLCJ1cmwiOiJodHRwczpcL1wvd3d3LnVsbC5lc1wvY2F0ZWRyYXNcL2NhdGVkcmEtc2lsYm8tZ29tZXJvXC93cC1jb250ZW50XC91cGxvYWRzXC9zaXRlc1wvMThcLzIwMjRcLzEwXC9wYW5lbC0wMi1jb3BpYS5qcGciLCJzbGlkZXNob3ciOiJhbGwtYTUwNTA1OSJ9\" target=\"_blank\" rel=\"noopener\">\n\t\t\t\t\t<div class=\"e-gallery-image elementor-gallery-item__image\" data-thumbnail=\"https:\/\/www.ull.es\/catedras\/catedra-silbo-gomero\/wp-content\/uploads\/sites\/18\/2024\/10\/panel-02-copia.jpg\" data-width=\"870\" data-height=\"2000\" alt=\"\" ><\/div>\n\t\t\t\t\t\t\t\t\t\t\t<div class=\"elementor-gallery-item__overlay\"><\/div>\n\t\t\t\t\t\t\t\t\t\t\t\t\t\t<\/a>\n\t\t\t\t\t\t\t<a class=\"e-gallery-item elementor-gallery-item elementor-animated-content\" href=\"https:\/\/www.ull.es\/catedras\/catedra-silbo-gomero\/wp-content\/uploads\/sites\/18\/2024\/10\/PANEL-03-copia.jpg\" data-elementor-open-lightbox=\"yes\" data-elementor-lightbox-slideshow=\"all-a505059\" data-elementor-lightbox-title=\"PANEL-03-copia\" e-action-hash=\"#elementor-action%3Aaction%3Dlightbox%26settings%3DeyJpZCI6OTI0LCJ1cmwiOiJodHRwczpcL1wvd3d3LnVsbC5lc1wvY2F0ZWRyYXNcL2NhdGVkcmEtc2lsYm8tZ29tZXJvXC93cC1jb250ZW50XC91cGxvYWRzXC9zaXRlc1wvMThcLzIwMjRcLzEwXC9QQU5FTC0wMy1jb3BpYS5qcGciLCJzbGlkZXNob3ciOiJhbGwtYTUwNTA1OSJ9\" target=\"_blank\" rel=\"noopener\">\n\t\t\t\t\t<div class=\"e-gallery-image elementor-gallery-item__image\" data-thumbnail=\"https:\/\/www.ull.es\/catedras\/catedra-silbo-gomero\/wp-content\/uploads\/sites\/18\/2024\/10\/PANEL-03-copia.jpg\" data-width=\"959\" data-height=\"2000\" alt=\"\" ><\/div>\n\t\t\t\t\t\t\t\t\t\t\t<div class=\"elementor-gallery-item__overlay\"><\/div>\n\t\t\t\t\t\t\t\t\t\t\t\t\t\t<\/a>\n\t\t\t\t\t\t\t<a class=\"e-gallery-item elementor-gallery-item elementor-animated-content\" href=\"https:\/\/www.ull.es\/catedras\/catedra-silbo-gomero\/wp-content\/uploads\/sites\/18\/2024\/10\/PANEL-04-copia.jpg\" data-elementor-open-lightbox=\"yes\" data-elementor-lightbox-slideshow=\"all-a505059\" data-elementor-lightbox-title=\"PANEL-04-copia\" e-action-hash=\"#elementor-action%3Aaction%3Dlightbox%26settings%3DeyJpZCI6OTI1LCJ1cmwiOiJodHRwczpcL1wvd3d3LnVsbC5lc1wvY2F0ZWRyYXNcL2NhdGVkcmEtc2lsYm8tZ29tZXJvXC93cC1jb250ZW50XC91cGxvYWRzXC9zaXRlc1wvMThcLzIwMjRcLzEwXC9QQU5FTC0wNC1jb3BpYS5qcGciLCJzbGlkZXNob3ciOiJhbGwtYTUwNTA1OSJ9\" target=\"_blank\" rel=\"noopener\">\n\t\t\t\t\t<div class=\"e-gallery-image elementor-gallery-item__image\" data-thumbnail=\"https:\/\/www.ull.es\/catedras\/catedra-silbo-gomero\/wp-content\/uploads\/sites\/18\/2024\/10\/PANEL-04-copia.jpg\" data-width=\"653\" data-height=\"2000\" alt=\"\" ><\/div>\n\t\t\t\t\t\t\t\t\t\t\t<div class=\"elementor-gallery-item__overlay\"><\/div>\n\t\t\t\t\t\t\t\t\t\t\t\t\t\t<\/a>\n\t\t\t\t\t\t\t<a class=\"e-gallery-item elementor-gallery-item elementor-animated-content\" href=\"https:\/\/www.ull.es\/catedras\/catedra-silbo-gomero\/wp-content\/uploads\/sites\/18\/2024\/10\/PANEL-05-copia.jpg\" data-elementor-open-lightbox=\"yes\" data-elementor-lightbox-slideshow=\"all-a505059\" data-elementor-lightbox-title=\"PANEL-05-copia\" e-action-hash=\"#elementor-action%3Aaction%3Dlightbox%26settings%3DeyJpZCI6OTI2LCJ1cmwiOiJodHRwczpcL1wvd3d3LnVsbC5lc1wvY2F0ZWRyYXNcL2NhdGVkcmEtc2lsYm8tZ29tZXJvXC93cC1jb250ZW50XC91cGxvYWRzXC9zaXRlc1wvMThcLzIwMjRcLzEwXC9QQU5FTC0wNS1jb3BpYS5qcGciLCJzbGlkZXNob3ciOiJhbGwtYTUwNTA1OSJ9\" target=\"_blank\" rel=\"noopener\">\n\t\t\t\t\t<div class=\"e-gallery-image elementor-gallery-item__image\" data-thumbnail=\"https:\/\/www.ull.es\/catedras\/catedra-silbo-gomero\/wp-content\/uploads\/sites\/18\/2024\/10\/PANEL-05-copia.jpg\" data-width=\"972\" data-height=\"2000\" alt=\"\" ><\/div>\n\t\t\t\t\t\t\t\t\t\t\t<div class=\"elementor-gallery-item__overlay\"><\/div>\n\t\t\t\t\t\t\t\t\t\t\t\t\t\t<\/a>\n\t\t\t\t\t\t\t<a class=\"e-gallery-item elementor-gallery-item elementor-animated-content\" href=\"https:\/\/www.ull.es\/catedras\/catedra-silbo-gomero\/wp-content\/uploads\/sites\/18\/2024\/10\/PANEL-06.1-copia.jpg\" data-elementor-open-lightbox=\"yes\" data-elementor-lightbox-slideshow=\"all-a505059\" data-elementor-lightbox-title=\"PANEL-06.1-copia\" e-action-hash=\"#elementor-action%3Aaction%3Dlightbox%26settings%3DeyJpZCI6OTI3LCJ1cmwiOiJodHRwczpcL1wvd3d3LnVsbC5lc1wvY2F0ZWRyYXNcL2NhdGVkcmEtc2lsYm8tZ29tZXJvXC93cC1jb250ZW50XC91cGxvYWRzXC9zaXRlc1wvMThcLzIwMjRcLzEwXC9QQU5FTC0wNi4xLWNvcGlhLmpwZyIsInNsaWRlc2hvdyI6ImFsbC1hNTA1MDU5In0%3D\" target=\"_blank\" rel=\"noopener\">\n\t\t\t\t\t<div class=\"e-gallery-image elementor-gallery-item__image\" data-thumbnail=\"https:\/\/www.ull.es\/catedras\/catedra-silbo-gomero\/wp-content\/uploads\/sites\/18\/2024\/10\/PANEL-06.1-copia.jpg\" data-width=\"975\" data-height=\"2000\" alt=\"\" ><\/div>\n\t\t\t\t\t\t\t\t\t\t\t<div class=\"elementor-gallery-item__overlay\"><\/div>\n\t\t\t\t\t\t\t\t\t\t\t\t\t\t<\/a>\n\t\t\t\t\t\t\t<a class=\"e-gallery-item elementor-gallery-item elementor-animated-content\" href=\"https:\/\/www.ull.es\/catedras\/catedra-silbo-gomero\/wp-content\/uploads\/sites\/18\/2024\/10\/PANEL-07-copia.jpg\" data-elementor-open-lightbox=\"yes\" data-elementor-lightbox-slideshow=\"all-a505059\" data-elementor-lightbox-title=\"PANEL-07-copia\" e-action-hash=\"#elementor-action%3Aaction%3Dlightbox%26settings%3DeyJpZCI6OTI4LCJ1cmwiOiJodHRwczpcL1wvd3d3LnVsbC5lc1wvY2F0ZWRyYXNcL2NhdGVkcmEtc2lsYm8tZ29tZXJvXC93cC1jb250ZW50XC91cGxvYWRzXC9zaXRlc1wvMThcLzIwMjRcLzEwXC9QQU5FTC0wNy1jb3BpYS5qcGciLCJzbGlkZXNob3ciOiJhbGwtYTUwNTA1OSJ9\" target=\"_blank\" rel=\"noopener\">\n\t\t\t\t\t<div class=\"e-gallery-image elementor-gallery-item__image\" data-thumbnail=\"https:\/\/www.ull.es\/catedras\/catedra-silbo-gomero\/wp-content\/uploads\/sites\/18\/2024\/10\/PANEL-07-copia.jpg\" data-width=\"962\" data-height=\"2000\" alt=\"\" ><\/div>\n\t\t\t\t\t\t\t\t\t\t\t<div class=\"elementor-gallery-item__overlay\"><\/div>\n\t\t\t\t\t\t\t\t\t\t\t\t\t\t<\/a>\n\t\t\t\t\t\t\t<a class=\"e-gallery-item elementor-gallery-item elementor-animated-content\" href=\"https:\/\/www.ull.es\/catedras\/catedra-silbo-gomero\/wp-content\/uploads\/sites\/18\/2024\/10\/PANEL-08.jpg\" data-elementor-open-lightbox=\"yes\" data-elementor-lightbox-slideshow=\"all-a505059\" data-elementor-lightbox-title=\"PANEL-08\" e-action-hash=\"#elementor-action%3Aaction%3Dlightbox%26settings%3DeyJpZCI6OTM4LCJ1cmwiOiJodHRwczpcL1wvd3d3LnVsbC5lc1wvY2F0ZWRyYXNcL2NhdGVkcmEtc2lsYm8tZ29tZXJvXC93cC1jb250ZW50XC91cGxvYWRzXC9zaXRlc1wvMThcLzIwMjRcLzEwXC9QQU5FTC0wOC5qcGciLCJzbGlkZXNob3ciOiJhbGwtYTUwNTA1OSJ9\" target=\"_blank\" rel=\"noopener\">\n\t\t\t\t\t<div class=\"e-gallery-image elementor-gallery-item__image\" data-thumbnail=\"https:\/\/www.ull.es\/catedras\/catedra-silbo-gomero\/wp-content\/uploads\/sites\/18\/2024\/10\/PANEL-08.jpg\" data-width=\"755\" data-height=\"1600\" alt=\"\" ><\/div>\n\t\t\t\t\t\t\t\t\t\t\t<div class=\"elementor-gallery-item__overlay\"><\/div>\n\t\t\t\t\t\t\t\t\t\t\t\t\t\t<\/a>\n\t\t\t\t\t\t\t<a class=\"e-gallery-item elementor-gallery-item elementor-animated-content\" href=\"https:\/\/www.ull.es\/catedras\/catedra-silbo-gomero\/wp-content\/uploads\/sites\/18\/2024\/10\/PANEL-09.jpg\" data-elementor-open-lightbox=\"yes\" data-elementor-lightbox-slideshow=\"all-a505059\" data-elementor-lightbox-title=\"PANEL-09\" e-action-hash=\"#elementor-action%3Aaction%3Dlightbox%26settings%3DeyJpZCI6OTM5LCJ1cmwiOiJodHRwczpcL1wvd3d3LnVsbC5lc1wvY2F0ZWRyYXNcL2NhdGVkcmEtc2lsYm8tZ29tZXJvXC93cC1jb250ZW50XC91cGxvYWRzXC9zaXRlc1wvMThcLzIwMjRcLzEwXC9QQU5FTC0wOS5qcGciLCJzbGlkZXNob3ciOiJhbGwtYTUwNTA1OSJ9\" target=\"_blank\" rel=\"noopener\">\n\t\t\t\t\t<div class=\"e-gallery-image elementor-gallery-item__image\" data-thumbnail=\"https:\/\/www.ull.es\/catedras\/catedra-silbo-gomero\/wp-content\/uploads\/sites\/18\/2024\/10\/PANEL-09.jpg\" data-width=\"725\" data-height=\"1500\" alt=\"\" ><\/div>\n\t\t\t\t\t\t\t\t\t\t\t<div class=\"elementor-gallery-item__overlay\"><\/div>\n\t\t\t\t\t\t\t\t\t\t\t\t\t\t<\/a>\n\t\t\t\t\t\t\t<a class=\"e-gallery-item elementor-gallery-item elementor-animated-content\" href=\"https:\/\/www.ull.es\/catedras\/catedra-silbo-gomero\/wp-content\/uploads\/sites\/18\/2024\/10\/panel-10-copia.jpg\" data-elementor-open-lightbox=\"yes\" data-elementor-lightbox-slideshow=\"all-a505059\" data-elementor-lightbox-title=\"panel-10-copia\" e-action-hash=\"#elementor-action%3Aaction%3Dlightbox%26settings%3DeyJpZCI6OTI5LCJ1cmwiOiJodHRwczpcL1wvd3d3LnVsbC5lc1wvY2F0ZWRyYXNcL2NhdGVkcmEtc2lsYm8tZ29tZXJvXC93cC1jb250ZW50XC91cGxvYWRzXC9zaXRlc1wvMThcLzIwMjRcLzEwXC9wYW5lbC0xMC1jb3BpYS5qcGciLCJzbGlkZXNob3ciOiJhbGwtYTUwNTA1OSJ9\" target=\"_blank\" rel=\"noopener\">\n\t\t\t\t\t<div class=\"e-gallery-image elementor-gallery-item__image\" data-thumbnail=\"https:\/\/www.ull.es\/catedras\/catedra-silbo-gomero\/wp-content\/uploads\/sites\/18\/2024\/10\/panel-10-copia.jpg\" data-width=\"933\" data-height=\"2000\" alt=\"\" ><\/div>\n\t\t\t\t\t\t\t\t\t\t\t<div class=\"elementor-gallery-item__overlay\"><\/div>\n\t\t\t\t\t\t\t\t\t\t\t\t\t\t<\/a>\n\t\t\t\t\t\t\t<a class=\"e-gallery-item elementor-gallery-item elementor-animated-content\" href=\"https:\/\/www.ull.es\/catedras\/catedra-silbo-gomero\/wp-content\/uploads\/sites\/18\/2024\/10\/PANEL-11-copia-1.jpg\" data-elementor-open-lightbox=\"yes\" data-elementor-lightbox-slideshow=\"all-a505059\" data-elementor-lightbox-title=\"PANEL-11-copia-(1)\" e-action-hash=\"#elementor-action%3Aaction%3Dlightbox%26settings%3DeyJpZCI6OTMwLCJ1cmwiOiJodHRwczpcL1wvd3d3LnVsbC5lc1wvY2F0ZWRyYXNcL2NhdGVkcmEtc2lsYm8tZ29tZXJvXC93cC1jb250ZW50XC91cGxvYWRzXC9zaXRlc1wvMThcLzIwMjRcLzEwXC9QQU5FTC0xMS1jb3BpYS0xLmpwZyIsInNsaWRlc2hvdyI6ImFsbC1hNTA1MDU5In0%3D\" target=\"_blank\" rel=\"noopener\">\n\t\t\t\t\t<div class=\"e-gallery-image elementor-gallery-item__image\" data-thumbnail=\"https:\/\/www.ull.es\/catedras\/catedra-silbo-gomero\/wp-content\/uploads\/sites\/18\/2024\/10\/PANEL-11-copia-1.jpg\" data-width=\"898\" data-height=\"2000\" alt=\"\" ><\/div>\n\t\t\t\t\t\t\t\t\t\t\t<div class=\"elementor-gallery-item__overlay\"><\/div>\n\t\t\t\t\t\t\t\t\t\t\t\t\t\t<\/a>\n\t\t\t\t\t<\/div>\n\t\t\t<\/div>\n\t\t\t\t<\/div>\n\t\t\t\t\t<\/div>\n\t\t<\/div>\n\t\t\t\t\t\t\t<\/div>\n\t\t<\/section>\n\t\t\t\t\t\t\t<\/div>\n\t\t","protected":false},"excerpt":{"rendered":"<p>El Silbo Gomero protagoniza esta exposici\u00f3n virtual que recrea la muestraoriginal inaugurada el 29 de noviembre de 2019 a las 18.00h en la CasaBencomo de San Sebasti\u00e1n de La Gomera para conmemorar el X Aniversario dela Declaraci\u00f3n de Silbo Gomero como Patrimonio de la Humanidad. Unaexposici\u00f3n gr\u00e1fica que fue protagonista tambi\u00e9n en el 2023, en&#8230;<\/p>\n","protected":false},"author":18,"featured_media":0,"parent":0,"menu_order":0,"comment_status":"closed","ping_status":"closed","template":"","meta":[],"_links":{"self":[{"href":"https:\/\/www.ull.es\/catedras\/catedra-silbo-gomero\/wp-json\/wp\/v2\/pages\/920"}],"collection":[{"href":"https:\/\/www.ull.es\/catedras\/catedra-silbo-gomero\/wp-json\/wp\/v2\/pages"}],"about":[{"href":"https:\/\/www.ull.es\/catedras\/catedra-silbo-gomero\/wp-json\/wp\/v2\/types\/page"}],"author":[{"embeddable":true,"href":"https:\/\/www.ull.es\/catedras\/catedra-silbo-gomero\/wp-json\/wp\/v2\/users\/18"}],"replies":[{"embeddable":true,"href":"https:\/\/www.ull.es\/catedras\/catedra-silbo-gomero\/wp-json\/wp\/v2\/comments?post=920"}],"version-history":[{"count":28,"href":"https:\/\/www.ull.es\/catedras\/catedra-silbo-gomero\/wp-json\/wp\/v2\/pages\/920\/revisions"}],"predecessor-version":[{"id":961,"href":"https:\/\/www.ull.es\/catedras\/catedra-silbo-gomero\/wp-json\/wp\/v2\/pages\/920\/revisions\/961"}],"wp:attachment":[{"href":"https:\/\/www.ull.es\/catedras\/catedra-silbo-gomero\/wp-json\/wp\/v2\/media?parent=920"}],"curies":[{"name":"wp","href":"https:\/\/api.w.org\/{rel}","templated":true}]}}