{"id":16,"date":"2019-03-19T13:32:54","date_gmt":"2019-03-19T12:32:54","guid":{"rendered":"https:\/\/www.ull.es\/catedras\/catredra-turismo\/?page_id=16"},"modified":"2025-12-23T11:37:04","modified_gmt":"2025-12-23T10:37:04","slug":"conocenos","status":"publish","type":"page","link":"https:\/\/www.ull.es\/catedras\/catedra-turismo\/conocenos\/","title":{"rendered":"Con\u00f3cenos"},"content":{"rendered":"<p>[vc_row][vc_column][vc_empty_space][\/vc_column][\/vc_row][vc_row][vc_column width=\u00bb1\/2&#8243;][vc_column_text]<\/p>\n<p style=\"text-align: justify;\">La C\u00e1tedra de Turismo naci\u00f3 hace ahora seis a\u00f1os con el objetivo de crear la primera gran red de colaboraci\u00f3n entre investigadores en Turismo de la ULL a trav\u00e9s del apoyo financiero de la Fundaci\u00f3n CajaCanarias y de Ashotel. La C\u00e1tedra se ha convertido en estos a\u00f1os en un referente para el impulso de la formaci\u00f3n, la investigaci\u00f3n y la transferencia de conocimiento tur\u00edstico, a trav\u00e9s de su articulaci\u00f3n con las redes de instituciones p\u00fablicas y privadas. Sin embargo, entramos en una fase en la que debemos dotarnos de una mayor capacidad para generar conocimiento en beneficio del bienestar de nuestra comunidad. Creemos que el sector tur\u00edstico canario y la universidad han alcanzado un nivel de madurez suficiente para asumir este complejo reto.<\/p>\n<p style=\"text-align: justify;\">Estamos en un momento para la reflexi\u00f3n en la que la estrategia tur\u00edstica de Canarias debe orientarse hacia un modelo menos dependiente de los recursos naturales y el clima, basculando cada vez m\u00e1s hacia el conocimiento, la innovaci\u00f3n y la sostenibilidad. Solo as\u00ed han podido sobrevivir los sectores m\u00e1s din\u00e1micos de la industria y los servicios en Europa frente a la creciente competencia de los de pa\u00edses con menores costes laborales.<\/p>\n<p style=\"text-align: justify;\">Canarias ha sido pionera y hasta l\u00edder en el modelo tur\u00edstico m\u00e1s tradicional y ahora tenemos la oportunidad de ser pioneros y marcar el camino en los nuevos modelos tur\u00edsticos intensivos en conocimiento, un conocimiento m\u00e1s abierto y compartido en redes. Un modelo en el que la universidad tiene que jugar un papel m\u00e1s importante.<\/p>\n<p>[\/vc_column_text][\/vc_column][vc_column width=\u00bb1\/2&#8243;][vc_single_image image=\u00bb504&#8243; img_size=\u00bbfull\u00bb css_animation=\u00bbzoomIn\u00bb][vc_column_text css=\u00bb.vc_custom_1766486221812{margin-top: 25px !important;}\u00bb]<\/p>\n<div class=\"shortcode-equipo\">\n<h2>Consejo de Direcci\u00f3n<\/h2>\n<dl>\n<dt><strong>Director<\/strong><\/dt>\n<dd><a href=\"https:\/\/www.ull.es\/directorio\/search\/?busqueda=Ra\u00fal Hern\u00e1ndez Mart\u00edn\" target=\"_blank\" rel=\"noopener\" target=\"_blank\" rel=\"noopener\">Ra\u00fal Hern\u00e1ndez Mart\u00edn<\/a><\/dd>\n<dt><strong>Subdirector<\/strong><\/dt>\n<dd><a href=\"https:\/\/www.ull.es\/directorio\/search\/?busqueda=Mois\u00e9s Simancas Cruz\" target=\"_blank\" rel=\"noopener\" target=\"_blank\" rel=\"noopener\">Mois\u00e9s Simancas Cruz<\/a><\/dd>\n<dt><strong>Subdirectora<\/strong><\/dt>\n<dd><a href=\"https:\/\/www.ull.es\/directorio\/search\/?busqueda=Noemi Padr\u00f3n Fumero\" target=\"_blank\" rel=\"noopener\" target=\"_blank\" rel=\"noopener\">Noemi Padr\u00f3n Fumero<\/a><\/dd>\n<dt><strong>Subdirector<\/strong><\/dt>\n<dd><a href=\"https:\/\/www.ull.es\/directorio\/search\/?busqueda=Pablo Gonz\u00e1lez Rodr\u00edguez\" target=\"_blank\" rel=\"noopener\" target=\"_blank\" rel=\"noopener\">Pablo Gonz\u00e1lez Rodr\u00edguez<\/a><\/dd>\n<dt><strong>Subdirector<\/strong><\/dt>\n<dd><a href=\"https:\/\/www.ull.es\/directorio\/search\/?busqueda=Hugo Padr\u00f3n \u00c1vila\" target=\"_blank\" rel=\"noopener\" target=\"_blank\" rel=\"noopener\">Hugo Padr\u00f3n \u00c1vila<\/a><\/dd>\n<\/dl>\n<\/div>\n<p>[\/vc_column_text][\/vc_column][\/vc_row]<\/p>\n","protected":false},"excerpt":{"rendered":"<p>[vc_row][vc_column][vc_empty_space][\/vc_column][\/vc_row][vc_row][vc_column width=\u00bb1\/2&#8243;][vc_column_text] La C\u00e1tedra de Turismo naci\u00f3 hace ahora seis a\u00f1os con el objetivo de crear la primera gran red de colaboraci\u00f3n entre investigadores en Turismo de la ULL a trav\u00e9s del apoyo financiero de la Fundaci\u00f3n CajaCanarias y de Ashotel. La C\u00e1tedra se ha convertido en estos a\u00f1os en un referente para el impulso&#8230;<\/p>\n","protected":false},"author":5,"featured_media":0,"parent":0,"menu_order":0,"comment_status":"closed","ping_status":"closed","template":"","meta":[],"_links":{"self":[{"href":"https:\/\/www.ull.es\/catedras\/catedra-turismo\/wp-json\/wp\/v2\/pages\/16"}],"collection":[{"href":"https:\/\/www.ull.es\/catedras\/catedra-turismo\/wp-json\/wp\/v2\/pages"}],"about":[{"href":"https:\/\/www.ull.es\/catedras\/catedra-turismo\/wp-json\/wp\/v2\/types\/page"}],"author":[{"embeddable":true,"href":"https:\/\/www.ull.es\/catedras\/catedra-turismo\/wp-json\/wp\/v2\/users\/5"}],"replies":[{"embeddable":true,"href":"https:\/\/www.ull.es\/catedras\/catedra-turismo\/wp-json\/wp\/v2\/comments?post=16"}],"version-history":[{"count":14,"href":"https:\/\/www.ull.es\/catedras\/catedra-turismo\/wp-json\/wp\/v2\/pages\/16\/revisions"}],"predecessor-version":[{"id":526,"href":"https:\/\/www.ull.es\/catedras\/catedra-turismo\/wp-json\/wp\/v2\/pages\/16\/revisions\/526"}],"wp:attachment":[{"href":"https:\/\/www.ull.es\/catedras\/catedra-turismo\/wp-json\/wp\/v2\/media?parent=16"}],"curies":[{"name":"wp","href":"https:\/\/api.w.org\/{rel}","templated":true}]}}