{"id":18,"date":"2019-03-19T13:33:17","date_gmt":"2019-03-19T12:33:17","guid":{"rendered":"https:\/\/www.ull.es\/catedras\/catredra-turismo\/?page_id=18"},"modified":"2019-05-13T11:19:48","modified_gmt":"2019-05-13T09:19:48","slug":"lineas-de-investigacion","status":"publish","type":"page","link":"https:\/\/www.ull.es\/catedras\/catedra-turismo\/lineas-de-investigacion\/","title":{"rendered":"L\u00edneas de Investigaci\u00f3n"},"content":{"rendered":"<p>[vc_row][vc_column][vc_empty_space][\/vc_column][\/vc_row][vc_row][vc_column width=\u00bb1\/4&#8243;][vc_message message_box_style=\u00bboutline\u00bb style=\u00bbsquare\u00bb icon_fontawesome=\u00bbfa fa-flask\u00bb css_animation=\u00bbbounceIn\u00bb]<span style=\"font-weight: 400\">INVESTIGACI\u00d3N<\/span>[\/vc_message][\/vc_column][vc_column width=\u00bb3\/4&#8243;][\/vc_column][\/vc_row][vc_row][vc_column][vc_row_inner][vc_column_inner width=\u00bb2\/3&#8243;][vc_column_text]<\/p>\n<h2>L\u00edneas de Investigaci\u00f3n de la C\u00e1tedra<\/h2>\n<p>[\/vc_column_text][\/vc_column_inner][vc_column_inner width=\u00bb1\/3&#8243;][vc_column_text]<\/p>\n<h2>Investigador\/a Principal<\/h2>\n<p>[\/vc_column_text][\/vc_column_inner][\/vc_row_inner][vc_empty_space][vc_row_inner][vc_column_inner width=\u00bb2\/3&#8243;][vc_column_text]<a href=\"https:\/\/www.ull.es\/catedras\/catredra-turismo\/wp-content\/uploads\/sites\/4\/2019\/04\/1.-An\u00e1lisis-del-impacto-social-medioambiental-y-econ\u00f3mico-de-la-gesti\u00f3n-del-agua-en-el-sector-tur\u00edstico-y-propuestas-de-mejora_compressed.pdf\" target=\"_blank\" rel=\"noopener\" target=\"_blank\" rel=\"noopener\">An\u00e1lisis del impacto social, medioambiental y econ\u00f3mico de la gesti\u00f3n del agua en el sector tur\u00edstico y propuestas de mejora.<\/a>[\/vc_column_text][\/vc_column_inner][vc_column_inner width=\u00bb1\/3&#8243;][vc_column_text]Carmen In\u00e9s Ruiz de la Rosa[\/vc_column_text][\/vc_column_inner][\/vc_row_inner][vc_separator][vc_row_inner][vc_column_inner width=\u00bb2\/3&#8243;][vc_column_text]<a href=\"https:\/\/www.ull.es\/catedras\/catredra-turismo\/wp-content\/uploads\/sites\/4\/2019\/04\/2.-Aprovechamiento-de-salmueras-procedentes-de-procesos-de-desalaci\u00f3n.pdf\" target=\"_blank\" rel=\"noopener\" target=\"_blank\" rel=\"noopener\">Aprovechamiento de salmueras procedentes de procesos de desalaci\u00f3n en sistemas de cultivo sin suelo para su aplicaci\u00f3n al sector hotelero.<\/a>[\/vc_column_text][\/vc_column_inner][vc_column_inner width=\u00bb1\/3&#8243;][vc_column_text]Andr\u00e9s A. Borges[\/vc_column_text][\/vc_column_inner][\/vc_row_inner][vc_separator][vc_row_inner][vc_column_inner width=\u00bb2\/3&#8243;][vc_column_text]<a href=\"https:\/\/www.ull.es\/catedras\/catredra-turismo\/wp-content\/uploads\/sites\/4\/2019\/04\/3.-Astroturismo-y-productos-tur\u00edsticos-vinculados-al-medio-rural-y-natural.pdf\" target=\"_blank\" rel=\"noopener\" target=\"_blank\" rel=\"noopener\">Astroturismo y productos tur\u00edsticos vinculados al medio rural y natural.<\/a>[\/vc_column_text][\/vc_column_inner][vc_column_inner width=\u00bb1\/3&#8243;][vc_column_text]Carlos Fern\u00e1ndez Hern\u00e1ndez[\/vc_column_text][\/vc_column_inner][\/vc_row_inner][vc_separator][vc_row_inner][vc_column_inner width=\u00bb2\/3&#8243;][vc_column_text]<a href=\"https:\/\/www.ull.es\/catedras\/catredra-turismo\/wp-content\/uploads\/sites\/4\/2019\/04\/4.-Ciudades-y-destinos-inteligentes.pdf\" target=\"_blank\" rel=\"noopener\" target=\"_blank\" rel=\"noopener\">Ciudades y destinos inteligentes.<\/a>[\/vc_column_text][\/vc_column_inner][vc_column_inner width=\u00bb1\/3&#8243;][vc_column_text]F\u00e9lix Herrera\u00a0Priano[\/vc_column_text][\/vc_column_inner][\/vc_row_inner][vc_separator][vc_row_inner][vc_column_inner width=\u00bb2\/3&#8243;][vc_column_text]<a href=\"https:\/\/www.ull.es\/catedras\/catredra-turismo\/wp-content\/uploads\/sites\/4\/2019\/04\/5.-Configuraci\u00f3n-espacial-calidad-y-cualificaci\u00f3n-del-empleo-tur\u00edstico-en-territorios-insulares-fragmentados.pdf\" target=\"_blank\" rel=\"noopener\" target=\"_blank\" rel=\"noopener\">Configuraci\u00f3n espacial, calidad y cualificaci\u00f3n del empleo tur\u00edstico en territorios insulares fragmentados: Las Islas Canarias.<\/a>[\/vc_column_text][\/vc_column_inner][vc_column_inner width=\u00bb1\/3&#8243;][vc_column_text]Manuel Gonz\u00e1lez de la Rosa[\/vc_column_text][\/vc_column_inner][\/vc_row_inner][vc_separator][vc_row_inner][vc_column_inner width=\u00bb2\/3&#8243;][vc_column_text]<a href=\"https:\/\/www.ull.es\/catedras\/catredra-turismo\/wp-content\/uploads\/sites\/4\/2019\/04\/6.-Contabilidad-social-para-la-sostenibilidad.pdf\" target=\"_blank\" rel=\"noopener\" target=\"_blank\" rel=\"noopener\">Contabilidad social para la sostenibilidad.<\/a>[\/vc_column_text][\/vc_column_inner][vc_column_inner width=\u00bb1\/3&#8243;][vc_column_text]Javier Mendoza Jim\u00e9nez[\/vc_column_text][\/vc_column_inner][\/vc_row_inner][vc_separator][vc_row_inner][vc_column_inner width=\u00bb2\/3&#8243;][vc_column_text]<a href=\"https:\/\/www.ull.es\/catedras\/catredra-turismo\/wp-content\/uploads\/sites\/4\/2019\/04\/7.-Efectos-socioecol\u00f3gicos-del-turismo.pdf\" target=\"_blank\" rel=\"noopener\" target=\"_blank\" rel=\"noopener\">Efectos socioecol\u00f3gicos del turismo<\/a>[\/vc_column_text][\/vc_column_inner][vc_column_inner width=\u00bb1\/3&#8243;][vc_column_text]Alberto Jonay Rodr\u00edguez Darias[\/vc_column_text][\/vc_column_inner][\/vc_row_inner][vc_separator][vc_row_inner][vc_column_inner width=\u00bb2\/3&#8243;][vc_column_text]<a href=\"https:\/\/www.ull.es\/catedras\/catredra-turismo\/wp-content\/uploads\/sites\/4\/2019\/04\/8.-Empleo-formaci\u00f3n-y-recursos-humanos-en-la-actividad-tur\u00edstica.pdf\" target=\"_blank\" rel=\"noopener\" target=\"_blank\" rel=\"noopener\">Empleo, formaci\u00f3n y recursos humanos en la actividad tur\u00edstica.<\/a>[\/vc_column_text][\/vc_column_inner][vc_column_inner width=\u00bb1\/3&#8243;][vc_column_text]J. Rosa Marrero Rodr\u00edguez[\/vc_column_text][\/vc_column_inner][\/vc_row_inner][vc_separator][vc_row_inner][vc_column_inner width=\u00bb2\/3&#8243;][vc_column_text]<a href=\"https:\/\/www.ull.es\/catedras\/catredra-turismo\/wp-content\/uploads\/sites\/4\/2019\/04\/9.-Energ\u00eda-y-turismo.-Un-an\u00e1lisis-de-la-compatibilidad-en-Canarias.pdf\" target=\"_blank\" rel=\"noopener\" target=\"_blank\" rel=\"noopener\">Energ\u00eda y turismo. Un an\u00e1lisis de la compatibilidad en Canarias.<\/a>[\/vc_column_text][\/vc_column_inner][vc_column_inner width=\u00bb1\/3&#8243;][vc_column_text]Francisco J. Ramos Real[\/vc_column_text][\/vc_column_inner][\/vc_row_inner][vc_separator][vc_row_inner][vc_column_inner width=\u00bb2\/3&#8243;][vc_column_text]<a href=\"https:\/\/www.ull.es\/catedras\/catredra-turismo\/wp-content\/uploads\/sites\/4\/2019\/04\/10.-Geopatrimonio-y-geoturismo-en-espacios-volc\u00e1nicos.pdf\" target=\"_blank\" rel=\"noopener\" target=\"_blank\" rel=\"noopener\">Geopatrimonio y geoturismo en espacios volc\u00e1nicos.<\/a>[\/vc_column_text][\/vc_column_inner][vc_column_inner width=\u00bb1\/3&#8243;][vc_column_text]Javier D\u00f3niz P\u00e1ez[\/vc_column_text][\/vc_column_inner][\/vc_row_inner][vc_separator][vc_row_inner][vc_column_inner width=\u00bb2\/3&#8243;][vc_column_text]<a href=\"https:\/\/www.ull.es\/catedras\/catredra-turismo\/wp-content\/uploads\/sites\/4\/2019\/04\/11.-Impactos-de-la-pol\u00edtica-tur\u00edstica-sobre-los-destinos.pdf\" target=\"_blank\" rel=\"noopener\" target=\"_blank\" rel=\"noopener\">Impactos de la pol\u00edtica tur\u00edstica sobre los destinos.<\/a>[\/vc_column_text][\/vc_column_inner][vc_column_inner width=\u00bb1\/3&#8243;][vc_column_text]Carmen \u00c1lvarez Albelo[\/vc_column_text][\/vc_column_inner][\/vc_row_inner][vc_separator][vc_row_inner][vc_column_inner width=\u00bb2\/3&#8243;][vc_column_text]<a href=\"https:\/\/www.ull.es\/catedras\/catredra-turismo\/wp-content\/uploads\/sites\/4\/2019\/04\/12.-Innovaci\u00f3n-en-dise\u00f1o-para-el-sector-tur\u00edstico.pdf\" target=\"_blank\" rel=\"noopener\" target=\"_blank\" rel=\"noopener\">Innovaci\u00f3n en dise\u00f1o para el sector tur\u00edstico.<\/a>[\/vc_column_text][\/vc_column_inner][vc_column_inner width=\u00bb1\/3&#8243;][vc_column_text]Alfonso Ruiz Rallo[\/vc_column_text][\/vc_column_inner][\/vc_row_inner][vc_separator][vc_row_inner][vc_column_inner width=\u00bb2\/3&#8243;][vc_column_text]<a href=\"https:\/\/www.ull.es\/catedras\/catredra-turismo\/wp-content\/uploads\/sites\/4\/2019\/04\/13.-Inteligencia-de-datos-para-un-desarrollo-sostenible-en-islas.pdf\" target=\"_blank\" rel=\"noopener\" target=\"_blank\" rel=\"noopener\">Inteligencia de datos para un desarrollo sostenible en islas.<\/a>[\/vc_column_text][\/vc_column_inner][vc_column_inner width=\u00bb1\/3&#8243;][vc_column_text]Noemi Padr\u00f3n Fumero[\/vc_column_text][\/vc_column_inner][\/vc_row_inner][vc_separator][vc_row_inner][vc_column_inner width=\u00bb2\/3&#8243;][vc_column_text]<a href=\"https:\/\/www.ull.es\/catedras\/catredra-turismo\/wp-content\/uploads\/sites\/4\/2019\/04\/14.-La-ordenaci\u00f3n-y-gesti\u00f3n-del-dominio-p\u00fablico-costero.pdf\" target=\"_blank\" rel=\"noopener\" target=\"_blank\" rel=\"noopener\">La ordenaci\u00f3n y gesti\u00f3n del dominio p\u00fablico costero.<\/a>[\/vc_column_text][\/vc_column_inner][vc_column_inner width=\u00bb1\/3&#8243;][vc_column_text]\u00c1ngel Lobo Rodrigo[\/vc_column_text][\/vc_column_inner][\/vc_row_inner][vc_separator][vc_row_inner][vc_column_inner width=\u00bb2\/3&#8243;][vc_column_text]<a href=\"https:\/\/www.ull.es\/catedras\/catredra-turismo\/wp-content\/uploads\/sites\/4\/2019\/04\/15.-Medici\u00f3n-de-los-impactos-y-la-sostenibilidad-del-turismo-a-escala-local.pdf\" target=\"_blank\" rel=\"noopener\" target=\"_blank\" rel=\"noopener\">Medici\u00f3n de los impactos y la sostenibilidad del turismo a escala local.<\/a>[\/vc_column_text][\/vc_column_inner][vc_column_inner width=\u00bb1\/3&#8243;][vc_column_text]Ra\u00fal Hern\u00e1ndez Mart\u00edn[\/vc_column_text][\/vc_column_inner][\/vc_row_inner][vc_separator][vc_row_inner][vc_column_inner width=\u00bb2\/3&#8243;][vc_column_text]<a href=\"https:\/\/www.ull.es\/catedras\/catredra-turismo\/wp-content\/uploads\/sites\/4\/2019\/04\/16.-Patrimonio-arqueol\u00f3gico-y-turismo.-Gesti\u00f3n-del-patrimonio-cultural.pdf\" target=\"_blank\" rel=\"noopener\" target=\"_blank\" rel=\"noopener\">Patrimonio arqueol\u00f3gico y turismo. Gesti\u00f3n del patrimonio cultural.<\/a>[\/vc_column_text][\/vc_column_inner][vc_column_inner width=\u00bb1\/3&#8243;][vc_column_text]Elena M\u00aa P\u00e9rez Gonz\u00e1lez[\/vc_column_text][\/vc_column_inner][\/vc_row_inner][vc_separator][vc_row_inner][vc_column_inner width=\u00bb2\/3&#8243;][vc_column_text]<a href=\"https:\/\/www.ull.es\/catedras\/catredra-turismo\/wp-content\/uploads\/sites\/4\/2019\/04\/17.-Planificaci\u00f3n-estrat\u00e9gica-de-destinos-tur\u00edsticos.pdf\" target=\"_blank\" rel=\"noopener\" target=\"_blank\" rel=\"noopener\">Planificaci\u00f3n estrat\u00e9gica de destinos tur\u00edsticos.<\/a>[\/vc_column_text][\/vc_column_inner][vc_column_inner width=\u00bb1\/3&#8243;][vc_column_text]Pablo Rodr\u00edguez Gonz\u00e1lez[\/vc_column_text][\/vc_column_inner][\/vc_row_inner][vc_separator][vc_row_inner][vc_column_inner width=\u00bb2\/3&#8243;][vc_column_text]<a href=\"https:\/\/www.ull.es\/catedras\/catredra-turismo\/wp-content\/uploads\/sites\/4\/2019\/04\/18.-Planificaci\u00f3n-inteligente-de-rutas-tur\u00edsticas-en-destino.pdf\" target=\"_blank\" rel=\"noopener\" target=\"_blank\" rel=\"noopener\">Planificaci\u00f3n inteligente de rutas tur\u00edsticas en destino.<\/a>[\/vc_column_text][\/vc_column_inner][vc_column_inner width=\u00bb1\/3&#8243;][vc_column_text]Jos\u00e9 Andr\u00e9s Moreno P\u00e9rez[\/vc_column_text][\/vc_column_inner][\/vc_row_inner][vc_separator][vc_row_inner][vc_column_inner width=\u00bb2\/3&#8243;][vc_column_text]<a href=\"https:\/\/www.ull.es\/catedras\/catredra-turismo\/wp-content\/uploads\/sites\/4\/2019\/04\/19.-Pol\u00edticas-p\u00fablicas-de-fomento-de-la-responsabilidad-social-empresarial-en-el-sector-tur\u00edstico.pdf\" target=\"_blank\" rel=\"noopener\" target=\"_blank\" rel=\"noopener\">Pol\u00edticas p\u00fablicas de fomento de la responsabilidad social empresarial (RSE) en el sector tur\u00edstico.<\/a>[\/vc_column_text][\/vc_column_inner][vc_column_inner width=\u00bb1\/3&#8243;][vc_column_text]Olga Gonz\u00e1lez Morales[\/vc_column_text][\/vc_column_inner][\/vc_row_inner][vc_row_inner][vc_column_inner width=\u00bb2\/3&#8243;][vc_column_text]<a href=\"https:\/\/www.ull.es\/catedras\/catredra-turismo\/wp-content\/uploads\/sites\/4\/2019\/04\/20.-Predicciones-de-demanda-tur\u00edstica-en-Canarias.pdf\" target=\"_blank\" rel=\"noopener\" target=\"_blank\" rel=\"noopener\">Predicciones de demanda tur\u00edstica en Canarias<\/a>[\/vc_column_text][\/vc_column_inner][vc_column_inner width=\u00bb1\/3&#8243;][vc_column_text]Raquel Mart\u00edn Rivero[\/vc_column_text][\/vc_column_inner][\/vc_row_inner][vc_separator][vc_row_inner][vc_column_inner width=\u00bb2\/3&#8243;][vc_column_text]<a href=\"https:\/\/www.ull.es\/catedras\/catredra-turismo\/wp-content\/uploads\/sites\/4\/2019\/04\/21.-ReinvenTUR-Observatorio-de-la-renovaci\u00f3n-tur\u00edstica.pdf\" target=\"_blank\" rel=\"noopener\" target=\"_blank\" rel=\"noopener\">ReinvenTUR. Observatorio de la renovaci\u00f3n tur\u00edstica.<\/a>[\/vc_column_text][\/vc_column_inner][vc_column_inner width=\u00bb1\/3&#8243;][vc_column_text]Mois\u00e9s Simancas Cruz[\/vc_column_text][\/vc_column_inner][\/vc_row_inner][vc_separator][vc_row_inner][vc_column_inner width=\u00bb2\/3&#8243;][vc_column_text]<a href=\"https:\/\/www.ull.es\/catedras\/catredra-turismo\/wp-content\/uploads\/sites\/4\/2019\/04\/22.-Senderismo-valorizaci\u00f3n-del-patrimonio-y-desarrollo-local-con-enfoque-comunitario.pdf\" target=\"_blank\" rel=\"noopener\" target=\"_blank\" rel=\"noopener\">Senderismo, valorizaci\u00f3n del patrimonio y desarrollo local con enfoque comunitario.<\/a>[\/vc_column_text][\/vc_column_inner][vc_column_inner width=\u00bb1\/3&#8243;][vc_column_text]Vicente Manuel Zapata Hern\u00e1ndez[\/vc_column_text][\/vc_column_inner][\/vc_row_inner][vc_separator][vc_row_inner][vc_column_inner width=\u00bb2\/3&#8243;][vc_column_text]<a href=\"https:\/\/www.ull.es\/catedras\/catredra-turismo\/wp-content\/uploads\/sites\/4\/2019\/04\/23.-Turismo-sostenible-en-la-naturaleza.pdf\" target=\"_blank\" rel=\"noopener\" target=\"_blank\" rel=\"noopener\">Turismo sostenible en la naturaleza.<\/a>[\/vc_column_text][\/vc_column_inner][vc_column_inner width=\u00bb1\/3&#8243;][vc_column_text]Victoria Eugenia Mart\u00edn Osorio[\/vc_column_text][\/vc_column_inner][\/vc_row_inner][vc_separator][vc_row_inner][vc_column_inner width=\u00bb2\/3&#8243;][vc_column_text]<a href=\"https:\/\/www.ull.es\/catedras\/catredra-turismo\/wp-content\/uploads\/sites\/4\/2019\/04\/24.-Turismo-y-deporte-oportunidades-para-Canarias.pdf\" target=\"_blank\" rel=\"noopener\" target=\"_blank\" rel=\"noopener\">Turismo y deporte: oportunidades para Canarias.<\/a>[\/vc_column_text][\/vc_column_inner][vc_column_inner width=\u00bb1\/3&#8243;][vc_column_text]Manuel \u00c1ngel Santana Tur\u00e9gano[\/vc_column_text][\/vc_column_inner][\/vc_row_inner][\/vc_column][\/vc_row][vc_row][vc_column][vc_empty_space][\/vc_column][\/vc_row]<\/p>\n","protected":false},"excerpt":{"rendered":"<p>[vc_row][vc_column][vc_empty_space][\/vc_column][\/vc_row][vc_row][vc_column width=\u00bb1\/4&#8243;][vc_message message_box_style=\u00bboutline\u00bb style=\u00bbsquare\u00bb icon_fontawesome=\u00bbfa fa-flask\u00bb css_animation=\u00bbbounceIn\u00bb]INVESTIGACI\u00d3N[\/vc_message][\/vc_column][vc_column width=\u00bb3\/4&#8243;][\/vc_column][\/vc_row][vc_row][vc_column][vc_row_inner][vc_column_inner width=\u00bb2\/3&#8243;][vc_column_text] L\u00edneas de Investigaci\u00f3n de la C\u00e1tedra [\/vc_column_text][\/vc_column_inner][vc_column_inner width=\u00bb1\/3&#8243;][vc_column_text] Investigador\/a Principal [\/vc_column_text][\/vc_column_inner][\/vc_row_inner][vc_empty_space][vc_row_inner][vc_column_inner width=\u00bb2\/3&#8243;][vc_column_text]An\u00e1lisis del impacto social, medioambiental y econ\u00f3mico de la gesti\u00f3n del agua en el sector tur\u00edstico y propuestas de mejora.[\/vc_column_text][\/vc_column_inner][vc_column_inner width=\u00bb1\/3&#8243;][vc_column_text]Carmen In\u00e9s Ruiz de la Rosa[\/vc_column_text][\/vc_column_inner][\/vc_row_inner][vc_separator][vc_row_inner][vc_column_inner width=\u00bb2\/3&#8243;][vc_column_text]Aprovechamiento de salmueras procedentes de procesos de desalaci\u00f3n en&#8230;<\/p>\n","protected":false},"author":5,"featured_media":0,"parent":0,"menu_order":0,"comment_status":"closed","ping_status":"closed","template":"templates\/template-no-title.php","meta":[],"_links":{"self":[{"href":"https:\/\/www.ull.es\/catedras\/catedra-turismo\/wp-json\/wp\/v2\/pages\/18"}],"collection":[{"href":"https:\/\/www.ull.es\/catedras\/catedra-turismo\/wp-json\/wp\/v2\/pages"}],"about":[{"href":"https:\/\/www.ull.es\/catedras\/catedra-turismo\/wp-json\/wp\/v2\/types\/page"}],"author":[{"embeddable":true,"href":"https:\/\/www.ull.es\/catedras\/catedra-turismo\/wp-json\/wp\/v2\/users\/5"}],"replies":[{"embeddable":true,"href":"https:\/\/www.ull.es\/catedras\/catedra-turismo\/wp-json\/wp\/v2\/comments?post=18"}],"version-history":[{"count":25,"href":"https:\/\/www.ull.es\/catedras\/catedra-turismo\/wp-json\/wp\/v2\/pages\/18\/revisions"}],"predecessor-version":[{"id":391,"href":"https:\/\/www.ull.es\/catedras\/catedra-turismo\/wp-json\/wp\/v2\/pages\/18\/revisions\/391"}],"wp:attachment":[{"href":"https:\/\/www.ull.es\/catedras\/catedra-turismo\/wp-json\/wp\/v2\/media?parent=18"}],"curies":[{"name":"wp","href":"https:\/\/api.w.org\/{rel}","templated":true}]}}