{"id":88,"date":"2019-04-03T14:15:06","date_gmt":"2019-04-03T12:15:06","guid":{"rendered":"https:\/\/www.ull.es\/catedras\/catredra-turismo\/?page_id=88"},"modified":"2022-05-13T10:06:50","modified_gmt":"2022-05-13T08:06:50","slug":"master-y-doctorado","status":"publish","type":"page","link":"https:\/\/www.ull.es\/catedras\/catedra-turismo\/master-y-doctorado\/","title":{"rendered":"M\u00e1ster y Doctorado"},"content":{"rendered":"<p>[vc_row][vc_column][vc_column_text]<\/p>\n<div class=\"wpb_wrapper\">\n<h1>M\u00e1ster Universitario en Direcci\u00f3n y Planificaci\u00f3n del Turismo<\/h1>\n<h2>Ciencias Sociales y Jur\u00eddicas<\/h2>\n<p style=\"text-align: justify;\">El M\u00e1ster en Direcci\u00f3n y Planificaci\u00f3n del Turismo se integra en los nuevos estudios de Posgrado, de acuerdo con las directrices para el desarrollo del Espacio Europeo de Educaci\u00f3n Superior. Este M\u00e1ster ofrece la posibilidad de acceder a una formaci\u00f3n especializada, orientada a la actividad profesional y de investigaci\u00f3n en Turismo. La obtenci\u00f3n del t\u00edtulo da acceso al programa de doctorado en Turismo. Los profesores que participan en este M\u00e1ster forman parte de distintos grupos de investigaci\u00f3n de la Universidad de La Laguna, con experiencia docente e investigadora en el campo del Turismo. Asimismo, participan en el M\u00e1ster profesionales externos que aportan su experiencia al mismo<\/p>\n<div class=\"informacion-general\">\n<div class=\"seccion-info-general\">\n<h2>Informaci\u00f3n general<\/h2>\n<ul>\n<li><strong>Cr\u00e9ditos: <\/strong>60 ECTS<\/li>\n<li><strong>Duraci\u00f3n: <\/strong>1 a\u00f1o<\/li>\n<li><strong>Tipo de ense\u00f1anza: <\/strong>Presencial<\/li>\n<li><strong>Tipo: <\/strong>Interdepartamental<\/li>\n<li><strong>Direcci\u00f3n acad\u00e9mica: <\/strong>\n<ul>\n<li><a href=\"https:\/\/www.ull.es\/directorio\/search\/?busqueda=Noem\u00ed Padr\u00f3n Fumero\" target=\"_blank\" rel=\"noopener noreferrer\" target=\"_blank\" rel=\"noopener\">Noem\u00ed Padr\u00f3n Fumero<\/a> (<a href=\"mailto:master.dpturismo@ull.es\" target=\"_blank\" rel=\"noopener\">master.dpturismo@ull.es<\/a>)<\/li>\n<\/ul>\n<\/li>\n<\/ul>\n<\/div>\n<div class=\"seccion-mas-info\"><a class=\"btn-masinfo\" href=\"https:\/\/www.ull.es\/masteres\/direccion-planificacion-turismo\" target=\"_blank\" rel=\"noopener noreferrer\" target=\"_blank\" rel=\"noopener\">Acceso a la p\u00e1gina web de la titulaci\u00f3n <i class=\"fa fa-angle-double-right\"><\/i><\/a><\/div>\n<\/div>\n<\/div>\n<p>[\/vc_column_text][\/vc_column][\/vc_row][vc_row][vc_column][vc_empty_space height=\u00bb50px\u00bb][\/vc_column][\/vc_row][vc_row][vc_column][vc_column_text]<\/p>\n<div class=\"wpb_text_column wpb_content_element \">\n<div class=\"wpb_wrapper\">\n<h1>M\u00e1ster en Innovaci\u00f3n en Dise\u00f1o para el Sector Tur\u00edstico (Interuniversitario)<\/h1>\n<h2>Artes y Humanidades<\/h2>\n<p>A trav\u00e9s de una formaci\u00f3n multidisciplinar, el m\u00e1ster se dedica a la investigaci\u00f3n en dise\u00f1o orient\u00e1ndola a una actividad social y econ\u00f3mica muy concreta, el turismo, como campo de aplicaci\u00f3n. Su objetivo es poner en marcha pol\u00edticas, estrategias y actividades de innovaci\u00f3n en el sector basadas en el dise\u00f1o y sus m\u00e9todos de trabajo. En este m\u00e1ster interuniversitario participan, junto con la Universidad de La Laguna (ULL), la Universidad de Barcelona (UB), la Universidad de Las Palmas de Gran Canaria (ULPGC) y la Universidad del Pa\u00eds Vasco (UPV-EHU)<\/p>\n<div class=\"informacion-general\">\n<div class=\"seccion-info-general\">\n<h2>Informaci\u00f3n general<\/h2>\n<ul>\n<li><strong>Cr\u00e9ditos: <\/strong>60 ECTS<\/li>\n<li><strong>Duraci\u00f3n: <\/strong>1 a\u00f1o<\/li>\n<li><strong>Tipo de ense\u00f1anza: <\/strong>Semipresencial<\/li>\n<li><strong>Tipo: <\/strong>Interuniversitario<\/li>\n<li><strong>Lugar de impartici\u00f3n: <\/strong>\n<ul>\n<li>Facultad de Bellas Artes.<\/li>\n<\/ul>\n<\/li>\n<li><strong>Direcci\u00f3n acad\u00e9mica: <\/strong>\n<ul>\n<li><a href=\"https:\/\/www.ull.es\/directorio\/search\/?busqueda=Alfonso Ruiz Rallo\" target=\"_blank\" rel=\"noopener noreferrer\" target=\"_blank\" rel=\"noopener\">Alfonso Ruiz Rallo<\/a> (<a href=\"mailto:master.idsectorturistico@ull.es\" target=\"_blank\" rel=\"noopener\">master.idsectorturistico@ull.es<\/a>)<\/li>\n<\/ul>\n<\/li>\n<\/ul>\n<\/div>\n<div class=\"seccion-mas-info\"><a class=\"btn-masinfo\" href=\"https:\/\/www.ull.es\/masteres\/innovacion-en-diseno-para-el-sector-turistico\" target=\"_blank\" rel=\"noopener noreferrer\" target=\"_blank\" rel=\"noopener\">Acceso a la p\u00e1gina web de la titulaci\u00f3n <i class=\"fa fa-angle-double-right\"><\/i><\/a><\/div>\n<\/div>\n<\/div>\n<\/div>\n<p>[\/vc_column_text][\/vc_column][\/vc_row][vc_row][vc_column][vc_empty_space height=\u00bb50px\u00bb][\/vc_column][\/vc_row][vc_row][vc_column][vc_column_text]<\/p>\n<div class=\"wpb_text_column wpb_content_element \">\n<div class=\"wpb_wrapper\">\n<h1>Programa de Doctorado en Turismo (Interuniversitario)<\/h1>\n<h2>Ciencias Sociales y Jur\u00eddicas<\/h2>\n<p>Este Programa Interuniversitario de Doctorado en Turismo se justifica en un doble sentido: en primer lugar, a partir de la necesidad de formar investigadores en diversas \u00e1reas de turismo y, en segundo lugar por la oportunidad de integrar el trabajo de grupos interdisciplinarios de investigaci\u00f3n con una larga tradici\u00f3n de trabajo en red a escala nacional e internacional. Surge de la coordinaci\u00f3n y cooperaci\u00f3n entre equipos de investigaci\u00f3n con trayectoria en el conocimiento cient\u00edfico-social del turismo y en programas formativos acreditados. Se trata de un Programa integrado por 12 universidades espa\u00f1olas: la Universidad de M\u00e1laga, la Universidad Antonio de Nebrija, la Universidad Complutense de Madrid, la Universidad de Alicante, la Universidad de C\u00e1diz, la Universidad de Extremadura, la Universidad de La Laguna, la Universidad de M\u00e1laga, la Universidad de Santiago de Compostela, la Universidad de Sevilla, la Universidad de Vigo, la Universidad Rey Juan Carlos y la Universitat Oberta de Catalunya.)<\/p>\n<div class=\"informacion-general\">\n<div class=\"seccion-info-general\">\n<h2>Informaci\u00f3n general<\/h2>\n<ul>\n<li><strong>Duraci\u00f3n: <\/strong>3 a\u00f1os<\/li>\n<li><strong>Tipo de ense\u00f1anza: <\/strong>Semipresencial<\/li>\n<li><strong>Tipo: <\/strong>Interuniversitario<\/li>\n<li><strong>Lugar de impartici\u00f3n: <\/strong>\n<ul>\n<li>Facultad de Econom\u00eda, Empresa y Turismo<\/li>\n<\/ul>\n<\/li>\n<li><strong>Direcci\u00f3n acad\u00e9mica: <\/strong>\n<ul>\n<li><a href=\"https:\/\/www.ull.es\/directorio\/search\/?busqueda=francisco+garcia+rodriguez\" target=\"_blank\" rel=\"noopener\" target=\"_blank\" rel=\"noopener\">Francisco J. Garc\u00eda Rodr\u00edguez\u00a0<\/a>(<a href=\"mailto:docturis@ull.edu.es\" target=\"_blank\" rel=\"noopener\" target=\"_blank\" rel=\"noopener\">docturis@ull.edu.es<\/a><wbr \/>)<\/li>\n<\/ul>\n<\/li>\n<\/ul>\n<\/div>\n<div class=\"seccion-mas-info\"><a class=\"btn-masinfo\" href=\"https:\/\/www.ull.es\/doctorados\/turismo\/\" target=\"_blank\" rel=\"noopener noreferrer\" target=\"_blank\" rel=\"noopener\">Acceso a la p\u00e1gina web de la titulaci\u00f3n <i class=\"fa fa-angle-double-right\"><\/i><\/a><\/div>\n<\/div>\n<\/div>\n<\/div>\n<p>[\/vc_column_text][\/vc_column][\/vc_row]<\/p>\n","protected":false},"excerpt":{"rendered":"<p>[vc_row][vc_column][vc_column_text] M\u00e1ster Universitario en Direcci\u00f3n y Planificaci\u00f3n del Turismo Ciencias Sociales y Jur\u00eddicas El M\u00e1ster en Direcci\u00f3n y Planificaci\u00f3n del Turismo se integra en los nuevos estudios de Posgrado, de acuerdo con las directrices para el desarrollo del Espacio Europeo de Educaci\u00f3n Superior. Este M\u00e1ster ofrece la posibilidad de acceder a una formaci\u00f3n especializada, orientada&#8230;<\/p>\n","protected":false},"author":5,"featured_media":0,"parent":0,"menu_order":0,"comment_status":"closed","ping_status":"closed","template":"","meta":[],"_links":{"self":[{"href":"https:\/\/www.ull.es\/catedras\/catedra-turismo\/wp-json\/wp\/v2\/pages\/88"}],"collection":[{"href":"https:\/\/www.ull.es\/catedras\/catedra-turismo\/wp-json\/wp\/v2\/pages"}],"about":[{"href":"https:\/\/www.ull.es\/catedras\/catedra-turismo\/wp-json\/wp\/v2\/types\/page"}],"author":[{"embeddable":true,"href":"https:\/\/www.ull.es\/catedras\/catedra-turismo\/wp-json\/wp\/v2\/users\/5"}],"replies":[{"embeddable":true,"href":"https:\/\/www.ull.es\/catedras\/catedra-turismo\/wp-json\/wp\/v2\/comments?post=88"}],"version-history":[{"count":32,"href":"https:\/\/www.ull.es\/catedras\/catedra-turismo\/wp-json\/wp\/v2\/pages\/88\/revisions"}],"predecessor-version":[{"id":512,"href":"https:\/\/www.ull.es\/catedras\/catedra-turismo\/wp-json\/wp\/v2\/pages\/88\/revisions\/512"}],"wp:attachment":[{"href":"https:\/\/www.ull.es\/catedras\/catedra-turismo\/wp-json\/wp\/v2\/media?parent=88"}],"curies":[{"name":"wp","href":"https:\/\/api.w.org\/{rel}","templated":true}]}}