{"id":90,"date":"2019-04-03T14:18:34","date_gmt":"2019-04-03T12:18:34","guid":{"rendered":"https:\/\/www.ull.es\/catedras\/catredra-turismo\/?page_id=90"},"modified":"2019-06-04T14:54:57","modified_gmt":"2019-06-04T12:54:57","slug":"directorio","status":"publish","type":"page","link":"https:\/\/www.ull.es\/catedras\/catedra-turismo\/directorio\/","title":{"rendered":"Directorio"},"content":{"rendered":"<p>[vc_row][vc_column][vc_empty_space][\/vc_column][\/vc_row][vc_row][vc_column width=\u00bb1\/3&#8243;][vc_message message_box_style=\u00bboutline\u00bb style=\u00bbsquare\u00bb icon_fontawesome=\u00bbfa fa-users\u00bb css_animation=\u00bbbounceIn\u00bb]<span style=\"font-weight: 400\">EQUIPO<\/span>[\/vc_message][\/vc_column][vc_column width=\u00bb2\/3&#8243;][vc_column_text]<\/p>\n<table>\n<tbody>\n<tr>\n<th>Nombre<\/th>\n<th>Informaci\u00f3n Personal<\/th>\n<\/tr>\n<tr>\n<td>Ra\u00fal Hern\u00e1ndez Mart\u00edn<\/td>\n<td><a href=\"https:\/\/www.ull.es\/directorio\/search\/?busqueda=Ra\u00fal%20Hern\u00e1ndez%20Mart\u00edn\" target=\"_blank\" rel=\"noopener noreferrer\" target=\"_blank\" rel=\"noopener\">+info<\/a><\/td>\n<\/tr>\n<tr>\n<td>Mois\u00e9s Simancas Cruz<\/td>\n<td><a href=\"https:\/\/www.ull.es\/directorio\/search\/?busqueda=Mois\u00e9s%20Simancas%20Cruz\" target=\"_blank\" rel=\"noopener noreferrer\" target=\"_blank\" rel=\"noopener\">+info<\/a><\/td>\n<\/tr>\n<tr>\n<td>Noemi Padr\u00f3n Fumero<\/td>\n<td><a href=\"https:\/\/www.ull.es\/directorio\/search\/?busqueda=Noemi%20Padr\u00f3n%20Fumero\" target=\"_blank\" rel=\"noopener noreferrer\" target=\"_blank\" rel=\"noopener\">+info<\/a><\/td>\n<\/tr>\n<tr>\n<td>Pablo Rodr\u00edguez Gonz\u00e1lez<\/td>\n<td><a href=\"https:\/\/www.ull.es\/directorio\/search\/?busqueda=Pablo%20Rodr\u00edguez%20Gonz\u00e1lez\" target=\"_blank\" rel=\"noopener noreferrer\" target=\"_blank\" rel=\"noopener\">+info<\/a><\/td>\n<\/tr>\n<tr>\n<td>Felix Herrera Priano<\/td>\n<td><a href=\"https:\/\/www.ull.es\/directorio\/search\/?busqueda=Felix%20Herrera%20Priano\" target=\"_blank\" rel=\"noopener noreferrer\" target=\"_blank\" rel=\"noopener\">+info<\/a><\/td>\n<\/tr>\n<tr>\n<td>Agust\u00edn Dorta Rodr\u00edguez<\/td>\n<td>&#8211;<\/td>\n<\/tr>\n<tr>\n<td>Agust\u00edn Santana Talavera<\/td>\n<td><a href=\"https:\/\/www.ull.es\/directorio\/search\/?busqueda=Agust\u00edn%20Santana%20Talavera\" target=\"_blank\" rel=\"noopener noreferrer\" target=\"_blank\" rel=\"noopener\">+info<\/a><\/td>\n<\/tr>\n<tr>\n<td>Alberto Jonay Rodr\u00edguez D\u00e1rias<\/td>\n<td><a href=\"https:\/\/www.ull.es\/directorio\/search\/?busqueda=Alberto%20Jonay%20Rodr\u00edguez%20D\u00e1rias\" target=\"_blank\" rel=\"noopener noreferrer\" target=\"_blank\" rel=\"noopener\">+info<\/a><\/td>\n<\/tr>\n<tr>\n<td>Alfredo Clemente Rivero Rivero<\/td>\n<td><a href=\"https:\/\/www.ull.es\/directorio\/search\/?busqueda=Alfredo%20Clemente%20Rivero%20Rivero\" target=\"_blank\" rel=\"noopener noreferrer\" target=\"_blank\" rel=\"noopener\">+info<\/a><\/td>\n<\/tr>\n<tr>\n<td>Andr\u00e9s Lorente de las Casas<\/td>\n<td><a href=\"https:\/\/www.ull.es\/directorio\/search\/?busqueda=Andr\u00e9s%20Lorente%20de%20las%20Casas\" target=\"_blank\" rel=\"noopener noreferrer\" target=\"_blank\" rel=\"noopener\">+info<\/a><\/td>\n<\/tr>\n<tr>\n<td>Ana Mar\u00eda Quesada Acosta<\/td>\n<td><a href=\"https:\/\/www.ull.es\/directorio\/search\/?busqueda=Ana%20Mar\u00eda%20Quesada%20Acosta\" target=\"_blank\" rel=\"noopener noreferrer\" target=\"_blank\" rel=\"noopener\">+info<\/a><\/td>\n<\/tr>\n<tr>\n<td>\u00c1ngel Chinea Mart\u00edn<\/td>\n<td><a href=\"https:\/\/www.ull.es\/directorio\/search\/?busqueda=\u00c1ngel%20Chinea%20Mart\u00edn\" target=\"_blank\" rel=\"noopener noreferrer\" target=\"_blank\" rel=\"noopener\">+info<\/a><\/td>\n<\/tr>\n<tr>\n<td>\u00c1ngel Lobo Rodrigo<\/td>\n<td><a href=\"https:\/\/www.ull.es\/directorio\/search\/?busqueda=\u00c1ngel%20Lobo%20Rodrigo\" target=\"_blank\" rel=\"noopener noreferrer\" target=\"_blank\" rel=\"noopener\">+info<\/a><\/td>\n<\/tr>\n<tr>\n<td>Carlos Fern\u00e1ndez Hern\u00e1ndez<\/td>\n<td><a href=\"https:\/\/www.ull.es\/directorio\/search\/?busqueda=Carlos%20Fern\u00e1ndez%20Hern\u00e1ndez\" target=\"_blank\" rel=\"noopener noreferrer\" target=\"_blank\" rel=\"noopener\">+info<\/a><\/td>\n<\/tr>\n<tr>\n<td>Carlos Jim\u00e9nez Mart\u00ednez<\/td>\n<td><a href=\"https:\/\/www.ull.es\/directorio\/search\/?busqueda=Carlos%20Jim\u00e9nez%20Mart\u00ednez\" target=\"_blank\" rel=\"noopener noreferrer\" target=\"_blank\" rel=\"noopener\">+info<\/a><\/td>\n<\/tr>\n<tr>\n<td>Carmen \u00c1lvarez Arbelo<\/td>\n<td><a href=\"https:\/\/www.ull.es\/directorio\/search\/?busqueda=Carmen%20\u00c1lvarez%20Arbelo\" target=\"_blank\" rel=\"noopener noreferrer\" target=\"_blank\" rel=\"noopener\">+info<\/a><\/td>\n<\/tr>\n<tr>\n<td>Carmen In\u00e9s Ruiz de la Rosa<\/td>\n<td><a href=\"https:\/\/www.ull.es\/directorio\/search\/?busqueda=Carmen%20In\u00e9s%20de%20la%20Rosa\" target=\"_blank\" rel=\"noopener noreferrer\" target=\"_blank\" rel=\"noopener\">+info<\/a><\/td>\n<\/tr>\n<tr>\n<td>Desiderio Guti\u00e9rrez Ta\u00f1o<\/td>\n<td><a href=\"https:\/\/www.ull.es\/directorio\/search\/?busqueda=Desiderio%20Guti\u00e9rrez%20Ta\u00f1o\" target=\"_blank\" rel=\"noopener noreferrer\" target=\"_blank\" rel=\"noopener\">+info<\/a><\/td>\n<\/tr>\n<tr>\n<td>Eduardo Parra<\/td>\n<td><a href=\"https:\/\/www.ull.es\/directorio\/search\/?busqueda=Eduardo%20Parra\" target=\"_blank\" rel=\"noopener noreferrer\" target=\"_blank\" rel=\"noopener\">+info<\/a><\/td>\n<\/tr>\n<tr>\n<td>Elena P\u00e9rez Gonz\u00e1lez<\/td>\n<td><a href=\"https:\/\/www.ull.es\/directorio\/search\/?busqueda=Elena%20P\u00e9rez%20Gonz\u00e1lez\" target=\"_blank\" rel=\"noopener noreferrer\" target=\"_blank\" rel=\"noopener\">+info<\/a><\/td>\n<\/tr>\n<tr>\n<td>Francisco Amador Mu\u00f1oz<\/td>\n<td><a href=\"https:\/\/www.ull.es\/directorio\/search\/?busqueda=Francisco%20Amador%20Mu\u00f1oz\" target=\"_blank\" rel=\"noopener noreferrer\" target=\"_blank\" rel=\"noopener\">+info<\/a><\/td>\n<\/tr>\n<tr>\n<td>Francisco Flores Mu\u00f1oz<\/td>\n<td><a href=\"https:\/\/www.ull.es\/directorio\/search\/?busqueda=Francisco%20Florez%20Mu\u00f1oz\" target=\"_blank\" rel=\"noopener noreferrer\" target=\"_blank\" rel=\"noopener\">+info<\/a><\/td>\n<\/tr>\n<tr>\n<td>Francisco Garc\u00eda Rodr\u00edguez<\/td>\n<td><a href=\"https:\/\/www.ull.es\/directorio\/search\/?busqueda=Francisco%20Garc\u00eda%20Rodr\u00edguez\" target=\"_blank\" rel=\"noopener noreferrer\" target=\"_blank\" rel=\"noopener\">+info<\/a><\/td>\n<\/tr>\n<tr>\n<td>Francisco Ledesma Rodr\u00edguez<\/td>\n<td><a href=\"https:\/\/www.ull.es\/directorio\/search\/?busqueda=Francisco%20Ledesma%20Rodr\u00edguez\" target=\"_blank\" rel=\"noopener noreferrer\" target=\"_blank\" rel=\"noopener\">+info<\/a><\/td>\n<\/tr>\n<tr>\n<td>Francisco Villar Rojas<\/td>\n<td><a href=\"https:\/\/www.ull.es\/directorio\/search\/?busqueda=Francisco%20Villar%20Rojas\" target=\"_blank\" rel=\"noopener noreferrer\" target=\"_blank\" rel=\"noopener\">+info<\/a><\/td>\n<\/tr>\n<tr>\n<td>Gustavo Marrero D\u00edaz<\/td>\n<td><a href=\"https:\/\/www.ull.es\/directorio\/search\/?busqueda=Gustavo%20Marrero%20D\u00edaz\" target=\"_blank\" rel=\"noopener noreferrer\" target=\"_blank\" rel=\"noopener\">+info<\/a><\/td>\n<\/tr>\n<tr>\n<td>Hugo Padr\u00f3n \u00c1vila<\/td>\n<td><a href=\"https:\/\/www.ull.es\/directorio\/search\/?busqueda=Hugo%20Padr\u00f3n%20Villa\" target=\"_blank\" rel=\"noopener noreferrer\" target=\"_blank\" rel=\"noopener\">+info<\/a><\/td>\n<\/tr>\n<tr>\n<td>Isabel Montero Muradas<\/td>\n<td><a href=\"https:\/\/www.ull.es\/directorio\/search\/?busqueda=Isabel%20Montero%20Muradas\" target=\"_blank\" rel=\"noopener noreferrer\" target=\"_blank\" rel=\"noopener\">+info<\/a><\/td>\n<\/tr>\n<tr>\n<td>Javier D\u00f3niz P\u00e1ez<\/td>\n<td><a href=\"https:\/\/www.ull.es\/directorio\/search\/?busqueda=Javier%20D\u00f3niz%20P\u00e1ez\" target=\"_blank\" rel=\"noopener noreferrer\" target=\"_blank\" rel=\"noopener\">+info<\/a><\/td>\n<\/tr>\n<tr>\n<td>Javier Mendoza Jim\u00e9nez<\/td>\n<td><a href=\"https:\/\/www.ull.es\/directorio\/search\/?busqueda=Javier%20Mendoza%20Jim\u00e9nez\" target=\"_blank\" rel=\"noopener noreferrer\" target=\"_blank\" rel=\"noopener\">+info<\/a><\/td>\n<\/tr>\n<tr>\n<td>Jos\u00e9 Alberto Mart\u00ednez Gonz\u00e1lez<\/td>\n<td><a href=\"https:\/\/www.ull.es\/directorio\/search\/?busqueda=Jos\u00e9%20Alberto%20Mart\u00ednez%20Gonz\u00e1lez\" target=\"_blank\" rel=\"noopener noreferrer\" target=\"_blank\" rel=\"noopener\">+info<\/a><\/td>\n<\/tr>\n<tr>\n<td>Jos\u00e9 Andr\u00e9s Moreno P\u00e9rez<\/td>\n<td><a href=\"https:\/\/www.ull.es\/directorio\/search\/?busqueda=Jos\u00e9%20Andr\u00e9s%20Moreno%20P\u00e9rez\" target=\"_blank\" rel=\"noopener noreferrer\" target=\"_blank\" rel=\"noopener\">+info<\/a><\/td>\n<\/tr>\n<tr>\n<td>Jos\u00e9 Ignacio Gonz\u00e1lez G\u00f3mez<\/td>\n<td><a href=\"https:\/\/www.ull.es\/directorio\/search\/?busqueda=Jos\u00e9%20Ignacio%2Gonz\u00e1lez%20G\u00f3mez\" target=\"_blank\" rel=\"noopener noreferrer\" target=\"_blank\" rel=\"noopener\">+info<\/a><\/td>\n<\/tr>\n<tr>\n<td>Jos\u00e9 J. Pascual Fern\u00e1ndez<\/td>\n<td><a href=\"https:\/\/www.ull.es\/directorio\/search\/?busqueda=Jos\u00e9%20J.%20Pascual%20Fern\u00e1ndez\" target=\"_blank\" rel=\"noopener noreferrer\" target=\"_blank\" rel=\"noopener\">+info<\/a><\/td>\n<\/tr>\n<tr>\n<td>Jos\u00e9 Manuel Rodr\u00edguez Ramos<\/td>\n<td><a href=\"https:\/\/www.ull.es\/directorio\/search\/?busqueda=Jos\u00e9%20Manuel%20Rodr\u00edguez%20Ramos\" target=\"_blank\" rel=\"noopener noreferrer\" target=\"_blank\" rel=\"noopener\">+info<\/a><\/td>\n<\/tr>\n<tr>\n<td>Josefa Rosa Marrero Rodr\u00edguez<\/td>\n<td><a href=\"https:\/\/www.ull.es\/directorio\/search\/?busqueda=Josefa%20Rosa%20Marrero%20Rodr\u00edguez\" target=\"_blank\" rel=\"noopener noreferrer\" target=\"_blank\" rel=\"noopener\">+info<\/a><\/td>\n<\/tr>\n<tr>\n<td>Juan Antonio Garc\u00eda Garc\u00eda<\/td>\n<td><a href=\"https:\/\/www.ull.es\/directorio\/search\/?busqueda=Juan%20Antonio%20Garc\u00eda%20Garc\u00eda\" target=\"_blank\" rel=\"noopener noreferrer\" target=\"_blank\" rel=\"noopener\">+info<\/a><\/td>\n<\/tr>\n<tr>\n<td>Juan Israel Garc\u00eda Cruz<\/td>\n<td><a href=\"https:\/\/www.ull.es\/directorio\/search\/?busqueda=Juan%20Israel%20Garc\u00eda%20Cruz\" target=\"_blank\" rel=\"noopener noreferrer\" target=\"_blank\" rel=\"noopener\">+info<\/a><\/td>\n<\/tr>\n<tr>\n<td>Juan Ram\u00f3n Oreja Rodr\u00edguez<\/td>\n<td><a href=\"https:\/\/www.ull.es\/directorio\/search\/?busqueda=Juan%20Ram\u00f3n%20Oreja%20Rodr\u00edguez\" target=\"_blank\" rel=\"noopener noreferrer\" target=\"_blank\" rel=\"noopener\">+info<\/a><\/td>\n<\/tr>\n<tr>\n<td>Alfonso Ruiz Rallo<\/td>\n<td><a href=\"https:\/\/www.ull.es\/directorio\/search\/?busqueda=Alfonso%20Ruiz%20Rallo\" target=\"_blank\" rel=\"noopener noreferrer\" target=\"_blank\" rel=\"noopener\">+info<\/a><\/td>\n<\/tr>\n<tr>\n<td>Manuel \u00c1ngel Santana Tur\u00e9gano<\/td>\n<td><a href=\"https:\/\/www.ull.es\/directorio\/search\/?busqueda=Manuel%20\u00c1ngel%20Santana%20Tur\u00e9gano\" target=\"_blank\" rel=\"noopener noreferrer\" target=\"_blank\" rel=\"noopener\">+info<\/a><\/td>\n<\/tr>\n<tr>\n<td>Manuel Gonz\u00e1lez de la Rosa<\/td>\n<td><a href=\"https:\/\/www.ull.es\/directorio\/search\/?busqueda=Manuel%20Gonz\u00e1lez%20de%20la%20Rosa\" target=\"_blank\" rel=\"noopener noreferrer\" target=\"_blank\" rel=\"noopener\">+info<\/a><\/td>\n<\/tr>\n<tr>\n<td>Manuel Navarro Ib\u00e1\u00f1ez<\/td>\n<td><a href=\"https:\/\/www.ull.es\/directorio\/search\/?busqueda=Manuel%20Navarro%20Ib\u00e1\u00f1ez\" target=\"_blank\" rel=\"noopener noreferrer\" target=\"_blank\" rel=\"noopener\">+info<\/a><\/td>\n<\/tr>\n<tr>\n<td>Mar\u00eda Elena S\u00e1nchez Hern\u00e1ndez<\/td>\n<td><a href=\"https:\/\/www.ull.es\/directorio\/search\/?busqueda=Mar\u00eda%20Elena%20S\u00e1nchez%20Hern\u00e1ndez\" target=\"_blank\" rel=\"noopener noreferrer\" target=\"_blank\" rel=\"noopener\">+info<\/a><\/td>\n<\/tr>\n<tr>\n<td>Mar\u00eda Esther Ch\u00e1vez \u00c1lvarez<\/td>\n<td><a href=\"https:\/\/www.ull.es\/directorio\/search\/?busqueda=Mar\u00eda%20Esther%20Ch\u00e1vez%20\u00c1lvarez\" target=\"_blank\" rel=\"noopener noreferrer\" target=\"_blank\" rel=\"noopener\">+info<\/a><\/td>\n<\/tr>\n<tr>\n<td>Mario P\u00e9rez P\u00e9rez<\/td>\n<td><a href=\"https:\/\/www.ull.es\/directorio\/search\/?busqueda=Mario%20P\u00e9rez%20P\u00e9rez\" target=\"_blank\" rel=\"noopener noreferrer\" target=\"_blank\" rel=\"noopener\">+info<\/a><\/td>\n<\/tr>\n<tr>\n<td>Mercedes Suarez Rancel<\/td>\n<td><a href=\"https:\/\/www.ull.es\/directorio\/search\/?busqueda=Mercedes%20Suarez%20Rancel\" target=\"_blank\" rel=\"noopener noreferrer\" target=\"_blank\" rel=\"noopener\">+info<\/a><\/td>\n<\/tr>\n<tr>\n<td>Naomi \u00c1lvarez Walo<\/td>\n<td><a href=\"https:\/\/www.ull.es\/directorio\/search\/?busqueda=Naomi%20\u00c1lvarez%20Walo\" target=\"_blank\" rel=\"noopener noreferrer\" target=\"_blank\" rel=\"noopener\">+info<\/a><\/td>\n<\/tr>\n<tr>\n<td>Olga Gonz\u00e1lez Morales<\/td>\n<td><a href=\"https:\/\/www.ull.es\/directorio\/search\/?busqueda=Olga%20Gonz\u00e1lez%20Morales\" target=\"_blank\" rel=\"noopener noreferrer\" target=\"_blank\" rel=\"noopener\">+info<\/a><\/td>\n<\/tr>\n<tr>\n<td>Francisco Ramos Real<\/td>\n<td><a href=\"https:\/\/www.ull.es\/directorio\/search\/?busqueda=Francisco%20Ramos%20Real\" target=\"_blank\" rel=\"noopener noreferrer\" target=\"_blank\" rel=\"noopener\">+info<\/a><\/td>\n<\/tr>\n<tr>\n<td>Raquel Mart\u00edn Rivero<\/td>\n<td><a href=\"https:\/\/www.ull.es\/directorio\/search\/?busqueda=Raquel%20Mart\u00edn%20Rivero\" target=\"_blank\" rel=\"noopener noreferrer\" target=\"_blank\" rel=\"noopener\">+info<\/a><\/td>\n<\/tr>\n<tr>\n<td>Ricardo Jes\u00fas D\u00edaz Armas<\/td>\n<td><a href=\"https:\/\/www.ull.es\/directorio\/search\/?busqueda=Ricardo%20Jes\u00fas%20D\u00edaz%20Armas\" target=\"_blank\" rel=\"noopener noreferrer\" target=\"_blank\" rel=\"noopener\">+info<\/a><\/td>\n<\/tr>\n<tr>\n<td>Sandra Morini Marrero<\/td>\n<td><a href=\"https:\/\/www.ull.es\/directorio\/search\/?busqueda=Sandra%20Morini%20Marrero\" target=\"_blank\" rel=\"noopener noreferrer\" target=\"_blank\" rel=\"noopener\">+info<\/a><\/td>\n<\/tr>\n<tr>\n<td>Urbano Medina Hern\u00e1ndez<\/td>\n<td><a href=\"https:\/\/www.ull.es\/directorio\/search\/?busqueda=Urbano%20Medina%20Hern\u00e1ndez\" target=\"_blank\" rel=\"noopener noreferrer\" target=\"_blank\" rel=\"noopener\">+info<\/a><\/td>\n<\/tr>\n<tr>\n<td>Vicente Manuel Zapata Hern\u00e1ndez<\/td>\n<td><a href=\"https:\/\/www.ull.es\/directorio\/search\/?busqueda=Vicente%20Manuel%20Zapata%20Hern\u00e1ndez\" target=\"_blank\" rel=\"noopener noreferrer\" target=\"_blank\" rel=\"noopener\">+info<\/a><\/td>\n<\/tr>\n<tr>\n<td>Victoria Eugenia Mart\u00edn<\/td>\n<td><a href=\"https:\/\/www.ull.es\/directorio\/search\/?busqueda=Victoria%20Eugenia%20Mart\u00edn\" target=\"_blank\" rel=\"noopener noreferrer\" target=\"_blank\" rel=\"noopener\">+info<\/a><\/td>\n<\/tr>\n<tr>\n<td>Vidina D\u00edaz Padilla<\/td>\n<td><a href=\"https:\/\/www.ull.es\/directorio\/search\/?busqueda=Vidina%20D\u00edaz%20Padilla\" target=\"_blank\" rel=\"noopener noreferrer\" target=\"_blank\" rel=\"noopener\">+info<\/a><\/td>\n<\/tr>\n<tr>\n<td>Yaiza Armas Cruz<\/td>\n<td><a href=\"https:\/\/www.ull.es\/directorio\/search\/?busqueda=Yaiza%20Armas%20Cruz\" target=\"_blank\" rel=\"noopener noreferrer\" target=\"_blank\" rel=\"noopener\">+info<\/a><\/td>\n<\/tr>\n<tr>\n<td>Yurena Rodr\u00edguez Rodr\u00edguez<\/td>\n<td><a href=\"https:\/\/www.ull.es\/directorio\/search\/?busqueda=Yurena%20Rodr\u00edguez%20Rodr\u00edguez\" target=\"_blank\" rel=\"noopener noreferrer\" target=\"_blank\" rel=\"noopener\">+info<\/a><\/td>\n<\/tr>\n<\/tbody>\n<\/table>\n<p>[\/vc_column_text][\/vc_column][\/vc_row][vc_row][vc_column][vc_empty_space][\/vc_column][\/vc_row]<\/p>\n","protected":false},"excerpt":{"rendered":"<p>[vc_row][vc_column][vc_empty_space][\/vc_column][\/vc_row][vc_row][vc_column width=\u00bb1\/3&#8243;][vc_message message_box_style=\u00bboutline\u00bb style=\u00bbsquare\u00bb icon_fontawesome=\u00bbfa fa-users\u00bb css_animation=\u00bbbounceIn\u00bb]EQUIPO[\/vc_message][\/vc_column][vc_column width=\u00bb2\/3&#8243;][vc_column_text] Nombre Informaci\u00f3n Personal Ra\u00fal Hern\u00e1ndez Mart\u00edn +info Mois\u00e9s Simancas Cruz +info Noemi Padr\u00f3n Fumero +info Pablo Rodr\u00edguez Gonz\u00e1lez +info Felix Herrera Priano +info Agust\u00edn Dorta Rodr\u00edguez &#8211; Agust\u00edn Santana Talavera +info Alberto Jonay Rodr\u00edguez D\u00e1rias +info Alfredo Clemente Rivero Rivero +info Andr\u00e9s Lorente de las Casas +info&#8230;<\/p>\n","protected":false},"author":5,"featured_media":0,"parent":0,"menu_order":0,"comment_status":"closed","ping_status":"closed","template":"templates\/template-no-title.php","meta":[],"_links":{"self":[{"href":"https:\/\/www.ull.es\/catedras\/catedra-turismo\/wp-json\/wp\/v2\/pages\/90"}],"collection":[{"href":"https:\/\/www.ull.es\/catedras\/catedra-turismo\/wp-json\/wp\/v2\/pages"}],"about":[{"href":"https:\/\/www.ull.es\/catedras\/catedra-turismo\/wp-json\/wp\/v2\/types\/page"}],"author":[{"embeddable":true,"href":"https:\/\/www.ull.es\/catedras\/catedra-turismo\/wp-json\/wp\/v2\/users\/5"}],"replies":[{"embeddable":true,"href":"https:\/\/www.ull.es\/catedras\/catedra-turismo\/wp-json\/wp\/v2\/comments?post=90"}],"version-history":[{"count":38,"href":"https:\/\/www.ull.es\/catedras\/catedra-turismo\/wp-json\/wp\/v2\/pages\/90\/revisions"}],"predecessor-version":[{"id":476,"href":"https:\/\/www.ull.es\/catedras\/catedra-turismo\/wp-json\/wp\/v2\/pages\/90\/revisions\/476"}],"wp:attachment":[{"href":"https:\/\/www.ull.es\/catedras\/catedra-turismo\/wp-json\/wp\/v2\/media?parent=90"}],"curies":[{"name":"wp","href":"https:\/\/api.w.org\/{rel}","templated":true}]}}