{"id":243,"date":"2020-05-04T10:53:26","date_gmt":"2020-05-04T10:53:26","guid":{"rendered":"https:\/\/www.ull.es\/catedras\/catedra-blockchain-bigdata\/?page_id=243"},"modified":"2024-04-04T18:48:26","modified_gmt":"2024-04-04T18:48:26","slug":"consejo-de-direccion","status":"publish","type":"page","link":"https:\/\/www.ull.es\/catedras\/catedrabob\/consejo-de-direccion\/","title":{"rendered":"Consejo de Direcci\u00f3n"},"content":{"rendered":"<p>[vc_row full_width=\u00bbstretch_row\u00bb el_class=\u00bbprincipio-marcha\u00bb][vc_column css=\u00bb.vc_custom_1621074458892{padding-top: 30px !important;padding-bottom: 20px !important;}\u00bb][vc_custom_heading text=\u00bbConsejo de Direcci\u00f3n\u00bb font_container=\u00bbtag:h2|font_size:40px|text_align:left|color:%23ffffff\u00bb use_theme_fonts=\u00bbyes\u00bb css_animation=\u00bbfadeInDownBig\u00bb][\/vc_column][\/vc_row][vc_row css_animation=\u00bbnone\u00bb][vc_column][vc_empty_space][\/vc_column][\/vc_row][vc_row css_animation=\u00bbnone\u00bb][vc_column][vc_row_inner css=\u00bb.vc_custom_1621078906080{background-color: #5c068c !important;border-radius: 5px !important;}\u00bb][vc_column_inner][vc_column_text]<\/p>\n<h3 style=\"text-align: center;font-size: 24px;margin: 0;margin-bottom: 32px\"><span style=\"color: #ffffff\">Equipo Directivo<\/span><\/h3>\n<p>[\/vc_column_text][\/vc_column_inner][\/vc_row_inner][\/vc_column][\/vc_row][vc_row equal_height=\u00bbyes\u00bb content_placement=\u00bbtop\u00bb css=\u00bb.vc_custom_1634401017000{margin-top: 16px !important;margin-bottom: 16px !important;}\u00bb][vc_column width=\u00bb1\/4&#8243; el_class=\u00bbcatedrabob__column\u00bb][vc_single_image image=\u00bb1571&#8243; img_size=\u00bb320&#215;312&#8243; style=\u00bbvc_box_rounded\u00bb onclick=\u00bbcustom_link\u00bb img_link_target=\u00bb_blank\u00bb css_animation=\u00bbfadeIn\u00bb link=\u00bbhttps:\/\/www.linkedin.com\/feed\/update\/urn:li:activity:7160327956886609921&#8243; el_class=\u00bbcatedrabob__column__img\u00bb][vc_column_text]<\/p>\n<h4><span style=\"color: #5c068c\">Jos\u00e9 Luis Roda Garc\u00eda<\/span><\/h4>\n<p>Director de la C\u00e1tedra<\/p>\n<p>Profesor Titular del Departamento de Ingenier\u00eda Inform\u00e1tica y de Sistemas de la Universidad de La Laguna[\/vc_column_text][\/vc_column][vc_column width=\u00bb1\/4&#8243; el_class=\u00bbcatedrabob__column\u00bb][vc_single_image image=\u00bb1572&#8243; img_size=\u00bb320&#215;312&#8243; style=\u00bbvc_box_rounded\u00bb onclick=\u00bbcustom_link\u00bb img_link_target=\u00bb_blank\u00bb css_animation=\u00bbfadeIn\u00bb link=\u00bbhttps:\/\/www.linkedin.com\/feed\/update\/urn:li:activity:7160626220177469440&#8243; el_class=\u00bbcatedrabob__column__img\u00bb][vc_column_text]<\/p>\n<h4><span style=\"color: #5c068c\">Carlos A. Gonz\u00e1lez Delgado<\/span><\/h4>\n<p>Subdirector de la C\u00e1tedra<\/p>\n<p>Director de Estrategia, Datos y Sostenibilidad en Cajasiete[\/vc_column_text][\/vc_column][vc_column width=\u00bb1\/4&#8243;][vc_single_image image=\u00bb1573&#8243; img_size=\u00bb320&#215;312&#8243; style=\u00bbvc_box_rounded\u00bb onclick=\u00bbcustom_link\u00bb img_link_target=\u00bb_blank\u00bb css_animation=\u00bbfadeIn\u00bb link=\u00bbhttps:\/\/www.linkedin.com\/feed\/update\/urn:li:activity:6668597837502251008&#8243; el_class=\u00bbcatedrabob__column__img\u00bb][vc_column_text]<\/p>\n<h4><span style=\"color: #5c068c\">Gin\u00e9s Le\u00f3n Rodr\u00edguez<\/span><\/h4>\n<p>Responsable del Departamento de Data Science en TITSA[\/vc_column_text][\/vc_column][vc_column width=\u00bb1\/4&#8243;][vc_single_image image=\u00bb1574&#8243; img_size=\u00bb320&#215;312&#8243; style=\u00bbvc_box_rounded\u00bb onclick=\u00bbcustom_link\u00bb img_link_target=\u00bb_blank\u00bb css_animation=\u00bbfadeIn\u00bb el_class=\u00bbcatedrabob__column__img\u00bb link=\u00bbhttps:\/\/www.linkedin.com\/feed\/update\/urn:li:activity:7161425889182789632&#8243;][vc_column_text]<\/p>\n<h4><span style=\"color: #5c068c\">Melanie Calero S\u00e1nchez<\/span><\/h4>\n<p>CDO en Toyota[\/vc_column_text][\/vc_column][\/vc_row][vc_row equal_height=\u00bbyes\u00bb content_placement=\u00bbtop\u00bb css=\u00bb.vc_custom_1621078875481{margin-top: 16px !important;margin-bottom: 16px !important;}\u00bb][vc_column width=\u00bb1\/4&#8243; el_class=\u00bbcatedrabob__column\u00bb][vc_single_image image=\u00bb1576&#8243; img_size=\u00bb320&#215;312&#8243; style=\u00bbvc_box_rounded\u00bb onclick=\u00bbcustom_link\u00bb img_link_target=\u00bb_blank\u00bb css_animation=\u00bbfadeIn\u00bb link=\u00bbhttps:\/\/www.linkedin.com\/feed\/update\/urn:li:activity:7162475378383560704&#8243; el_class=\u00bbcatedrabob__column__img\u00bb][vc_column_text]<\/p>\n<h4><span style=\"color: #5c068c\">Benito Cuesta Viera<\/span><\/h4>\n<p>T\u00e9cnico de Auditor\u00eda de Sistemas de Informaci\u00f3n en la Audiencia de Cuentas de Canarias[\/vc_column_text][\/vc_column][vc_column width=\u00bb1\/4&#8243; el_class=\u00bbcatedrabob__column\u00bb][vc_single_image image=\u00bb1575&#8243; img_size=\u00bb320&#215;312&#8243; style=\u00bbvc_box_rounded\u00bb onclick=\u00bbcustom_link\u00bb img_link_target=\u00bb_blank\u00bb css_animation=\u00bbfadeIn\u00bb el_class=\u00bbcatedrabob__column__img\u00bb link=\u00bbhttps:\/\/www.linkedin.com\/feed\/update\/urn:li:activity:7162091361121288192&#8243;][vc_column_text]<\/p>\n<h4><span style=\"color: #5c068c\">Judit Mendoza Aguilar<\/span><\/h4>\n<p>Profesora Contratada Doctora del Departamento de Econom\u00eda, Contabilidad y Finanza de la Universidad de La Laguna[\/vc_column_text][\/vc_column][vc_column width=\u00bb1\/4&#8243;][vc_single_image image=\u00bb1536&#8243; img_size=\u00bb320&#215;312&#8243; style=\u00bbvc_box_rounded\u00bb onclick=\u00bbcustom_link\u00bb img_link_target=\u00bb_blank\u00bb css_animation=\u00bbfadeIn\u00bb link=\u00bbhttps:\/\/www.linkedin.com\/feed\/update\/urn:li:activity:7161774073126096897&#8243; el_class=\u00bbcatedrabob__column__img\u00bb][vc_column_text]<\/p>\n<h4><span style=\"color: #5c068c\">Jos\u00e9 Carlos Gonz\u00e1lez Gonz\u00e1lez<\/span><\/h4>\n<p>Jefe de Servicio de Tecnolog\u00edas de la Informaci\u00f3n y las Comunicaciones en la Universidad de La Laguna[\/vc_column_text][\/vc_column][vc_column width=\u00bb1\/4&#8243;][vc_single_image image=\u00bb1577&#8243; img_size=\u00bb320&#215;312&#8243; style=\u00bbvc_box_rounded\u00bb onclick=\u00bbcustom_link\u00bb img_link_target=\u00bb_blank\u00bb css_animation=\u00bbfadeIn\u00bb el_class=\u00bbcatedrabob__column__img\u00bb link=\u00bbhttps:\/\/www.linkedin.com\/feed\/update\/urn:li:activity:7162769625749962753&#8243;][vc_column_text]<\/p>\n<h4><span style=\"color: #5c068c\">Isabel S\u00e1nchez Berriel<\/span><\/h4>\n<p>Profesora Contratada Doctora del Departamento de Ingenier\u00eda Inform\u00e1tica y de Sistemas de la Universidad de La Laguna[\/vc_column_text][\/vc_column][\/vc_row][vc_row css_animation=\u00bbnone\u00bb][vc_column][vc_row_inner css=\u00bb.vc_custom_1621078906080{background-color: #5c068c !important;border-radius: 5px !important;}\u00bb][vc_column_inner][vc_column_text]<\/p>\n<h3 style=\"text-align: center;font-size: 24px;margin: 0;margin-bottom: 32px\"><span style=\"color: #ffffff\">Apoyo a la Gesti\u00f3n<\/span><\/h3>\n<p>[\/vc_column_text][\/vc_column_inner][\/vc_row_inner][\/vc_column][\/vc_row][vc_row equal_height=\u00bbyes\u00bb content_placement=\u00bbtop\u00bb css=\u00bb.vc_custom_1621078875481{margin-top: 16px !important;margin-bottom: 16px !important;}\u00bb][vc_column el_class=\u00bbcatedrabob__column\u00bb][vc_single_image image=\u00bb1579&#8243; img_size=\u00bb320&#215;312&#8243; style=\u00bbvc_box_rounded\u00bb onclick=\u00bbcustom_link\u00bb img_link_target=\u00bb_blank\u00bb css_animation=\u00bbfadeIn\u00bb el_class=\u00bbcatedrabob__column__img\u00bb][vc_column_text]<\/p>\n<h4><span style=\"color: #5c068c\">Carlos Dom\u00ednguez Garc\u00eda<\/span><\/h4>\n<p>Apoyo a la gesti\u00f3n de la C\u00e1tedra[\/vc_column_text][\/vc_column][\/vc_row][vc_row css_animation=\u00bbnone\u00bb][vc_column][vc_empty_space][\/vc_column][\/vc_row][vc_row][vc_column][vc_raw_js]JTNDc2NyaXB0JTNFZnVuY3Rpb24lMjBsb2FkU2NyaXB0JTI4YSUyOSU3QnZhciUyMGIlM0Rkb2N1bWVudC5nZXRFbGVtZW50c0J5VGFnTmFtZSUyOCUyMmhlYWQlMjIlMjklNUIwJTVEJTJDYyUzRGRvY3VtZW50LmNyZWF0ZUVsZW1lbnQlMjglMjJzY3JpcHQlMjIlMjklM0JjLnR5cGUlM0QlMjJ0ZXh0JTJGamF2YXNjcmlwdCUyMiUyQ2Muc3JjJTNEJTIyaHR0cHMlM0ElMkYlMkZ0cmFja2VyLm1ldHJpY29vbC5jb20lMkZyZXNvdXJjZXMlMkZiZS5qcyUyMiUyQ2Mub25yZWFkeXN0YXRlY2hhbmdlJTNEYSUyQ2Mub25sb2FkJTNEYSUyQ2IuYXBwZW5kQ2hpbGQlMjhjJTI5JTdEbG9hZFNjcmlwdCUyOGZ1bmN0aW9uJTI4JTI5JTdCYmVUcmFja2VyLnQlMjglN0JoYXNoJTNBJTIyYjc3YjRhZTc0YTY0YTIzYmMxNTM0OWQ3YzM1NDIyMmIlMjIlN0QlMjklN0QlMjklM0IlM0MlMkZzY3JpcHQlM0U=[\/vc_raw_js][\/vc_column][\/vc_row]<\/p>\n","protected":false},"excerpt":{"rendered":"<p>[vc_row full_width=\u00bbstretch_row\u00bb el_class=\u00bbprincipio-marcha\u00bb][vc_column css=\u00bb.vc_custom_1621074458892{padding-top: 30px !important;padding-bottom: 20px !important;}\u00bb][vc_custom_heading text=\u00bbConsejo de Direcci\u00f3n\u00bb font_container=\u00bbtag:h2|font_size:40px|text_align:left|color:%23ffffff\u00bb use_theme_fonts=\u00bbyes\u00bb css_animation=\u00bbfadeInDownBig\u00bb][\/vc_column][\/vc_row][vc_row css_animation=\u00bbnone\u00bb][vc_column][vc_empty_space][\/vc_column][\/vc_row][vc_row css_animation=\u00bbnone\u00bb][vc_column][vc_row_inner css=\u00bb.vc_custom_1621078906080{background-color: #5c068c !important;border-radius: 5px !important;}\u00bb][vc_column_inner][vc_column_text] Equipo Directivo [\/vc_column_text][\/vc_column_inner][\/vc_row_inner][\/vc_column][\/vc_row][vc_row equal_height=\u00bbyes\u00bb content_placement=\u00bbtop\u00bb css=\u00bb.vc_custom_1634401017000{margin-top: 16px !important;margin-bottom: 16px !important;}\u00bb][vc_column width=\u00bb1\/4&#8243; el_class=\u00bbcatedrabob__column\u00bb][vc_single_image image=\u00bb1571&#8243; img_size=\u00bb320&#215;312&#8243; style=\u00bbvc_box_rounded\u00bb onclick=\u00bbcustom_link\u00bb img_link_target=\u00bb_blank\u00bb css_animation=\u00bbfadeIn\u00bb link=\u00bbhttps:\/\/www.linkedin.com\/feed\/update\/urn:li:activity:7160327956886609921&#8243; el_class=\u00bbcatedrabob__column__img\u00bb][vc_column_text] Jos\u00e9 Luis Roda Garc\u00eda Director de la C\u00e1tedra Profesor Titular del Departamento de Ingenier\u00eda&#8230;<\/p>\n","protected":false},"author":5,"featured_media":0,"parent":0,"menu_order":0,"comment_status":"closed","ping_status":"closed","template":"templates\/template-no-title.php","meta":[],"_links":{"self":[{"href":"https:\/\/www.ull.es\/catedras\/catedrabob\/wp-json\/wp\/v2\/pages\/243"}],"collection":[{"href":"https:\/\/www.ull.es\/catedras\/catedrabob\/wp-json\/wp\/v2\/pages"}],"about":[{"href":"https:\/\/www.ull.es\/catedras\/catedrabob\/wp-json\/wp\/v2\/types\/page"}],"author":[{"embeddable":true,"href":"https:\/\/www.ull.es\/catedras\/catedrabob\/wp-json\/wp\/v2\/users\/5"}],"replies":[{"embeddable":true,"href":"https:\/\/www.ull.es\/catedras\/catedrabob\/wp-json\/wp\/v2\/comments?post=243"}],"version-history":[{"count":54,"href":"https:\/\/www.ull.es\/catedras\/catedrabob\/wp-json\/wp\/v2\/pages\/243\/revisions"}],"predecessor-version":[{"id":1580,"href":"https:\/\/www.ull.es\/catedras\/catedrabob\/wp-json\/wp\/v2\/pages\/243\/revisions\/1580"}],"wp:attachment":[{"href":"https:\/\/www.ull.es\/catedras\/catedrabob\/wp-json\/wp\/v2\/media?parent=243"}],"curies":[{"name":"wp","href":"https:\/\/api.w.org\/{rel}","templated":true}]}}